{"id":1154,"date":"2014-07-31T17:03:51","date_gmt":"2014-07-31T15:03:51","guid":{"rendered":"http:\/\/stage.indien-haus.de\/?page_id=1154"},"modified":"2018-08-17T18:28:22","modified_gmt":"2018-08-17T17:28:22","slug":"unikate","status":"publish","type":"page","link":"https:\/\/www.indien-haus.de\/shop\/moebel\/unikate\/","title":{"rendered":"Unikate"},"content":{"rendered":"<p>&lt;p&gt;<div   data-size='featured'  data-lightbox_size='large'  data-animation='slide'  data-conditional_play=''  data-ids='1447,1454,1450,1451,1452,1453,1448,1456,1455,1457,1449'  data-video_counter='0'  data-autoplay='true'  data-bg_slider='false'  data-slide_height=''  data-handle='av_slideshow'  data-interval='5'  data-class=' avia-builder-el-0  el_before_av_textblock  avia-builder-el-first  '  data-el_id=''  data-css_id=''  data-scroll_down=''  data-control_layout='av-control-default'  data-custom_markup=''  data-perma_caption=''  data-autoplay_stopper=''  data-image_attachment=''  data-min_height='0px'  data-default-height='28.666666666667'  class='avia-slideshow avia-slideshow-1  av-control-default av-default-height-applied avia-slideshow-featured av_slideshow  avia-builder-el-0  el_before_av_textblock  avia-builder-el-first   avia-slide-slider '  itemprop=\"image\" itemscope=\"itemscope\" itemtype=\"https:\/\/schema.org\/ImageObject\" ><ul class='avia-slideshow-inner ' style='padding-bottom: 45.08875739645%;' ><li  class=' slide-1 ' ><div data-rel='slideshow-1' class='avia-slide-wrap '   ><img src='https:\/\/www.indien-haus.de\/wp-content\/uploads\/2014\/07\/01_Indienhaus_0078_EBV.jpg' width='845' height='381' title='01_Indienhaus_0078_EBV' alt=''  itemprop=\"thumbnailUrl\"   \/><\/div><\/li><li  class=' slide-2 ' ><div data-rel='slideshow-1' class='avia-slide-wrap '   ><img src='https:\/\/www.indien-haus.de\/wp-content\/uploads\/2014\/07\/Boote_0113_EBV.jpg' width='845' height='381' title='Boote_0113_EBV' alt=''  itemprop=\"thumbnailUrl\"   \/><\/div><\/li><li  class=' slide-3 ' ><div data-rel='slideshow-1' class='avia-slide-wrap '   ><img src='https:\/\/www.indien-haus.de\/wp-content\/uploads\/2014\/07\/01_Indienhaus_0335_EBV.jpg' width='845' height='381' title='01_Indienhaus_0335_EBV' alt=''  itemprop=\"thumbnailUrl\"   \/><\/div><\/li><li  class=' slide-4 ' ><div data-rel='slideshow-1' class='avia-slide-wrap '   ><img src='https:\/\/www.indien-haus.de\/wp-content\/uploads\/2014\/07\/0374.jpg' width='845' height='381' title='0374' alt=''  itemprop=\"thumbnailUrl\"   \/><\/div><\/li><li  class=' slide-5 ' ><div data-rel='slideshow-1' class='avia-slide-wrap '   ><img src='https:\/\/www.indien-haus.de\/wp-content\/uploads\/2014\/07\/0381.jpg' width='845' height='381' title='0381' alt=''  itemprop=\"thumbnailUrl\"   \/><\/div><\/li><li  class=' slide-6 ' ><div data-rel='slideshow-1' class='avia-slide-wrap '   ><img src='https:\/\/www.indien-haus.de\/wp-content\/uploads\/2014\/07\/1105IH_0254_EBV.jpg' width='845' height='381' title='1105IH_0254_EBV' alt=''  itemprop=\"thumbnailUrl\"   \/><\/div><\/li><li  class=' slide-7 ' ><div data-rel='slideshow-1' class='avia-slide-wrap '   ><img src='https:\/\/www.indien-haus.de\/wp-content\/uploads\/2014\/07\/01_Indienhaus_0191_EBV.jpg' width='845' height='381' title='01_Indienhaus_0191_EBV' alt=''  itemprop=\"thumbnailUrl\"   \/><\/div><\/li><li  class=' slide-8 ' ><div data-rel='slideshow-1' class='avia-slide-wrap '   ><img src='https:\/\/www.indien-haus.de\/wp-content\/uploads\/2014\/07\/P1000055kl.jpg' width='845' height='381' title='P1000055kl' alt=''  itemprop=\"thumbnailUrl\"   \/><\/div><\/li><li  class=' slide-9 ' ><div data-rel='slideshow-1' class='avia-slide-wrap '   ><img src='https:\/\/www.indien-haus.de\/wp-content\/uploads\/2014\/07\/Boote_0274_EBV.jpg' width='845' height='381' title='Boote_0274_EBV' alt=''  itemprop=\"thumbnailUrl\"   \/><\/div><\/li><li  class=' slide-10 ' ><div data-rel='slideshow-1' class='avia-slide-wrap '   ><img src='https:\/\/www.indien-haus.de\/wp-content\/uploads\/2014\/07\/uni.jpg' width='845' height='381' title='uni' alt=''  itemprop=\"thumbnailUrl\"   \/><\/div><\/li><li  class=' slide-11 ' ><div data-rel='slideshow-1' class='avia-slide-wrap '   ><img src='https:\/\/www.indien-haus.de\/wp-content\/uploads\/2014\/07\/01_Indienhaus_0300_EBV.jpg' width='845' height='381' title='01_Indienhaus_0300_EBV' alt=''  itemprop=\"thumbnailUrl\"   \/><\/div><\/li><\/ul><div class='avia-slideshow-arrows avia-slideshow-controls'><a href='#prev' class='prev-slide' aria-hidden='true' data-av_icon='\ue87c' data-av_iconfont='entypo-fontello'>Zur\u00fcck<\/a><a href='#next' class='next-slide' aria-hidden='true' data-av_icon='\ue87d' data-av_iconfont='entypo-fontello'>Weiter<\/a><\/div><div class='avia-slideshow-dots avia-slideshow-controls'><a href='#1' class='goto-slide active' >1<\/a><a href='#2' class='goto-slide ' >2<\/a><a href='#3' class='goto-slide ' >3<\/a><a href='#4' class='goto-slide ' >4<\/a><a href='#5' class='goto-slide ' >5<\/a><a href='#6' class='goto-slide ' >6<\/a><a href='#7' class='goto-slide ' >7<\/a><a href='#8' class='goto-slide ' >8<\/a><a href='#9' class='goto-slide ' >9<\/a><a href='#10' class='goto-slide ' >10<\/a><a href='#11' class='goto-slide ' >11<\/a><\/div><\/div><section class=\"av_textblock_section \"  itemscope=\"itemscope\" itemtype=\"https:\/\/schema.org\/CreativeWork\" ><div class='avia_textblock  '   itemprop=\"text\" ><p>&lt;strong&gt;Unikate &#8211; einzigartig!&lt;\/strong&gt;Unsere &lt;a href=&#8221;\/produkt-kategorie\/unikatmoebel\/indien\/&#8221; data-mce-href=&#8221;\/produkt-kategorie\/unikatmoebel\/indien\/&#8221;&gt;indischen Unikat-M\u00f6bel&lt;\/a&gt; werden aus ca. 80-150 Jahre alten Geb\u00e4udeteilen gefertigt. Durch Erhalt der originalen Farben und Schnitzereien entstehen dabei einmalige M\u00f6belst\u00fccke, die Ihrem Wohnraum ein Charakter geben, wie kein anderes M\u00f6bel.Die chinesischen Unikat-M\u00f6bel sind meistens original aufgearbeitete Antiquit\u00e4ten, die bis zu 200 Jahre alt sein k\u00f6nnen. Die Kunst der M\u00f6belherstellung besteht in China schon \u00fcber 2000 Jahren. In dieser Zeit entstand eine Perfektion f\u00fcr leichte H\u00f6lzer, Lackierungen und feine Malereien.Aus Indonesien, vor allem der Insel Bali, bieten wie Ihnen ebenfalls eine ausgefallene &lt;a href=&#8221;\/produkt-kategorie\/unikatmoebel\/indonesien\/&#8221; data-mce-href=&#8221;\/produkt-kategorie\/unikatmoebel\/indonesien\/&#8221;&gt;Kollektion aus indonesischen Unikaten&lt;\/a&gt;. Die meisten M\u00f6bel werden hier oft aus alten Bootsholz gebaut bzw. wird das ganze Boot zu einem Schrank oder Couchtisch umfunktioniert. Charakteristisch sind die vielen Farbschichten die an jeder Stelle einen anderen Farbton zum vorschein bringen k\u00f6nnen. Aber auch schlichte Schr\u00e4nke und Tische aus altem Teakholz geh\u00f6ren dazu.&lt;a href=&#8221;\/produkt-kategorie\/unikatmoebel\/&#8221; data-mce-href=&#8221;\/produkt-kategorie\/unikatmoebel\/&#8221;&gt;Unsere Unikate warten auf Sie.&lt;\/a&gt;&lt;br \/&gt;<\/p>\n<\/div><\/section><section class=\"av_textblock_section \"  itemscope=\"itemscope\" itemtype=\"https:\/\/schema.org\/CreativeWork\" ><div class='avia_textblock  '   itemprop=\"text\" ><p>&lt;strong&gt;Lagerbestand&lt;\/strong&gt;Unikate bekommen wir in regelm\u00e4\u00dfigen Abst\u00e4nden. Leider ist unsere Ausstellungsfl\u00e4che zu klein, um alle M\u00f6bel pr\u00e4sentieren zu k\u00f6nnen.&lt;br \/&gt;Fragen Sie nach mehr Auswahl und unsere Mitarbeiter f\u00fchren Sie in unsere Lagerr\u00e4ume in denen Sie wirklich ALLES sehen k\u00f6nnen.&lt;br \/&gt;Melden Sie sich zu unserem Newsletter auf der Startseite an in dem wir neue Container ank\u00fcndigen oder st\u00f6bern Sie einfach etwas in unserer &lt;a href=&#8221;\/produkt-kategorie\/unikatmoebel\/&#8221; data-mce-href=&#8221;\/produkt-kategorie\/unikatmoebel\/&#8221;&gt;Unikate Kollektion in unserem Online Shop.&lt;\/a&gt;&lt;br \/&gt;<\/p>\n<\/div><\/section><div  class='avia-button-wrap avia-button-left  avia-builder-el-3  el_after_av_textblock  el_before_av_slideshow ' ><a href='' class='avia-button   avia-icon_select-yes-left-icon avia-color-theme-color avia-size-small avia-position-left ' target=\"_blank\" rel=\"noopener\"><span class='avia_button_icon avia_button_icon_left ' aria-hidden='true' data-av_icon='\ue832' data-av_iconfont='entypo-fontello'><\/span><span class='avia_iconbox_title' >Unsere Unikate-Kollektion<\/span><\/a><\/div><div   data-size='no scaling'  data-lightbox_size='large'  data-animation='slide'  data-conditional_play=''  data-ids='1382,1381,1372,1371,1338,1343,1346,1313'  data-video_counter='0'  data-autoplay='true'  data-bg_slider='false'  data-slide_height=''  data-handle='av_slideshow'  data-interval='5'  data-class=' avia-builder-el-4  el_after_av_button  avia-builder-el-last  '  data-el_id=''  data-css_id=''  data-scroll_down=''  data-control_layout='av-control-default'  data-custom_markup=''  data-perma_caption=''  data-autoplay_stopper=''  data-image_attachment=''  data-min_height='0px'  class='avia-slideshow avia-slideshow-2  av-control-default av-default-height-applied avia-slideshow-no scaling av_slideshow  avia-builder-el-4  el_after_av_button  avia-builder-el-last   avia-slide-slider '  itemprop=\"image\" itemscope=\"itemscope\" itemtype=\"https:\/\/schema.org\/ImageObject\" ><ul class='avia-slideshow-inner ' style='padding-bottom: 45.08875739645%;' ><li  class=' slide-1 ' ><div data-rel='slideshow-2' class='avia-slide-wrap '   ><div class=\"avia-caption av-slideshow-caption\"><div class=\"avia-inner-caption\"><div class='avia-caption-content  '  itemprop=\"description\"  ><p>&lt;br \/&gt;Regale und mehr&lt;br \/&gt;<\/p>\n<\/div><\/div><\/div><img src='https:\/\/www.indien-haus.de\/wp-content\/uploads\/2014\/03\/regale2.jpg' width='845' height='381' title='regale2' alt=''  itemprop=\"thumbnailUrl\"   \/><\/div><\/li><li  class=' slide-2 ' ><div data-rel='slideshow-2' class='avia-slide-wrap '   ><div class=\"avia-caption av-slideshow-caption\"><div class=\"avia-inner-caption\"><div class='avia-caption-content  '  itemprop=\"description\"  ><p>&lt;br \/&gt;Indische Torb\u00f6gen zu Regalen verarbeitet&lt;br \/&gt;<\/p>\n<\/div><\/div><\/div><img src='https:\/\/www.indien-haus.de\/wp-content\/uploads\/2014\/03\/regale-arbt-sld.jpg' width='845' height='381' title='regale arbt sld' alt=''  itemprop=\"thumbnailUrl\"   \/><\/div><\/li><li  class=' slide-3 ' ><div data-rel='slideshow-2' class='avia-slide-wrap '   ><div class=\"avia-caption av-slideshow-caption\"><div class=\"avia-inner-caption\"><div class='avia-caption-content  '  itemprop=\"description\"  ><p>&lt;br \/&gt;gro\u00dfe Schr\u00e4nke aus alten indischen Toren&lt;br \/&gt;<\/p>\n<\/div><\/div><\/div><img src='https:\/\/www.indien-haus.de\/wp-content\/uploads\/2014\/03\/Schrank-schlz-sld.jpg' width='845' height='381' title='Schrank schlz sld' alt=''  itemprop=\"thumbnailUrl\"   \/><\/div><\/li><li  class=' slide-4 ' ><div data-rel='slideshow-2' class='avia-slide-wrap '   ><div class=\"avia-caption av-slideshow-caption\"><div class=\"avia-inner-caption\"><div class='avia-caption-content  '  itemprop=\"description\"  ><p>&lt;br \/&gt;Bettbeisteller aus recyceltem Holz&lt;br \/&gt;<\/p>\n<\/div><\/div><\/div><img src='https:\/\/www.indien-haus.de\/wp-content\/uploads\/2014\/03\/nachttische2-schlz-sld.jpg' width='845' height='381' title='nachttische2 schlz sld' alt=''  itemprop=\"thumbnailUrl\"   \/><\/div><\/li><li  class=' slide-5 ' ><a href='https:\/\/www.indien-haus.de\/produktkategorie\/recycling-moebel\/?s=couchtisch&amp;post_type=product' target=\"_blank\" data-rel='slideshow-2' class='avia-slide-wrap ' rel=\"noopener\"><div class=\"avia-caption av-slideshow-caption\"><div class=\"avia-inner-caption\"><div class='avia-caption-content  '  itemprop=\"description\"  ><p>&lt;br \/&gt;Couchtische aus alten indischen Geb\u00e4udeteilen&lt;br \/&gt;<\/p>\n<\/div><\/div><\/div><img src='https:\/\/www.indien-haus.de\/wp-content\/uploads\/2014\/03\/couchtische-wohn-sld.jpg' width='845' height='381' title='couchtische wohn sld' alt=''  itemprop=\"thumbnailUrl\"   \/><\/a><\/li><li  class=' slide-6 ' ><div data-rel='slideshow-2' class='avia-slide-wrap '   ><div class=\"avia-caption av-slideshow-caption\"><div class=\"avia-inner-caption\"><div class='avia-caption-content  '  itemprop=\"description\"  ><p>&lt;br \/&gt;M\u00f6bel aus Bootsholz&lt;br \/&gt;<\/p>\n<\/div><\/div><\/div><img src='https:\/\/www.indien-haus.de\/wp-content\/uploads\/2014\/03\/Boote-wohz-sld.jpg' width='845' height='381' title='Boote wohz sld' alt=''  itemprop=\"thumbnailUrl\"   \/><\/div><\/li><\/ul><div class='avia-slideshow-arrows avia-slideshow-controls'><a href='#prev' class='prev-slide' aria-hidden='true' data-av_icon='\ue87c' data-av_iconfont='entypo-fontello'>Zur\u00fcck<\/a><a href='#next' class='next-slide' aria-hidden='true' data-av_icon='\ue87d' data-av_iconfont='entypo-fontello'>Weiter<\/a><\/div><div class='avia-slideshow-dots avia-slideshow-controls'><a href='#1' class='goto-slide active' >1<\/a><a href='#2' class='goto-slide ' >2<\/a><a href='#3' class='goto-slide ' >3<\/a><a href='#4' class='goto-slide ' >4<\/a><a href='#5' class='goto-slide ' >5<\/a><a href='#6' class='goto-slide ' >6<\/a><\/div><\/div>&lt;\/p&gt;<\/p>\n","protected":false},"excerpt":{"rendered":"<p>&lt;p&gt;&lt;\/p&gt;<\/p>\n","protected":false},"author":5,"featured_media":0,"parent":12,"menu_order":45,"comment_status":"closed","ping_status":"closed","template":"","meta":{"footnotes":""},"yoast_head":"<!-- This site is optimized with the Yoast SEO plugin v22.0 - https:\/\/yoast.com\/wordpress\/plugins\/seo\/ -->\n<title>Unikate - Indien-Haus<\/title>\n<meta name=\"description\" content=\"Entdecken Sie im Indien-Haus einmalige M\u00f6bel Unikate aus Indien, China und Indonsien. Schr\u00e4nke, Tische und vieles mehr was \u00fcber 100 Jahre alt ist.\" \/>\n<meta name=\"robots\" content=\"index, follow, max-snippet:-1, max-image-preview:large, max-video-preview:-1\" \/>\n<link rel=\"canonical\" href=\"https:\/\/www.indien-haus.de\/shop\/moebel\/unikate\/\" \/>\n<meta name=\"twitter:card\" content=\"summary_large_image\" \/>\n<meta name=\"twitter:title\" content=\"Unikate - Indien-Haus\" \/>\n<meta name=\"twitter:description\" content=\"Entdecken Sie im Indien-Haus einmalige M\u00f6bel Unikate aus Indien, China und Indonsien. Schr\u00e4nke, Tische und vieles mehr was \u00fcber 100 Jahre alt ist.\" \/>\n<meta name=\"twitter:site\" content=\"@Indien_Haus\" \/>\n<meta name=\"twitter:label1\" content=\"Gesch\u00e4tzte Lesezeit\" \/>\n\t<meta name=\"twitter:data1\" content=\"7\u00a0Minuten\" \/>\n<script type=\"application\/ld+json\" class=\"yoast-schema-graph\">{\"@context\":\"https:\/\/schema.org\",\"@graph\":[{\"@type\":\"WebPage\",\"@id\":\"https:\/\/www.indien-haus.de\/shop\/moebel\/unikate\/\",\"url\":\"https:\/\/www.indien-haus.de\/shop\/moebel\/unikate\/\",\"name\":\"Unikate - Indien-Haus\",\"isPartOf\":{\"@id\":\"https:\/\/www.indien-haus.de\/shop\/#website\"},\"datePublished\":\"2014-07-31T15:03:51+00:00\",\"dateModified\":\"2018-08-17T17:28:22+00:00\",\"description\":\"Entdecken Sie im Indien-Haus einmalige M\u00f6bel Unikate aus Indien, China und Indonsien. Schr\u00e4nke, Tische und vieles mehr was \u00fcber 100 Jahre alt ist.\",\"breadcrumb\":{\"@id\":\"https:\/\/www.indien-haus.de\/shop\/moebel\/unikate\/#breadcrumb\"},\"inLanguage\":\"de\",\"potentialAction\":[{\"@type\":\"ReadAction\",\"target\":[\"https:\/\/www.indien-haus.de\/shop\/moebel\/unikate\/\"]}]},{\"@type\":\"BreadcrumbList\",\"@id\":\"https:\/\/www.indien-haus.de\/shop\/moebel\/unikate\/#breadcrumb\",\"itemListElement\":[{\"@type\":\"ListItem\",\"position\":1,\"name\":\"Startseite\",\"item\":\"https:\/\/www.indien-haus.de\/shop\/start\/\"},{\"@type\":\"ListItem\",\"position\":2,\"name\":\"M\u00f6bel\",\"item\":\"https:\/\/www.indien-haus.de\/shop\/\"},{\"@type\":\"ListItem\",\"position\":3,\"name\":\"Unikate\"}]},{\"@type\":\"WebSite\",\"@id\":\"https:\/\/www.indien-haus.de\/shop\/#website\",\"url\":\"https:\/\/www.indien-haus.de\/shop\/\",\"name\":\"Indien-Haus\",\"description\":\"M\u00f6bel &amp; Lampen &amp; Accessoires aus Asien in Mainz\",\"publisher\":{\"@id\":\"https:\/\/www.indien-haus.de\/shop\/#organization\"},\"potentialAction\":[{\"@type\":\"SearchAction\",\"target\":{\"@type\":\"EntryPoint\",\"urlTemplate\":\"https:\/\/www.indien-haus.de\/shop\/?s={search_term_string}\"},\"query-input\":\"required name=search_term_string\"}],\"inLanguage\":\"de\"},{\"@type\":\"Organization\",\"@id\":\"https:\/\/www.indien-haus.de\/shop\/#organization\",\"name\":\"Indien-Haus\",\"url\":\"https:\/\/www.indien-haus.de\/shop\/\",\"logo\":{\"@type\":\"ImageObject\",\"inLanguage\":\"de\",\"@id\":\"https:\/\/www.indien-haus.de\/shop\/#\/schema\/logo\/image\/\",\"url\":\"https:\/\/www.indien-haus.de\/wp-content\/uploads\/2014\/03\/indien-haus-logo3.png\",\"contentUrl\":\"https:\/\/www.indien-haus.de\/wp-content\/uploads\/2014\/03\/indien-haus-logo3.png\",\"width\":106,\"height\":116,\"caption\":\"Indien-Haus\"},\"image\":{\"@id\":\"https:\/\/www.indien-haus.de\/shop\/#\/schema\/logo\/image\/\"},\"sameAs\":[\"https:\/\/www.facebook.com\/INDIEN.HAUS.news\",\"https:\/\/twitter.com\/Indien_Haus\",\"https:\/\/www.instagram.com\/indien_haus_mainz\/\",\"https:\/\/www.pinterest.de\/indienhaus\/\",\"https:\/\/www.youtube.com\/user\/IndienHaus\"]}]}<\/script>\n<!-- \/ Yoast SEO plugin. -->","yoast_head_json":{"title":"Unikate - Indien-Haus","description":"Entdecken Sie im Indien-Haus einmalige M\u00f6bel Unikate aus Indien, China und Indonsien. Schr\u00e4nke, Tische und vieles mehr was \u00fcber 100 Jahre alt ist.","robots":{"index":"index","follow":"follow","max-snippet":"max-snippet:-1","max-image-preview":"max-image-preview:large","max-video-preview":"max-video-preview:-1"},"canonical":"https:\/\/www.indien-haus.de\/shop\/moebel\/unikate\/","twitter_card":"summary_large_image","twitter_title":"Unikate - Indien-Haus","twitter_description":"Entdecken Sie im Indien-Haus einmalige M\u00f6bel Unikate aus Indien, China und Indonsien. Schr\u00e4nke, Tische und vieles mehr was \u00fcber 100 Jahre alt ist.","twitter_site":"@Indien_Haus","twitter_misc":{"Gesch\u00e4tzte Lesezeit":"7\u00a0Minuten"},"schema":{"@context":"https:\/\/schema.org","@graph":[{"@type":"WebPage","@id":"https:\/\/www.indien-haus.de\/shop\/moebel\/unikate\/","url":"https:\/\/www.indien-haus.de\/shop\/moebel\/unikate\/","name":"Unikate - Indien-Haus","isPartOf":{"@id":"https:\/\/www.indien-haus.de\/shop\/#website"},"datePublished":"2014-07-31T15:03:51+00:00","dateModified":"2018-08-17T17:28:22+00:00","description":"Entdecken Sie im Indien-Haus einmalige M\u00f6bel Unikate aus Indien, China und Indonsien. Schr\u00e4nke, Tische und vieles mehr was \u00fcber 100 Jahre alt ist.","breadcrumb":{"@id":"https:\/\/www.indien-haus.de\/shop\/moebel\/unikate\/#breadcrumb"},"inLanguage":"de","potentialAction":[{"@type":"ReadAction","target":["https:\/\/www.indien-haus.de\/shop\/moebel\/unikate\/"]}]},{"@type":"BreadcrumbList","@id":"https:\/\/www.indien-haus.de\/shop\/moebel\/unikate\/#breadcrumb","itemListElement":[{"@type":"ListItem","position":1,"name":"Startseite","item":"https:\/\/www.indien-haus.de\/shop\/start\/"},{"@type":"ListItem","position":2,"name":"M\u00f6bel","item":"https:\/\/www.indien-haus.de\/shop\/"},{"@type":"ListItem","position":3,"name":"Unikate"}]},{"@type":"WebSite","@id":"https:\/\/www.indien-haus.de\/shop\/#website","url":"https:\/\/www.indien-haus.de\/shop\/","name":"Indien-Haus","description":"M\u00f6bel &amp; Lampen &amp; Accessoires aus Asien in Mainz","publisher":{"@id":"https:\/\/www.indien-haus.de\/shop\/#organization"},"potentialAction":[{"@type":"SearchAction","target":{"@type":"EntryPoint","urlTemplate":"https:\/\/www.indien-haus.de\/shop\/?s={search_term_string}"},"query-input":"required name=search_term_string"}],"inLanguage":"de"},{"@type":"Organization","@id":"https:\/\/www.indien-haus.de\/shop\/#organization","name":"Indien-Haus","url":"https:\/\/www.indien-haus.de\/shop\/","logo":{"@type":"ImageObject","inLanguage":"de","@id":"https:\/\/www.indien-haus.de\/shop\/#\/schema\/logo\/image\/","url":"https:\/\/www.indien-haus.de\/wp-content\/uploads\/2014\/03\/indien-haus-logo3.png","contentUrl":"https:\/\/www.indien-haus.de\/wp-content\/uploads\/2014\/03\/indien-haus-logo3.png","width":106,"height":116,"caption":"Indien-Haus"},"image":{"@id":"https:\/\/www.indien-haus.de\/shop\/#\/schema\/logo\/image\/"},"sameAs":["https:\/\/www.facebook.com\/INDIEN.HAUS.news","https:\/\/twitter.com\/Indien_Haus","https:\/\/www.instagram.com\/indien_haus_mainz\/","https:\/\/www.pinterest.de\/indienhaus\/","https:\/\/www.youtube.com\/user\/IndienHaus"]}]}},"_links":{"self":[{"href":"https:\/\/www.indien-haus.de\/shop\/wp-json\/wp\/v2\/pages\/1154"}],"collection":[{"href":"https:\/\/www.indien-haus.de\/shop\/wp-json\/wp\/v2\/pages"}],"about":[{"href":"https:\/\/www.indien-haus.de\/shop\/wp-json\/wp\/v2\/types\/page"}],"author":[{"embeddable":true,"href":"https:\/\/www.indien-haus.de\/shop\/wp-json\/wp\/v2\/users\/5"}],"replies":[{"embeddable":true,"href":"https:\/\/www.indien-haus.de\/shop\/wp-json\/wp\/v2\/comments?post=1154"}],"version-history":[{"count":5,"href":"https:\/\/www.indien-haus.de\/shop\/wp-json\/wp\/v2\/pages\/1154\/revisions"}],"predecessor-version":[{"id":39873,"href":"https:\/\/www.indien-haus.de\/shop\/wp-json\/wp\/v2\/pages\/1154\/revisions\/39873"}],"up":[{"embeddable":true,"href":"https:\/\/www.indien-haus.de\/shop\/wp-json\/wp\/v2\/pages\/12"}],"wp:attachment":[{"href":"https:\/\/www.indien-haus.de\/shop\/wp-json\/wp\/v2\/media?parent=1154"}],"curies":[{"name":"wp","href":"https:\/\/api.w.org\/{rel}","templated":true}]}}