{"id":23,"date":"2014-03-27T13:57:46","date_gmt":"2014-03-27T11:57:46","guid":{"rendered":"http:\/\/stage.indien-haus.de\/?page_id=23"},"modified":"2023-12-02T16:50:47","modified_gmt":"2023-12-02T15:50:47","slug":"kontakt-anfahrt","status":"publish","type":"page","link":"https:\/\/www.indien-haus.de\/shop\/ueber-uns\/kontakt-anfahrt\/","title":{"rendered":"Kontakt \/ Anfahrt"},"content":{"rendered":"<div id='layer_slider_1'  class='avia-layerslider main_color avia-shadow  avia-builder-el-0  el_before_av_one_third  avia-builder-el-first  container_wrap fullsize' style='  height: 401px;' ><\/div><div id='after_layer_slider_1'  class='main_color av_default_container_wrap container_wrap fullsize' style=' '  ><div class='container' ><div class='template-page content  av-content-full alpha units'><div class='post-entry post-entry-type-page post-entry-23'><div class='entry-content-wrapper clearfix'>\n<div class=\"flex_column av_one_third  flex_column_div first  avia-builder-el-1  el_after_av_layerslider  el_before_av_one_third  avia-builder-el-first  \" ><section class=\"av_textblock_section \"  itemscope=\"itemscope\" itemtype=\"https:\/\/schema.org\/CreativeWork\" ><div class='avia_textblock  '   itemprop=\"text\" ><h2>Indien-Haus<\/h2>\n<p>Siemensstra\u00dfe 2<br \/>\n65205 Wiesbaden<br \/>\nTel. 06122 &#8211; 53 0 63 90<br \/>\n<a href=\"https:\/\/www.indien-haus.de\">www.indien-haus.de<\/a><br \/>\n<a href=\"mailto:kontakt@indien-haus.de\">shop@indien-haus.de<\/a><\/p>\n<h2>Gesch\u00e4ftsf\u00fchrung<\/h2>\n<p>Marcel B\u00fcchel<\/p>\n<p>Siemensstra\u00dfe 2<br \/>\n65205 Wiesbaden<br \/>\nTel. 06122 &#8211; 53 0 63 90<\/p>\n<p><a href=\"https:\/\/www.indien-haus.de\">www.indien-haus.de<\/a><br \/>\n<a href=\"mailto:kontakt@indien-haus.de\">kontakt@indien-haus.de<\/a><\/p>\n<h2><\/h2>\n<\/div><\/section><\/div><div class=\"flex_column av_one_third  flex_column_div   avia-builder-el-3  el_after_av_one_third  el_before_av_one_third  \" ><section class=\"av_textblock_section \"  itemscope=\"itemscope\" itemtype=\"https:\/\/schema.org\/CreativeWork\" ><div class='avia_textblock  '   itemprop=\"text\" ><h2>Mit dem Auto<\/h2>\n<p>Die Siemensstra\u00dfe in Nordenstadt am Aldi und Rewe vorbei im Kreisverkehr geradeaus weiter fahren, Sie finden uns auf der linken Seite.<\/p>\n<\/div><\/section><\/div><div class=\"flex_column av_one_third  flex_column_div   avia-builder-el-5  el_after_av_one_third  avia-builder-el-last  \" ><section class=\"av_textblock_section \"  itemscope=\"itemscope\" itemtype=\"https:\/\/schema.org\/CreativeWork\" ><div class='avia_textblock  '   itemprop=\"text\" ><h2>Mit dem Bus<\/h2>\n<\/div><\/section><\/div><\/p>\n","protected":false},"excerpt":{"rendered":"","protected":false},"author":5,"featured_media":0,"parent":21,"menu_order":50,"comment_status":"open","ping_status":"open","template":"","meta":{"footnotes":""},"yoast_head":"<!-- This site is optimized with the Yoast SEO plugin v22.0 - https:\/\/yoast.com\/wordpress\/plugins\/seo\/ -->\n<title>Kontakt \/ Anfahrt - Indien-Haus<\/title>\n<meta name=\"description\" content=\"Hier finden Sie unsere Kontaktdaten und eine Wegbeschreibung. Einzigartige M\u00f6bel, Indien, China, Indonesien, Indien-Haus Mainz. M\u00f6belgesch\u00e4ft in 55120.\" \/>\n<meta name=\"robots\" content=\"index, follow, max-snippet:-1, max-image-preview:large, max-video-preview:-1\" \/>\n<link rel=\"canonical\" href=\"https:\/\/www.indien-haus.de\/shop\/ueber-uns\/kontakt-anfahrt\/\" \/>\n<meta name=\"twitter:card\" content=\"summary_large_image\" \/>\n<meta name=\"twitter:title\" content=\"Kontakt \/ Anfahrt - Indien-Haus\" \/>\n<meta name=\"twitter:description\" content=\"Hier finden Sie unsere Kontaktdaten und eine Wegbeschreibung. Einzigartige M\u00f6bel, Indien, China, Indonesien, Indien-Haus Mainz. M\u00f6belgesch\u00e4ft in 55120.\" \/>\n<meta name=\"twitter:site\" content=\"@Indien_Haus\" \/>\n<meta name=\"twitter:label1\" content=\"Gesch\u00e4tzte Lesezeit\" \/>\n\t<meta name=\"twitter:data1\" content=\"1\u00a0Minute\" \/>\n<script type=\"application\/ld+json\" class=\"yoast-schema-graph\">{\"@context\":\"https:\/\/schema.org\",\"@graph\":[{\"@type\":\"WebPage\",\"@id\":\"https:\/\/www.indien-haus.de\/shop\/ueber-uns\/kontakt-anfahrt\/\",\"url\":\"https:\/\/www.indien-haus.de\/shop\/ueber-uns\/kontakt-anfahrt\/\",\"name\":\"Kontakt \/ Anfahrt - Indien-Haus\",\"isPartOf\":{\"@id\":\"https:\/\/www.indien-haus.de\/shop\/#website\"},\"datePublished\":\"2014-03-27T11:57:46+00:00\",\"dateModified\":\"2023-12-02T15:50:47+00:00\",\"description\":\"Hier finden Sie unsere Kontaktdaten und eine Wegbeschreibung. Einzigartige M\u00f6bel, Indien, China, Indonesien, Indien-Haus Mainz. M\u00f6belgesch\u00e4ft in 55120.\",\"breadcrumb\":{\"@id\":\"https:\/\/www.indien-haus.de\/shop\/ueber-uns\/kontakt-anfahrt\/#breadcrumb\"},\"inLanguage\":\"de\",\"potentialAction\":[{\"@type\":\"ReadAction\",\"target\":[\"https:\/\/www.indien-haus.de\/shop\/ueber-uns\/kontakt-anfahrt\/\"]}]},{\"@type\":\"BreadcrumbList\",\"@id\":\"https:\/\/www.indien-haus.de\/shop\/ueber-uns\/kontakt-anfahrt\/#breadcrumb\",\"itemListElement\":[{\"@type\":\"ListItem\",\"position\":1,\"name\":\"Startseite\",\"item\":\"https:\/\/www.indien-haus.de\/shop\/start\/\"},{\"@type\":\"ListItem\",\"position\":2,\"name\":\"\u00dcber uns\",\"item\":\"https:\/\/www.indien-haus.de\/shop\/ueber-uns\/\"},{\"@type\":\"ListItem\",\"position\":3,\"name\":\"Kontakt \/ Anfahrt\"}]},{\"@type\":\"WebSite\",\"@id\":\"https:\/\/www.indien-haus.de\/shop\/#website\",\"url\":\"https:\/\/www.indien-haus.de\/shop\/\",\"name\":\"Indien-Haus\",\"description\":\"M\u00f6bel &amp; Lampen &amp; Accessoires aus Asien in Mainz\",\"publisher\":{\"@id\":\"https:\/\/www.indien-haus.de\/shop\/#organization\"},\"potentialAction\":[{\"@type\":\"SearchAction\",\"target\":{\"@type\":\"EntryPoint\",\"urlTemplate\":\"https:\/\/www.indien-haus.de\/shop\/?s={search_term_string}\"},\"query-input\":\"required name=search_term_string\"}],\"inLanguage\":\"de\"},{\"@type\":\"Organization\",\"@id\":\"https:\/\/www.indien-haus.de\/shop\/#organization\",\"name\":\"Indien-Haus\",\"url\":\"https:\/\/www.indien-haus.de\/shop\/\",\"logo\":{\"@type\":\"ImageObject\",\"inLanguage\":\"de\",\"@id\":\"https:\/\/www.indien-haus.de\/shop\/#\/schema\/logo\/image\/\",\"url\":\"https:\/\/www.indien-haus.de\/wp-content\/uploads\/2014\/03\/indien-haus-logo3.png\",\"contentUrl\":\"https:\/\/www.indien-haus.de\/wp-content\/uploads\/2014\/03\/indien-haus-logo3.png\",\"width\":106,\"height\":116,\"caption\":\"Indien-Haus\"},\"image\":{\"@id\":\"https:\/\/www.indien-haus.de\/shop\/#\/schema\/logo\/image\/\"},\"sameAs\":[\"https:\/\/www.facebook.com\/INDIEN.HAUS.news\",\"https:\/\/twitter.com\/Indien_Haus\",\"https:\/\/www.instagram.com\/indien_haus_mainz\/\",\"https:\/\/www.pinterest.de\/indienhaus\/\",\"https:\/\/www.youtube.com\/user\/IndienHaus\"]}]}<\/script>\n<!-- \/ Yoast SEO plugin. -->","yoast_head_json":{"title":"Kontakt \/ Anfahrt - Indien-Haus","description":"Hier finden Sie unsere Kontaktdaten und eine Wegbeschreibung. Einzigartige M\u00f6bel, Indien, China, Indonesien, Indien-Haus Mainz. M\u00f6belgesch\u00e4ft in 55120.","robots":{"index":"index","follow":"follow","max-snippet":"max-snippet:-1","max-image-preview":"max-image-preview:large","max-video-preview":"max-video-preview:-1"},"canonical":"https:\/\/www.indien-haus.de\/shop\/ueber-uns\/kontakt-anfahrt\/","twitter_card":"summary_large_image","twitter_title":"Kontakt \/ Anfahrt - Indien-Haus","twitter_description":"Hier finden Sie unsere Kontaktdaten und eine Wegbeschreibung. Einzigartige M\u00f6bel, Indien, China, Indonesien, Indien-Haus Mainz. M\u00f6belgesch\u00e4ft in 55120.","twitter_site":"@Indien_Haus","twitter_misc":{"Gesch\u00e4tzte Lesezeit":"1\u00a0Minute"},"schema":{"@context":"https:\/\/schema.org","@graph":[{"@type":"WebPage","@id":"https:\/\/www.indien-haus.de\/shop\/ueber-uns\/kontakt-anfahrt\/","url":"https:\/\/www.indien-haus.de\/shop\/ueber-uns\/kontakt-anfahrt\/","name":"Kontakt \/ Anfahrt - Indien-Haus","isPartOf":{"@id":"https:\/\/www.indien-haus.de\/shop\/#website"},"datePublished":"2014-03-27T11:57:46+00:00","dateModified":"2023-12-02T15:50:47+00:00","description":"Hier finden Sie unsere Kontaktdaten und eine Wegbeschreibung. Einzigartige M\u00f6bel, Indien, China, Indonesien, Indien-Haus Mainz. M\u00f6belgesch\u00e4ft in 55120.","breadcrumb":{"@id":"https:\/\/www.indien-haus.de\/shop\/ueber-uns\/kontakt-anfahrt\/#breadcrumb"},"inLanguage":"de","potentialAction":[{"@type":"ReadAction","target":["https:\/\/www.indien-haus.de\/shop\/ueber-uns\/kontakt-anfahrt\/"]}]},{"@type":"BreadcrumbList","@id":"https:\/\/www.indien-haus.de\/shop\/ueber-uns\/kontakt-anfahrt\/#breadcrumb","itemListElement":[{"@type":"ListItem","position":1,"name":"Startseite","item":"https:\/\/www.indien-haus.de\/shop\/start\/"},{"@type":"ListItem","position":2,"name":"\u00dcber uns","item":"https:\/\/www.indien-haus.de\/shop\/ueber-uns\/"},{"@type":"ListItem","position":3,"name":"Kontakt \/ Anfahrt"}]},{"@type":"WebSite","@id":"https:\/\/www.indien-haus.de\/shop\/#website","url":"https:\/\/www.indien-haus.de\/shop\/","name":"Indien-Haus","description":"M\u00f6bel &amp; Lampen &amp; Accessoires aus Asien in Mainz","publisher":{"@id":"https:\/\/www.indien-haus.de\/shop\/#organization"},"potentialAction":[{"@type":"SearchAction","target":{"@type":"EntryPoint","urlTemplate":"https:\/\/www.indien-haus.de\/shop\/?s={search_term_string}"},"query-input":"required name=search_term_string"}],"inLanguage":"de"},{"@type":"Organization","@id":"https:\/\/www.indien-haus.de\/shop\/#organization","name":"Indien-Haus","url":"https:\/\/www.indien-haus.de\/shop\/","logo":{"@type":"ImageObject","inLanguage":"de","@id":"https:\/\/www.indien-haus.de\/shop\/#\/schema\/logo\/image\/","url":"https:\/\/www.indien-haus.de\/wp-content\/uploads\/2014\/03\/indien-haus-logo3.png","contentUrl":"https:\/\/www.indien-haus.de\/wp-content\/uploads\/2014\/03\/indien-haus-logo3.png","width":106,"height":116,"caption":"Indien-Haus"},"image":{"@id":"https:\/\/www.indien-haus.de\/shop\/#\/schema\/logo\/image\/"},"sameAs":["https:\/\/www.facebook.com\/INDIEN.HAUS.news","https:\/\/twitter.com\/Indien_Haus","https:\/\/www.instagram.com\/indien_haus_mainz\/","https:\/\/www.pinterest.de\/indienhaus\/","https:\/\/www.youtube.com\/user\/IndienHaus"]}]}},"_links":{"self":[{"href":"https:\/\/www.indien-haus.de\/shop\/wp-json\/wp\/v2\/pages\/23"}],"collection":[{"href":"https:\/\/www.indien-haus.de\/shop\/wp-json\/wp\/v2\/pages"}],"about":[{"href":"https:\/\/www.indien-haus.de\/shop\/wp-json\/wp\/v2\/types\/page"}],"author":[{"embeddable":true,"href":"https:\/\/www.indien-haus.de\/shop\/wp-json\/wp\/v2\/users\/5"}],"replies":[{"embeddable":true,"href":"https:\/\/www.indien-haus.de\/shop\/wp-json\/wp\/v2\/comments?post=23"}],"version-history":[{"count":6,"href":"https:\/\/www.indien-haus.de\/shop\/wp-json\/wp\/v2\/pages\/23\/revisions"}],"predecessor-version":[{"id":113564,"href":"https:\/\/www.indien-haus.de\/shop\/wp-json\/wp\/v2\/pages\/23\/revisions\/113564"}],"up":[{"embeddable":true,"href":"https:\/\/www.indien-haus.de\/shop\/wp-json\/wp\/v2\/pages\/21"}],"wp:attachment":[{"href":"https:\/\/www.indien-haus.de\/shop\/wp-json\/wp\/v2\/media?parent=23"}],"curies":[{"name":"wp","href":"https:\/\/api.w.org\/{rel}","templated":true}]}}