{"id":37590,"date":"2018-05-24T18:15:58","date_gmt":"2018-05-24T17:15:58","guid":{"rendered":"https:\/\/www.indien-haus.de\/?page_id=37590"},"modified":"2021-10-26T17:47:06","modified_gmt":"2021-10-26T16:47:06","slug":"zahlungsarten","status":"publish","type":"page","link":"https:\/\/www.indien-haus.de\/shop\/zahlungsarten\/","title":{"rendered":"Zahlungsarten"},"content":{"rendered":"<p><strong>In unserem Online-Shop k\u00f6nnen Sie mit:<\/strong><\/p>\n<ul>\n<li>Bank\u00fcberweisung<\/li>\n<li>PayPal (ein Konto bei PayPal ist nicht notwendig)<\/li>\n<\/ul>\n<p>zahlen.<\/p>\n<p><strong>In unseren Ladengesch\u00e4ften in Mainz und Taunusstein k\u00f6nnen Sie mit:<\/strong><\/p>\n<ul>\n<li>EC\/Maestro Karte<\/li>\n<li>Kreditkarten (MasterCard, Visa)<\/li>\n<li>Bargeld<\/li>\n<\/ul>\n<p>zahlen.<\/p>\n","protected":false},"excerpt":{"rendered":"<p>In unserem Online-Shop k\u00f6nnen Sie mit: Bank\u00fcberweisung PayPal (ein Konto bei PayPal ist nicht notwendig) zahlen. In unseren Ladengesch\u00e4ften in Mainz und Taunusstein k\u00f6nnen Sie mit: EC\/Maestro Karte Kreditkarten (MasterCard, Visa) Bargeld zahlen.<\/p>\n","protected":false},"author":3,"featured_media":0,"parent":0,"menu_order":0,"comment_status":"closed","ping_status":"closed","template":"","meta":{"footnotes":""},"yoast_head":"<!-- This site is optimized with the Yoast SEO plugin v22.0 - https:\/\/yoast.com\/wordpress\/plugins\/seo\/ -->\n<title>Zahlungsarten - Indien-Haus<\/title>\n<meta name=\"robots\" content=\"index, follow, max-snippet:-1, max-image-preview:large, max-video-preview:-1\" \/>\n<link rel=\"canonical\" href=\"https:\/\/www.indien-haus.de\/shop\/zahlungsarten\/\" \/>\n<meta name=\"twitter:card\" content=\"summary_large_image\" \/>\n<meta name=\"twitter:title\" content=\"Zahlungsarten - Indien-Haus\" \/>\n<meta name=\"twitter:description\" content=\"In unserem Online-Shop k\u00f6nnen Sie mit: Bank\u00fcberweisung PayPal (ein Konto bei PayPal ist nicht notwendig) zahlen. In unseren Ladengesch\u00e4ften in Mainz und Taunusstein k\u00f6nnen Sie mit: EC\/Maestro Karte Kreditkarten (MasterCard, Visa) Bargeld zahlen.\" \/>\n<meta name=\"twitter:site\" content=\"@Indien_Haus\" \/>\n<meta name=\"twitter:label1\" content=\"Gesch\u00e4tzte Lesezeit\" \/>\n\t<meta name=\"twitter:data1\" content=\"1\u00a0Minute\" \/>\n<script type=\"application\/ld+json\" class=\"yoast-schema-graph\">{\"@context\":\"https:\/\/schema.org\",\"@graph\":[{\"@type\":\"WebPage\",\"@id\":\"https:\/\/www.indien-haus.de\/shop\/zahlungsarten\/\",\"url\":\"https:\/\/www.indien-haus.de\/shop\/zahlungsarten\/\",\"name\":\"Zahlungsarten - Indien-Haus\",\"isPartOf\":{\"@id\":\"https:\/\/www.indien-haus.de\/shop\/#website\"},\"datePublished\":\"2018-05-24T17:15:58+00:00\",\"dateModified\":\"2021-10-26T16:47:06+00:00\",\"breadcrumb\":{\"@id\":\"https:\/\/www.indien-haus.de\/shop\/zahlungsarten\/#breadcrumb\"},\"inLanguage\":\"de\",\"potentialAction\":[{\"@type\":\"ReadAction\",\"target\":[\"https:\/\/www.indien-haus.de\/shop\/zahlungsarten\/\"]}]},{\"@type\":\"BreadcrumbList\",\"@id\":\"https:\/\/www.indien-haus.de\/shop\/zahlungsarten\/#breadcrumb\",\"itemListElement\":[{\"@type\":\"ListItem\",\"position\":1,\"name\":\"Startseite\",\"item\":\"https:\/\/www.indien-haus.de\/shop\/start\/\"},{\"@type\":\"ListItem\",\"position\":2,\"name\":\"Zahlungsarten\"}]},{\"@type\":\"WebSite\",\"@id\":\"https:\/\/www.indien-haus.de\/shop\/#website\",\"url\":\"https:\/\/www.indien-haus.de\/shop\/\",\"name\":\"Indien-Haus\",\"description\":\"M\u00f6bel &amp; Lampen &amp; Accessoires aus Asien in Mainz\",\"publisher\":{\"@id\":\"https:\/\/www.indien-haus.de\/shop\/#organization\"},\"potentialAction\":[{\"@type\":\"SearchAction\",\"target\":{\"@type\":\"EntryPoint\",\"urlTemplate\":\"https:\/\/www.indien-haus.de\/shop\/?s={search_term_string}\"},\"query-input\":\"required name=search_term_string\"}],\"inLanguage\":\"de\"},{\"@type\":\"Organization\",\"@id\":\"https:\/\/www.indien-haus.de\/shop\/#organization\",\"name\":\"Indien-Haus\",\"url\":\"https:\/\/www.indien-haus.de\/shop\/\",\"logo\":{\"@type\":\"ImageObject\",\"inLanguage\":\"de\",\"@id\":\"https:\/\/www.indien-haus.de\/shop\/#\/schema\/logo\/image\/\",\"url\":\"https:\/\/www.indien-haus.de\/wp-content\/uploads\/2014\/03\/indien-haus-logo3.png\",\"contentUrl\":\"https:\/\/www.indien-haus.de\/wp-content\/uploads\/2014\/03\/indien-haus-logo3.png\",\"width\":106,\"height\":116,\"caption\":\"Indien-Haus\"},\"image\":{\"@id\":\"https:\/\/www.indien-haus.de\/shop\/#\/schema\/logo\/image\/\"},\"sameAs\":[\"https:\/\/www.facebook.com\/INDIEN.HAUS.news\",\"https:\/\/twitter.com\/Indien_Haus\",\"https:\/\/www.instagram.com\/indien_haus_mainz\/\",\"https:\/\/www.pinterest.de\/indienhaus\/\",\"https:\/\/www.youtube.com\/user\/IndienHaus\"]}]}<\/script>\n<!-- \/ Yoast SEO plugin. -->","yoast_head_json":{"title":"Zahlungsarten - Indien-Haus","robots":{"index":"index","follow":"follow","max-snippet":"max-snippet:-1","max-image-preview":"max-image-preview:large","max-video-preview":"max-video-preview:-1"},"canonical":"https:\/\/www.indien-haus.de\/shop\/zahlungsarten\/","twitter_card":"summary_large_image","twitter_title":"Zahlungsarten - Indien-Haus","twitter_description":"In unserem Online-Shop k\u00f6nnen Sie mit: Bank\u00fcberweisung PayPal (ein Konto bei PayPal ist nicht notwendig) zahlen. In unseren Ladengesch\u00e4ften in Mainz und Taunusstein k\u00f6nnen Sie mit: EC\/Maestro Karte Kreditkarten (MasterCard, Visa) Bargeld zahlen.","twitter_site":"@Indien_Haus","twitter_misc":{"Gesch\u00e4tzte Lesezeit":"1\u00a0Minute"},"schema":{"@context":"https:\/\/schema.org","@graph":[{"@type":"WebPage","@id":"https:\/\/www.indien-haus.de\/shop\/zahlungsarten\/","url":"https:\/\/www.indien-haus.de\/shop\/zahlungsarten\/","name":"Zahlungsarten - Indien-Haus","isPartOf":{"@id":"https:\/\/www.indien-haus.de\/shop\/#website"},"datePublished":"2018-05-24T17:15:58+00:00","dateModified":"2021-10-26T16:47:06+00:00","breadcrumb":{"@id":"https:\/\/www.indien-haus.de\/shop\/zahlungsarten\/#breadcrumb"},"inLanguage":"de","potentialAction":[{"@type":"ReadAction","target":["https:\/\/www.indien-haus.de\/shop\/zahlungsarten\/"]}]},{"@type":"BreadcrumbList","@id":"https:\/\/www.indien-haus.de\/shop\/zahlungsarten\/#breadcrumb","itemListElement":[{"@type":"ListItem","position":1,"name":"Startseite","item":"https:\/\/www.indien-haus.de\/shop\/start\/"},{"@type":"ListItem","position":2,"name":"Zahlungsarten"}]},{"@type":"WebSite","@id":"https:\/\/www.indien-haus.de\/shop\/#website","url":"https:\/\/www.indien-haus.de\/shop\/","name":"Indien-Haus","description":"M\u00f6bel &amp; Lampen &amp; Accessoires aus Asien in Mainz","publisher":{"@id":"https:\/\/www.indien-haus.de\/shop\/#organization"},"potentialAction":[{"@type":"SearchAction","target":{"@type":"EntryPoint","urlTemplate":"https:\/\/www.indien-haus.de\/shop\/?s={search_term_string}"},"query-input":"required name=search_term_string"}],"inLanguage":"de"},{"@type":"Organization","@id":"https:\/\/www.indien-haus.de\/shop\/#organization","name":"Indien-Haus","url":"https:\/\/www.indien-haus.de\/shop\/","logo":{"@type":"ImageObject","inLanguage":"de","@id":"https:\/\/www.indien-haus.de\/shop\/#\/schema\/logo\/image\/","url":"https:\/\/www.indien-haus.de\/wp-content\/uploads\/2014\/03\/indien-haus-logo3.png","contentUrl":"https:\/\/www.indien-haus.de\/wp-content\/uploads\/2014\/03\/indien-haus-logo3.png","width":106,"height":116,"caption":"Indien-Haus"},"image":{"@id":"https:\/\/www.indien-haus.de\/shop\/#\/schema\/logo\/image\/"},"sameAs":["https:\/\/www.facebook.com\/INDIEN.HAUS.news","https:\/\/twitter.com\/Indien_Haus","https:\/\/www.instagram.com\/indien_haus_mainz\/","https:\/\/www.pinterest.de\/indienhaus\/","https:\/\/www.youtube.com\/user\/IndienHaus"]}]}},"_links":{"self":[{"href":"https:\/\/www.indien-haus.de\/shop\/wp-json\/wp\/v2\/pages\/37590"}],"collection":[{"href":"https:\/\/www.indien-haus.de\/shop\/wp-json\/wp\/v2\/pages"}],"about":[{"href":"https:\/\/www.indien-haus.de\/shop\/wp-json\/wp\/v2\/types\/page"}],"author":[{"embeddable":true,"href":"https:\/\/www.indien-haus.de\/shop\/wp-json\/wp\/v2\/users\/3"}],"replies":[{"embeddable":true,"href":"https:\/\/www.indien-haus.de\/shop\/wp-json\/wp\/v2\/comments?post=37590"}],"version-history":[{"count":6,"href":"https:\/\/www.indien-haus.de\/shop\/wp-json\/wp\/v2\/pages\/37590\/revisions"}],"predecessor-version":[{"id":100782,"href":"https:\/\/www.indien-haus.de\/shop\/wp-json\/wp\/v2\/pages\/37590\/revisions\/100782"}],"wp:attachment":[{"href":"https:\/\/www.indien-haus.de\/shop\/wp-json\/wp\/v2\/media?parent=37590"}],"curies":[{"name":"wp","href":"https:\/\/api.w.org\/{rel}","templated":true}]}}