{"id":47,"date":"2014-03-27T14:05:24","date_gmt":"2014-03-27T12:05:24","guid":{"rendered":"http:\/\/stage.indien-haus.de\/?page_id=47"},"modified":"2025-05-21T18:20:08","modified_gmt":"2025-05-21T17:20:08","slug":"das-indien-haus","status":"publish","type":"page","link":"https:\/\/www.indien-haus.de\/shop\/ueber-uns\/das-indien-haus\/","title":{"rendered":"Unsere Geschichte"},"content":{"rendered":"<div   data-size='no scaling'  data-lightbox_size='large'  data-animation='slide'  data-conditional_play=''  data-ids='116032,116038'  data-video_counter='0'  data-autoplay='true'  data-bg_slider='false'  data-slide_height=''  data-handle='av_slideshow'  data-interval='5'  data-class=' avia-builder-el-0  el_before_av_one_half  avia-builder-el-first  '  data-el_id=''  data-css_id=''  data-scroll_down=''  data-control_layout='av-control-default'  data-custom_markup=''  data-perma_caption=''  data-autoplay_stopper=''  data-image_attachment=''  data-min_height='0px'  class='avia-slideshow avia-slideshow-1  av-control-default av-default-height-applied avia-slideshow-no scaling av_slideshow  avia-builder-el-0  el_before_av_one_half  avia-builder-el-first   avia-slide-slider '  itemprop=\"image\" itemscope=\"itemscope\" itemtype=\"https:\/\/schema.org\/ImageObject\" ><ul class='avia-slideshow-inner ' style='padding-bottom: 56.25%;' ><li  class=' slide-1 ' ><div data-rel='slideshow-1' class='avia-slide-wrap '   ><div class=\"avia-caption av-slideshow-caption\"><div class=\"avia-inner-caption\"><h2  class='avia-caption-title  '  itemprop=\"name\" >Front<\/h2><\/div><\/div><img src='https:\/\/www.indien-haus.de\/wp-content\/uploads\/2024\/11\/Front-2.jpg' width='1600' height='900' title='Front 2' alt=''  itemprop=\"thumbnailUrl\"   \/><\/div><\/li><li  class=' slide-2 ' ><div data-rel='slideshow-1' class='avia-slide-wrap '   ><div class=\"avia-caption av-slideshow-caption\"><div class=\"avia-inner-caption\"><h2  class='avia-caption-title  '  itemprop=\"name\" >Eingang<\/h2><\/div><\/div><img src='https:\/\/www.indien-haus.de\/wp-content\/uploads\/2024\/11\/Eingang-N.jpg' width='1600' height='900' title='Eingang N' alt=''  itemprop=\"thumbnailUrl\"   \/><\/div><\/li><\/ul><div class='avia-slideshow-arrows avia-slideshow-controls'><a href='#prev' class='prev-slide' aria-hidden='true' data-av_icon='\ue87c' data-av_iconfont='entypo-fontello'>Zur\u00fcck<\/a><a href='#next' class='next-slide' aria-hidden='true' data-av_icon='\ue87d' data-av_iconfont='entypo-fontello'>Weiter<\/a><\/div><div class='avia-slideshow-dots avia-slideshow-controls'><a href='#1' class='goto-slide active' >1<\/a><a href='#2' class='goto-slide ' >2<\/a><\/div><\/div>\n<div class=\"flex_column av_one_half  flex_column_div first  avia-builder-el-1  el_after_av_slideshow  el_before_av_one_half  \" ><section class=\"av_textblock_section \"  itemscope=\"itemscope\" itemtype=\"https:\/\/schema.org\/CreativeWork\" ><div class='avia_textblock  '   itemprop=\"text\" ><h2>Das INDIEN-HAUS<\/h2>\n<p>1994 wurde die GmbH in Idstein gegr\u00fcndet, damals ausschlie\u00dflich ein Gro\u00dfhandelsbetrieb.<br \/>\nDas erste Ladengesch\u00e4ft mit dem Namen Indien-Haus er\u00f6ffneten wir 1996 in Wiesbaden Nordenstadt. Vier Jahre sp\u00e4ter wurde die komplette Firma mit Lager und Verkaufsr\u00e4umen nach Mainz-Mombach verlegt.<br \/>\nSeit 2005 ist Marcel B\u00fcchel f\u00fcr das Indien-Haus unterwegs und immer auf der suche nach neuen und au\u00dfergew\u00f6hnlichen Produkten. Im April 2019 er\u00f6ffnete eine Indien-Haus Boutique in Taunusstein-Bleidenstadt.<\/p>\n<\/div><\/section><\/div><div class=\"flex_column av_one_half  flex_column_div   avia-builder-el-3  el_after_av_one_half  avia-builder-el-last  \" ><section class=\"av_textblock_section \"  itemscope=\"itemscope\" itemtype=\"https:\/\/schema.org\/CreativeWork\" ><div class='avia_textblock  '   itemprop=\"text\" ><h2>M\u00f6bel mit Charakter<\/h2>\n<p>Wir sind ein M\u00f6belhaus, das stets versucht, sich durch au\u00dfergew\u00f6hnliche St\u00fccke gegen\u00fcber der Massenware abzuheben. Unsere Einzelst\u00fccke selektieren wir vor Ort in Indien, Indonesien und China. Dazu reist Marcel B\u00fcchel mehrmals im Jahr nach Asien. Auf diesen Reisen findet er immer wieder einmalig sch\u00f6ne M\u00f6bel, Accessoires, Textilien und Lampen.<br \/>\nMarcel B\u00fcchel entwickelt in der Zwischenzeit, mit seinem Auge f\u00fcr das besondere Design, neue Modelle f\u00fcr unsere Massivholzkollektionen. Jedes Jahr entstehen somit neue sch\u00f6ne Einrichtungshighlights, die Sie im Ladengesch\u00e4ft, im <a href=\"https:\/\/www.indien-haus.de\/wp-content\/uploads\/online_katalog.pdf\">Indien-Haus Katalog<\/a> oder auf unserer <a href=\"https:\/\/www.indien-haus.de\/shop\/\">Website<\/a> entdecken k\u00f6nnen. Die Kollektion aus Palisander und Akazien Massivholz beinhaltet M\u00f6belst\u00fccke mit sehr modernen kubischen Formen, sowie Kolonialstil-Elementen wie unser Himmelbett und den passenden Schr\u00e4nken dazu. Die<a href=\"https:\/\/www.indien-haus.de\/moebel\/holzarten\/\"> gesamte Kollektion<\/a> gibt es in drei Macharten: Braun-Natur, Limewashed Look und Palisander-Natur. Damit ist im Indien-Haus f\u00fcr den jeden Geschmack etwas dabei.<\/p>\n<\/div><\/section><\/div><\/p>\n","protected":false},"excerpt":{"rendered":"","protected":false},"author":5,"featured_media":0,"parent":21,"menu_order":0,"comment_status":"open","ping_status":"open","template":"","meta":{"footnotes":""},"yoast_head":"<!-- This site is optimized with the Yoast SEO plugin v22.0 - https:\/\/yoast.com\/wordpress\/plugins\/seo\/ -->\n<title>Das Indien-Haus<\/title>\n<meta name=\"description\" content=\"Unsere M\u00f6bel sind individuell und mit hochwertigen Materialien verarbeitet. Echtholzm\u00f6bel, elegante Lampen f\u00fcr Ihr Zuhause. Das Indien-Haus in Mainz.\" \/>\n<meta name=\"robots\" content=\"index, follow, max-snippet:-1, max-image-preview:large, max-video-preview:-1\" \/>\n<link rel=\"canonical\" href=\"https:\/\/www.indien-haus.de\/shop\/ueber-uns\/das-indien-haus\/\" \/>\n<meta name=\"twitter:card\" content=\"summary_large_image\" \/>\n<meta name=\"twitter:title\" content=\"Das Indien-Haus\" \/>\n<meta name=\"twitter:description\" content=\"Unsere M\u00f6bel sind individuell und mit hochwertigen Materialien verarbeitet. Echtholzm\u00f6bel, elegante Lampen f\u00fcr Ihr Zuhause. Das Indien-Haus in Mainz.\" \/>\n<meta name=\"twitter:site\" content=\"@Indien_Haus\" \/>\n<meta name=\"twitter:label1\" content=\"Gesch\u00e4tzte Lesezeit\" \/>\n\t<meta name=\"twitter:data1\" content=\"2\u00a0Minuten\" \/>\n<script type=\"application\/ld+json\" class=\"yoast-schema-graph\">{\"@context\":\"https:\/\/schema.org\",\"@graph\":[{\"@type\":\"WebPage\",\"@id\":\"https:\/\/www.indien-haus.de\/shop\/ueber-uns\/das-indien-haus\/\",\"url\":\"https:\/\/www.indien-haus.de\/shop\/ueber-uns\/das-indien-haus\/\",\"name\":\"Das Indien-Haus\",\"isPartOf\":{\"@id\":\"https:\/\/www.indien-haus.de\/shop\/#website\"},\"datePublished\":\"2014-03-27T12:05:24+00:00\",\"dateModified\":\"2025-05-21T17:20:08+00:00\",\"description\":\"Unsere M\u00f6bel sind individuell und mit hochwertigen Materialien verarbeitet. Echtholzm\u00f6bel, elegante Lampen f\u00fcr Ihr Zuhause. Das Indien-Haus in Mainz.\",\"breadcrumb\":{\"@id\":\"https:\/\/www.indien-haus.de\/shop\/ueber-uns\/das-indien-haus\/#breadcrumb\"},\"inLanguage\":\"de\",\"potentialAction\":[{\"@type\":\"ReadAction\",\"target\":[\"https:\/\/www.indien-haus.de\/shop\/ueber-uns\/das-indien-haus\/\"]}]},{\"@type\":\"BreadcrumbList\",\"@id\":\"https:\/\/www.indien-haus.de\/shop\/ueber-uns\/das-indien-haus\/#breadcrumb\",\"itemListElement\":[{\"@type\":\"ListItem\",\"position\":1,\"name\":\"Startseite\",\"item\":\"https:\/\/www.indien-haus.de\/shop\/start\/\"},{\"@type\":\"ListItem\",\"position\":2,\"name\":\"\u00dcber uns\",\"item\":\"https:\/\/www.indien-haus.de\/shop\/ueber-uns\/\"},{\"@type\":\"ListItem\",\"position\":3,\"name\":\"Unsere Geschichte\"}]},{\"@type\":\"WebSite\",\"@id\":\"https:\/\/www.indien-haus.de\/shop\/#website\",\"url\":\"https:\/\/www.indien-haus.de\/shop\/\",\"name\":\"Indien-Haus\",\"description\":\"M\u00f6bel &amp; Lampen &amp; Accessoires aus Asien in Mainz\",\"publisher\":{\"@id\":\"https:\/\/www.indien-haus.de\/shop\/#organization\"},\"potentialAction\":[{\"@type\":\"SearchAction\",\"target\":{\"@type\":\"EntryPoint\",\"urlTemplate\":\"https:\/\/www.indien-haus.de\/shop\/?s={search_term_string}\"},\"query-input\":\"required name=search_term_string\"}],\"inLanguage\":\"de\"},{\"@type\":\"Organization\",\"@id\":\"https:\/\/www.indien-haus.de\/shop\/#organization\",\"name\":\"Indien-Haus\",\"url\":\"https:\/\/www.indien-haus.de\/shop\/\",\"logo\":{\"@type\":\"ImageObject\",\"inLanguage\":\"de\",\"@id\":\"https:\/\/www.indien-haus.de\/shop\/#\/schema\/logo\/image\/\",\"url\":\"https:\/\/www.indien-haus.de\/wp-content\/uploads\/2014\/03\/indien-haus-logo3.png\",\"contentUrl\":\"https:\/\/www.indien-haus.de\/wp-content\/uploads\/2014\/03\/indien-haus-logo3.png\",\"width\":106,\"height\":116,\"caption\":\"Indien-Haus\"},\"image\":{\"@id\":\"https:\/\/www.indien-haus.de\/shop\/#\/schema\/logo\/image\/\"},\"sameAs\":[\"https:\/\/www.facebook.com\/INDIEN.HAUS.news\",\"https:\/\/twitter.com\/Indien_Haus\",\"https:\/\/www.instagram.com\/indien_haus_mainz\/\",\"https:\/\/www.pinterest.de\/indienhaus\/\",\"https:\/\/www.youtube.com\/user\/IndienHaus\"]}]}<\/script>\n<!-- \/ Yoast SEO plugin. -->","yoast_head_json":{"title":"Das Indien-Haus","description":"Unsere M\u00f6bel sind individuell und mit hochwertigen Materialien verarbeitet. Echtholzm\u00f6bel, elegante Lampen f\u00fcr Ihr Zuhause. Das Indien-Haus in Mainz.","robots":{"index":"index","follow":"follow","max-snippet":"max-snippet:-1","max-image-preview":"max-image-preview:large","max-video-preview":"max-video-preview:-1"},"canonical":"https:\/\/www.indien-haus.de\/shop\/ueber-uns\/das-indien-haus\/","twitter_card":"summary_large_image","twitter_title":"Das Indien-Haus","twitter_description":"Unsere M\u00f6bel sind individuell und mit hochwertigen Materialien verarbeitet. Echtholzm\u00f6bel, elegante Lampen f\u00fcr Ihr Zuhause. Das Indien-Haus in Mainz.","twitter_site":"@Indien_Haus","twitter_misc":{"Gesch\u00e4tzte Lesezeit":"2\u00a0Minuten"},"schema":{"@context":"https:\/\/schema.org","@graph":[{"@type":"WebPage","@id":"https:\/\/www.indien-haus.de\/shop\/ueber-uns\/das-indien-haus\/","url":"https:\/\/www.indien-haus.de\/shop\/ueber-uns\/das-indien-haus\/","name":"Das Indien-Haus","isPartOf":{"@id":"https:\/\/www.indien-haus.de\/shop\/#website"},"datePublished":"2014-03-27T12:05:24+00:00","dateModified":"2025-05-21T17:20:08+00:00","description":"Unsere M\u00f6bel sind individuell und mit hochwertigen Materialien verarbeitet. Echtholzm\u00f6bel, elegante Lampen f\u00fcr Ihr Zuhause. Das Indien-Haus in Mainz.","breadcrumb":{"@id":"https:\/\/www.indien-haus.de\/shop\/ueber-uns\/das-indien-haus\/#breadcrumb"},"inLanguage":"de","potentialAction":[{"@type":"ReadAction","target":["https:\/\/www.indien-haus.de\/shop\/ueber-uns\/das-indien-haus\/"]}]},{"@type":"BreadcrumbList","@id":"https:\/\/www.indien-haus.de\/shop\/ueber-uns\/das-indien-haus\/#breadcrumb","itemListElement":[{"@type":"ListItem","position":1,"name":"Startseite","item":"https:\/\/www.indien-haus.de\/shop\/start\/"},{"@type":"ListItem","position":2,"name":"\u00dcber uns","item":"https:\/\/www.indien-haus.de\/shop\/ueber-uns\/"},{"@type":"ListItem","position":3,"name":"Unsere Geschichte"}]},{"@type":"WebSite","@id":"https:\/\/www.indien-haus.de\/shop\/#website","url":"https:\/\/www.indien-haus.de\/shop\/","name":"Indien-Haus","description":"M\u00f6bel &amp; Lampen &amp; Accessoires aus Asien in Mainz","publisher":{"@id":"https:\/\/www.indien-haus.de\/shop\/#organization"},"potentialAction":[{"@type":"SearchAction","target":{"@type":"EntryPoint","urlTemplate":"https:\/\/www.indien-haus.de\/shop\/?s={search_term_string}"},"query-input":"required name=search_term_string"}],"inLanguage":"de"},{"@type":"Organization","@id":"https:\/\/www.indien-haus.de\/shop\/#organization","name":"Indien-Haus","url":"https:\/\/www.indien-haus.de\/shop\/","logo":{"@type":"ImageObject","inLanguage":"de","@id":"https:\/\/www.indien-haus.de\/shop\/#\/schema\/logo\/image\/","url":"https:\/\/www.indien-haus.de\/wp-content\/uploads\/2014\/03\/indien-haus-logo3.png","contentUrl":"https:\/\/www.indien-haus.de\/wp-content\/uploads\/2014\/03\/indien-haus-logo3.png","width":106,"height":116,"caption":"Indien-Haus"},"image":{"@id":"https:\/\/www.indien-haus.de\/shop\/#\/schema\/logo\/image\/"},"sameAs":["https:\/\/www.facebook.com\/INDIEN.HAUS.news","https:\/\/twitter.com\/Indien_Haus","https:\/\/www.instagram.com\/indien_haus_mainz\/","https:\/\/www.pinterest.de\/indienhaus\/","https:\/\/www.youtube.com\/user\/IndienHaus"]}]}},"_links":{"self":[{"href":"https:\/\/www.indien-haus.de\/shop\/wp-json\/wp\/v2\/pages\/47"}],"collection":[{"href":"https:\/\/www.indien-haus.de\/shop\/wp-json\/wp\/v2\/pages"}],"about":[{"href":"https:\/\/www.indien-haus.de\/shop\/wp-json\/wp\/v2\/types\/page"}],"author":[{"embeddable":true,"href":"https:\/\/www.indien-haus.de\/shop\/wp-json\/wp\/v2\/users\/5"}],"replies":[{"embeddable":true,"href":"https:\/\/www.indien-haus.de\/shop\/wp-json\/wp\/v2\/comments?post=47"}],"version-history":[{"count":5,"href":"https:\/\/www.indien-haus.de\/shop\/wp-json\/wp\/v2\/pages\/47\/revisions"}],"predecessor-version":[{"id":116181,"href":"https:\/\/www.indien-haus.de\/shop\/wp-json\/wp\/v2\/pages\/47\/revisions\/116181"}],"up":[{"embeddable":true,"href":"https:\/\/www.indien-haus.de\/shop\/wp-json\/wp\/v2\/pages\/21"}],"wp:attachment":[{"href":"https:\/\/www.indien-haus.de\/shop\/wp-json\/wp\/v2\/media?parent=47"}],"curies":[{"name":"wp","href":"https:\/\/api.w.org\/{rel}","templated":true}]}}