{"id":953,"date":"2014-07-17T15:36:05","date_gmt":"2014-07-17T13:36:05","guid":{"rendered":"http:\/\/stage.indien-haus.de\/?page_id=953"},"modified":"2018-06-14T08:15:43","modified_gmt":"2018-06-14T07:15:43","slug":"agb","status":"publish","type":"page","link":"https:\/\/www.indien-haus.de\/shop\/agb\/","title":{"rendered":"Allgemeine Gesch\u00e4ftsbedingungen (AGB)"},"content":{"rendered":"<section class=\"av_textblock_section \"  itemscope=\"itemscope\" itemtype=\"https:\/\/schema.org\/CreativeWork\" ><div class='avia_textblock  '   itemprop=\"text\" ><p><strong>Allgemeine Gesch\u00e4ftsbedingungen (AGB) Kurt Eichhorn Handels GmbH<br \/>\n<\/strong><\/p>\n<p><strong>1. Ausschlie\u00dfliche Geltung der AGB<br \/>\n<\/strong>Unsere Lieferungen, Leistungen und Angebote erfolgen ausschlie\u00dflich aufgrund dieser allgemeinen Verkaufs- und Lieferbedingungen. Diese sind Bestandteil aller Vertr\u00e4ge, die wir mit unseren Kunden (nachfolgend auch \u201eK\u00e4ufer\u201c genannt) abschlie\u00dfen. Abweichende Bedingungen des K\u00e4ufers gelten nur, soweit die von der Kurt Eichhorn Handels GmbH im Einzelfall ausdr\u00fccklich und schriftlich anerkannt sind.<\/p>\n<p><strong>2. Preise und Zahlung <\/strong><br \/>\nIn Prospekten, Anzeigen, Websites und andere Werbematerialien enthaltene Angebote und Preisangaben sind freibleibend und unverbindlich. Die Preise verstehen sich inklusive der gesetzlichen Mehrwertsteuer.<br \/>\nSoweit nicht ausdr\u00fccklich schriftlich etwas anderes vereinbart ist, gelten unsere Preise bei Abholung ab unserer Verkaufsstelle. Lieferung oder Versand k\u00f6nnen schriftlich vereinbart werden und sind gesondert zu verg\u00fcten. Die Annahme von Schecks erfolgt nur erf\u00fcllungshalber.<br \/>\nDer K\u00e4ufer darf nur dann eigene Anspr\u00fcche gegen die Anspr\u00fcche von Kurt Eichhorn Handels GmbH aufrechnen, wenn die Gegenanspr\u00fcche unbestritten oder rechtskr\u00e4ftig festgestellt sind.<br \/>\nEs wird ausschlie\u00dflich Vorkasse akzeptiert. Eine Lieferung per Nachnahme ist nur nach Absprache m\u00f6glich.<\/p>\n<p><strong>3. Vertragsschluss<br \/>\n<\/strong>Die im Online-Shop des Verk\u00e4ufers enthaltenen Produktbeschreibungen stellen keine verbindlichen Angebote seitens des Verk\u00e4ufers dar, sondern dienen zur Abgabe einer unverbindlichen Angebotsanfrage durch den Kunden. Der Verk\u00e4ufer schickt anhand dieser Anfrage dem Kunden daraufhin ein unverbindliches Angebot inklusive der errechneten Lieferkosten per E-Mail.<br \/>\nDer Kunde kann das Angebot innerhalb von f\u00fcnf Tagen annehmen, indem er den Betrag innerhalb dieser f\u00fcnf Tage auf das Konto des Verk\u00e4ufers \u00fcberweist oder dem Verk\u00e4ufer eine schriftliche Best\u00e4tigung schickt.<br \/>\nDie Frist zur Annahme des Angebots beginnt am Tag nach der Absendung des Angebots durch den Verk\u00e4ufer und endet mit dem Ablauf des f\u00fcnften Tages, welcher auf die Absendung des Angebots folgt.<br \/>\nDie Bestellabwicklung und Kontaktaufnahme finden in der Regel per E-Mail statt. Der Kunde hat sicherzustellen, dass die von ihm zur Bestellabwicklung angegebene E-Mail-Adresse zutreffend ist, so dass unter dieser Adresse die vom Verk\u00e4ufer versandten E-Mails empfangen werden k\u00f6nnen. Insbesondere hat der Kunde bei dem Einsatz von SPAM-Filtern sicherzustellen, dass alle vom Verk\u00e4ufer oder von diesem mit der Bestellabwicklung beauftragten Dritten versandten E-Mails zugestellt werden k\u00f6nnen.<\/p>\n<p><strong>4. Lieferung \/ Versand<br \/>\n<\/strong>Die Lieferung von Waren erfolgt auf dem Versandweg an die vom Kunden angegebene Lieferanschrift, sofern nichts anderes vereinbart ist.Im Falle der vereinbarten Lieferung gilt:<br \/>\nLiefertermin und Lieferkosten werden zwischen dem K\u00e4ufer und der Kurt Eichhorn Handels GmbH vereinbart. Lieferkosten werden von dem K\u00e4ufer getragen.<br \/>\nDie Lieferung erfolgt bis zur Bordsteinkante, sofern nicht etwas anderes vereinbart ist.Sollte Kurt Eichhorn Handels GmbH den vereinbarten Liefertermin nicht einhalten, so hat der K\u00e4ufer eine angemessene Nachfrist zu setzen, die in keinem Fall zwei Wochen unterschreiten darf.Im Falle des vereinbarten Versands per Spedition gilt:<br \/>\nVersandkosten und Kosten einer Transportversicherung sind vom K\u00e4ufer zu tragen. Hier\u00fcber treffen der K\u00e4ufer und die Kurt Eichhorn Handels GmbH eine gesonderte Vereinbarung.Die Auslieferung der Ware erfolgt in diesem Fall an den Spediteur im Lager der Kurt Eichhorn Handels GmbH. Die Lieferung erfolgt bis zur Bordsteinkante, sofern nicht etwas anderes vereinbart ist.Bei Lieferung und Versand gilt:<br \/>\nWenn die Ware aufgrund der \u00f6rtlichen Gegebenheiten nicht auf dem vereinbarten Wege geliefert werden kann, ist die Kurt Eichhorn Handels GmbH, bzw. der Spediteur berechtigt, Ersatz f\u00fcr dadurch anfallende Mehraufwendungen zu verlangen oder die Lieferung zum vereinbarten Lieferungs-, bzw. Versendungsort abzulehnen. Kurt Eichhorn Handels GmbH, bzw. der Spediteur m\u00fcssen vorab \u00fcber f\u00fcr den K\u00e4ufer absehbare Erschwernisse informiert werden.Der K\u00e4ufer hat sich \u00fcber die individuellen Abmessungen und Beschaffenheiten der von ihm gekauften Ware selbst zu vergewissern und schlie\u00dflich selbst zu \u00fcberpr\u00fcfen, ob diese Ware an den vom K\u00e4ufer vorgesehenen Bestimmungsort zu transportieren und dort abzustellen ist.Konnte die Ware aus von dem K\u00e4ufer zu vertretenen Gr\u00fcnden zu dem vereinbarten Termin nicht angeliefert werden, wird Kurt Eichhorn Handels GmbH die Kosten einer Zweitlieferung sowie Lagerkosten in H\u00f6he von 2,50 \u20ac pro Tag vom Tage der vergeblichen Anlieferung in Rechnung stellen, es sei denn, der K\u00e4ufer weist nach, dass keine oder ein geringer Aufwand entstanden ist. Weitere Anspr\u00fcche bleiben vorbehalten.<\/p>\n<p><strong>5. Widerrufsrecht<br \/>\n<\/strong>Verbrauchern steht grunds\u00e4tzlich ein Widerrufsrecht zu. N\u00e4here Informationen zum Widerrufsrecht ergeben sich aus der Widerrufsbelehrung des Verk\u00e4ufers.<\/p>\n<p><strong>6. Gew\u00e4hrleistung<br \/>\n<\/strong>Bei M\u00e4ngeln der gelieferten Ware stehen dem K\u00e4ufer die gesetzlichen Rechte zu. Bei gebrauchten Sachen, wie z. B. Ausstellungsst\u00fccken, betr\u00e4gt die Verj\u00e4hrungsfrist f\u00fcr die Gew\u00e4hrleistungsanspr\u00fcche ein Jahr ab Ablieferung der Ware.F\u00fcr Schadensersatzanspr\u00fcche geltend die besondere Bestimmungen in Ziff. 8. Nur f\u00fcr Unternehmer gilt:<br \/>\nFalls die Lieferware nicht f\u00fcr private Nutzung, sondern f\u00fcr gewerbliche oder selbstst\u00e4ndige T\u00e4tigkeit gekauft ist, k\u00f6nnen gesetzliche M\u00e4ngelanspr\u00fcche nur innerhalb eines Jahres ab Lieferung geltend gemacht werden.<\/p>\n<p><strong>7. Erg\u00e4nzende Hinweise zu der Ware<br \/>\n<\/strong>Bei unseren Produkten handelt es sich \u00fcberwiegend um handgefertigte Unikate aus Holz, welche wir aus Asien importieren. Herstellungsbedingte, den Werksnormen entsprechende Ma\u00dfabweichungen (L\u00e4ngen\/St\u00e4rken etc.) sind zu tolerieren. Abweichungen in Farben und Strukturen, bzw. Ver\u00e4nderungen der Farben, leichtes Verziehen, Schwinden oder kleinere Rissbildungen sind in Art und Ausma\u00df von den jeweiligen \u00e4u\u00dferen Einfl\u00fcssen abh\u00e4ngig, f\u00fcr Holz- und Naturwaren typisch und unvermeidbar.<\/p>\n<p><strong>8. Schadensersatzanspr\u00fcche<br \/>\n<\/strong>Schadensersatzanspr\u00fcche des K\u00e4ufers wegen offensichtlicher Sachm\u00e4ngel der gelieferten Ware sollten innerhalb einer Frist von zwei Wochen nach Auslieferung der Ware anzeigt werden, eine Missachtung dieser Bitte hat aber keinerlei Konsequenz in Bezug auf Ihre gesetzlichen und vertraglichen Rechte, insbesondere Widerrufs- und Gew\u00e4hrleistungsrechte.<br \/>\nBei gesetzlich vorgeschriebener Verschuldens unabh\u00e4ngiger Haftung (z. B. aus Garantie oder Produkthaftungsgesetz) haftet die Kurt Eichhorn Handels GmbH unbeschr\u00e4nkt, ebenso bei Personensch\u00e4den (Verletzung von Leben, K\u00f6rper, Gesundheit). Die Kurt Eichhorn Handels GmbH haftet auch unbeschr\u00e4nkt f\u00fcr Vorsatz und grobe Fahrl\u00e4ssigkeit.<br \/>\nSofern nicht gem\u00e4\u00df des Vorstehenden uneingeschr\u00e4nkt gehaftet wird, ist die Haftung bei Verletzung wesentlicher Vertragspflichten auf den vertragstypischen, vorhersehbaren Schaden begrenzt.<br \/>\nIm Falle leichter Fahrl\u00e4ssigkeit haftet Kurt Eichhorn Handels GmbH nur bei Verletzungen von Kardinalpflichten. Unter Kardinalpflichten sind solche Pflichten zu verstehen, die nach Sinn und Zweck des konkreten Vertrages zu bew\u00e4hren sind oder deren Erf\u00fcllung die ordnungsgem\u00e4\u00dfe Durchf\u00fchrung des Vertrages \u00fcberhaupt erst erm\u00f6glichen und auf deren Einhaltung der K\u00e4ufer regelm\u00e4\u00dfig vertrauen darf. In diesen F\u00e4llen haftet die Kurt Eichhorn Handels GmbH jedoch nicht f\u00fcr mittelbare oder unvorhersehbare Sch\u00e4den, f\u00fcr Mangelfolgesch\u00e4den, f\u00fcr entgangenen Gewinn sowie f\u00fcr ausgebliebene Einsparungen. Im \u00dcbrigen ist die Haftung der Kurt Eichhorn Handels GmbH bei leichter Fahrl\u00e4ssigkeit ausgeschlossen. Diese Haftungsbeschr\u00e4nkung gilt auch f\u00fcr die gesetzlichen Vertreter, Arbeitnehmer, angestellten Mitarbeiter und Erf\u00fcllungsgehilfen von Kurt Eichhorn Handels GmbH.Nur f\u00fcr Unternehmer gilt erg\u00e4nzend:<br \/>\nBei Verletzung von Kardinalpflichten und lediglich leicht fahrl\u00e4ssigen Verhalten von Kurt Eichhorn Handels GmbH ist die Haftung von Kurt Eichhorn Handels GmbH auf die H\u00f6he des dreifachen Nettorechnungsbetrages der schadensausl\u00f6senden Lieferung oder Leistung beschr\u00e4nkt.<\/p>\n<p><strong>9. Eigentumsvorbehalt<br \/>\n<\/strong>S\u00e4mtliche Ware bleibt bis zur restlosen Bezahlung Eigentum von Kurt Eichhorn Handels GmbH. W\u00e4hrend des Bestehens des Eigentumsvorbehaltes darf der K\u00e4ufer die Ware nicht ver\u00e4u\u00dfern oder sonst \u00fcber das Eigentum hieran verf\u00fcgen.<br \/>\nBei Zugriffen Dritter \u2013 insbesondere Gerichtsvollzieher \u2013 auf die Vorbehaltsware wird der K\u00e4ufer auf das Eigentum der Kurt Eichhorn Handels GmbH hinweisen und die Kurt Eichhorn Handels GmbH unverz\u00fcglich benachrichtigen, damit die Eigentumsrechte durchgesetzt werden k\u00f6nnen.<\/p>\n<p><strong>10. Anzuwendendes Recht<br \/>\n<\/strong>F\u00fcr alle Streitigkeiten aus dem Vertrag gilt ausschlie\u00dflich das Recht der BRD.\u00a0 Bei Verbrauchern gilt dies nur insoweit, als nicht zwingende Bestimmungen des Rechts des Staates, in dem der Verbraucher seinen gew\u00f6hnlichen Aufenthalt hat, zu dessen Schutz entgegenstehen. Die Bestimmungen des UN-Kaufrechts gelten nicht. Zwischen Kaufleuten und der Kurt Eichhorn Handels GmbH ist Mainz der ausschlie\u00dfliche Gerichtsstand.<\/p>\n<p><strong>11. Keine Haftung f\u00fcr Inhalte<br \/>\n<\/strong>F\u00fcr Vollst\u00e4ndigkeit, Fehler redaktioneller und technischer Art, Auslassungen, Aktualit\u00e4t sowie die Richtigkeit der Eintragungen kann keine Haftung \u00fcbernommen werden. Insbesondere kann keine Gew\u00e4hr f\u00fcr die Vollst\u00e4ndigkeit und Richtigkeit von Informationen \u00fcbernommen werden, die \u00fcber weiterf\u00fchrende Links erreicht werden. Anbieter sind f\u00fcr die eigenen Inhalte, die sie zur Nutzung bereithalten, nach den allgemeinen Gesetzen verantwortlich.<\/p>\n<p>Stand Januar 2017<\/p>\n<p><strong>Widerrufsbelehrung<\/strong><\/p>\n<p><em><strong>Widerrufsrecht<\/strong><\/em><br \/>\nSie haben das Recht, binnen vierzehn Tagen ohne Angabe von Gr\u00fcnden diesen Vertrag zu widerrufen.<br \/>\nDie Widerrufsfrist betr\u00e4gt vierzehn Tage ab dem Tag, an dem Sie oder ein von Ihnen benannter Dritter, der nicht der Bef\u00f6rderer ist, die letzte Ware in Besitz genommen hat.<br \/>\nUm Ihr Widerrufsrecht auszu\u00fcben, m\u00fcssen Sie uns (Kurt Eichhorn Handels GmbH, Rheinallee 205, 55120 Mainz, Tel: 06131 9689610, E-Mail: kontakt@indien-haus.de) mittels einer eindeutigen Erkl\u00e4rung (z.B. ein mit der Post versandter Brief, Telefax oder E-Mail) \u00fcber Ihren Entschluss, diesen Vertrag zu widerrufen, informieren. Sie k\u00f6nnen daf\u00fcr das beigef\u00fcgte Muster-Widerrufsformular verwenden, das jedoch nicht vorgeschrieben ist.<br \/>\nZur Wahrung der Widerrufsfrist reicht es aus, dass Sie die Mitteilung \u00fcber die Aus\u00fcbung des Widerrufsrechts vor Ablauf der Widerrufsfrist absenden.<br \/>\nFolgen des Widerrufs<br \/>\nWenn Sie diesen Vertrag widerrufen, haben wir Ihnen alle Zahlungen, die wir von Ihnen erhalten haben, einschlie\u00dflich der Lieferkosten (mit Ausnahme der zus\u00e4tzlichen Kosten, die sich daraus ergeben, dass Sie eine andere Art der Lieferung als die von uns angebotene, g\u00fcnstigste Standardlieferung gew\u00e4hlt haben), unverz\u00fcglich und sp\u00e4testens binnen vierzehn Tagen ab dem Tag zur\u00fcckzuzahlen, an dem die Mitteilung \u00fcber Ihren Widerruf dieses Vertrags bei uns eingegangen ist. F\u00fcr diese R\u00fcckzahlung verwenden wir dasselbe Zahlungsmittel, das Sie bei der urspr\u00fcnglichen Transaktion eingesetzt haben, es sei denn, mit Ihnen wurde ausdr\u00fccklich etwas anderes vereinbart; in keinem Fall werden Ihnen wegen dieser R\u00fcckzahlung Entgelte berechnet. Wir k\u00f6nnen die R\u00fcckzahlung verweigern, bis wir die Waren wieder zur\u00fcckerhalten haben oder bis Sie den Nachweis erbracht haben,<br \/>\ndass Sie die Waren zur\u00fcckgesandt haben, je nachdem, welches der fr\u00fchere Zeitpunkt ist.<\/p>\n<p>Sie haben die Waren unverz\u00fcglich und in jedem Fall sp\u00e4testens binnen vierzehn Tagen ab dem Tag, an dem Sie uns \u00fcber den Widerruf dieses Vertrags unterrichten, an uns zur\u00fcckzusenden oder zu \u00fcbergeben. Die Frist ist gewahrt, wenn Sie die Waren vor Ablauf der Frist von vierzehn Tagen absenden.<br \/>\nWir tragen die Kosten der R\u00fccksendung der Waren.<br \/>\nSie m\u00fcssen f\u00fcr einen etwaigen Wertverlust der Waren nur aufkommen, wenn dieser Wertverlust auf einen zur Pr\u00fcfung der Beschaffenheit, Eigenschaften und Funktionsweise der Waren nicht notwendigen Umgang mit ihnen zur\u00fcckzuf\u00fchren ist.<br \/>\nAusschluss bzw. vorzeitiges Erl\u00f6schen des Widerrufsrechts<br \/>\nDas Widerrufsrecht gilt nicht f\u00fcr Verbraucher, die zum Zeitpunkt des Vertragsschlusses keinem Mitgliedstaat der Europ\u00e4ischen Union angeh\u00f6ren und deren alleiniger Wohnsitz und Lieferadresse zum Zeitpunkt des Vertragsschlusses au\u00dferhalb der Europ\u00e4ischen Union liegen.<\/p>\n<\/div><\/section>\n<form action=\"https:\/\/www.indien-haus.de\/shop\/agb\/\" method=\"post\"  class=\"avia_ajax_form av-form-labels-visible   avia-builder-el-1  el_after_av_textblock  el_before_av_textblock   \" data-avia-form-id=\"1\" data-avia-redirect='' ><h3 class=''>Widerrufsformular<\/h3><fieldset><div id='avia_1_1' class='av-form-text'><p>\nWenn Sie den Vertrag widerrufen wollen, dann f\u00fcllen Sie bitte dieses Formular aus und senden Sie es zur\u00fcck an:<\/p>\n<p>Kurt Eichhorn Handels GmbH<\/p>\n<p>Rheinallee 205<\/p>\n<p>55120 Mainz<\/p>\n<p>Deutschland<\/p>\n<p>E-Mail: Kontakt@Indien-Haus.de<\/p>\n<p>Hiermit widerrufe(n) ich\/wir (*) den von mir\/uns (*) abgeschlossenen Vertrag \u00fcber den Kauf der folgenden Waren (*)\/die Erbringung der folgenden Dienstleistung (*).<\/p>\n<\/div><p class='  first_form  form_element form_element_half' id='element_avia_2_1'><label for=\"avia_2_1\">Artikel\/Dienstleistung <abbr class=\"required\" title=\"ben\u00f6tigt\">*<\/abbr><\/label> <input name=\"avia_2_1\" class=\"text_input is_empty\" type=\"text\" id=\"avia_2_1\" value=\"\" \/><\/p><input type=\"hidden\" name=\"avia_3_1\" id=\"avia_3_1\" value=\"\" \/><p class='  first_form  form_element form_element_fourth' id='element_avia_4_1'><label for=\"avia_4_1\">Bestellt am(*)<\/label> <input name=\"avia_4_1\" class=\"text_input \" type=\"text\" id=\"avia_4_1\" value=\"\" \/><\/p><input type=\"hidden\" name=\"avia_5_1\" id=\"avia_5_1\" value=\"\" \/><p class='  form_element form_element_fourth' id='element_avia_6_1'><label for=\"avia_6_1\">Erhalten am(*)<\/label> <input name=\"avia_6_1\" class=\"text_input \" type=\"text\" id=\"avia_6_1\" value=\"\" \/><\/p><p class='  first_form  form_element form_element_fourth' id='element_avia_7_1'><label for=\"avia_7_1\">Name des\/der Verbraucher(s) <abbr class=\"required\" title=\"ben\u00f6tigt\">*<\/abbr><\/label> <input name=\"avia_7_1\" class=\"text_input is_empty\" type=\"text\" id=\"avia_7_1\" value=\"\" \/><\/p><p class='  form_element form_element_fourth' id='element_avia_8_1'><label for=\"avia_8_1\">Anschrift des\/der Verbraucher(s) <abbr class=\"required\" title=\"ben\u00f6tigt\">*<\/abbr><\/label> <input name=\"avia_8_1\" class=\"text_input is_empty\" type=\"text\" id=\"avia_8_1\" value=\"\" \/><\/p><input type=\"hidden\" name=\"avia_9_1\" id=\"avia_9_1\" value=\"\" \/><p class='  first_form  form_element form_element_half' id='element_avia_10_1'><label for=\"avia_10_1\">Datum &amp; Unterschrift des\/der Verbraucher(s) (nur bei Mitteilung auf Papier)<\/label> <input name=\"avia_10_1\" class=\"text_input \" type=\"text\" id=\"avia_10_1\" value=\"\" \/><\/p><input type=\"hidden\" name=\"avia_11_1\" id=\"avia_11_1\" value=\"\" \/><p class=\"hidden\"><input type=\"text\" name=\"avia_12_1\" class=\"hidden \" id=\"avia_12_1\" value=\"\" \/><\/p><p class=\"form_element \"><input type=\"hidden\" value=\"1\" name=\"avia_generated_form1\" \/><input type=\"submit\" value=\"Senden\" class=\"button\"  data-sending-label=\"Sende\"\/><\/p><\/fieldset><\/form><div id=\"ajaxresponse_1\" class=\"ajaxresponse ajaxresponse_1 hidden\"><\/div>\n<section class=\"av_textblock_section \"  itemscope=\"itemscope\" itemtype=\"https:\/\/schema.org\/CreativeWork\" ><div class='avia_textblock  '   itemprop=\"text\" ><h6><em>(*)Unzutreffendes streichen<\/em><\/h6>\n<\/div><\/section><br \/>\n<div class=\"woocommerce woocommerce-gzd woocommerce-gzd-complaints-shortcode\">\n\t\t\t<h3>Alternative Streitbeilegung gem\u00e4\u00df Art. 14 Abs. 1 ODR-VO und \u00a7 36 VSBG:<\/h3>\n\t\nZur Teilnahme an einem Streitbeilegungsverfahren vor einer Verbraucherschlichtungsstelle sind wir nicht verpflichtet und nicht bereit.<\/div><\/p>\n","protected":false},"excerpt":{"rendered":"","protected":false},"author":5,"featured_media":0,"parent":0,"menu_order":0,"comment_status":"closed","ping_status":"closed","template":"","meta":{"footnotes":""},"yoast_head":"<!-- This site is optimized with the Yoast SEO plugin v22.0 - https:\/\/yoast.com\/wordpress\/plugins\/seo\/ -->\n<title>Allgemeine Gesch\u00e4ftsbedingungen (AGB)<\/title>\n<meta name=\"description\" content=\"Allgemeine Gesch\u00e4ftsbedingungen (AGB) des Indien-Hauses, Indien-Haus in Mainz am Rhein, bei Wiesbaden\" \/>\n<meta name=\"robots\" content=\"index, follow, max-snippet:-1, max-image-preview:large, max-video-preview:-1\" \/>\n<link rel=\"canonical\" href=\"https:\/\/www.indien-haus.de\/shop\/agb\/\" \/>\n<meta name=\"twitter:card\" content=\"summary_large_image\" \/>\n<meta name=\"twitter:title\" content=\"Allgemeine Gesch\u00e4ftsbedingungen (AGB)\" \/>\n<meta name=\"twitter:description\" content=\"Allgemeine Gesch\u00e4ftsbedingungen (AGB) des Indien-Hauses, Indien-Haus in Mainz am Rhein, bei Wiesbaden\" \/>\n<meta name=\"twitter:site\" content=\"@Indien_Haus\" \/>\n<meta name=\"twitter:label1\" content=\"Gesch\u00e4tzte Lesezeit\" \/>\n\t<meta name=\"twitter:data1\" content=\"11\u00a0Minuten\" \/>\n<script type=\"application\/ld+json\" class=\"yoast-schema-graph\">{\"@context\":\"https:\/\/schema.org\",\"@graph\":[{\"@type\":\"WebPage\",\"@id\":\"https:\/\/www.indien-haus.de\/shop\/agb\/\",\"url\":\"https:\/\/www.indien-haus.de\/shop\/agb\/\",\"name\":\"Allgemeine Gesch\u00e4ftsbedingungen (AGB)\",\"isPartOf\":{\"@id\":\"https:\/\/www.indien-haus.de\/shop\/#website\"},\"datePublished\":\"2014-07-17T13:36:05+00:00\",\"dateModified\":\"2018-06-14T07:15:43+00:00\",\"description\":\"Allgemeine Gesch\u00e4ftsbedingungen (AGB) des Indien-Hauses, Indien-Haus in Mainz am Rhein, bei Wiesbaden\",\"breadcrumb\":{\"@id\":\"https:\/\/www.indien-haus.de\/shop\/agb\/#breadcrumb\"},\"inLanguage\":\"de\",\"potentialAction\":[{\"@type\":\"ReadAction\",\"target\":[\"https:\/\/www.indien-haus.de\/shop\/agb\/\"]}]},{\"@type\":\"BreadcrumbList\",\"@id\":\"https:\/\/www.indien-haus.de\/shop\/agb\/#breadcrumb\",\"itemListElement\":[{\"@type\":\"ListItem\",\"position\":1,\"name\":\"Startseite\",\"item\":\"https:\/\/www.indien-haus.de\/shop\/start\/\"},{\"@type\":\"ListItem\",\"position\":2,\"name\":\"Allgemeine Gesch\u00e4ftsbedingungen (AGB)\"}]},{\"@type\":\"WebSite\",\"@id\":\"https:\/\/www.indien-haus.de\/shop\/#website\",\"url\":\"https:\/\/www.indien-haus.de\/shop\/\",\"name\":\"Indien-Haus\",\"description\":\"M\u00f6bel &amp; Lampen &amp; Accessoires aus Asien in Mainz\",\"publisher\":{\"@id\":\"https:\/\/www.indien-haus.de\/shop\/#organization\"},\"potentialAction\":[{\"@type\":\"SearchAction\",\"target\":{\"@type\":\"EntryPoint\",\"urlTemplate\":\"https:\/\/www.indien-haus.de\/shop\/?s={search_term_string}\"},\"query-input\":\"required name=search_term_string\"}],\"inLanguage\":\"de\"},{\"@type\":\"Organization\",\"@id\":\"https:\/\/www.indien-haus.de\/shop\/#organization\",\"name\":\"Indien-Haus\",\"url\":\"https:\/\/www.indien-haus.de\/shop\/\",\"logo\":{\"@type\":\"ImageObject\",\"inLanguage\":\"de\",\"@id\":\"https:\/\/www.indien-haus.de\/shop\/#\/schema\/logo\/image\/\",\"url\":\"https:\/\/www.indien-haus.de\/wp-content\/uploads\/2014\/03\/indien-haus-logo3.png\",\"contentUrl\":\"https:\/\/www.indien-haus.de\/wp-content\/uploads\/2014\/03\/indien-haus-logo3.png\",\"width\":106,\"height\":116,\"caption\":\"Indien-Haus\"},\"image\":{\"@id\":\"https:\/\/www.indien-haus.de\/shop\/#\/schema\/logo\/image\/\"},\"sameAs\":[\"https:\/\/www.facebook.com\/INDIEN.HAUS.news\",\"https:\/\/twitter.com\/Indien_Haus\",\"https:\/\/www.instagram.com\/indien_haus_mainz\/\",\"https:\/\/www.pinterest.de\/indienhaus\/\",\"https:\/\/www.youtube.com\/user\/IndienHaus\"]}]}<\/script>\n<!-- \/ Yoast SEO plugin. -->","yoast_head_json":{"title":"Allgemeine Gesch\u00e4ftsbedingungen (AGB)","description":"Allgemeine Gesch\u00e4ftsbedingungen (AGB) des Indien-Hauses, Indien-Haus in Mainz am Rhein, bei Wiesbaden","robots":{"index":"index","follow":"follow","max-snippet":"max-snippet:-1","max-image-preview":"max-image-preview:large","max-video-preview":"max-video-preview:-1"},"canonical":"https:\/\/www.indien-haus.de\/shop\/agb\/","twitter_card":"summary_large_image","twitter_title":"Allgemeine Gesch\u00e4ftsbedingungen (AGB)","twitter_description":"Allgemeine Gesch\u00e4ftsbedingungen (AGB) des Indien-Hauses, Indien-Haus in Mainz am Rhein, bei Wiesbaden","twitter_site":"@Indien_Haus","twitter_misc":{"Gesch\u00e4tzte Lesezeit":"11\u00a0Minuten"},"schema":{"@context":"https:\/\/schema.org","@graph":[{"@type":"WebPage","@id":"https:\/\/www.indien-haus.de\/shop\/agb\/","url":"https:\/\/www.indien-haus.de\/shop\/agb\/","name":"Allgemeine Gesch\u00e4ftsbedingungen (AGB)","isPartOf":{"@id":"https:\/\/www.indien-haus.de\/shop\/#website"},"datePublished":"2014-07-17T13:36:05+00:00","dateModified":"2018-06-14T07:15:43+00:00","description":"Allgemeine Gesch\u00e4ftsbedingungen (AGB) des Indien-Hauses, Indien-Haus in Mainz am Rhein, bei Wiesbaden","breadcrumb":{"@id":"https:\/\/www.indien-haus.de\/shop\/agb\/#breadcrumb"},"inLanguage":"de","potentialAction":[{"@type":"ReadAction","target":["https:\/\/www.indien-haus.de\/shop\/agb\/"]}]},{"@type":"BreadcrumbList","@id":"https:\/\/www.indien-haus.de\/shop\/agb\/#breadcrumb","itemListElement":[{"@type":"ListItem","position":1,"name":"Startseite","item":"https:\/\/www.indien-haus.de\/shop\/start\/"},{"@type":"ListItem","position":2,"name":"Allgemeine Gesch\u00e4ftsbedingungen (AGB)"}]},{"@type":"WebSite","@id":"https:\/\/www.indien-haus.de\/shop\/#website","url":"https:\/\/www.indien-haus.de\/shop\/","name":"Indien-Haus","description":"M\u00f6bel &amp; Lampen &amp; Accessoires aus Asien in Mainz","publisher":{"@id":"https:\/\/www.indien-haus.de\/shop\/#organization"},"potentialAction":[{"@type":"SearchAction","target":{"@type":"EntryPoint","urlTemplate":"https:\/\/www.indien-haus.de\/shop\/?s={search_term_string}"},"query-input":"required name=search_term_string"}],"inLanguage":"de"},{"@type":"Organization","@id":"https:\/\/www.indien-haus.de\/shop\/#organization","name":"Indien-Haus","url":"https:\/\/www.indien-haus.de\/shop\/","logo":{"@type":"ImageObject","inLanguage":"de","@id":"https:\/\/www.indien-haus.de\/shop\/#\/schema\/logo\/image\/","url":"https:\/\/www.indien-haus.de\/wp-content\/uploads\/2014\/03\/indien-haus-logo3.png","contentUrl":"https:\/\/www.indien-haus.de\/wp-content\/uploads\/2014\/03\/indien-haus-logo3.png","width":106,"height":116,"caption":"Indien-Haus"},"image":{"@id":"https:\/\/www.indien-haus.de\/shop\/#\/schema\/logo\/image\/"},"sameAs":["https:\/\/www.facebook.com\/INDIEN.HAUS.news","https:\/\/twitter.com\/Indien_Haus","https:\/\/www.instagram.com\/indien_haus_mainz\/","https:\/\/www.pinterest.de\/indienhaus\/","https:\/\/www.youtube.com\/user\/IndienHaus"]}]}},"_links":{"self":[{"href":"https:\/\/www.indien-haus.de\/shop\/wp-json\/wp\/v2\/pages\/953"}],"collection":[{"href":"https:\/\/www.indien-haus.de\/shop\/wp-json\/wp\/v2\/pages"}],"about":[{"href":"https:\/\/www.indien-haus.de\/shop\/wp-json\/wp\/v2\/types\/page"}],"author":[{"embeddable":true,"href":"https:\/\/www.indien-haus.de\/shop\/wp-json\/wp\/v2\/users\/5"}],"replies":[{"embeddable":true,"href":"https:\/\/www.indien-haus.de\/shop\/wp-json\/wp\/v2\/comments?post=953"}],"version-history":[{"count":7,"href":"https:\/\/www.indien-haus.de\/shop\/wp-json\/wp\/v2\/pages\/953\/revisions"}],"predecessor-version":[{"id":38225,"href":"https:\/\/www.indien-haus.de\/shop\/wp-json\/wp\/v2\/pages\/953\/revisions\/38225"}],"wp:attachment":[{"href":"https:\/\/www.indien-haus.de\/shop\/wp-json\/wp\/v2\/media?parent=953"}],"curies":[{"name":"wp","href":"https:\/\/api.w.org\/{rel}","templated":true}]}}