{"id":99,"date":"2021-05-01T18:11:22","date_gmt":"2021-05-01T17:11:22","guid":{"rendered":"http:\/\/stage.indien-haus.de\/?page_id=99"},"modified":"2025-01-02T16:43:16","modified_gmt":"2025-01-02T15:43:16","slug":"startseite-2","status":"publish","type":"page","link":"https:\/\/www.indien-haus.de\/shop\/startseite-2\/","title":{"rendered":"Startseite INDIEN-HAUS"},"content":{"rendered":"<div  class='avia-button-wrap avia-button-center  avia-builder-el-0  el_before_av_image  avia-builder-el-first ' ><a href='https:\/\/www.indien-haus.de\/shop\/' class='avia-button avia-button-fullwidth   avia-icon_select-no avia-color-theme-color '  style='color:#ffffff; ' ><span class='avia_iconbox_title' >Jetzt Shoppen<\/span><span class='avia_button_background avia-button avia-button-fullwidth avia-color-theme-color-highlight' ><\/span><\/a><\/div>\n<div  class='avia-image-container  av-styling-    avia-builder-el-1  el_after_av_button_big  el_before_av_section  avia-builder-el-no-sibling  avia-align-center '  itemprop=\"image\" itemscope=\"itemscope\" itemtype=\"https:\/\/schema.org\/ImageObject\"  ><div class='avia-image-container-inner'><div class='avia-image-overlay-wrap'><img class='avia_image' src='https:\/\/www.indien-haus.de\/wp-content\/uploads\/2024\/02\/Nordenstadt-Standort-skizze.jpeg' alt='' title='Nordenstadt Standort skizze' height=\"802\" width=\"1280\"  itemprop=\"thumbnailUrl\"  \/><\/div><\/div><\/div>\n<\/div><\/div><\/div><!-- close content main div --><\/div><\/div><div id='av_section_1'  class='avia-section main_color avia-section-default avia-no-shadow  avia-bg-style-parallax  avia-builder-el-2  el_after_av_image  el_before_av_section   container_wrap fullsize' style='background-color: #feead3;  '  ><div class='container' ><div class='template-page content  av-content-full alpha units'><div class='post-entry post-entry-type-page post-entry-99'><div class='entry-content-wrapper clearfix'>\n<div class=\"flex_column av_one_third  flex_column_div av-zero-column-padding first  avia-builder-el-3  el_before_av_one_third  avia-builder-el-first  \" style='border-radius:0px; '><article  class=\"iconbox iconbox_top main_color    avia-builder-el-4  avia-builder-el-no-sibling  \"  itemscope=\"itemscope\" itemtype=\"https:\/\/schema.org\/CreativeWork\" ><div class=\"iconbox_content\"><header class=\"entry-content-header\"><a href='https:\/\/www.indien-haus.de\/ueber-uns\/kontakt-anfahrt\/' title='Lieferkosten Deutschland'  class=\"iconbox_icon heading-color \" aria-hidden='true' data-av_icon='\ue8b1' data-av_iconfont='entypo-fontello'  ><\/a><h3 class='iconbox_content_title  '  itemprop=\"headline\"  ><a href='https:\/\/www.indien-haus.de\/ueber-uns\/kontakt-anfahrt\/' title='Lieferkosten Deutschland' >Lieferkosten Deutschland<\/a><\/h3><\/header><div class='iconbox_content_container  '  itemprop=\"text\"  ><p><strong>Pakete versenden wir \u00a0f\u00fcr \u20ac 9,98. Versandkostenfrei ab 50\u20ac!<br \/>\n<\/strong><\/p>\n<p><strong>M\u00f6belst\u00fccke werden per Spedition bis Bordsteinkante geliefert ab \u20ac 99,99.<\/strong><\/p>\n<p>Im Umkreis liefern wir mit www.unser-Umzug.de bis in die Wohnung, die Kosten staffeln sich nach Entfernung und Aufwand.<\/p>\n<\/div><\/div><footer class=\"entry-footer\"><\/footer><\/article><\/div><div class=\"flex_column av_one_third  flex_column_div av-zero-column-padding   avia-builder-el-5  el_after_av_one_third  el_before_av_one_third  \" style='border-radius:0px; '><article  class=\"iconbox iconbox_top main_color    avia-builder-el-6  avia-builder-el-no-sibling  \"  itemscope=\"itemscope\" itemtype=\"https:\/\/schema.org\/CreativeWork\" ><div class=\"iconbox_content\"><header class=\"entry-content-header\"><a href='https:\/\/www.indien-haus.de\/ueber-uns\/kontakt-anfahrt\/' title='Anfahrt'  class=\"iconbox_icon heading-color \" aria-hidden='true' data-av_icon='\ue843' data-av_iconfont='entypo-fontello'  ><\/a><h3 class='iconbox_content_title  '  itemprop=\"headline\"  ><a href='https:\/\/www.indien-haus.de\/ueber-uns\/kontakt-anfahrt\/' title='Anfahrt' >Anfahrt<\/a><\/h3><\/header><div class='iconbox_content_container  '  itemprop=\"text\"  ><h2><strong>Indien-Haus<\/strong><\/h2>\n<h3>Siemensstr. 2<\/h3>\n<h3>65205 Wiesbaden-Nordenstadt<\/h3>\n<p>WhatsApp 0163 &#8211; 311 06 08<\/p>\n<p>Wir sind direkt an der Kreutzung vom Globus.<\/p>\n<p>Einfahrt zum Kundenparkplatz: am ALDI und REWE vorbei im Kreisverkehr geradeaus finden Sie uns links.<\/p>\n<p>Tel. 06122 &#8211; 53 0 63 90<\/p>\n<\/div><\/div><footer class=\"entry-footer\"><\/footer><\/article><\/div><div class=\"flex_column av_one_third  flex_column_div av-zero-column-padding   avia-builder-el-7  el_after_av_one_third  el_before_av_one_full  \" style='border-radius:0px; '><article  class=\"iconbox iconbox_top main_color    avia-builder-el-8  avia-builder-el-no-sibling  \"  itemscope=\"itemscope\" itemtype=\"https:\/\/schema.org\/CreativeWork\" ><div class=\"iconbox_content\"><header class=\"entry-content-header\"><div class=\"iconbox_icon heading-color \" aria-hidden='true' data-av_icon='\ue862' data-av_iconfont='entypo-fontello'  ><\/div><h3 class='iconbox_content_title  '  itemprop=\"headline\"  >\u00d6ffnungszeiten<\/h3><\/header><div class='iconbox_content_container  '  itemprop=\"text\"  ><p><u><strong>Indien-Haus Wiesbaden<br \/>\n<\/strong><\/u><\/p>\n<p>M\u00f6bel und Wohn-Accessoires<\/p>\n<p><strong>Montag:<\/strong>geschlossen<\/p>\n<p><strong> Dienstag bis Freitag:<\/strong> 11 Uhr bis 18:00 Uhr<\/p>\n<p><strong>Samstag <\/strong>10 Uhr bis 16:00 Uhr.<\/p>\n<p>Kundenparkpl\u00e4tze vor der T\u00fcr.<\/p>\n<h4><\/h4>\n<h4><\/h4>\n<\/div><\/div><footer class=\"entry-footer\"><\/footer><\/article><\/div><div class=\"flex_column av_one_full  flex_column_div av-zero-column-padding first  avia-builder-el-9  el_after_av_one_third  el_before_av_hr  column-top-margin\" style='border-radius:0px; '><article  class=\"iconbox iconbox_top main_color    avia-builder-el-10  avia-builder-el-no-sibling  \"  itemscope=\"itemscope\" itemtype=\"https:\/\/schema.org\/CreativeWork\" ><div class=\"iconbox_content\"><header class=\"entry-content-header\"><a href='https:\/\/www.indien-haus.de\/ueber-uns\/kontakt-anfahrt\/' title='GEWERBEKUNDEN'  class=\"iconbox_icon heading-color \" aria-hidden='true' data-av_icon='\ue8bb' data-av_iconfont='entypo-fontello'  ><\/a><h3 class='iconbox_content_title  '  itemprop=\"headline\"  ><a href='https:\/\/www.indien-haus.de\/ueber-uns\/kontakt-anfahrt\/' title='GEWERBEKUNDEN' >GEWERBEKUNDEN<\/a><\/h3><\/header><div class='iconbox_content_container  '  itemprop=\"text\"  ><p><u>Gewerbe- &amp; Gro\u00dfhandelskunden<\/u><br \/>\nTermine vereinbaren unter <a href=\"mailto:kontakt@indien-haus.de\">Termin<\/a> oder bei Ihrem pers\u00f6nlichem Berater.<\/p>\n<p>Noch kein Gewebekunde, bitte schicken sie eine Mail mit ihrem Gewerbeschein\/ HR \/ USt.ID. an <a href=\"mailto:kontakt@indien-haus.de\">NEUKUNDE<\/a><\/p>\n<\/div><\/div><footer class=\"entry-footer\"><\/footer><\/article><\/div><div  style=' margin-top:15; margin-bottom:15;'  class='hr hr-custom hr-center hr-icon-no   avia-builder-el-11  el_after_av_one_full  el_before_av_notification '><span class='hr-inner   inner-border-av-border-none' style=' width:50px;' ><span class='hr-inner-style'><\/span><\/span><\/div>\n<div id='avia-messagebox-' class='avia_message_box  avia-color-orange avia-size-normal avia-icon_select-yes avia-border-dashed  avia-builder-el-12  el_after_av_hr  el_before_av_notification '><div class='avia_message_box_content' ><span class='avia_message_box_icon' aria-hidden='true' data-av_icon='\ue826' data-av_iconfont='entypo-fontello'><\/span><p>Artikel, die in unserem <a href=\"\/shop\">ONLINE-SHOP<\/a> vorr\u00e4tig sind, k\u00f6nnen Sie in unserem Ladengesch\u00e4ft in Mainz ansehen.<\/p>\n<\/div><\/div>\n<div id='avia-messagebox-' class='avia_message_box  avia-color-orange avia-size-normal avia-icon_select-yes avia-border-dashed  avia-builder-el-13  el_after_av_notification  avia-builder-el-last '><div class='avia_message_box_content' ><span class='avia_message_box_icon' aria-hidden='true' data-av_icon='\ue859' data-av_iconfont='entypo-fontello'><\/span><p>!!!! ACHTUNG !!!! DER WARENKORB FUNKTIONIERT IN UNSEREM ONLINE-SHOP NUR, WENN SIE ALLE COOKIES ERLAUBEN!<\/p>\n<\/div><\/div>\n<\/div><\/div><\/div><!-- close content main div --><\/div><\/div><div id='av_section_2'  class='avia-section main_color avia-section-default avia-no-shadow  avia-bg-style-scroll  avia-builder-el-14  el_after_av_section  el_before_av_gallery   av-small-hide av-mini-hide container_wrap fullsize' style=' '  ><div class='container' ><div class='template-page content  av-content-full alpha units'><div class='post-entry post-entry-type-page post-entry-99'><div class='entry-content-wrapper clearfix'>\n<section class=\"av_textblock_section  av-small-hide av-mini-hide\"  itemscope=\"itemscope\" itemtype=\"https:\/\/schema.org\/CreativeWork\" ><div class='avia_textblock  '   itemprop=\"text\" ><h3 style=\"text-align: center;\"><span style=\"color: #ff9900;\"><span style=\"caret-color: #ff9900;\">Was suchen Sie f\u00fcr Ihr Wohnzimmer?<\/span><\/span><\/h3>\n<p>Entdecken Sie M\u00f6bel &amp; Deko die Ihr Wohnzimmer versch\u00f6nern werden. Wir bieten Ihnen keine Riesenauswahl, aber daf\u00fcr ausgesuchte St\u00fccke. <strong>Gem\u00fctliche Sofas<\/strong> in verschiedenen Farben und Materialien, <strong>Regale<\/strong> mit indischem Flair oder im modernen Design aus Massivholz, ausgefallene <strong>Wanddeko<\/strong>, <strong>Couchtische<\/strong> f\u00fcr Ihren Chai Tee und <strong>Lampen<\/strong> um all dies zu beleuchten.<\/p>\n<\/div><\/section>\n<\/div><\/div><\/div><!-- close content main div --><\/div><\/div><div id='after_section_2'  class='main_color av_default_container_wrap container_wrap fullsize' style=' '  ><div class='container' ><div class='template-page content  av-content-full alpha units'><div class='post-entry post-entry-type-page post-entry-99'><div class='entry-content-wrapper clearfix'><\/p>\n<div  class='avia-gallery  av-mini-hide avia-gallery-1 animations_off  avia_animate_when_visible  avia-builder-el-16  el_after_av_section  el_before_av_hr  avia-builder-el-first '  itemprop=\"image\" itemscope=\"itemscope\" itemtype=\"https:\/\/schema.org\/ImageObject\" ><div class='avia-gallery-thumb'> <a href='https:\/\/www.indien-haus.de\/wp-content\/uploads\/2022\/03\/88bd01d4-52d5-44e3-bee2-78bd0e3e7741-Kopie-1030x674.jpg' data-rel='gallery-1' data-prev-img='https:\/\/www.indien-haus.de\/wp-content\/uploads\/2022\/03\/88bd01d4-52d5-44e3-bee2-78bd0e3e7741-Kopie-495x400.jpg' class='first_thumb avianolink noLightbox ' data-onclick='1' title=''  itemprop=\"thumbnailUrl\" ><img  src='https:\/\/www.indien-haus.de\/wp-content\/uploads\/2022\/03\/88bd01d4-52d5-44e3-bee2-78bd0e3e7741-Kopie-100x100.jpg' width='100' height='100'  title='88bd01d4-52d5-44e3-bee2-78bd0e3e7741 Kopie' alt='' \/><\/a> <a href='https:\/\/www.indien-haus.de\/wp-content\/uploads\/2022\/03\/IMG_9960-scaled-773x1030.jpg' data-rel='gallery-1' data-prev-img='https:\/\/www.indien-haus.de\/wp-content\/uploads\/2022\/03\/IMG_9960-scaled-495x400.jpg' class='avianolink noLightbox ' data-onclick='2' title=''  itemprop=\"thumbnailUrl\" ><img  src='https:\/\/www.indien-haus.de\/wp-content\/uploads\/2022\/03\/IMG_9960-scaled-100x100.jpg' width='100' height='100'  title='IMG_9960' alt='' \/><\/a> <a href='https:\/\/www.indien-haus.de\/wp-content\/uploads\/2022\/02\/IT08297-1pc-1030x1030.jpg' data-rel='gallery-1' data-prev-img='https:\/\/www.indien-haus.de\/wp-content\/uploads\/2022\/02\/IT08297-1pc-495x400.jpg' class='avianolink noLightbox ' data-onclick='3' title='Torschrank'  itemprop=\"thumbnailUrl\" ><img data-avia-tooltip='Torschrank' src='https:\/\/www.indien-haus.de\/wp-content\/uploads\/2022\/02\/IT08297-1pc-100x100.jpg' width='100' height='100'  title='IT08297 1pc' alt='Torschrank' \/><\/a> <a href='https:\/\/www.indien-haus.de\/wp-content\/uploads\/2022\/02\/IT06312det2-1030x1030.jpg' data-rel='gallery-1' data-prev-img='https:\/\/www.indien-haus.de\/wp-content\/uploads\/2022\/02\/IT06312det2-495x400.jpg' class='avianolink noLightbox ' data-onclick='4' title='Unikat-Spiegel Torbogen'  itemprop=\"thumbnailUrl\" ><img data-avia-tooltip='Unikat-Spiegel Torbogen ' src='https:\/\/www.indien-haus.de\/wp-content\/uploads\/2022\/02\/IT06312det2-100x100.jpg' width='100' height='100'  title='IT06312det2' alt='Unikat-Spiegel Torbogen' \/><\/a> <a href='https:\/\/www.indien-haus.de\/wp-content\/uploads\/2021\/05\/IT07157-2det1-1030x1030.jpg' data-rel='gallery-1' data-prev-img='https:\/\/www.indien-haus.de\/wp-content\/uploads\/2021\/05\/IT07157-2det1-495x400.jpg' class='first_thumb avianolink noLightbox ' data-onclick='5' title='Standspiegel'  itemprop=\"thumbnailUrl\" ><img data-avia-tooltip='Standspiegel' src='https:\/\/www.indien-haus.de\/wp-content\/uploads\/2021\/05\/IT07157-2det1-100x100.jpg' width='100' height='100'  title='IT07157-2det1' alt='Standspiegel' \/><\/a><\/div><\/div>\n<div  style='height:10px' class='hr hr-invisible  av-desktop-hide av-medium-hide  avia-builder-el-17  el_after_av_gallery  avia-builder-el-last '><span class='hr-inner ' ><span class='hr-inner-style'><\/span><\/span><\/div>\n","protected":false},"excerpt":{"rendered":"","protected":false},"author":113,"featured_media":0,"parent":0,"menu_order":0,"comment_status":"closed","ping_status":"closed","template":"","meta":{"footnotes":""},"yoast_head":"<!-- This site is optimized with the Yoast SEO plugin v22.0 - https:\/\/yoast.com\/wordpress\/plugins\/seo\/ -->\n<title>Indien-Haus: M\u00f6bel, Deko, Accessoires, Lampen &amp; Textilien aus Indien<\/title>\n<meta name=\"description\" content=\"Indien-Haus : Indische M\u00f6bel aus Massivholz, aufregende Unikatm\u00f6bel aus Indien und Indonesien, einmalige Accessoires &amp; Deko, Lampen &amp; farbereiche Textilien.\" \/>\n<meta name=\"robots\" content=\"index, follow, max-snippet:-1, max-image-preview:large, max-video-preview:-1\" \/>\n<link rel=\"canonical\" href=\"https:\/\/www.indien-haus.de\/shop\/startseite-2\/\" \/>\n<meta name=\"twitter:card\" content=\"summary_large_image\" \/>\n<meta name=\"twitter:title\" content=\"Indien-Haus: M\u00f6bel, Deko, Accessoires, Lampen &amp; Textilien aus Indien\" \/>\n<meta name=\"twitter:description\" content=\"Indien-Haus : Indische M\u00f6bel aus Massivholz, aufregende Unikatm\u00f6bel aus Indien und Indonesien, einmalige Accessoires &amp; Deko, Lampen &amp; farbereiche Textilien.\" \/>\n<meta name=\"twitter:site\" content=\"@Indien_Haus\" \/>\n<meta name=\"twitter:label1\" content=\"Gesch\u00e4tzte Lesezeit\" \/>\n\t<meta name=\"twitter:data1\" content=\"4\u00a0Minuten\" \/>\n<script type=\"application\/ld+json\" class=\"yoast-schema-graph\">{\"@context\":\"https:\/\/schema.org\",\"@graph\":[{\"@type\":\"WebPage\",\"@id\":\"https:\/\/www.indien-haus.de\/shop\/startseite-2\/\",\"url\":\"https:\/\/www.indien-haus.de\/shop\/startseite-2\/\",\"name\":\"Indien-Haus: M\u00f6bel, Deko, Accessoires, Lampen & Textilien aus Indien\",\"isPartOf\":{\"@id\":\"https:\/\/www.indien-haus.de\/shop\/#website\"},\"datePublished\":\"2021-05-01T17:11:22+00:00\",\"dateModified\":\"2025-01-02T15:43:16+00:00\",\"description\":\"Indien-Haus : Indische M\u00f6bel aus Massivholz, aufregende Unikatm\u00f6bel aus Indien und Indonesien, einmalige Accessoires & Deko, Lampen & farbereiche Textilien.\",\"breadcrumb\":{\"@id\":\"https:\/\/www.indien-haus.de\/shop\/startseite-2\/#breadcrumb\"},\"inLanguage\":\"de\",\"potentialAction\":[{\"@type\":\"ReadAction\",\"target\":[\"https:\/\/www.indien-haus.de\/shop\/startseite-2\/\"]}]},{\"@type\":\"BreadcrumbList\",\"@id\":\"https:\/\/www.indien-haus.de\/shop\/startseite-2\/#breadcrumb\",\"itemListElement\":[{\"@type\":\"ListItem\",\"position\":1,\"name\":\"Startseite\",\"item\":\"https:\/\/www.indien-haus.de\/shop\/start\/\"},{\"@type\":\"ListItem\",\"position\":2,\"name\":\"Startseite INDIEN-HAUS\"}]},{\"@type\":\"WebSite\",\"@id\":\"https:\/\/www.indien-haus.de\/shop\/#website\",\"url\":\"https:\/\/www.indien-haus.de\/shop\/\",\"name\":\"Indien-Haus\",\"description\":\"M\u00f6bel &amp; Lampen &amp; Accessoires aus Asien in Mainz\",\"publisher\":{\"@id\":\"https:\/\/www.indien-haus.de\/shop\/#organization\"},\"potentialAction\":[{\"@type\":\"SearchAction\",\"target\":{\"@type\":\"EntryPoint\",\"urlTemplate\":\"https:\/\/www.indien-haus.de\/shop\/?s={search_term_string}\"},\"query-input\":\"required name=search_term_string\"}],\"inLanguage\":\"de\"},{\"@type\":\"Organization\",\"@id\":\"https:\/\/www.indien-haus.de\/shop\/#organization\",\"name\":\"Indien-Haus\",\"url\":\"https:\/\/www.indien-haus.de\/shop\/\",\"logo\":{\"@type\":\"ImageObject\",\"inLanguage\":\"de\",\"@id\":\"https:\/\/www.indien-haus.de\/shop\/#\/schema\/logo\/image\/\",\"url\":\"https:\/\/www.indien-haus.de\/wp-content\/uploads\/2014\/03\/indien-haus-logo3.png\",\"contentUrl\":\"https:\/\/www.indien-haus.de\/wp-content\/uploads\/2014\/03\/indien-haus-logo3.png\",\"width\":106,\"height\":116,\"caption\":\"Indien-Haus\"},\"image\":{\"@id\":\"https:\/\/www.indien-haus.de\/shop\/#\/schema\/logo\/image\/\"},\"sameAs\":[\"https:\/\/www.facebook.com\/INDIEN.HAUS.news\",\"https:\/\/twitter.com\/Indien_Haus\",\"https:\/\/www.instagram.com\/indien_haus_mainz\/\",\"https:\/\/www.pinterest.de\/indienhaus\/\",\"https:\/\/www.youtube.com\/user\/IndienHaus\"]}]}<\/script>\n<!-- \/ Yoast SEO plugin. -->","yoast_head_json":{"title":"Indien-Haus: M\u00f6bel, Deko, Accessoires, Lampen & Textilien aus Indien","description":"Indien-Haus : Indische M\u00f6bel aus Massivholz, aufregende Unikatm\u00f6bel aus Indien und Indonesien, einmalige Accessoires & Deko, Lampen & farbereiche Textilien.","robots":{"index":"index","follow":"follow","max-snippet":"max-snippet:-1","max-image-preview":"max-image-preview:large","max-video-preview":"max-video-preview:-1"},"canonical":"https:\/\/www.indien-haus.de\/shop\/startseite-2\/","twitter_card":"summary_large_image","twitter_title":"Indien-Haus: M\u00f6bel, Deko, Accessoires, Lampen & Textilien aus Indien","twitter_description":"Indien-Haus : Indische M\u00f6bel aus Massivholz, aufregende Unikatm\u00f6bel aus Indien und Indonesien, einmalige Accessoires & Deko, Lampen & farbereiche Textilien.","twitter_site":"@Indien_Haus","twitter_misc":{"Gesch\u00e4tzte Lesezeit":"4\u00a0Minuten"},"schema":{"@context":"https:\/\/schema.org","@graph":[{"@type":"WebPage","@id":"https:\/\/www.indien-haus.de\/shop\/startseite-2\/","url":"https:\/\/www.indien-haus.de\/shop\/startseite-2\/","name":"Indien-Haus: M\u00f6bel, Deko, Accessoires, Lampen & Textilien aus Indien","isPartOf":{"@id":"https:\/\/www.indien-haus.de\/shop\/#website"},"datePublished":"2021-05-01T17:11:22+00:00","dateModified":"2025-01-02T15:43:16+00:00","description":"Indien-Haus : Indische M\u00f6bel aus Massivholz, aufregende Unikatm\u00f6bel aus Indien und Indonesien, einmalige Accessoires & Deko, Lampen & farbereiche Textilien.","breadcrumb":{"@id":"https:\/\/www.indien-haus.de\/shop\/startseite-2\/#breadcrumb"},"inLanguage":"de","potentialAction":[{"@type":"ReadAction","target":["https:\/\/www.indien-haus.de\/shop\/startseite-2\/"]}]},{"@type":"BreadcrumbList","@id":"https:\/\/www.indien-haus.de\/shop\/startseite-2\/#breadcrumb","itemListElement":[{"@type":"ListItem","position":1,"name":"Startseite","item":"https:\/\/www.indien-haus.de\/shop\/start\/"},{"@type":"ListItem","position":2,"name":"Startseite INDIEN-HAUS"}]},{"@type":"WebSite","@id":"https:\/\/www.indien-haus.de\/shop\/#website","url":"https:\/\/www.indien-haus.de\/shop\/","name":"Indien-Haus","description":"M\u00f6bel &amp; Lampen &amp; Accessoires aus Asien in Mainz","publisher":{"@id":"https:\/\/www.indien-haus.de\/shop\/#organization"},"potentialAction":[{"@type":"SearchAction","target":{"@type":"EntryPoint","urlTemplate":"https:\/\/www.indien-haus.de\/shop\/?s={search_term_string}"},"query-input":"required name=search_term_string"}],"inLanguage":"de"},{"@type":"Organization","@id":"https:\/\/www.indien-haus.de\/shop\/#organization","name":"Indien-Haus","url":"https:\/\/www.indien-haus.de\/shop\/","logo":{"@type":"ImageObject","inLanguage":"de","@id":"https:\/\/www.indien-haus.de\/shop\/#\/schema\/logo\/image\/","url":"https:\/\/www.indien-haus.de\/wp-content\/uploads\/2014\/03\/indien-haus-logo3.png","contentUrl":"https:\/\/www.indien-haus.de\/wp-content\/uploads\/2014\/03\/indien-haus-logo3.png","width":106,"height":116,"caption":"Indien-Haus"},"image":{"@id":"https:\/\/www.indien-haus.de\/shop\/#\/schema\/logo\/image\/"},"sameAs":["https:\/\/www.facebook.com\/INDIEN.HAUS.news","https:\/\/twitter.com\/Indien_Haus","https:\/\/www.instagram.com\/indien_haus_mainz\/","https:\/\/www.pinterest.de\/indienhaus\/","https:\/\/www.youtube.com\/user\/IndienHaus"]}]}},"_links":{"self":[{"href":"https:\/\/www.indien-haus.de\/shop\/wp-json\/wp\/v2\/pages\/99"}],"collection":[{"href":"https:\/\/www.indien-haus.de\/shop\/wp-json\/wp\/v2\/pages"}],"about":[{"href":"https:\/\/www.indien-haus.de\/shop\/wp-json\/wp\/v2\/types\/page"}],"author":[{"embeddable":true,"href":"https:\/\/www.indien-haus.de\/shop\/wp-json\/wp\/v2\/users\/113"}],"replies":[{"embeddable":true,"href":"https:\/\/www.indien-haus.de\/shop\/wp-json\/wp\/v2\/comments?post=99"}],"version-history":[{"count":8,"href":"https:\/\/www.indien-haus.de\/shop\/wp-json\/wp\/v2\/pages\/99\/revisions"}],"predecessor-version":[{"id":116093,"href":"https:\/\/www.indien-haus.de\/shop\/wp-json\/wp\/v2\/pages\/99\/revisions\/116093"}],"wp:attachment":[{"href":"https:\/\/www.indien-haus.de\/shop\/wp-json\/wp\/v2\/media?parent=99"}],"curies":[{"name":"wp","href":"https:\/\/api.w.org\/{rel}","templated":true}]}}