{"id":101235,"date":"2021-11-30T15:20:01","date_gmt":"2021-11-30T14:20:01","guid":{"rendered":"https:\/\/www.indien-haus.de\/?post_type=product&#038;p=101235"},"modified":"2026-02-07T10:27:01","modified_gmt":"2026-02-07T09:27:01","slug":"indischer-regalschrank-mangoholz-braun-saeulenschnitzerei","status":"publish","type":"product","link":"https:\/\/www.indien-haus.de\/shop\/produkt\/indischer-regalschrank-mangoholz-braun-saeulenschnitzerei\/","title":{"rendered":"Indischer Regalschrank mit S\u00e4ulenschnitzerei aus Mangoholz"},"content":{"rendered":"<p data-start=\"1120\" data-end=\"1454\">Der <strong data-start=\"764\" data-end=\"797\">Regalschrank mit S\u00e4ulenschnitzerei aus Mangoholz <\/strong>vereint traditionelles Handwerk mit funktionalem Design. Dieses hochwertige M\u00f6belst\u00fcck wurde in Indien aus massivem Mangoholz gefertigt \u2013 einem nachhaltigen, langlebigen Material, das durch seine warme Farbgebung und markante Maserung besticht (<a class=\"decorated-link cursor-pointer\" target=\"_new\" rel=\"noopener\" data-start=\"1043\" data-end=\"1114\">mehr \u00fcber Mangoholz erfahren<\/a>: https:\/\/de.wikipedia.org\/wiki\/Mango).<\/p>\n<p data-start=\"1120\" data-end=\"1454\">Das Besondere an diesem Schrank sind die kunstvollen <strong data-start=\"1173\" data-end=\"1196\">S\u00e4ulenschnitzereien<\/strong>, die das M\u00f6bel zu einem echten Unikat machen. Jede S\u00e4ule ist von Hand geschnitzt und zeigt die pr\u00e4zise Handwerkskunst indischer Holzschnitzer. Die drei ger\u00e4umigen <strong data-start=\"1360\" data-end=\"1374\">Schubladen<\/strong> bieten praktischen Stauraum f\u00fcr Dokumente, Textilien oder Alltagsgegenst\u00e4nde.<\/p>\n<p data-start=\"1456\" data-end=\"1750\">Dank der Kombination aus <strong data-start=\"1481\" data-end=\"1533\">dekorativen Details und nat\u00fcrlicher Holzstruktur<\/strong> passt sich der Regalschrank vielseitig an verschiedene Einrichtungsstile an \u2013 ob klassisch, boho, orientalisch oder modern. Das tiefe Braun des Mangoholzes sorgt f\u00fcr eine warme, einladende Atmosph\u00e4re in jedem Raum.<\/p>\n<p data-start=\"1752\" data-end=\"1982\">Jedes St\u00fcck ist <strong data-start=\"1768\" data-end=\"1785\">handgefertigt<\/strong> und somit ein echtes Einzelst\u00fcck mit Charakter. Kleine Unregelm\u00e4\u00dfigkeiten im Holz oder in den Schnitzereien sind Ausdruck traditioneller Handarbeit und verleihen dem M\u00f6bel seine Einzigartigkeit.<\/p>\n<p data-start=\"1984\" data-end=\"2266\">Der\u00a0<strong data-start=\"764\" data-end=\"797\">Regalschrank mit S\u00e4ulenschnitzerei aus Mangoholz <\/strong> eignet sich ideal f\u00fcr Wohnzimmer, Flur oder Schlafzimmer \u2013 als Stauraum, dekoratives Element oder stilvolles Highlight. Mit seiner Mischung aus <strong data-start=\"2166\" data-end=\"2219\">Funktionalit\u00e4t, Authentizit\u00e4t und Kunstfertigkeit<\/strong> bringt er den Charme Indiens in Ihr Zuhause.<\/p>\n","protected":false},"excerpt":{"rendered":"<p data-start=\"1120\" data-end=\"1454\">Der <strong data-start=\"764\" data-end=\"797\">Regalschrank mit S\u00e4ulenschnitzerei aus Mangoholz <\/strong>vereint traditionelles Handwerk mit funktionalem Design. Dieses hochwertige M\u00f6belst\u00fcck wurde in Indien aus massivem Mangoholz gefertigt \u2013 einem nachhaltigen, langlebigen Material, das durch seine warme Farbgebung und markante Maserung besticht (<a class=\"decorated-link cursor-pointer\" target=\"_new\" rel=\"noopener\" data-start=\"1043\" data-end=\"1114\">mehr \u00fcber Mangoholz erfahren<\/a>: https:\/\/de.wikipedia.org\/wiki\/Mango).<\/p>\n<p data-start=\"1120\" data-end=\"1454\">Das Besondere an diesem Schrank sind die kunstvollen <strong data-start=\"1173\" data-end=\"1196\">S\u00e4ulenschnitzereien<\/strong>, die das M\u00f6bel zu einem echten Unikat machen. Jede S\u00e4ule ist von Hand geschnitzt und zeigt die pr\u00e4zise Handwerkskunst indischer Holzschnitzer. Die drei ger\u00e4umigen <strong data-start=\"1360\" data-end=\"1374\">Schubladen<\/strong> bieten praktischen Stauraum f\u00fcr Dokumente, Textilien oder Alltagsgegenst\u00e4nde.<\/p>\n<p data-start=\"1456\" data-end=\"1750\">Dank der Kombination aus <strong data-start=\"1481\" data-end=\"1533\">dekorativen Details und nat\u00fcrlicher Holzstruktur<\/strong> passt sich der Regalschrank vielseitig an verschiedene Einrichtungsstile an \u2013 ob klassisch, boho, orientalisch oder modern. Das tiefe Braun des Mangoholzes sorgt f\u00fcr eine warme, einladende Atmosph\u00e4re in jedem Raum.<\/p>\n<p data-start=\"1752\" data-end=\"1982\">Jedes St\u00fcck ist <strong data-start=\"1768\" data-end=\"1785\">handgefertigt<\/strong> und somit ein echtes Einzelst\u00fcck mit Charakter. Kleine Unregelm\u00e4\u00dfigkeiten im Holz oder in den Schnitzereien sind Ausdruck traditioneller Handarbeit und verleihen dem M\u00f6bel seine Einzigartigkeit.<\/p>\n<p data-start=\"1984\" data-end=\"2266\">Der\u00a0<strong data-start=\"764\" data-end=\"797\">Regalschrank mit S\u00e4ulenschnitzerei aus Mangoholz <\/strong> eignet sich ideal f\u00fcr Wohnzimmer, Flur oder Schlafzimmer \u2013 als Stauraum, dekoratives Element oder stilvolles Highlight. Mit seiner Mischung aus <strong data-start=\"2166\" data-end=\"2219\">Funktionalit\u00e4t, Authentizit\u00e4t und Kunstfertigkeit<\/strong> bringt er den Charme Indiens in Ihr Zuhause.<\/p>\n","protected":false},"featured_media":110580,"comment_status":"closed","ping_status":"closed","template":"","meta":[],"product_cat":[70,6674],"product_tag":[555,6662],"yoast_head":"<!-- This site is optimized with the Yoast SEO plugin v22.0 - https:\/\/yoast.com\/wordpress\/plugins\/seo\/ -->\n<title>Indischer Regalschrank mit S\u00e4ulenschnitzerei aus Mangoholz - #Indien-Haus<\/title>\n<meta name=\"description\" content=\"Handgefertigter Regalschrank aus Mangoholz mit drei Schubladen und filigraner S\u00e4ulenschnitzerei. Unikat aus Indien \u2013 rustikal, elegant und langlebig.\" \/>\n<meta name=\"robots\" content=\"index, follow, max-snippet:-1, max-image-preview:large, max-video-preview:-1\" \/>\n<link rel=\"canonical\" href=\"https:\/\/www.indien-haus.de\/shop\/produkt\/indischer-regalschrank-mangoholz-braun-saeulenschnitzerei\/\" \/>\n<meta name=\"twitter:card\" content=\"summary_large_image\" \/>\n<meta name=\"twitter:title\" content=\"Indischer Regalschrank mit S\u00e4ulenschnitzerei aus Mangoholz - #Indien-Haus\" \/>\n<meta name=\"twitter:description\" content=\"Handgefertigter Regalschrank aus Mangoholz mit drei Schubladen und filigraner S\u00e4ulenschnitzerei. Unikat aus Indien \u2013 rustikal, elegant und langlebig.\" \/>\n<meta name=\"twitter:image\" content=\"https:\/\/www.indien-haus.de\/wp-content\/uploads\/2021\/12\/RU91782-3pc.jpg\" \/>\n<meta name=\"twitter:site\" content=\"@Indien_Haus\" \/>\n<meta name=\"twitter:label1\" content=\"Gesch\u00e4tzte Lesezeit\" \/>\n\t<meta name=\"twitter:data1\" content=\"2\u00a0Minuten\" \/>\n<script type=\"application\/ld+json\" class=\"yoast-schema-graph\">{\"@context\":\"https:\/\/schema.org\",\"@graph\":[{\"@type\":\"WebPage\",\"@id\":\"https:\/\/www.indien-haus.de\/shop\/produkt\/indischer-regalschrank-mangoholz-braun-saeulenschnitzerei\/\",\"url\":\"https:\/\/www.indien-haus.de\/shop\/produkt\/indischer-regalschrank-mangoholz-braun-saeulenschnitzerei\/\",\"name\":\"Indischer Regalschrank mit S\u00e4ulenschnitzerei aus Mangoholz - #Indien-Haus\",\"isPartOf\":{\"@id\":\"https:\/\/www.indien-haus.de\/shop\/#website\"},\"datePublished\":\"2021-11-30T14:20:01+00:00\",\"dateModified\":\"2026-02-07T09:27:01+00:00\",\"description\":\"Handgefertigter Regalschrank aus Mangoholz mit drei Schubladen und filigraner S\u00e4ulenschnitzerei. Unikat aus Indien \u2013 rustikal, elegant und langlebig.\",\"breadcrumb\":{\"@id\":\"https:\/\/www.indien-haus.de\/shop\/produkt\/indischer-regalschrank-mangoholz-braun-saeulenschnitzerei\/#breadcrumb\"},\"inLanguage\":\"de\",\"potentialAction\":[{\"@type\":\"ReadAction\",\"target\":[\"https:\/\/www.indien-haus.de\/shop\/produkt\/indischer-regalschrank-mangoholz-braun-saeulenschnitzerei\/\"]}]},{\"@type\":\"BreadcrumbList\",\"@id\":\"https:\/\/www.indien-haus.de\/shop\/produkt\/indischer-regalschrank-mangoholz-braun-saeulenschnitzerei\/#breadcrumb\",\"itemListElement\":[{\"@type\":\"ListItem\",\"position\":1,\"name\":\"Startseite\",\"item\":\"https:\/\/www.indien-haus.de\/shop\/start\/\"},{\"@type\":\"ListItem\",\"position\":2,\"name\":\"Shop\",\"item\":\"https:\/\/www.indien-haus.de\/shop\/shop\/\"},{\"@type\":\"ListItem\",\"position\":3,\"name\":\"Indischer Regalschrank mit S\u00e4ulenschnitzerei aus Mangoholz\"}]},{\"@type\":\"WebSite\",\"@id\":\"https:\/\/www.indien-haus.de\/shop\/#website\",\"url\":\"https:\/\/www.indien-haus.de\/shop\/\",\"name\":\"Indien-Haus\",\"description\":\"M\u00f6bel &amp; Lampen &amp; Accessoires aus Asien in Mainz\",\"publisher\":{\"@id\":\"https:\/\/www.indien-haus.de\/shop\/#organization\"},\"potentialAction\":[{\"@type\":\"SearchAction\",\"target\":{\"@type\":\"EntryPoint\",\"urlTemplate\":\"https:\/\/www.indien-haus.de\/shop\/?s={search_term_string}\"},\"query-input\":\"required name=search_term_string\"}],\"inLanguage\":\"de\"},{\"@type\":\"Organization\",\"@id\":\"https:\/\/www.indien-haus.de\/shop\/#organization\",\"name\":\"Indien-Haus\",\"url\":\"https:\/\/www.indien-haus.de\/shop\/\",\"logo\":{\"@type\":\"ImageObject\",\"inLanguage\":\"de\",\"@id\":\"https:\/\/www.indien-haus.de\/shop\/#\/schema\/logo\/image\/\",\"url\":\"https:\/\/www.indien-haus.de\/wp-content\/uploads\/2014\/03\/indien-haus-logo3.png\",\"contentUrl\":\"https:\/\/www.indien-haus.de\/wp-content\/uploads\/2014\/03\/indien-haus-logo3.png\",\"width\":106,\"height\":116,\"caption\":\"Indien-Haus\"},\"image\":{\"@id\":\"https:\/\/www.indien-haus.de\/shop\/#\/schema\/logo\/image\/\"},\"sameAs\":[\"https:\/\/www.facebook.com\/INDIEN.HAUS.news\",\"https:\/\/twitter.com\/Indien_Haus\",\"https:\/\/www.instagram.com\/indien_haus_mainz\/\",\"https:\/\/www.pinterest.de\/indienhaus\/\",\"https:\/\/www.youtube.com\/user\/IndienHaus\"]}]}<\/script>\n<!-- \/ Yoast SEO plugin. -->","yoast_head_json":{"title":"Indischer Regalschrank mit S\u00e4ulenschnitzerei aus Mangoholz - #Indien-Haus","description":"Handgefertigter Regalschrank aus Mangoholz mit drei Schubladen und filigraner S\u00e4ulenschnitzerei. Unikat aus Indien \u2013 rustikal, elegant und langlebig.","robots":{"index":"index","follow":"follow","max-snippet":"max-snippet:-1","max-image-preview":"max-image-preview:large","max-video-preview":"max-video-preview:-1"},"canonical":"https:\/\/www.indien-haus.de\/shop\/produkt\/indischer-regalschrank-mangoholz-braun-saeulenschnitzerei\/","twitter_card":"summary_large_image","twitter_title":"Indischer Regalschrank mit S\u00e4ulenschnitzerei aus Mangoholz - #Indien-Haus","twitter_description":"Handgefertigter Regalschrank aus Mangoholz mit drei Schubladen und filigraner S\u00e4ulenschnitzerei. Unikat aus Indien \u2013 rustikal, elegant und langlebig.","twitter_image":"https:\/\/www.indien-haus.de\/wp-content\/uploads\/2021\/12\/RU91782-3pc.jpg","twitter_site":"@Indien_Haus","twitter_misc":{"Gesch\u00e4tzte Lesezeit":"2\u00a0Minuten"},"schema":{"@context":"https:\/\/schema.org","@graph":[{"@type":"WebPage","@id":"https:\/\/www.indien-haus.de\/shop\/produkt\/indischer-regalschrank-mangoholz-braun-saeulenschnitzerei\/","url":"https:\/\/www.indien-haus.de\/shop\/produkt\/indischer-regalschrank-mangoholz-braun-saeulenschnitzerei\/","name":"Indischer Regalschrank mit S\u00e4ulenschnitzerei aus Mangoholz - #Indien-Haus","isPartOf":{"@id":"https:\/\/www.indien-haus.de\/shop\/#website"},"datePublished":"2021-11-30T14:20:01+00:00","dateModified":"2026-02-07T09:27:01+00:00","description":"Handgefertigter Regalschrank aus Mangoholz mit drei Schubladen und filigraner S\u00e4ulenschnitzerei. Unikat aus Indien \u2013 rustikal, elegant und langlebig.","breadcrumb":{"@id":"https:\/\/www.indien-haus.de\/shop\/produkt\/indischer-regalschrank-mangoholz-braun-saeulenschnitzerei\/#breadcrumb"},"inLanguage":"de","potentialAction":[{"@type":"ReadAction","target":["https:\/\/www.indien-haus.de\/shop\/produkt\/indischer-regalschrank-mangoholz-braun-saeulenschnitzerei\/"]}]},{"@type":"BreadcrumbList","@id":"https:\/\/www.indien-haus.de\/shop\/produkt\/indischer-regalschrank-mangoholz-braun-saeulenschnitzerei\/#breadcrumb","itemListElement":[{"@type":"ListItem","position":1,"name":"Startseite","item":"https:\/\/www.indien-haus.de\/shop\/start\/"},{"@type":"ListItem","position":2,"name":"Shop","item":"https:\/\/www.indien-haus.de\/shop\/shop\/"},{"@type":"ListItem","position":3,"name":"Indischer Regalschrank mit S\u00e4ulenschnitzerei aus Mangoholz"}]},{"@type":"WebSite","@id":"https:\/\/www.indien-haus.de\/shop\/#website","url":"https:\/\/www.indien-haus.de\/shop\/","name":"Indien-Haus","description":"M\u00f6bel &amp; Lampen &amp; Accessoires aus Asien in Mainz","publisher":{"@id":"https:\/\/www.indien-haus.de\/shop\/#organization"},"potentialAction":[{"@type":"SearchAction","target":{"@type":"EntryPoint","urlTemplate":"https:\/\/www.indien-haus.de\/shop\/?s={search_term_string}"},"query-input":"required name=search_term_string"}],"inLanguage":"de"},{"@type":"Organization","@id":"https:\/\/www.indien-haus.de\/shop\/#organization","name":"Indien-Haus","url":"https:\/\/www.indien-haus.de\/shop\/","logo":{"@type":"ImageObject","inLanguage":"de","@id":"https:\/\/www.indien-haus.de\/shop\/#\/schema\/logo\/image\/","url":"https:\/\/www.indien-haus.de\/wp-content\/uploads\/2014\/03\/indien-haus-logo3.png","contentUrl":"https:\/\/www.indien-haus.de\/wp-content\/uploads\/2014\/03\/indien-haus-logo3.png","width":106,"height":116,"caption":"Indien-Haus"},"image":{"@id":"https:\/\/www.indien-haus.de\/shop\/#\/schema\/logo\/image\/"},"sameAs":["https:\/\/www.facebook.com\/INDIEN.HAUS.news","https:\/\/twitter.com\/Indien_Haus","https:\/\/www.instagram.com\/indien_haus_mainz\/","https:\/\/www.pinterest.de\/indienhaus\/","https:\/\/www.youtube.com\/user\/IndienHaus"]}]}},"_links":{"self":[{"href":"https:\/\/www.indien-haus.de\/shop\/wp-json\/wp\/v2\/product\/101235"}],"collection":[{"href":"https:\/\/www.indien-haus.de\/shop\/wp-json\/wp\/v2\/product"}],"about":[{"href":"https:\/\/www.indien-haus.de\/shop\/wp-json\/wp\/v2\/types\/product"}],"replies":[{"embeddable":true,"href":"https:\/\/www.indien-haus.de\/shop\/wp-json\/wp\/v2\/comments?post=101235"}],"wp:featuredmedia":[{"embeddable":true,"href":"https:\/\/www.indien-haus.de\/shop\/wp-json\/wp\/v2\/media\/110580"}],"wp:attachment":[{"href":"https:\/\/www.indien-haus.de\/shop\/wp-json\/wp\/v2\/media?parent=101235"}],"wp:term":[{"taxonomy":"product_cat","embeddable":true,"href":"https:\/\/www.indien-haus.de\/shop\/wp-json\/wp\/v2\/product_cat?post=101235"},{"taxonomy":"product_tag","embeddable":true,"href":"https:\/\/www.indien-haus.de\/shop\/wp-json\/wp\/v2\/product_tag?post=101235"}],"curies":[{"name":"wp","href":"https:\/\/api.w.org\/{rel}","templated":true}]}}