{"id":103057,"date":"2022-03-02T16:18:10","date_gmt":"2022-03-02T15:18:10","guid":{"rendered":"https:\/\/www.indien-haus.de\/?post_type=product&#038;p=103057"},"modified":"2026-02-26T16:44:07","modified_gmt":"2026-02-26T15:44:07","slug":"unikat-kerzenstaender-aus-altem-gebaeudeteil-klein","status":"publish","type":"product","link":"https:\/\/www.indien-haus.de\/shop\/produkt\/unikat-kerzenstaender-aus-altem-gebaeudeteil-klein\/","title":{"rendered":"Unikat-Kerzenst\u00e4nder aus altem Geb\u00e4udeteil KLEIN"},"content":{"rendered":"","protected":false},"excerpt":{"rendered":"<p>Unikat-Kerzenst\u00e4nder aus altem Geb\u00e4udeteil KLEIN aus recyceltem Teakholz und Metall hergestellt in Indien. Jedes St\u00fcck ist mit original alter Patina.<\/p>\n<p>Jeder Kerzenhalter ist ein Einzelst\u00fcck &#8211; Unikat. Gerne senden wir Ihnen Auswahlbilder. Oder lassen Sie sich einfach \u00fcberraschen!<\/p>\n<p>Unsere indischen Unikatm\u00f6bel werden gezielt bei unseren indischen Partnerunternehmen ausgew\u00e4hlt und mit dem Container nach Deutschland verschifft. Jedes M\u00f6belst\u00fcck hat seinen eigene Geschichte und seinen ganz speziellen Stil. Ob als Kontrast und eyecatcher zu modernen M\u00f6beln oder als Einbindung in ein rustikales Ambiente, geben diese Unikate Ihrer Einrichtung das besondere Etwas. Lassen Sie sich durch den Charme Indiens verzaubern und entdecken unsere Kollektion an indischen Unikaten. Gerne beraten wir Sie auch bei uns im Ladengesch\u00e4ft.<\/p>\n","protected":false},"featured_media":109576,"comment_status":"closed","ping_status":"closed","template":"","meta":[],"product_cat":[6673],"product_tag":[5533,371],"yoast_head":"<!-- This site is optimized with the Yoast SEO plugin v22.0 - https:\/\/yoast.com\/wordpress\/plugins\/seo\/ -->\n<title>Unikat-Kerzenst\u00e4nder aus altem Geb\u00e4udeteil KLEIN - #Indien-Haus<\/title>\n<meta name=\"description\" content=\"Unikat-Kerzenst\u00e4nder aus altem Geb\u00e4udeteil KLEIN aus Teakholz und Metall angefertigt in Indien.. Weitere Unikate auf unserer Seite.\" \/>\n<meta name=\"robots\" content=\"index, follow, max-snippet:-1, max-image-preview:large, max-video-preview:-1\" \/>\n<link rel=\"canonical\" href=\"https:\/\/www.indien-haus.de\/shop\/produkt\/unikat-kerzenstaender-aus-altem-gebaeudeteil-klein\/\" \/>\n<meta name=\"twitter:card\" content=\"summary_large_image\" \/>\n<meta name=\"twitter:title\" content=\"Unikat-Kerzenst\u00e4nder aus altem Geb\u00e4udeteil KLEIN - #Indien-Haus\" \/>\n<meta name=\"twitter:description\" content=\"Unikat-Kerzenst\u00e4nder aus altem Geb\u00e4udeteil KLEIN aus Teakholz und Metall angefertigt in Indien.. Weitere Unikate auf unserer Seite.\" \/>\n<meta name=\"twitter:image\" content=\"https:\/\/www.indien-haus.de\/wp-content\/uploads\/2020\/09\/IT08300det1-scaled.jpg\" \/>\n<meta name=\"twitter:site\" content=\"@Indien_Haus\" \/>\n<meta name=\"twitter:label1\" content=\"Gesch\u00e4tzte Lesezeit\" \/>\n\t<meta name=\"twitter:data1\" content=\"1\u00a0Minute\" \/>\n<script type=\"application\/ld+json\" class=\"yoast-schema-graph\">{\"@context\":\"https:\/\/schema.org\",\"@graph\":[{\"@type\":\"WebPage\",\"@id\":\"https:\/\/www.indien-haus.de\/shop\/produkt\/unikat-kerzenstaender-aus-altem-gebaeudeteil-klein\/\",\"url\":\"https:\/\/www.indien-haus.de\/shop\/produkt\/unikat-kerzenstaender-aus-altem-gebaeudeteil-klein\/\",\"name\":\"Unikat-Kerzenst\u00e4nder aus altem Geb\u00e4udeteil KLEIN - #Indien-Haus\",\"isPartOf\":{\"@id\":\"https:\/\/www.indien-haus.de\/shop\/#website\"},\"datePublished\":\"2022-03-02T15:18:10+00:00\",\"dateModified\":\"2026-02-26T15:44:07+00:00\",\"description\":\"Unikat-Kerzenst\u00e4nder aus altem Geb\u00e4udeteil KLEIN aus Teakholz und Metall angefertigt in Indien.. Weitere Unikate auf unserer Seite.\",\"breadcrumb\":{\"@id\":\"https:\/\/www.indien-haus.de\/shop\/produkt\/unikat-kerzenstaender-aus-altem-gebaeudeteil-klein\/#breadcrumb\"},\"inLanguage\":\"de\",\"potentialAction\":[{\"@type\":\"ReadAction\",\"target\":[\"https:\/\/www.indien-haus.de\/shop\/produkt\/unikat-kerzenstaender-aus-altem-gebaeudeteil-klein\/\"]}]},{\"@type\":\"BreadcrumbList\",\"@id\":\"https:\/\/www.indien-haus.de\/shop\/produkt\/unikat-kerzenstaender-aus-altem-gebaeudeteil-klein\/#breadcrumb\",\"itemListElement\":[{\"@type\":\"ListItem\",\"position\":1,\"name\":\"Startseite\",\"item\":\"https:\/\/www.indien-haus.de\/shop\/start\/\"},{\"@type\":\"ListItem\",\"position\":2,\"name\":\"Shop\",\"item\":\"https:\/\/www.indien-haus.de\/shop\/shop\/\"},{\"@type\":\"ListItem\",\"position\":3,\"name\":\"Unikat-Kerzenst\u00e4nder aus altem Geb\u00e4udeteil KLEIN\"}]},{\"@type\":\"WebSite\",\"@id\":\"https:\/\/www.indien-haus.de\/shop\/#website\",\"url\":\"https:\/\/www.indien-haus.de\/shop\/\",\"name\":\"Indien-Haus\",\"description\":\"M\u00f6bel &amp; Lampen &amp; Accessoires aus Asien in Mainz\",\"publisher\":{\"@id\":\"https:\/\/www.indien-haus.de\/shop\/#organization\"},\"potentialAction\":[{\"@type\":\"SearchAction\",\"target\":{\"@type\":\"EntryPoint\",\"urlTemplate\":\"https:\/\/www.indien-haus.de\/shop\/?s={search_term_string}\"},\"query-input\":\"required name=search_term_string\"}],\"inLanguage\":\"de\"},{\"@type\":\"Organization\",\"@id\":\"https:\/\/www.indien-haus.de\/shop\/#organization\",\"name\":\"Indien-Haus\",\"url\":\"https:\/\/www.indien-haus.de\/shop\/\",\"logo\":{\"@type\":\"ImageObject\",\"inLanguage\":\"de\",\"@id\":\"https:\/\/www.indien-haus.de\/shop\/#\/schema\/logo\/image\/\",\"url\":\"https:\/\/www.indien-haus.de\/wp-content\/uploads\/2014\/03\/indien-haus-logo3.png\",\"contentUrl\":\"https:\/\/www.indien-haus.de\/wp-content\/uploads\/2014\/03\/indien-haus-logo3.png\",\"width\":106,\"height\":116,\"caption\":\"Indien-Haus\"},\"image\":{\"@id\":\"https:\/\/www.indien-haus.de\/shop\/#\/schema\/logo\/image\/\"},\"sameAs\":[\"https:\/\/www.facebook.com\/INDIEN.HAUS.news\",\"https:\/\/twitter.com\/Indien_Haus\",\"https:\/\/www.instagram.com\/indien_haus_mainz\/\",\"https:\/\/www.pinterest.de\/indienhaus\/\",\"https:\/\/www.youtube.com\/user\/IndienHaus\"]}]}<\/script>\n<!-- \/ Yoast SEO plugin. -->","yoast_head_json":{"title":"Unikat-Kerzenst\u00e4nder aus altem Geb\u00e4udeteil KLEIN - #Indien-Haus","description":"Unikat-Kerzenst\u00e4nder aus altem Geb\u00e4udeteil KLEIN aus Teakholz und Metall angefertigt in Indien.. Weitere Unikate auf unserer Seite.","robots":{"index":"index","follow":"follow","max-snippet":"max-snippet:-1","max-image-preview":"max-image-preview:large","max-video-preview":"max-video-preview:-1"},"canonical":"https:\/\/www.indien-haus.de\/shop\/produkt\/unikat-kerzenstaender-aus-altem-gebaeudeteil-klein\/","twitter_card":"summary_large_image","twitter_title":"Unikat-Kerzenst\u00e4nder aus altem Geb\u00e4udeteil KLEIN - #Indien-Haus","twitter_description":"Unikat-Kerzenst\u00e4nder aus altem Geb\u00e4udeteil KLEIN aus Teakholz und Metall angefertigt in Indien.. Weitere Unikate auf unserer Seite.","twitter_image":"https:\/\/www.indien-haus.de\/wp-content\/uploads\/2020\/09\/IT08300det1-scaled.jpg","twitter_site":"@Indien_Haus","twitter_misc":{"Gesch\u00e4tzte Lesezeit":"1\u00a0Minute"},"schema":{"@context":"https:\/\/schema.org","@graph":[{"@type":"WebPage","@id":"https:\/\/www.indien-haus.de\/shop\/produkt\/unikat-kerzenstaender-aus-altem-gebaeudeteil-klein\/","url":"https:\/\/www.indien-haus.de\/shop\/produkt\/unikat-kerzenstaender-aus-altem-gebaeudeteil-klein\/","name":"Unikat-Kerzenst\u00e4nder aus altem Geb\u00e4udeteil KLEIN - #Indien-Haus","isPartOf":{"@id":"https:\/\/www.indien-haus.de\/shop\/#website"},"datePublished":"2022-03-02T15:18:10+00:00","dateModified":"2026-02-26T15:44:07+00:00","description":"Unikat-Kerzenst\u00e4nder aus altem Geb\u00e4udeteil KLEIN aus Teakholz und Metall angefertigt in Indien.. Weitere Unikate auf unserer Seite.","breadcrumb":{"@id":"https:\/\/www.indien-haus.de\/shop\/produkt\/unikat-kerzenstaender-aus-altem-gebaeudeteil-klein\/#breadcrumb"},"inLanguage":"de","potentialAction":[{"@type":"ReadAction","target":["https:\/\/www.indien-haus.de\/shop\/produkt\/unikat-kerzenstaender-aus-altem-gebaeudeteil-klein\/"]}]},{"@type":"BreadcrumbList","@id":"https:\/\/www.indien-haus.de\/shop\/produkt\/unikat-kerzenstaender-aus-altem-gebaeudeteil-klein\/#breadcrumb","itemListElement":[{"@type":"ListItem","position":1,"name":"Startseite","item":"https:\/\/www.indien-haus.de\/shop\/start\/"},{"@type":"ListItem","position":2,"name":"Shop","item":"https:\/\/www.indien-haus.de\/shop\/shop\/"},{"@type":"ListItem","position":3,"name":"Unikat-Kerzenst\u00e4nder aus altem Geb\u00e4udeteil KLEIN"}]},{"@type":"WebSite","@id":"https:\/\/www.indien-haus.de\/shop\/#website","url":"https:\/\/www.indien-haus.de\/shop\/","name":"Indien-Haus","description":"M\u00f6bel &amp; Lampen &amp; Accessoires aus Asien in Mainz","publisher":{"@id":"https:\/\/www.indien-haus.de\/shop\/#organization"},"potentialAction":[{"@type":"SearchAction","target":{"@type":"EntryPoint","urlTemplate":"https:\/\/www.indien-haus.de\/shop\/?s={search_term_string}"},"query-input":"required name=search_term_string"}],"inLanguage":"de"},{"@type":"Organization","@id":"https:\/\/www.indien-haus.de\/shop\/#organization","name":"Indien-Haus","url":"https:\/\/www.indien-haus.de\/shop\/","logo":{"@type":"ImageObject","inLanguage":"de","@id":"https:\/\/www.indien-haus.de\/shop\/#\/schema\/logo\/image\/","url":"https:\/\/www.indien-haus.de\/wp-content\/uploads\/2014\/03\/indien-haus-logo3.png","contentUrl":"https:\/\/www.indien-haus.de\/wp-content\/uploads\/2014\/03\/indien-haus-logo3.png","width":106,"height":116,"caption":"Indien-Haus"},"image":{"@id":"https:\/\/www.indien-haus.de\/shop\/#\/schema\/logo\/image\/"},"sameAs":["https:\/\/www.facebook.com\/INDIEN.HAUS.news","https:\/\/twitter.com\/Indien_Haus","https:\/\/www.instagram.com\/indien_haus_mainz\/","https:\/\/www.pinterest.de\/indienhaus\/","https:\/\/www.youtube.com\/user\/IndienHaus"]}]}},"_links":{"self":[{"href":"https:\/\/www.indien-haus.de\/shop\/wp-json\/wp\/v2\/product\/103057"}],"collection":[{"href":"https:\/\/www.indien-haus.de\/shop\/wp-json\/wp\/v2\/product"}],"about":[{"href":"https:\/\/www.indien-haus.de\/shop\/wp-json\/wp\/v2\/types\/product"}],"replies":[{"embeddable":true,"href":"https:\/\/www.indien-haus.de\/shop\/wp-json\/wp\/v2\/comments?post=103057"}],"wp:featuredmedia":[{"embeddable":true,"href":"https:\/\/www.indien-haus.de\/shop\/wp-json\/wp\/v2\/media\/109576"}],"wp:attachment":[{"href":"https:\/\/www.indien-haus.de\/shop\/wp-json\/wp\/v2\/media?parent=103057"}],"wp:term":[{"taxonomy":"product_cat","embeddable":true,"href":"https:\/\/www.indien-haus.de\/shop\/wp-json\/wp\/v2\/product_cat?post=103057"},{"taxonomy":"product_tag","embeddable":true,"href":"https:\/\/www.indien-haus.de\/shop\/wp-json\/wp\/v2\/product_tag?post=103057"}],"curies":[{"name":"wp","href":"https:\/\/api.w.org\/{rel}","templated":true}]}}