{"id":103058,"date":"2022-03-02T16:26:42","date_gmt":"2022-03-02T15:26:42","guid":{"rendered":"https:\/\/www.indien-haus.de\/?post_type=product&#038;p=103058"},"modified":"2026-04-13T03:03:48","modified_gmt":"2026-04-13T02:03:48","slug":"unikat-kerzenstaender-aus-altem-gebaeudeteil-gross","status":"publish","type":"product","link":"https:\/\/www.indien-haus.de\/shop\/produkt\/unikat-kerzenstaender-aus-altem-gebaeudeteil-gross\/","title":{"rendered":"Unikat-Kerzenst\u00e4nder aus altem Geb\u00e4udeteil GRO\u00df"},"content":{"rendered":"","protected":false},"excerpt":{"rendered":"<p>Dies ist ein einzigartiger Kerzenst\u00e4nder aus recyceltem Teakholz und Metall, der in Indien hergestellt wurde. Der Kerzenst\u00e4nder ist aus einem alten Geb\u00e4udeteil gefertigt und jedes St\u00fcck hat seine eigene einzigartige Patina, die ihm einen besonderen Charme verleiht.<\/p>\n<p>Der Kerzenst\u00e4nder ist gro\u00df und kann als Wandaufh\u00e4ngung oder als Standdekoration verwendet werden. Aufgrund seines Gewichts und seiner Gr\u00f6\u00dfe eignet er sich auch als Buchst\u00fctze. Das Design des Kerzenst\u00e4nders ist robust und rustikal, was ihn zu einem perfekten Dekorationsst\u00fcck macht.<\/p>\n<p>Der Kerzenst\u00e4nder wurde in Handarbeit aus recyceltem Teakholz und Metall gefertigt. Die Verwendung von recyceltem Material ist nicht nur umweltfreundlich, sondern verleiht dem Kerzenst\u00e4nder auch eine einzigartige Textur und Maserung, die seine rustikale \u00c4sthetik unterstreicht.<\/p>\n<p>Jeder Kerzenhalter ist ein Einzelst\u00fcck &#8211; Unikat. Gerne senden wir Ihnen Auswahlbilder. Oder lassen Sie sich einfach \u00fcberraschen!<\/p>\n<p>Unsere indischen Unikatm\u00f6bel werden gezielt bei unseren indischen Partnerunternehmen ausgew\u00e4hlt und mit dem Container nach Deutschland verschifft. Jedes M\u00f6belst\u00fcck hat seinen eigene Geschichte und seinen ganz speziellen Stil. Ob als Kontrast und eyecatcher zu modernen M\u00f6beln oder als Einbindung in ein rustikales Ambiente, geben diese Unikate Ihrer Einrichtung das besondere Etwas. Lassen Sie sich durch den Charme Indiens verzaubern und entdecken unsere Kollektion an indischen Unikaten. Gerne beraten wir Sie auch bei uns im Ladengesch\u00e4ft.<\/p>\n","protected":false},"featured_media":111583,"comment_status":"closed","ping_status":"closed","template":"","meta":[],"product_cat":[70],"product_tag":[164,5533,371],"yoast_head":"<!-- This site is optimized with the Yoast SEO plugin v22.0 - https:\/\/yoast.com\/wordpress\/plugins\/seo\/ -->\n<title>Unikat-Kerzenst\u00e4nder aus altem Geb\u00e4udeteil GRO\u00df - #Indien-Haus<\/title>\n<meta name=\"description\" content=\"Unikat-Kerzenst\u00e4nder aus altem Geb\u00e4udeteil GRO\u00df aus Teakholz und Metall angefertigt in Indien. Weitere Unikate auf unserer Seite. recycelt\" \/>\n<meta name=\"robots\" content=\"index, follow, max-snippet:-1, max-image-preview:large, max-video-preview:-1\" \/>\n<link rel=\"canonical\" href=\"https:\/\/www.indien-haus.de\/shop\/produkt\/unikat-kerzenstaender-aus-altem-gebaeudeteil-gross\/\" \/>\n<meta name=\"twitter:card\" content=\"summary_large_image\" \/>\n<meta name=\"twitter:title\" content=\"Unikat-Kerzenst\u00e4nder aus altem Geb\u00e4udeteil GRO\u00df - #Indien-Haus\" \/>\n<meta name=\"twitter:description\" content=\"Unikat-Kerzenst\u00e4nder aus altem Geb\u00e4udeteil GRO\u00df aus Teakholz und Metall angefertigt in Indien. Weitere Unikate auf unserer Seite. recycelt\" \/>\n<meta name=\"twitter:image\" content=\"https:\/\/www.indien-haus.de\/wp-content\/uploads\/2022\/03\/IT08300-1det2.jpg\" \/>\n<meta name=\"twitter:site\" content=\"@Indien_Haus\" \/>\n<meta name=\"twitter:label1\" content=\"Gesch\u00e4tzte Lesezeit\" \/>\n\t<meta name=\"twitter:data1\" content=\"1\u00a0Minute\" \/>\n<script type=\"application\/ld+json\" class=\"yoast-schema-graph\">{\"@context\":\"https:\/\/schema.org\",\"@graph\":[{\"@type\":\"WebPage\",\"@id\":\"https:\/\/www.indien-haus.de\/shop\/produkt\/unikat-kerzenstaender-aus-altem-gebaeudeteil-gross\/\",\"url\":\"https:\/\/www.indien-haus.de\/shop\/produkt\/unikat-kerzenstaender-aus-altem-gebaeudeteil-gross\/\",\"name\":\"Unikat-Kerzenst\u00e4nder aus altem Geb\u00e4udeteil GRO\u00df - #Indien-Haus\",\"isPartOf\":{\"@id\":\"https:\/\/www.indien-haus.de\/shop\/#website\"},\"datePublished\":\"2022-03-02T15:26:42+00:00\",\"dateModified\":\"2026-04-13T02:03:48+00:00\",\"description\":\"Unikat-Kerzenst\u00e4nder aus altem Geb\u00e4udeteil GRO\u00df aus Teakholz und Metall angefertigt in Indien. Weitere Unikate auf unserer Seite. recycelt\",\"breadcrumb\":{\"@id\":\"https:\/\/www.indien-haus.de\/shop\/produkt\/unikat-kerzenstaender-aus-altem-gebaeudeteil-gross\/#breadcrumb\"},\"inLanguage\":\"de\",\"potentialAction\":[{\"@type\":\"ReadAction\",\"target\":[\"https:\/\/www.indien-haus.de\/shop\/produkt\/unikat-kerzenstaender-aus-altem-gebaeudeteil-gross\/\"]}]},{\"@type\":\"BreadcrumbList\",\"@id\":\"https:\/\/www.indien-haus.de\/shop\/produkt\/unikat-kerzenstaender-aus-altem-gebaeudeteil-gross\/#breadcrumb\",\"itemListElement\":[{\"@type\":\"ListItem\",\"position\":1,\"name\":\"Startseite\",\"item\":\"https:\/\/www.indien-haus.de\/shop\/start\/\"},{\"@type\":\"ListItem\",\"position\":2,\"name\":\"Shop\",\"item\":\"https:\/\/www.indien-haus.de\/shop\/shop\/\"},{\"@type\":\"ListItem\",\"position\":3,\"name\":\"Unikat-Kerzenst\u00e4nder aus altem Geb\u00e4udeteil GRO\u00df\"}]},{\"@type\":\"WebSite\",\"@id\":\"https:\/\/www.indien-haus.de\/shop\/#website\",\"url\":\"https:\/\/www.indien-haus.de\/shop\/\",\"name\":\"Indien-Haus\",\"description\":\"M\u00f6bel &amp; Lampen &amp; Accessoires aus Asien in Mainz\",\"publisher\":{\"@id\":\"https:\/\/www.indien-haus.de\/shop\/#organization\"},\"potentialAction\":[{\"@type\":\"SearchAction\",\"target\":{\"@type\":\"EntryPoint\",\"urlTemplate\":\"https:\/\/www.indien-haus.de\/shop\/?s={search_term_string}\"},\"query-input\":\"required name=search_term_string\"}],\"inLanguage\":\"de\"},{\"@type\":\"Organization\",\"@id\":\"https:\/\/www.indien-haus.de\/shop\/#organization\",\"name\":\"Indien-Haus\",\"url\":\"https:\/\/www.indien-haus.de\/shop\/\",\"logo\":{\"@type\":\"ImageObject\",\"inLanguage\":\"de\",\"@id\":\"https:\/\/www.indien-haus.de\/shop\/#\/schema\/logo\/image\/\",\"url\":\"https:\/\/www.indien-haus.de\/wp-content\/uploads\/2014\/03\/indien-haus-logo3.png\",\"contentUrl\":\"https:\/\/www.indien-haus.de\/wp-content\/uploads\/2014\/03\/indien-haus-logo3.png\",\"width\":106,\"height\":116,\"caption\":\"Indien-Haus\"},\"image\":{\"@id\":\"https:\/\/www.indien-haus.de\/shop\/#\/schema\/logo\/image\/\"},\"sameAs\":[\"https:\/\/www.facebook.com\/INDIEN.HAUS.news\",\"https:\/\/twitter.com\/Indien_Haus\",\"https:\/\/www.instagram.com\/indien_haus_mainz\/\",\"https:\/\/www.pinterest.de\/indienhaus\/\",\"https:\/\/www.youtube.com\/user\/IndienHaus\"]}]}<\/script>\n<!-- \/ Yoast SEO plugin. -->","yoast_head_json":{"title":"Unikat-Kerzenst\u00e4nder aus altem Geb\u00e4udeteil GRO\u00df - #Indien-Haus","description":"Unikat-Kerzenst\u00e4nder aus altem Geb\u00e4udeteil GRO\u00df aus Teakholz und Metall angefertigt in Indien. Weitere Unikate auf unserer Seite. recycelt","robots":{"index":"index","follow":"follow","max-snippet":"max-snippet:-1","max-image-preview":"max-image-preview:large","max-video-preview":"max-video-preview:-1"},"canonical":"https:\/\/www.indien-haus.de\/shop\/produkt\/unikat-kerzenstaender-aus-altem-gebaeudeteil-gross\/","twitter_card":"summary_large_image","twitter_title":"Unikat-Kerzenst\u00e4nder aus altem Geb\u00e4udeteil GRO\u00df - #Indien-Haus","twitter_description":"Unikat-Kerzenst\u00e4nder aus altem Geb\u00e4udeteil GRO\u00df aus Teakholz und Metall angefertigt in Indien. Weitere Unikate auf unserer Seite. recycelt","twitter_image":"https:\/\/www.indien-haus.de\/wp-content\/uploads\/2022\/03\/IT08300-1det2.jpg","twitter_site":"@Indien_Haus","twitter_misc":{"Gesch\u00e4tzte Lesezeit":"1\u00a0Minute"},"schema":{"@context":"https:\/\/schema.org","@graph":[{"@type":"WebPage","@id":"https:\/\/www.indien-haus.de\/shop\/produkt\/unikat-kerzenstaender-aus-altem-gebaeudeteil-gross\/","url":"https:\/\/www.indien-haus.de\/shop\/produkt\/unikat-kerzenstaender-aus-altem-gebaeudeteil-gross\/","name":"Unikat-Kerzenst\u00e4nder aus altem Geb\u00e4udeteil GRO\u00df - #Indien-Haus","isPartOf":{"@id":"https:\/\/www.indien-haus.de\/shop\/#website"},"datePublished":"2022-03-02T15:26:42+00:00","dateModified":"2026-04-13T02:03:48+00:00","description":"Unikat-Kerzenst\u00e4nder aus altem Geb\u00e4udeteil GRO\u00df aus Teakholz und Metall angefertigt in Indien. Weitere Unikate auf unserer Seite. recycelt","breadcrumb":{"@id":"https:\/\/www.indien-haus.de\/shop\/produkt\/unikat-kerzenstaender-aus-altem-gebaeudeteil-gross\/#breadcrumb"},"inLanguage":"de","potentialAction":[{"@type":"ReadAction","target":["https:\/\/www.indien-haus.de\/shop\/produkt\/unikat-kerzenstaender-aus-altem-gebaeudeteil-gross\/"]}]},{"@type":"BreadcrumbList","@id":"https:\/\/www.indien-haus.de\/shop\/produkt\/unikat-kerzenstaender-aus-altem-gebaeudeteil-gross\/#breadcrumb","itemListElement":[{"@type":"ListItem","position":1,"name":"Startseite","item":"https:\/\/www.indien-haus.de\/shop\/start\/"},{"@type":"ListItem","position":2,"name":"Shop","item":"https:\/\/www.indien-haus.de\/shop\/shop\/"},{"@type":"ListItem","position":3,"name":"Unikat-Kerzenst\u00e4nder aus altem Geb\u00e4udeteil GRO\u00df"}]},{"@type":"WebSite","@id":"https:\/\/www.indien-haus.de\/shop\/#website","url":"https:\/\/www.indien-haus.de\/shop\/","name":"Indien-Haus","description":"M\u00f6bel &amp; Lampen &amp; Accessoires aus Asien in Mainz","publisher":{"@id":"https:\/\/www.indien-haus.de\/shop\/#organization"},"potentialAction":[{"@type":"SearchAction","target":{"@type":"EntryPoint","urlTemplate":"https:\/\/www.indien-haus.de\/shop\/?s={search_term_string}"},"query-input":"required name=search_term_string"}],"inLanguage":"de"},{"@type":"Organization","@id":"https:\/\/www.indien-haus.de\/shop\/#organization","name":"Indien-Haus","url":"https:\/\/www.indien-haus.de\/shop\/","logo":{"@type":"ImageObject","inLanguage":"de","@id":"https:\/\/www.indien-haus.de\/shop\/#\/schema\/logo\/image\/","url":"https:\/\/www.indien-haus.de\/wp-content\/uploads\/2014\/03\/indien-haus-logo3.png","contentUrl":"https:\/\/www.indien-haus.de\/wp-content\/uploads\/2014\/03\/indien-haus-logo3.png","width":106,"height":116,"caption":"Indien-Haus"},"image":{"@id":"https:\/\/www.indien-haus.de\/shop\/#\/schema\/logo\/image\/"},"sameAs":["https:\/\/www.facebook.com\/INDIEN.HAUS.news","https:\/\/twitter.com\/Indien_Haus","https:\/\/www.instagram.com\/indien_haus_mainz\/","https:\/\/www.pinterest.de\/indienhaus\/","https:\/\/www.youtube.com\/user\/IndienHaus"]}]}},"_links":{"self":[{"href":"https:\/\/www.indien-haus.de\/shop\/wp-json\/wp\/v2\/product\/103058"}],"collection":[{"href":"https:\/\/www.indien-haus.de\/shop\/wp-json\/wp\/v2\/product"}],"about":[{"href":"https:\/\/www.indien-haus.de\/shop\/wp-json\/wp\/v2\/types\/product"}],"replies":[{"embeddable":true,"href":"https:\/\/www.indien-haus.de\/shop\/wp-json\/wp\/v2\/comments?post=103058"}],"wp:featuredmedia":[{"embeddable":true,"href":"https:\/\/www.indien-haus.de\/shop\/wp-json\/wp\/v2\/media\/111583"}],"wp:attachment":[{"href":"https:\/\/www.indien-haus.de\/shop\/wp-json\/wp\/v2\/media?parent=103058"}],"wp:term":[{"taxonomy":"product_cat","embeddable":true,"href":"https:\/\/www.indien-haus.de\/shop\/wp-json\/wp\/v2\/product_cat?post=103058"},{"taxonomy":"product_tag","embeddable":true,"href":"https:\/\/www.indien-haus.de\/shop\/wp-json\/wp\/v2\/product_tag?post=103058"}],"curies":[{"name":"wp","href":"https:\/\/api.w.org\/{rel}","templated":true}]}}