{"id":104322,"date":"2022-04-01T16:47:25","date_gmt":"2022-04-01T15:47:25","guid":{"rendered":"https:\/\/www.indien-haus.de\/?post_type=product&#038;p=104322"},"modified":"2025-12-14T15:20:07","modified_gmt":"2025-12-14T14:20:07","slug":"annie-sloan-wall-paint-120ml-doric","status":"publish","type":"product","link":"https:\/\/www.indien-haus.de\/shop\/produkt\/annie-sloan-wall-paint-120ml-doric\/","title":{"rendered":"Annie Sloan Wall Paint 120ml doric"},"content":{"rendered":"","protected":false},"excerpt":{"rendered":"<p>Annie Sloan Wall Paint 120ml doric<\/p>\n<p>Die architektonische Schlichtheit dieses lichtdurchl\u00e4ssigen, marmor\u00e4hnlichen, k\u00fchl-neutralen Graus spiegelt sich in seinem klassischen Namen wider. Dorische S\u00e4ulen sind die einfachsten in der klassischen Architektur; schn\u00f6rkellose und elegante Strukturen mit langen, geschwungenen Linien. Dieser Neutralton entspricht dem Gipswei\u00df, das traditionell f\u00fcr diese S\u00e4ulen verwendet wird, und sorgt f\u00fcr ein Maximum an Helligkeit in einem Raum.<\/p>\n<p>Wandfarbe 120ml kleine Menge z.B. f\u00fcr Schablonentechnik<\/p>\n<p>VORTEIL: muss nicht mit Wax\/Wachs versiegelt werden!<\/p>\n<p>Wall Paint ist eine robuste, wasserbasierende Wandfarbe, die allen Anforderungen des Alltags standh\u00e4lt. Mit einer edlen, matten Oberfl\u00e4chenstruktur und einem Hauch von Glanz, ist sie robust und leicht in der Anwendung. Haltbare, abwischbare und reich pigmentierte Wandfarbe mit niedrigem VOC-Gehalt.<br \/>\nErleben Sie unsere Wall Paint mit einer reichen Hintergrundgeschichte, mit von K\u00fcnstlern geliebten Pigmenten und mit einer beispiellosen Deckkraft. Schlie\u00dfen Sie sich den Branchenexperten, Influencern und professionellen Malermeistern an, die bereits Annies Fachwissen in der Kunstgeschichte auf ihre W\u00e4nde bringen. Wall Paint von Annie Sloan \u00fcbertraf die f\u00fchrenden Premium-Farbhersteller in Leistungstests.<br \/>\nWall Paint ist derzeit nur in Europa erh\u00e4ltlich.<\/p>\n<p>Erh\u00e4ltlich in 120ml und 2,5 Liter Dosen. 120ml ist f\u00fcr ca. 1,3 m\u00b2 und 2,5 Liter ist f\u00fcr ca. 27,5m\u00b2 ausreichend. Die Deckkraft variiert je nach Oberfl\u00e4che und Anwendung. Ein zus\u00e4tzlicher Anstrich kann erforderlich sein, wenn dunkel auf hell oder hell auf dunkel gestrichen wird.<\/p>\n<p>abwaschbar, gute Deckkraft, muss nicht versiegelt werden, spielzeugsicher, spritzt nicht, strapazierf\u00e4hig<\/p>\n<p>Bitte beachten Sie, dass die Farben je nach Bildschirmeinstellungen variieren. Wir k\u00f6nnen nicht garantieren, dass die Wall Paint Farbe genau der Farbe entspricht, die Sie auf dem Bildschirm sehen. Im Zweifelsfall bestellen Sie bitte zuerst eine Wandfarben-Farbkarte oder einen 120ml Tester.<\/p>\n","protected":false},"featured_media":114008,"comment_status":"closed","ping_status":"closed","template":"","meta":[],"product_cat":[4456],"product_tag":[4365],"yoast_head":"<!-- This site is optimized with the Yoast SEO plugin v22.0 - https:\/\/yoast.com\/wordpress\/plugins\/seo\/ -->\n<title>Annie Sloan Wall Paint 120ml doric - #Indien-Haus<\/title>\n<meta name=\"description\" content=\"Annie Sloan Wall Paint 120ml doric, muss nicht mit Wachs versiegelt werden! Wall Paint ist eine robuste, wasserbasierende Wandfarbe\" \/>\n<meta name=\"robots\" content=\"index, follow, max-snippet:-1, max-image-preview:large, max-video-preview:-1\" \/>\n<link rel=\"canonical\" href=\"https:\/\/www.indien-haus.de\/shop\/produkt\/annie-sloan-wall-paint-120ml-doric\/\" \/>\n<meta name=\"twitter:card\" content=\"summary_large_image\" \/>\n<meta name=\"twitter:title\" content=\"Annie Sloan Wall Paint 120ml doric - #Indien-Haus\" \/>\n<meta name=\"twitter:description\" content=\"Annie Sloan Wall Paint 120ml doric, muss nicht mit Wachs versiegelt werden! Wall Paint ist eine robuste, wasserbasierende Wandfarbe\" \/>\n<meta name=\"twitter:image\" content=\"https:\/\/www.indien-haus.de\/wp-content\/uploads\/2022\/04\/AS08331-1.png\" \/>\n<meta name=\"twitter:site\" content=\"@Indien_Haus\" \/>\n<meta name=\"twitter:label1\" content=\"Gesch\u00e4tzte Lesezeit\" \/>\n\t<meta name=\"twitter:data1\" content=\"1\u00a0Minute\" \/>\n<script type=\"application\/ld+json\" class=\"yoast-schema-graph\">{\"@context\":\"https:\/\/schema.org\",\"@graph\":[{\"@type\":\"WebPage\",\"@id\":\"https:\/\/www.indien-haus.de\/shop\/produkt\/annie-sloan-wall-paint-120ml-doric\/\",\"url\":\"https:\/\/www.indien-haus.de\/shop\/produkt\/annie-sloan-wall-paint-120ml-doric\/\",\"name\":\"Annie Sloan Wall Paint 120ml doric - #Indien-Haus\",\"isPartOf\":{\"@id\":\"https:\/\/www.indien-haus.de\/shop\/#website\"},\"datePublished\":\"2022-04-01T15:47:25+00:00\",\"dateModified\":\"2025-12-14T14:20:07+00:00\",\"description\":\"Annie Sloan Wall Paint 120ml doric, muss nicht mit Wachs versiegelt werden! Wall Paint ist eine robuste, wasserbasierende Wandfarbe\",\"breadcrumb\":{\"@id\":\"https:\/\/www.indien-haus.de\/shop\/produkt\/annie-sloan-wall-paint-120ml-doric\/#breadcrumb\"},\"inLanguage\":\"de\",\"potentialAction\":[{\"@type\":\"ReadAction\",\"target\":[\"https:\/\/www.indien-haus.de\/shop\/produkt\/annie-sloan-wall-paint-120ml-doric\/\"]}]},{\"@type\":\"BreadcrumbList\",\"@id\":\"https:\/\/www.indien-haus.de\/shop\/produkt\/annie-sloan-wall-paint-120ml-doric\/#breadcrumb\",\"itemListElement\":[{\"@type\":\"ListItem\",\"position\":1,\"name\":\"Startseite\",\"item\":\"https:\/\/www.indien-haus.de\/shop\/start\/\"},{\"@type\":\"ListItem\",\"position\":2,\"name\":\"Shop\",\"item\":\"https:\/\/www.indien-haus.de\/shop\/shop\/\"},{\"@type\":\"ListItem\",\"position\":3,\"name\":\"Annie Sloan Wall Paint 120ml doric\"}]},{\"@type\":\"WebSite\",\"@id\":\"https:\/\/www.indien-haus.de\/shop\/#website\",\"url\":\"https:\/\/www.indien-haus.de\/shop\/\",\"name\":\"Indien-Haus\",\"description\":\"M\u00f6bel &amp; Lampen &amp; Accessoires aus Asien in Mainz\",\"publisher\":{\"@id\":\"https:\/\/www.indien-haus.de\/shop\/#organization\"},\"potentialAction\":[{\"@type\":\"SearchAction\",\"target\":{\"@type\":\"EntryPoint\",\"urlTemplate\":\"https:\/\/www.indien-haus.de\/shop\/?s={search_term_string}\"},\"query-input\":\"required name=search_term_string\"}],\"inLanguage\":\"de\"},{\"@type\":\"Organization\",\"@id\":\"https:\/\/www.indien-haus.de\/shop\/#organization\",\"name\":\"Indien-Haus\",\"url\":\"https:\/\/www.indien-haus.de\/shop\/\",\"logo\":{\"@type\":\"ImageObject\",\"inLanguage\":\"de\",\"@id\":\"https:\/\/www.indien-haus.de\/shop\/#\/schema\/logo\/image\/\",\"url\":\"https:\/\/www.indien-haus.de\/wp-content\/uploads\/2014\/03\/indien-haus-logo3.png\",\"contentUrl\":\"https:\/\/www.indien-haus.de\/wp-content\/uploads\/2014\/03\/indien-haus-logo3.png\",\"width\":106,\"height\":116,\"caption\":\"Indien-Haus\"},\"image\":{\"@id\":\"https:\/\/www.indien-haus.de\/shop\/#\/schema\/logo\/image\/\"},\"sameAs\":[\"https:\/\/www.facebook.com\/INDIEN.HAUS.news\",\"https:\/\/twitter.com\/Indien_Haus\",\"https:\/\/www.instagram.com\/indien_haus_mainz\/\",\"https:\/\/www.pinterest.de\/indienhaus\/\",\"https:\/\/www.youtube.com\/user\/IndienHaus\"]}]}<\/script>\n<!-- \/ Yoast SEO plugin. -->","yoast_head_json":{"title":"Annie Sloan Wall Paint 120ml doric - #Indien-Haus","description":"Annie Sloan Wall Paint 120ml doric, muss nicht mit Wachs versiegelt werden! Wall Paint ist eine robuste, wasserbasierende Wandfarbe","robots":{"index":"index","follow":"follow","max-snippet":"max-snippet:-1","max-image-preview":"max-image-preview:large","max-video-preview":"max-video-preview:-1"},"canonical":"https:\/\/www.indien-haus.de\/shop\/produkt\/annie-sloan-wall-paint-120ml-doric\/","twitter_card":"summary_large_image","twitter_title":"Annie Sloan Wall Paint 120ml doric - #Indien-Haus","twitter_description":"Annie Sloan Wall Paint 120ml doric, muss nicht mit Wachs versiegelt werden! Wall Paint ist eine robuste, wasserbasierende Wandfarbe","twitter_image":"https:\/\/www.indien-haus.de\/wp-content\/uploads\/2022\/04\/AS08331-1.png","twitter_site":"@Indien_Haus","twitter_misc":{"Gesch\u00e4tzte Lesezeit":"1\u00a0Minute"},"schema":{"@context":"https:\/\/schema.org","@graph":[{"@type":"WebPage","@id":"https:\/\/www.indien-haus.de\/shop\/produkt\/annie-sloan-wall-paint-120ml-doric\/","url":"https:\/\/www.indien-haus.de\/shop\/produkt\/annie-sloan-wall-paint-120ml-doric\/","name":"Annie Sloan Wall Paint 120ml doric - #Indien-Haus","isPartOf":{"@id":"https:\/\/www.indien-haus.de\/shop\/#website"},"datePublished":"2022-04-01T15:47:25+00:00","dateModified":"2025-12-14T14:20:07+00:00","description":"Annie Sloan Wall Paint 120ml doric, muss nicht mit Wachs versiegelt werden! Wall Paint ist eine robuste, wasserbasierende Wandfarbe","breadcrumb":{"@id":"https:\/\/www.indien-haus.de\/shop\/produkt\/annie-sloan-wall-paint-120ml-doric\/#breadcrumb"},"inLanguage":"de","potentialAction":[{"@type":"ReadAction","target":["https:\/\/www.indien-haus.de\/shop\/produkt\/annie-sloan-wall-paint-120ml-doric\/"]}]},{"@type":"BreadcrumbList","@id":"https:\/\/www.indien-haus.de\/shop\/produkt\/annie-sloan-wall-paint-120ml-doric\/#breadcrumb","itemListElement":[{"@type":"ListItem","position":1,"name":"Startseite","item":"https:\/\/www.indien-haus.de\/shop\/start\/"},{"@type":"ListItem","position":2,"name":"Shop","item":"https:\/\/www.indien-haus.de\/shop\/shop\/"},{"@type":"ListItem","position":3,"name":"Annie Sloan Wall Paint 120ml doric"}]},{"@type":"WebSite","@id":"https:\/\/www.indien-haus.de\/shop\/#website","url":"https:\/\/www.indien-haus.de\/shop\/","name":"Indien-Haus","description":"M\u00f6bel &amp; Lampen &amp; Accessoires aus Asien in Mainz","publisher":{"@id":"https:\/\/www.indien-haus.de\/shop\/#organization"},"potentialAction":[{"@type":"SearchAction","target":{"@type":"EntryPoint","urlTemplate":"https:\/\/www.indien-haus.de\/shop\/?s={search_term_string}"},"query-input":"required name=search_term_string"}],"inLanguage":"de"},{"@type":"Organization","@id":"https:\/\/www.indien-haus.de\/shop\/#organization","name":"Indien-Haus","url":"https:\/\/www.indien-haus.de\/shop\/","logo":{"@type":"ImageObject","inLanguage":"de","@id":"https:\/\/www.indien-haus.de\/shop\/#\/schema\/logo\/image\/","url":"https:\/\/www.indien-haus.de\/wp-content\/uploads\/2014\/03\/indien-haus-logo3.png","contentUrl":"https:\/\/www.indien-haus.de\/wp-content\/uploads\/2014\/03\/indien-haus-logo3.png","width":106,"height":116,"caption":"Indien-Haus"},"image":{"@id":"https:\/\/www.indien-haus.de\/shop\/#\/schema\/logo\/image\/"},"sameAs":["https:\/\/www.facebook.com\/INDIEN.HAUS.news","https:\/\/twitter.com\/Indien_Haus","https:\/\/www.instagram.com\/indien_haus_mainz\/","https:\/\/www.pinterest.de\/indienhaus\/","https:\/\/www.youtube.com\/user\/IndienHaus"]}]}},"_links":{"self":[{"href":"https:\/\/www.indien-haus.de\/shop\/wp-json\/wp\/v2\/product\/104322"}],"collection":[{"href":"https:\/\/www.indien-haus.de\/shop\/wp-json\/wp\/v2\/product"}],"about":[{"href":"https:\/\/www.indien-haus.de\/shop\/wp-json\/wp\/v2\/types\/product"}],"replies":[{"embeddable":true,"href":"https:\/\/www.indien-haus.de\/shop\/wp-json\/wp\/v2\/comments?post=104322"}],"wp:featuredmedia":[{"embeddable":true,"href":"https:\/\/www.indien-haus.de\/shop\/wp-json\/wp\/v2\/media\/114008"}],"wp:attachment":[{"href":"https:\/\/www.indien-haus.de\/shop\/wp-json\/wp\/v2\/media?parent=104322"}],"wp:term":[{"taxonomy":"product_cat","embeddable":true,"href":"https:\/\/www.indien-haus.de\/shop\/wp-json\/wp\/v2\/product_cat?post=104322"},{"taxonomy":"product_tag","embeddable":true,"href":"https:\/\/www.indien-haus.de\/shop\/wp-json\/wp\/v2\/product_tag?post=104322"}],"curies":[{"name":"wp","href":"https:\/\/api.w.org\/{rel}","templated":true}]}}