{"id":104980,"date":"2022-04-23T12:42:08","date_gmt":"2022-04-23T11:42:08","guid":{"rendered":"https:\/\/www.indien-haus.de\/?post_type=product&#038;p=104980"},"modified":"2025-12-14T13:47:14","modified_gmt":"2025-12-14T12:47:14","slug":"moebelgriff-tuergriff-balinesische-barong-maske-messing-antik","status":"publish","type":"product","link":"https:\/\/www.indien-haus.de\/shop\/produkt\/moebelgriff-tuergriff-balinesische-barong-maske-messing-antik\/","title":{"rendered":"M\u00f6belgriff \/ T\u00fcrgriff  balinesische Barong Maske Messing-Antik"},"content":{"rendered":"<p><span class=\"ILfuVd\"><span class=\"hgKElc\"><br \/>\n<\/span><\/span><\/p>\n","protected":false},"excerpt":{"rendered":"<p>M\u00f6belgriff \/ T\u00fcrgriff balinesische Barong Maske Messing-Antik, Material Messing aus Bali &#8211; Indonesien.<\/p>\n<p>Der aus der balinesischen Mythologie stammende Barong ist eine l\u00f6wenartige Gestalt und der K\u00f6nig der guten Geister. Die Masken werden in Dorftempeln als Symbol g\u00f6ttlichen Segens geh\u00fctet und sollen in Notf\u00e4llen Hilfe bringen. Unsere kostbaren<\/p>\n","protected":false},"featured_media":105535,"comment_status":"closed","ping_status":"closed","template":"","meta":[],"product_cat":[70,6674],"product_tag":[1254,1900],"yoast_head":"<!-- This site is optimized with the Yoast SEO plugin v22.0 - https:\/\/yoast.com\/wordpress\/plugins\/seo\/ -->\n<title>M\u00f6belgriff \/ T\u00fcrgriff balinesische Barong Maske Messing-Antik - #Indien-Haus<\/title>\n<meta name=\"description\" content=\"M\u00f6belgriff \/ T\u00fcrgriff balinesische Barong Maske Messing-Antik Material Messing aus Bali \/ Indonesien Figur\" \/>\n<meta name=\"robots\" content=\"index, follow, max-snippet:-1, max-image-preview:large, max-video-preview:-1\" \/>\n<link rel=\"canonical\" href=\"https:\/\/www.indien-haus.de\/shop\/produkt\/moebelgriff-tuergriff-balinesische-barong-maske-messing-antik\/\" \/>\n<meta name=\"twitter:card\" content=\"summary_large_image\" \/>\n<meta name=\"twitter:title\" content=\"M\u00f6belgriff \/ T\u00fcrgriff balinesische Barong Maske Messing-Antik - #Indien-Haus\" \/>\n<meta name=\"twitter:description\" content=\"M\u00f6belgriff \/ T\u00fcrgriff balinesische Barong Maske Messing-Antik Material Messing aus Bali \/ Indonesien Figur\" \/>\n<meta name=\"twitter:image\" content=\"https:\/\/www.indien-haus.de\/wp-content\/uploads\/2020\/09\/PC08404-10pc.jpg\" \/>\n<meta name=\"twitter:site\" content=\"@Indien_Haus\" \/>\n<script type=\"application\/ld+json\" class=\"yoast-schema-graph\">{\"@context\":\"https:\/\/schema.org\",\"@graph\":[{\"@type\":\"WebPage\",\"@id\":\"https:\/\/www.indien-haus.de\/shop\/produkt\/moebelgriff-tuergriff-balinesische-barong-maske-messing-antik\/\",\"url\":\"https:\/\/www.indien-haus.de\/shop\/produkt\/moebelgriff-tuergriff-balinesische-barong-maske-messing-antik\/\",\"name\":\"M\u00f6belgriff \/ T\u00fcrgriff balinesische Barong Maske Messing-Antik - #Indien-Haus\",\"isPartOf\":{\"@id\":\"https:\/\/www.indien-haus.de\/shop\/#website\"},\"datePublished\":\"2022-04-23T11:42:08+00:00\",\"dateModified\":\"2025-12-14T12:47:14+00:00\",\"description\":\"M\u00f6belgriff \/ T\u00fcrgriff balinesische Barong Maske Messing-Antik Material Messing aus Bali \/ Indonesien Figur\",\"breadcrumb\":{\"@id\":\"https:\/\/www.indien-haus.de\/shop\/produkt\/moebelgriff-tuergriff-balinesische-barong-maske-messing-antik\/#breadcrumb\"},\"inLanguage\":\"de\",\"potentialAction\":[{\"@type\":\"ReadAction\",\"target\":[\"https:\/\/www.indien-haus.de\/shop\/produkt\/moebelgriff-tuergriff-balinesische-barong-maske-messing-antik\/\"]}]},{\"@type\":\"BreadcrumbList\",\"@id\":\"https:\/\/www.indien-haus.de\/shop\/produkt\/moebelgriff-tuergriff-balinesische-barong-maske-messing-antik\/#breadcrumb\",\"itemListElement\":[{\"@type\":\"ListItem\",\"position\":1,\"name\":\"Startseite\",\"item\":\"https:\/\/www.indien-haus.de\/shop\/start\/\"},{\"@type\":\"ListItem\",\"position\":2,\"name\":\"Shop\",\"item\":\"https:\/\/www.indien-haus.de\/shop\/shop\/\"},{\"@type\":\"ListItem\",\"position\":3,\"name\":\"M\u00f6belgriff \/ T\u00fcrgriff balinesische Barong Maske Messing-Antik\"}]},{\"@type\":\"WebSite\",\"@id\":\"https:\/\/www.indien-haus.de\/shop\/#website\",\"url\":\"https:\/\/www.indien-haus.de\/shop\/\",\"name\":\"Indien-Haus\",\"description\":\"M\u00f6bel &amp; Lampen &amp; Accessoires aus Asien in Mainz\",\"publisher\":{\"@id\":\"https:\/\/www.indien-haus.de\/shop\/#organization\"},\"potentialAction\":[{\"@type\":\"SearchAction\",\"target\":{\"@type\":\"EntryPoint\",\"urlTemplate\":\"https:\/\/www.indien-haus.de\/shop\/?s={search_term_string}\"},\"query-input\":\"required name=search_term_string\"}],\"inLanguage\":\"de\"},{\"@type\":\"Organization\",\"@id\":\"https:\/\/www.indien-haus.de\/shop\/#organization\",\"name\":\"Indien-Haus\",\"url\":\"https:\/\/www.indien-haus.de\/shop\/\",\"logo\":{\"@type\":\"ImageObject\",\"inLanguage\":\"de\",\"@id\":\"https:\/\/www.indien-haus.de\/shop\/#\/schema\/logo\/image\/\",\"url\":\"https:\/\/www.indien-haus.de\/wp-content\/uploads\/2014\/03\/indien-haus-logo3.png\",\"contentUrl\":\"https:\/\/www.indien-haus.de\/wp-content\/uploads\/2014\/03\/indien-haus-logo3.png\",\"width\":106,\"height\":116,\"caption\":\"Indien-Haus\"},\"image\":{\"@id\":\"https:\/\/www.indien-haus.de\/shop\/#\/schema\/logo\/image\/\"},\"sameAs\":[\"https:\/\/www.facebook.com\/INDIEN.HAUS.news\",\"https:\/\/twitter.com\/Indien_Haus\",\"https:\/\/www.instagram.com\/indien_haus_mainz\/\",\"https:\/\/www.pinterest.de\/indienhaus\/\",\"https:\/\/www.youtube.com\/user\/IndienHaus\"]}]}<\/script>\n<!-- \/ Yoast SEO plugin. -->","yoast_head_json":{"title":"M\u00f6belgriff \/ T\u00fcrgriff balinesische Barong Maske Messing-Antik - #Indien-Haus","description":"M\u00f6belgriff \/ T\u00fcrgriff balinesische Barong Maske Messing-Antik Material Messing aus Bali \/ Indonesien Figur","robots":{"index":"index","follow":"follow","max-snippet":"max-snippet:-1","max-image-preview":"max-image-preview:large","max-video-preview":"max-video-preview:-1"},"canonical":"https:\/\/www.indien-haus.de\/shop\/produkt\/moebelgriff-tuergriff-balinesische-barong-maske-messing-antik\/","twitter_card":"summary_large_image","twitter_title":"M\u00f6belgriff \/ T\u00fcrgriff balinesische Barong Maske Messing-Antik - #Indien-Haus","twitter_description":"M\u00f6belgriff \/ T\u00fcrgriff balinesische Barong Maske Messing-Antik Material Messing aus Bali \/ Indonesien Figur","twitter_image":"https:\/\/www.indien-haus.de\/wp-content\/uploads\/2020\/09\/PC08404-10pc.jpg","twitter_site":"@Indien_Haus","schema":{"@context":"https:\/\/schema.org","@graph":[{"@type":"WebPage","@id":"https:\/\/www.indien-haus.de\/shop\/produkt\/moebelgriff-tuergriff-balinesische-barong-maske-messing-antik\/","url":"https:\/\/www.indien-haus.de\/shop\/produkt\/moebelgriff-tuergriff-balinesische-barong-maske-messing-antik\/","name":"M\u00f6belgriff \/ T\u00fcrgriff balinesische Barong Maske Messing-Antik - #Indien-Haus","isPartOf":{"@id":"https:\/\/www.indien-haus.de\/shop\/#website"},"datePublished":"2022-04-23T11:42:08+00:00","dateModified":"2025-12-14T12:47:14+00:00","description":"M\u00f6belgriff \/ T\u00fcrgriff balinesische Barong Maske Messing-Antik Material Messing aus Bali \/ Indonesien Figur","breadcrumb":{"@id":"https:\/\/www.indien-haus.de\/shop\/produkt\/moebelgriff-tuergriff-balinesische-barong-maske-messing-antik\/#breadcrumb"},"inLanguage":"de","potentialAction":[{"@type":"ReadAction","target":["https:\/\/www.indien-haus.de\/shop\/produkt\/moebelgriff-tuergriff-balinesische-barong-maske-messing-antik\/"]}]},{"@type":"BreadcrumbList","@id":"https:\/\/www.indien-haus.de\/shop\/produkt\/moebelgriff-tuergriff-balinesische-barong-maske-messing-antik\/#breadcrumb","itemListElement":[{"@type":"ListItem","position":1,"name":"Startseite","item":"https:\/\/www.indien-haus.de\/shop\/start\/"},{"@type":"ListItem","position":2,"name":"Shop","item":"https:\/\/www.indien-haus.de\/shop\/shop\/"},{"@type":"ListItem","position":3,"name":"M\u00f6belgriff \/ T\u00fcrgriff balinesische Barong Maske Messing-Antik"}]},{"@type":"WebSite","@id":"https:\/\/www.indien-haus.de\/shop\/#website","url":"https:\/\/www.indien-haus.de\/shop\/","name":"Indien-Haus","description":"M\u00f6bel &amp; Lampen &amp; Accessoires aus Asien in Mainz","publisher":{"@id":"https:\/\/www.indien-haus.de\/shop\/#organization"},"potentialAction":[{"@type":"SearchAction","target":{"@type":"EntryPoint","urlTemplate":"https:\/\/www.indien-haus.de\/shop\/?s={search_term_string}"},"query-input":"required name=search_term_string"}],"inLanguage":"de"},{"@type":"Organization","@id":"https:\/\/www.indien-haus.de\/shop\/#organization","name":"Indien-Haus","url":"https:\/\/www.indien-haus.de\/shop\/","logo":{"@type":"ImageObject","inLanguage":"de","@id":"https:\/\/www.indien-haus.de\/shop\/#\/schema\/logo\/image\/","url":"https:\/\/www.indien-haus.de\/wp-content\/uploads\/2014\/03\/indien-haus-logo3.png","contentUrl":"https:\/\/www.indien-haus.de\/wp-content\/uploads\/2014\/03\/indien-haus-logo3.png","width":106,"height":116,"caption":"Indien-Haus"},"image":{"@id":"https:\/\/www.indien-haus.de\/shop\/#\/schema\/logo\/image\/"},"sameAs":["https:\/\/www.facebook.com\/INDIEN.HAUS.news","https:\/\/twitter.com\/Indien_Haus","https:\/\/www.instagram.com\/indien_haus_mainz\/","https:\/\/www.pinterest.de\/indienhaus\/","https:\/\/www.youtube.com\/user\/IndienHaus"]}]}},"_links":{"self":[{"href":"https:\/\/www.indien-haus.de\/shop\/wp-json\/wp\/v2\/product\/104980"}],"collection":[{"href":"https:\/\/www.indien-haus.de\/shop\/wp-json\/wp\/v2\/product"}],"about":[{"href":"https:\/\/www.indien-haus.de\/shop\/wp-json\/wp\/v2\/types\/product"}],"replies":[{"embeddable":true,"href":"https:\/\/www.indien-haus.de\/shop\/wp-json\/wp\/v2\/comments?post=104980"}],"wp:featuredmedia":[{"embeddable":true,"href":"https:\/\/www.indien-haus.de\/shop\/wp-json\/wp\/v2\/media\/105535"}],"wp:attachment":[{"href":"https:\/\/www.indien-haus.de\/shop\/wp-json\/wp\/v2\/media?parent=104980"}],"wp:term":[{"taxonomy":"product_cat","embeddable":true,"href":"https:\/\/www.indien-haus.de\/shop\/wp-json\/wp\/v2\/product_cat?post=104980"},{"taxonomy":"product_tag","embeddable":true,"href":"https:\/\/www.indien-haus.de\/shop\/wp-json\/wp\/v2\/product_tag?post=104980"}],"curies":[{"name":"wp","href":"https:\/\/api.w.org\/{rel}","templated":true}]}}