{"id":104986,"date":"2022-04-23T12:52:45","date_gmt":"2022-04-23T11:52:45","guid":{"rendered":"https:\/\/www.indien-haus.de\/?post_type=product&#038;p=104986"},"modified":"2025-09-13T10:34:15","modified_gmt":"2025-09-13T09:34:15","slug":"set-3-figuren-ganesha-hoert-nichts-sieht-nichts-sagt-nichts","status":"publish","type":"product","link":"https:\/\/www.indien-haus.de\/shop\/produkt\/set-3-figuren-ganesha-hoert-nichts-sieht-nichts-sagt-nichts\/","title":{"rendered":"SET 3 Figuren Ganesha h\u00f6rt nichts-sieht nichts-sagt nichts"},"content":{"rendered":"<p><strong>Ganesha\u00a0(Herr der Scharen)<\/strong><\/p>\n<p>ist eine der beliebtesten Formen des G\u00f6ttlichen im\u00a0Hinduismus.<\/p>\n<p>Weitere verbreitete Namen sind unter anderem: Ganapati = Gebieter der Scharen, Vinayaka = Entferner der Hindernisse, Vighnesha = Herr der Hindernisse, Vigneshvara = Zerst\u00f6rer der Hindernisse, Varada = der Wohltaten Schenkende, Siddhita = der, der Erfolg bei der Arbeit schenkt, Ekadanta = der mit dem einen Sto\u00dfzahn<\/p>\n<p>Ganesha ist der Gott &amp; \u201eHerr der Hindernisse\u201c, sowohl der Beseitiger als auch der Setzer von Hindernissen, wenn sich jemand ihm gegen\u00fcber respektlos verh\u00e4lt oder diese f\u00fcr ihn notwendig sind. Er ist der Herr &amp; Aufseher \u00fcber Shivas Gefolge &amp; der Vermittler zu seinem Vater &amp; damit G\u00f6tterbote.<\/p>\n<p><strong>Ganesha wird als naschhafter, gn\u00e4diger, g\u00fctiger, freundlicher, humorvoller, jovialer, kluger, menschlicher &amp; verspielter, schelmischer Gott vorgestellt, der oftmals Streiche spielt<\/strong>. Er ist einer der wichtigsten, popul\u00e4rsten, zug\u00e4nglichsten G\u00f6tter Indiens \u00fcberhaupt, der fast an jedem Stra\u00dfenschrein verehrt wird. Er ist der Sohn des\u00a0Shiva\u00a0&amp; der\u00a0Parvati, mit denen er zusammen das Idealbild einer Hindu-Familie verk\u00f6rpert. Ganesha ist von allen hinduistischen G\u00f6ttern der mit der gr\u00f6\u00dften Pr\u00e4senz und Popularit\u00e4t au\u00dferhalb Indiens.<\/p>\n<p>Er wird auch im\u00a0Buddhismus\u00a0&amp; im\u00a0Jainismus\u00a0verehrt.<\/p>\n<p>Jede (morgendliche)\u00a0Puja\u00a0(hinduistischer Gottesdienst) beginnt mit einem Gebet an Ganesha. Der Gl\u00fccksgott wird bei Er\u00f6ffnungsritualen (purvaranga) indischer Tanz- &amp; Theaterspielgattungen angerufen &amp; um Beistand gebeten. <strong>Ganesha wird gefragt, wenn man Gl\u00fcck, Erfolg oder gutes Gelingen f\u00fcr den Weg oder am Anfang einer neuen Unternehmung braucht<\/strong>, beispielsweise f\u00fcr eine Reise, Hochzeit, Hausbau, Gesch\u00e4ftspr\u00fcfung, Klausur oder den Beginn eines neuen Tages, er steht f\u00fcr jeden Neuanfang &amp; verk\u00f6rpert Weisheit &amp; \u00a0Intelligenz. Zu seinen Angelegenheiten geh\u00f6ren die Poesie, Musik, Tanz, Schrift &amp; Literatur, &amp; er ist der Herr \u00fcber die Wissenschaften &amp; Gott des Handels. Die meisten Kaufleute betrachten ihn als ihren Schutzherrn &amp; in fast jedem Laden ist eine Ganeshastatue zu finden. F\u00fcr viele fromme Hindus ist das erste, was in ein neues Haus kommt, eine Statue des Ganesha. Diese <strong>segnet das Haus &amp; verhei\u00dft Gl\u00fcck<\/strong>. Er ist auch auf fast jeder Hochzeitseinladungskarte zu finden.<\/p>\n<p>F\u00fcr viele hinduistische Str\u00f6mungen bedeutet Ganesha eine untergeordnete Manifestation des G\u00f6ttlichen, der Herr allen Anfangs. Andere dagegen, besonders im indischen Bundesstaat\u00a0Maharashtra\u00a0oder in einigen Gegenden S\u00fcdindiens, sehen in ihm die wichtigste Verk\u00f6rperung des formlosen H\u00f6chsten, des\u00a0Brahman.<\/p>\n<p><strong>Unter der Bezeichnung\u00a0Vinayaka\u00a0wird er auch im\u00a0Tantra\u00a0verehrt, wo er als begnadeter T\u00e4nzer &amp; beweglicher Liebhaber gilt<\/strong>, der mehrere Frauen zugleich begl\u00fccken kann.<\/p>\n","protected":false},"excerpt":{"rendered":"<p>SET 3 Figuren Ganesha h\u00f6rt nichts-sieht nichts-sagt nichts, Material Messing aus Bali &#8211; Indonesien.<\/p>\n<h4><strong>Ganesha \u2013 Symbolismus<\/strong><\/h4>\n<ul>\n<li>Gro\u00dfe Ohren\u00a0\u00a0\u00a0\u00a0\u00a0\u00a0\u00a0\u00a0\u00a0\u00a0\u00a0\u00a0\u00a0\u00a0\u00a0\u00a0\u00a0\u00a0\u00a0 \u2013 h\u00f6ren mehr<\/li>\n<li>Axt\u00a0\u00a0\u00a0\u00a0\u00a0\u00a0\u00a0\u00a0\u00a0\u00a0\u00a0\u00a0\u00a0\u00a0\u00a0\u00a0\u00a0\u00a0\u00a0\u00a0\u00a0\u00a0\u00a0\u00a0\u00a0\u00a0\u00a0\u00a0\u00a0\u00a0\u00a0\u00a0\u00a0\u00a0\u00a0\u00a0\u00a0 \u2013 um alle Bande der Befestigung abzuschneiden<\/li>\n<li>Kleiner Mund\u00a0\u00a0\u00a0\u00a0\u00a0\u00a0\u00a0\u00a0\u00a0\u00a0\u00a0\u00a0\u00a0\u00a0\u00a0\u00a0\u00a0\u00a0 \u2013 weniger sprechen<\/li>\n<li>Segen\u00a0\u00a0\u00a0\u00a0\u00a0\u00a0\u00a0\u00a0\u00a0\u00a0\u00a0\u00a0\u00a0\u00a0\u00a0\u00a0\u00a0\u00a0\u00a0\u00a0\u00a0\u00a0\u00a0\u00a0\u00a0\u00a0\u00a0\u00a0\u00a0\u00a0\u00a0\u00a0\u00a0 \u2013 segnet &amp; sch\u00fctzt auf spirituellem Weg zum H\u00f6chsten<\/li>\n<li>Gro\u00dfer Magen\u00a0\u00a0\u00a0\u00a0\u00a0\u00a0\u00a0\u00a0\u00a0\u00a0\u00a0\u00a0\u00a0 \u00a0 \u00a0 \u2013 um ruhig alle Gute &amp; Schlechte im Leben zu verdauen<\/li>\n<li>Opferspeisen\u00a0\u00a0\u00a0\u00a0\u00a0\u00a0\u00a0\u00a0\u00a0\u00a0 \u00a0 \u00a0\u00a0\u00a0\u00a0\u00a0\u00a0 \u2013 Die ganze Welt liegt euch zu F\u00fc\u00dfen &amp; wartet auf eure Vorstellung<\/li>\n<li>Gro\u00dfer Kopf\u00a0\u00a0\u00a0\u00a0\u00a0\u00a0\u00a0\u00a0\u00a0\u00a0\u00a0\u00a0\u00a0\u00a0\u00a0\u00a0\u00a0\u00a0\u00a0\u00a0\u00a0 \u2013 denke gro\u00df<\/li>\n<li>Kleine Augen\u00a0\u00a0\u00a0\u00a0\u00a0\u00a0\u00a0\u00a0\u00a0\u00a0\u00a0\u00a0\u00a0\u00a0\u00a0\u00a0\u00a0\u00a0\u00a0 \u2013 Konzentration<\/li>\n<li>Seil\u00a0\u00a0\u00a0\u00a0\u00a0\u00a0\u00a0\u00a0\u00a0\u00a0\u00a0\u00a0\u00a0\u00a0\u00a0\u00a0\u00a0\u00a0\u00a0\u00a0\u00a0\u00a0\u00a0\u00a0\u00a0\u00a0\u00a0\u00a0\u00a0\u00a0\u00a0\u00a0\u00a0\u00a0\u00a0\u00a0 \u2013 Um dich n\u00e4her an das h\u00f6chste Ziel zu ziehen<\/li>\n<li>Nur ein Sto\u00dfzahn\u00a0\u00a0\u00a0\u00a0\u00a0\u00a0\u00a0\u00a0\u00a0\u00a0\u00a0 \u2013 Behalte das Gute &amp; werfe weg das Schlechte<\/li>\n<li>Trunk\u00a0\u00a0\u00a0\u00a0\u00a0\u00a0\u00a0\u00a0\u00a0\u00a0\u00a0\u00a0\u00a0\u00a0\u00a0\u00a0\u00a0\u00a0\u00a0\u00a0\u00a0\u00a0\u00a0\u00a0\u00a0\u00a0\u00a0\u00a0\u00a0\u00a0\u00a0\u00a0 \u2013 f\u00fcr hohe Effizienz &amp; Anpassungsf\u00e4higkeit<\/li>\n<li>Fingerhirse\u00a0\u00a0\u00a0\u00a0\u00a0\u00a0\u00a0\u00a0\u00a0\u00a0\u00a0\u00a0\u00a0\u00a0\u00a0\u00a0\u00a0\u00a0\u00a0\u00a0\u00a0\u00a0 \u2013 Belohnung f\u00fcr die spirituelle Disziplin<\/li>\n<li>Maus\u00a0\u00a0\u00a0\u00a0\u00a0\u00a0\u00a0\u00a0\u00a0\u00a0\u00a0\u00a0\u00a0\u00a0\u00a0\u00a0\u00a0\u00a0\u00a0\u00a0\u00a0\u00a0\u00a0\u00a0\u00a0\u00a0\u00a0\u00a0\u00a0\u00a0\u00a0\u00a0\u00a0 \u2013 Verlangen. Du kontrolliert das Verlangen &amp; lass es nicht die Kontrolle \u00fcbernehmen, sonst droht Gefahr.<\/li>\n<\/ul>\n","protected":false},"featured_media":105426,"comment_status":"closed","ping_status":"closed","template":"","meta":[],"product_cat":[70],"product_tag":[4420,4813,1254],"yoast_head":"<!-- This site is optimized with the Yoast SEO plugin v22.0 - https:\/\/yoast.com\/wordpress\/plugins\/seo\/ -->\n<title>SET 3 Figuren Ganesha h\u00f6rt nichts-sieht nichts-sagt nichts - #Indien-Haus<\/title>\n<meta name=\"description\" content=\"SET 3 Figuren Ganesha h\u00f6rt nichts-sieht nichts-sagt nichts Material Messing aus Bali. finden Sie andere Figuren\/G\u00f6tter auf unserer Homepage\" \/>\n<meta name=\"robots\" content=\"index, follow, max-snippet:-1, max-image-preview:large, max-video-preview:-1\" \/>\n<link rel=\"canonical\" href=\"https:\/\/www.indien-haus.de\/shop\/produkt\/set-3-figuren-ganesha-hoert-nichts-sieht-nichts-sagt-nichts\/\" \/>\n<meta name=\"twitter:card\" content=\"summary_large_image\" \/>\n<meta name=\"twitter:title\" content=\"SET 3 Figuren Ganesha h\u00f6rt nichts-sieht nichts-sagt nichts - #Indien-Haus\" \/>\n<meta name=\"twitter:description\" content=\"SET 3 Figuren Ganesha h\u00f6rt nichts-sieht nichts-sagt nichts Material Messing aus Bali. finden Sie andere Figuren\/G\u00f6tter auf unserer Homepage\" \/>\n<meta name=\"twitter:image\" content=\"https:\/\/www.indien-haus.de\/wp-content\/uploads\/2020\/09\/PC08407-30sets.jpg\" \/>\n<meta name=\"twitter:site\" content=\"@Indien_Haus\" \/>\n<meta name=\"twitter:label1\" content=\"Gesch\u00e4tzte Lesezeit\" \/>\n\t<meta name=\"twitter:data1\" content=\"3\u00a0Minuten\" \/>\n<script type=\"application\/ld+json\" class=\"yoast-schema-graph\">{\"@context\":\"https:\/\/schema.org\",\"@graph\":[{\"@type\":\"WebPage\",\"@id\":\"https:\/\/www.indien-haus.de\/shop\/produkt\/set-3-figuren-ganesha-hoert-nichts-sieht-nichts-sagt-nichts\/\",\"url\":\"https:\/\/www.indien-haus.de\/shop\/produkt\/set-3-figuren-ganesha-hoert-nichts-sieht-nichts-sagt-nichts\/\",\"name\":\"SET 3 Figuren Ganesha h\u00f6rt nichts-sieht nichts-sagt nichts - #Indien-Haus\",\"isPartOf\":{\"@id\":\"https:\/\/www.indien-haus.de\/shop\/#website\"},\"datePublished\":\"2022-04-23T11:52:45+00:00\",\"dateModified\":\"2025-09-13T09:34:15+00:00\",\"description\":\"SET 3 Figuren Ganesha h\u00f6rt nichts-sieht nichts-sagt nichts Material Messing aus Bali. finden Sie andere Figuren\/G\u00f6tter auf unserer Homepage\",\"breadcrumb\":{\"@id\":\"https:\/\/www.indien-haus.de\/shop\/produkt\/set-3-figuren-ganesha-hoert-nichts-sieht-nichts-sagt-nichts\/#breadcrumb\"},\"inLanguage\":\"de\",\"potentialAction\":[{\"@type\":\"ReadAction\",\"target\":[\"https:\/\/www.indien-haus.de\/shop\/produkt\/set-3-figuren-ganesha-hoert-nichts-sieht-nichts-sagt-nichts\/\"]}]},{\"@type\":\"BreadcrumbList\",\"@id\":\"https:\/\/www.indien-haus.de\/shop\/produkt\/set-3-figuren-ganesha-hoert-nichts-sieht-nichts-sagt-nichts\/#breadcrumb\",\"itemListElement\":[{\"@type\":\"ListItem\",\"position\":1,\"name\":\"Startseite\",\"item\":\"https:\/\/www.indien-haus.de\/shop\/start\/\"},{\"@type\":\"ListItem\",\"position\":2,\"name\":\"Shop\",\"item\":\"https:\/\/www.indien-haus.de\/shop\/shop\/\"},{\"@type\":\"ListItem\",\"position\":3,\"name\":\"SET 3 Figuren Ganesha h\u00f6rt nichts-sieht nichts-sagt nichts\"}]},{\"@type\":\"WebSite\",\"@id\":\"https:\/\/www.indien-haus.de\/shop\/#website\",\"url\":\"https:\/\/www.indien-haus.de\/shop\/\",\"name\":\"Indien-Haus\",\"description\":\"M\u00f6bel &amp; Lampen &amp; Accessoires aus Asien in Mainz\",\"publisher\":{\"@id\":\"https:\/\/www.indien-haus.de\/shop\/#organization\"},\"potentialAction\":[{\"@type\":\"SearchAction\",\"target\":{\"@type\":\"EntryPoint\",\"urlTemplate\":\"https:\/\/www.indien-haus.de\/shop\/?s={search_term_string}\"},\"query-input\":\"required name=search_term_string\"}],\"inLanguage\":\"de\"},{\"@type\":\"Organization\",\"@id\":\"https:\/\/www.indien-haus.de\/shop\/#organization\",\"name\":\"Indien-Haus\",\"url\":\"https:\/\/www.indien-haus.de\/shop\/\",\"logo\":{\"@type\":\"ImageObject\",\"inLanguage\":\"de\",\"@id\":\"https:\/\/www.indien-haus.de\/shop\/#\/schema\/logo\/image\/\",\"url\":\"https:\/\/www.indien-haus.de\/wp-content\/uploads\/2014\/03\/indien-haus-logo3.png\",\"contentUrl\":\"https:\/\/www.indien-haus.de\/wp-content\/uploads\/2014\/03\/indien-haus-logo3.png\",\"width\":106,\"height\":116,\"caption\":\"Indien-Haus\"},\"image\":{\"@id\":\"https:\/\/www.indien-haus.de\/shop\/#\/schema\/logo\/image\/\"},\"sameAs\":[\"https:\/\/www.facebook.com\/INDIEN.HAUS.news\",\"https:\/\/twitter.com\/Indien_Haus\",\"https:\/\/www.instagram.com\/indien_haus_mainz\/\",\"https:\/\/www.pinterest.de\/indienhaus\/\",\"https:\/\/www.youtube.com\/user\/IndienHaus\"]}]}<\/script>\n<!-- \/ Yoast SEO plugin. -->","yoast_head_json":{"title":"SET 3 Figuren Ganesha h\u00f6rt nichts-sieht nichts-sagt nichts - #Indien-Haus","description":"SET 3 Figuren Ganesha h\u00f6rt nichts-sieht nichts-sagt nichts Material Messing aus Bali. finden Sie andere Figuren\/G\u00f6tter auf unserer Homepage","robots":{"index":"index","follow":"follow","max-snippet":"max-snippet:-1","max-image-preview":"max-image-preview:large","max-video-preview":"max-video-preview:-1"},"canonical":"https:\/\/www.indien-haus.de\/shop\/produkt\/set-3-figuren-ganesha-hoert-nichts-sieht-nichts-sagt-nichts\/","twitter_card":"summary_large_image","twitter_title":"SET 3 Figuren Ganesha h\u00f6rt nichts-sieht nichts-sagt nichts - #Indien-Haus","twitter_description":"SET 3 Figuren Ganesha h\u00f6rt nichts-sieht nichts-sagt nichts Material Messing aus Bali. finden Sie andere Figuren\/G\u00f6tter auf unserer Homepage","twitter_image":"https:\/\/www.indien-haus.de\/wp-content\/uploads\/2020\/09\/PC08407-30sets.jpg","twitter_site":"@Indien_Haus","twitter_misc":{"Gesch\u00e4tzte Lesezeit":"3\u00a0Minuten"},"schema":{"@context":"https:\/\/schema.org","@graph":[{"@type":"WebPage","@id":"https:\/\/www.indien-haus.de\/shop\/produkt\/set-3-figuren-ganesha-hoert-nichts-sieht-nichts-sagt-nichts\/","url":"https:\/\/www.indien-haus.de\/shop\/produkt\/set-3-figuren-ganesha-hoert-nichts-sieht-nichts-sagt-nichts\/","name":"SET 3 Figuren Ganesha h\u00f6rt nichts-sieht nichts-sagt nichts - #Indien-Haus","isPartOf":{"@id":"https:\/\/www.indien-haus.de\/shop\/#website"},"datePublished":"2022-04-23T11:52:45+00:00","dateModified":"2025-09-13T09:34:15+00:00","description":"SET 3 Figuren Ganesha h\u00f6rt nichts-sieht nichts-sagt nichts Material Messing aus Bali. finden Sie andere Figuren\/G\u00f6tter auf unserer Homepage","breadcrumb":{"@id":"https:\/\/www.indien-haus.de\/shop\/produkt\/set-3-figuren-ganesha-hoert-nichts-sieht-nichts-sagt-nichts\/#breadcrumb"},"inLanguage":"de","potentialAction":[{"@type":"ReadAction","target":["https:\/\/www.indien-haus.de\/shop\/produkt\/set-3-figuren-ganesha-hoert-nichts-sieht-nichts-sagt-nichts\/"]}]},{"@type":"BreadcrumbList","@id":"https:\/\/www.indien-haus.de\/shop\/produkt\/set-3-figuren-ganesha-hoert-nichts-sieht-nichts-sagt-nichts\/#breadcrumb","itemListElement":[{"@type":"ListItem","position":1,"name":"Startseite","item":"https:\/\/www.indien-haus.de\/shop\/start\/"},{"@type":"ListItem","position":2,"name":"Shop","item":"https:\/\/www.indien-haus.de\/shop\/shop\/"},{"@type":"ListItem","position":3,"name":"SET 3 Figuren Ganesha h\u00f6rt nichts-sieht nichts-sagt nichts"}]},{"@type":"WebSite","@id":"https:\/\/www.indien-haus.de\/shop\/#website","url":"https:\/\/www.indien-haus.de\/shop\/","name":"Indien-Haus","description":"M\u00f6bel &amp; Lampen &amp; Accessoires aus Asien in Mainz","publisher":{"@id":"https:\/\/www.indien-haus.de\/shop\/#organization"},"potentialAction":[{"@type":"SearchAction","target":{"@type":"EntryPoint","urlTemplate":"https:\/\/www.indien-haus.de\/shop\/?s={search_term_string}"},"query-input":"required name=search_term_string"}],"inLanguage":"de"},{"@type":"Organization","@id":"https:\/\/www.indien-haus.de\/shop\/#organization","name":"Indien-Haus","url":"https:\/\/www.indien-haus.de\/shop\/","logo":{"@type":"ImageObject","inLanguage":"de","@id":"https:\/\/www.indien-haus.de\/shop\/#\/schema\/logo\/image\/","url":"https:\/\/www.indien-haus.de\/wp-content\/uploads\/2014\/03\/indien-haus-logo3.png","contentUrl":"https:\/\/www.indien-haus.de\/wp-content\/uploads\/2014\/03\/indien-haus-logo3.png","width":106,"height":116,"caption":"Indien-Haus"},"image":{"@id":"https:\/\/www.indien-haus.de\/shop\/#\/schema\/logo\/image\/"},"sameAs":["https:\/\/www.facebook.com\/INDIEN.HAUS.news","https:\/\/twitter.com\/Indien_Haus","https:\/\/www.instagram.com\/indien_haus_mainz\/","https:\/\/www.pinterest.de\/indienhaus\/","https:\/\/www.youtube.com\/user\/IndienHaus"]}]}},"_links":{"self":[{"href":"https:\/\/www.indien-haus.de\/shop\/wp-json\/wp\/v2\/product\/104986"}],"collection":[{"href":"https:\/\/www.indien-haus.de\/shop\/wp-json\/wp\/v2\/product"}],"about":[{"href":"https:\/\/www.indien-haus.de\/shop\/wp-json\/wp\/v2\/types\/product"}],"replies":[{"embeddable":true,"href":"https:\/\/www.indien-haus.de\/shop\/wp-json\/wp\/v2\/comments?post=104986"}],"wp:featuredmedia":[{"embeddable":true,"href":"https:\/\/www.indien-haus.de\/shop\/wp-json\/wp\/v2\/media\/105426"}],"wp:attachment":[{"href":"https:\/\/www.indien-haus.de\/shop\/wp-json\/wp\/v2\/media?parent=104986"}],"wp:term":[{"taxonomy":"product_cat","embeddable":true,"href":"https:\/\/www.indien-haus.de\/shop\/wp-json\/wp\/v2\/product_cat?post=104986"},{"taxonomy":"product_tag","embeddable":true,"href":"https:\/\/www.indien-haus.de\/shop\/wp-json\/wp\/v2\/product_tag?post=104986"}],"curies":[{"name":"wp","href":"https:\/\/api.w.org\/{rel}","templated":true}]}}