{"id":105634,"date":"2022-05-06T17:51:04","date_gmt":"2022-05-06T16:51:04","guid":{"rendered":"https:\/\/www.indien-haus.de\/?post_type=product&#038;p=105634"},"modified":"2026-01-06T12:08:48","modified_gmt":"2026-01-06T11:08:48","slug":"wandbehang-namaste-in-den-chakrenfarben","status":"publish","type":"product","link":"https:\/\/www.indien-haus.de\/shop\/produkt\/wandbehang-namaste-in-den-chakrenfarben\/","title":{"rendered":"Wandbehang Namaste in den Chakrenfarben"},"content":{"rendered":"","protected":false},"excerpt":{"rendered":"<p>Wandbehang Namaste in den Chakrenfarben, Banner<\/p>\n<p>Namast\u00e9 ist eine Gru\u00dfformel, die dem Gegen\u00fcber gro\u00dfen Respekt ausdr\u00fcckt. Dabei erkennen wir auch das G\u00f6ttliche im Herzen der Menschen. Wie alle W\u00f6rter, die im Yoga \u00fcblicherweise verwendet werden, stammt auch Namast\u00e9 aus dem indischen Sanskrit. Das Wort setzt sich aus diesen Silben zusammen: nama: verbeugen und as: ich und t\u00e9: du<br \/>\nW\u00f6rtlich aus dem Sanskrit \u00fcbersetzt hei\u00dft Namast\u00e9 also so viel wie \u201cIch verbeuge mich vor dir\u201d. Doch der \u00fcbertragene Sinn geht viel tiefer. F\u00fcr die meisten Yogis hat es eine ganz eigene Bedeutung und einen hohen Stellenwert bei der Yogapraxis.<\/p>\n<p>Eine sehr ber\u00fchmte Definition hat Mahatma Gandhi gepr\u00e4gt. Er pflegte eine Freundschaft zu Albert Einstein, der ihn einmal nach der Bedeutung von Namast\u00e9 fragte. Daraufhin schrieb ihm Gandhi eine wunderbare Erkl\u00e4rung:<br \/>\n\u201cIch ehre den Platz in dir, in dem das gesamte Universum wohnt. Ich ehre den Platz des Lichts, der Liebe, der Wahrheit, des Friedens und der Weisheit in dir. Ich ehre den Platz in dir, wo, wenn du dort bist und auch ich dort bin, wir beide eins sind.\u201d \u2013 Mahatma Gandhi<\/p>\n","protected":false},"featured_media":105212,"comment_status":"closed","ping_status":"closed","template":"","meta":[],"product_cat":[6633],"product_tag":[4426],"yoast_head":"<!-- This site is optimized with the Yoast SEO plugin v22.0 - https:\/\/yoast.com\/wordpress\/plugins\/seo\/ -->\n<title>Wandbehang Namaste in den Chakrenfarben - #Indien-Haus<\/title>\n<meta name=\"description\" content=\"Wandbehang Namaste in den Chakrenfarben angefertigt aus Baumwolle und Mangoholz in Bali \/ Indonesien Feng Shui Willkommen\" \/>\n<meta name=\"robots\" content=\"index, follow, max-snippet:-1, max-image-preview:large, max-video-preview:-1\" \/>\n<link rel=\"canonical\" href=\"https:\/\/www.indien-haus.de\/shop\/produkt\/wandbehang-namaste-in-den-chakrenfarben\/\" \/>\n<meta name=\"twitter:card\" content=\"summary_large_image\" \/>\n<meta name=\"twitter:title\" content=\"Wandbehang Namaste in den Chakrenfarben - #Indien-Haus\" \/>\n<meta name=\"twitter:description\" content=\"Wandbehang Namaste in den Chakrenfarben angefertigt aus Baumwolle und Mangoholz in Bali \/ Indonesien Feng Shui Willkommen\" \/>\n<meta name=\"twitter:image\" content=\"https:\/\/www.indien-haus.de\/wp-content\/uploads\/2022\/04\/DL08457-100pc.jpg\" \/>\n<meta name=\"twitter:site\" content=\"@Indien_Haus\" \/>\n<meta name=\"twitter:label1\" content=\"Gesch\u00e4tzte Lesezeit\" \/>\n\t<meta name=\"twitter:data1\" content=\"1\u00a0Minute\" \/>\n<script type=\"application\/ld+json\" class=\"yoast-schema-graph\">{\"@context\":\"https:\/\/schema.org\",\"@graph\":[{\"@type\":\"WebPage\",\"@id\":\"https:\/\/www.indien-haus.de\/shop\/produkt\/wandbehang-namaste-in-den-chakrenfarben\/\",\"url\":\"https:\/\/www.indien-haus.de\/shop\/produkt\/wandbehang-namaste-in-den-chakrenfarben\/\",\"name\":\"Wandbehang Namaste in den Chakrenfarben - #Indien-Haus\",\"isPartOf\":{\"@id\":\"https:\/\/www.indien-haus.de\/shop\/#website\"},\"datePublished\":\"2022-05-06T16:51:04+00:00\",\"dateModified\":\"2026-01-06T11:08:48+00:00\",\"description\":\"Wandbehang Namaste in den Chakrenfarben angefertigt aus Baumwolle und Mangoholz in Bali \/ Indonesien Feng Shui Willkommen\",\"breadcrumb\":{\"@id\":\"https:\/\/www.indien-haus.de\/shop\/produkt\/wandbehang-namaste-in-den-chakrenfarben\/#breadcrumb\"},\"inLanguage\":\"de\",\"potentialAction\":[{\"@type\":\"ReadAction\",\"target\":[\"https:\/\/www.indien-haus.de\/shop\/produkt\/wandbehang-namaste-in-den-chakrenfarben\/\"]}]},{\"@type\":\"BreadcrumbList\",\"@id\":\"https:\/\/www.indien-haus.de\/shop\/produkt\/wandbehang-namaste-in-den-chakrenfarben\/#breadcrumb\",\"itemListElement\":[{\"@type\":\"ListItem\",\"position\":1,\"name\":\"Startseite\",\"item\":\"https:\/\/www.indien-haus.de\/shop\/start\/\"},{\"@type\":\"ListItem\",\"position\":2,\"name\":\"Shop\",\"item\":\"https:\/\/www.indien-haus.de\/shop\/shop\/\"},{\"@type\":\"ListItem\",\"position\":3,\"name\":\"Wandbehang Namaste in den Chakrenfarben\"}]},{\"@type\":\"WebSite\",\"@id\":\"https:\/\/www.indien-haus.de\/shop\/#website\",\"url\":\"https:\/\/www.indien-haus.de\/shop\/\",\"name\":\"Indien-Haus\",\"description\":\"M\u00f6bel &amp; Lampen &amp; Accessoires aus Asien in Mainz\",\"publisher\":{\"@id\":\"https:\/\/www.indien-haus.de\/shop\/#organization\"},\"potentialAction\":[{\"@type\":\"SearchAction\",\"target\":{\"@type\":\"EntryPoint\",\"urlTemplate\":\"https:\/\/www.indien-haus.de\/shop\/?s={search_term_string}\"},\"query-input\":\"required name=search_term_string\"}],\"inLanguage\":\"de\"},{\"@type\":\"Organization\",\"@id\":\"https:\/\/www.indien-haus.de\/shop\/#organization\",\"name\":\"Indien-Haus\",\"url\":\"https:\/\/www.indien-haus.de\/shop\/\",\"logo\":{\"@type\":\"ImageObject\",\"inLanguage\":\"de\",\"@id\":\"https:\/\/www.indien-haus.de\/shop\/#\/schema\/logo\/image\/\",\"url\":\"https:\/\/www.indien-haus.de\/wp-content\/uploads\/2014\/03\/indien-haus-logo3.png\",\"contentUrl\":\"https:\/\/www.indien-haus.de\/wp-content\/uploads\/2014\/03\/indien-haus-logo3.png\",\"width\":106,\"height\":116,\"caption\":\"Indien-Haus\"},\"image\":{\"@id\":\"https:\/\/www.indien-haus.de\/shop\/#\/schema\/logo\/image\/\"},\"sameAs\":[\"https:\/\/www.facebook.com\/INDIEN.HAUS.news\",\"https:\/\/twitter.com\/Indien_Haus\",\"https:\/\/www.instagram.com\/indien_haus_mainz\/\",\"https:\/\/www.pinterest.de\/indienhaus\/\",\"https:\/\/www.youtube.com\/user\/IndienHaus\"]}]}<\/script>\n<!-- \/ Yoast SEO plugin. -->","yoast_head_json":{"title":"Wandbehang Namaste in den Chakrenfarben - #Indien-Haus","description":"Wandbehang Namaste in den Chakrenfarben angefertigt aus Baumwolle und Mangoholz in Bali \/ Indonesien Feng Shui Willkommen","robots":{"index":"index","follow":"follow","max-snippet":"max-snippet:-1","max-image-preview":"max-image-preview:large","max-video-preview":"max-video-preview:-1"},"canonical":"https:\/\/www.indien-haus.de\/shop\/produkt\/wandbehang-namaste-in-den-chakrenfarben\/","twitter_card":"summary_large_image","twitter_title":"Wandbehang Namaste in den Chakrenfarben - #Indien-Haus","twitter_description":"Wandbehang Namaste in den Chakrenfarben angefertigt aus Baumwolle und Mangoholz in Bali \/ Indonesien Feng Shui Willkommen","twitter_image":"https:\/\/www.indien-haus.de\/wp-content\/uploads\/2022\/04\/DL08457-100pc.jpg","twitter_site":"@Indien_Haus","twitter_misc":{"Gesch\u00e4tzte Lesezeit":"1\u00a0Minute"},"schema":{"@context":"https:\/\/schema.org","@graph":[{"@type":"WebPage","@id":"https:\/\/www.indien-haus.de\/shop\/produkt\/wandbehang-namaste-in-den-chakrenfarben\/","url":"https:\/\/www.indien-haus.de\/shop\/produkt\/wandbehang-namaste-in-den-chakrenfarben\/","name":"Wandbehang Namaste in den Chakrenfarben - #Indien-Haus","isPartOf":{"@id":"https:\/\/www.indien-haus.de\/shop\/#website"},"datePublished":"2022-05-06T16:51:04+00:00","dateModified":"2026-01-06T11:08:48+00:00","description":"Wandbehang Namaste in den Chakrenfarben angefertigt aus Baumwolle und Mangoholz in Bali \/ Indonesien Feng Shui Willkommen","breadcrumb":{"@id":"https:\/\/www.indien-haus.de\/shop\/produkt\/wandbehang-namaste-in-den-chakrenfarben\/#breadcrumb"},"inLanguage":"de","potentialAction":[{"@type":"ReadAction","target":["https:\/\/www.indien-haus.de\/shop\/produkt\/wandbehang-namaste-in-den-chakrenfarben\/"]}]},{"@type":"BreadcrumbList","@id":"https:\/\/www.indien-haus.de\/shop\/produkt\/wandbehang-namaste-in-den-chakrenfarben\/#breadcrumb","itemListElement":[{"@type":"ListItem","position":1,"name":"Startseite","item":"https:\/\/www.indien-haus.de\/shop\/start\/"},{"@type":"ListItem","position":2,"name":"Shop","item":"https:\/\/www.indien-haus.de\/shop\/shop\/"},{"@type":"ListItem","position":3,"name":"Wandbehang Namaste in den Chakrenfarben"}]},{"@type":"WebSite","@id":"https:\/\/www.indien-haus.de\/shop\/#website","url":"https:\/\/www.indien-haus.de\/shop\/","name":"Indien-Haus","description":"M\u00f6bel &amp; Lampen &amp; Accessoires aus Asien in Mainz","publisher":{"@id":"https:\/\/www.indien-haus.de\/shop\/#organization"},"potentialAction":[{"@type":"SearchAction","target":{"@type":"EntryPoint","urlTemplate":"https:\/\/www.indien-haus.de\/shop\/?s={search_term_string}"},"query-input":"required name=search_term_string"}],"inLanguage":"de"},{"@type":"Organization","@id":"https:\/\/www.indien-haus.de\/shop\/#organization","name":"Indien-Haus","url":"https:\/\/www.indien-haus.de\/shop\/","logo":{"@type":"ImageObject","inLanguage":"de","@id":"https:\/\/www.indien-haus.de\/shop\/#\/schema\/logo\/image\/","url":"https:\/\/www.indien-haus.de\/wp-content\/uploads\/2014\/03\/indien-haus-logo3.png","contentUrl":"https:\/\/www.indien-haus.de\/wp-content\/uploads\/2014\/03\/indien-haus-logo3.png","width":106,"height":116,"caption":"Indien-Haus"},"image":{"@id":"https:\/\/www.indien-haus.de\/shop\/#\/schema\/logo\/image\/"},"sameAs":["https:\/\/www.facebook.com\/INDIEN.HAUS.news","https:\/\/twitter.com\/Indien_Haus","https:\/\/www.instagram.com\/indien_haus_mainz\/","https:\/\/www.pinterest.de\/indienhaus\/","https:\/\/www.youtube.com\/user\/IndienHaus"]}]}},"_links":{"self":[{"href":"https:\/\/www.indien-haus.de\/shop\/wp-json\/wp\/v2\/product\/105634"}],"collection":[{"href":"https:\/\/www.indien-haus.de\/shop\/wp-json\/wp\/v2\/product"}],"about":[{"href":"https:\/\/www.indien-haus.de\/shop\/wp-json\/wp\/v2\/types\/product"}],"replies":[{"embeddable":true,"href":"https:\/\/www.indien-haus.de\/shop\/wp-json\/wp\/v2\/comments?post=105634"}],"wp:featuredmedia":[{"embeddable":true,"href":"https:\/\/www.indien-haus.de\/shop\/wp-json\/wp\/v2\/media\/105212"}],"wp:attachment":[{"href":"https:\/\/www.indien-haus.de\/shop\/wp-json\/wp\/v2\/media?parent=105634"}],"wp:term":[{"taxonomy":"product_cat","embeddable":true,"href":"https:\/\/www.indien-haus.de\/shop\/wp-json\/wp\/v2\/product_cat?post=105634"},{"taxonomy":"product_tag","embeddable":true,"href":"https:\/\/www.indien-haus.de\/shop\/wp-json\/wp\/v2\/product_tag?post=105634"}],"curies":[{"name":"wp","href":"https:\/\/api.w.org\/{rel}","templated":true}]}}