{"id":105656,"date":"2022-05-07T10:51:10","date_gmt":"2022-05-07T09:51:10","guid":{"rendered":"https:\/\/www.indien-haus.de\/?post_type=product&#038;p=105656"},"modified":"2025-04-02T15:15:04","modified_gmt":"2025-04-02T14:15:04","slug":"wandbehang-shri-yantra-mit-om-zeichen-im-lotus","status":"publish","type":"product","link":"https:\/\/www.indien-haus.de\/shop\/produkt\/wandbehang-shri-yantra-mit-om-zeichen-im-lotus\/","title":{"rendered":"Wandbehang Shri Yantra mit OM-Zeichen im Lotus"},"content":{"rendered":"","protected":false},"excerpt":{"rendered":"<p>Wandbehang Shri Yantra mit OM-Zeichen im Lotus<\/p>\n<p>Shri Yantra gilt als das heiligste und bedeutendste Yantra. Ein Yantra ist ein geometrisches Diagramm von starker Wirkkraft. Shri Yantra ist das Diagramm der G\u00f6ttin Shri. Shri ist meist die Bezeichnung f\u00fcr Lakshmi. Shri wird aber manchmal auch als Ehrentitel f\u00fcr Devi, die G\u00f6ttin an sich bezeichnet. So gibt es Shri Yantra, Shri Mantra und Shri Vidya. Mahameru ist wie das dreidimensionale Shri Yantra. Der gro\u00dfe Meister Shankaracharya hat das Shri Yantra sehr gesch\u00e4tzt und auch die Puja, das Shri Yantra Sthapana, beschrieben.<\/p>\n<p>OM-Zeichen ist eine Silbe, die bei Hindus, Jainas und Buddhisten als heilig gilt. Der Laut ist eng verbunden mit dem durchdringenden tiefen Klang des shankha-Schneckenhorns. Vielen Mantren, die aus mehreren W\u00f6rtern bestehen, wird die Silbe Om vorangestellt, beispielsweise dem buddhistischen Mantra Om mani padme hum. Unter anderem symbolisiert es die Triade von Vishnu, Shiva und Brahma.<\/p>\n","protected":false},"featured_media":105268,"comment_status":"closed","ping_status":"closed","template":"","meta":[],"product_cat":[6633],"product_tag":[4426,371],"yoast_head":"<!-- This site is optimized with the Yoast SEO plugin v22.0 - https:\/\/yoast.com\/wordpress\/plugins\/seo\/ -->\n<title>Wandbehang Shri Yantra mit OM-Zeichen im Lotus - #Indien-Haus<\/title>\n<meta name=\"description\" content=\"Wandbehang Shri Yantra mit OM-Zeichen im Lotus, angefertigt in Bali \/ Indonesien. Andere F\u00e4hnchen, Banner etc. auf unserer Homepage\" \/>\n<meta name=\"robots\" content=\"index, follow, max-snippet:-1, max-image-preview:large, max-video-preview:-1\" \/>\n<link rel=\"canonical\" href=\"https:\/\/www.indien-haus.de\/shop\/produkt\/wandbehang-shri-yantra-mit-om-zeichen-im-lotus\/\" \/>\n<meta name=\"twitter:card\" content=\"summary_large_image\" \/>\n<meta name=\"twitter:title\" content=\"Wandbehang Shri Yantra mit OM-Zeichen im Lotus - #Indien-Haus\" \/>\n<meta name=\"twitter:description\" content=\"Wandbehang Shri Yantra mit OM-Zeichen im Lotus, angefertigt in Bali \/ Indonesien. Andere F\u00e4hnchen, Banner etc. auf unserer Homepage\" \/>\n<meta name=\"twitter:image\" content=\"https:\/\/www.indien-haus.de\/wp-content\/uploads\/2022\/04\/DL08471-30pc.jpg\" \/>\n<meta name=\"twitter:site\" content=\"@Indien_Haus\" \/>\n<meta name=\"twitter:label1\" content=\"Gesch\u00e4tzte Lesezeit\" \/>\n\t<meta name=\"twitter:data1\" content=\"1\u00a0Minute\" \/>\n<script type=\"application\/ld+json\" class=\"yoast-schema-graph\">{\"@context\":\"https:\/\/schema.org\",\"@graph\":[{\"@type\":\"WebPage\",\"@id\":\"https:\/\/www.indien-haus.de\/shop\/produkt\/wandbehang-shri-yantra-mit-om-zeichen-im-lotus\/\",\"url\":\"https:\/\/www.indien-haus.de\/shop\/produkt\/wandbehang-shri-yantra-mit-om-zeichen-im-lotus\/\",\"name\":\"Wandbehang Shri Yantra mit OM-Zeichen im Lotus - #Indien-Haus\",\"isPartOf\":{\"@id\":\"https:\/\/www.indien-haus.de\/shop\/#website\"},\"datePublished\":\"2022-05-07T09:51:10+00:00\",\"dateModified\":\"2025-04-02T14:15:04+00:00\",\"description\":\"Wandbehang Shri Yantra mit OM-Zeichen im Lotus, angefertigt in Bali \/ Indonesien. Andere F\u00e4hnchen, Banner etc. auf unserer Homepage\",\"breadcrumb\":{\"@id\":\"https:\/\/www.indien-haus.de\/shop\/produkt\/wandbehang-shri-yantra-mit-om-zeichen-im-lotus\/#breadcrumb\"},\"inLanguage\":\"de\",\"potentialAction\":[{\"@type\":\"ReadAction\",\"target\":[\"https:\/\/www.indien-haus.de\/shop\/produkt\/wandbehang-shri-yantra-mit-om-zeichen-im-lotus\/\"]}]},{\"@type\":\"BreadcrumbList\",\"@id\":\"https:\/\/www.indien-haus.de\/shop\/produkt\/wandbehang-shri-yantra-mit-om-zeichen-im-lotus\/#breadcrumb\",\"itemListElement\":[{\"@type\":\"ListItem\",\"position\":1,\"name\":\"Startseite\",\"item\":\"https:\/\/www.indien-haus.de\/shop\/start\/\"},{\"@type\":\"ListItem\",\"position\":2,\"name\":\"Shop\",\"item\":\"https:\/\/www.indien-haus.de\/shop\/shop\/\"},{\"@type\":\"ListItem\",\"position\":3,\"name\":\"Wandbehang Shri Yantra mit OM-Zeichen im Lotus\"}]},{\"@type\":\"WebSite\",\"@id\":\"https:\/\/www.indien-haus.de\/shop\/#website\",\"url\":\"https:\/\/www.indien-haus.de\/shop\/\",\"name\":\"Indien-Haus\",\"description\":\"M\u00f6bel &amp; Lampen &amp; Accessoires aus Asien in Mainz\",\"publisher\":{\"@id\":\"https:\/\/www.indien-haus.de\/shop\/#organization\"},\"potentialAction\":[{\"@type\":\"SearchAction\",\"target\":{\"@type\":\"EntryPoint\",\"urlTemplate\":\"https:\/\/www.indien-haus.de\/shop\/?s={search_term_string}\"},\"query-input\":\"required name=search_term_string\"}],\"inLanguage\":\"de\"},{\"@type\":\"Organization\",\"@id\":\"https:\/\/www.indien-haus.de\/shop\/#organization\",\"name\":\"Indien-Haus\",\"url\":\"https:\/\/www.indien-haus.de\/shop\/\",\"logo\":{\"@type\":\"ImageObject\",\"inLanguage\":\"de\",\"@id\":\"https:\/\/www.indien-haus.de\/shop\/#\/schema\/logo\/image\/\",\"url\":\"https:\/\/www.indien-haus.de\/wp-content\/uploads\/2014\/03\/indien-haus-logo3.png\",\"contentUrl\":\"https:\/\/www.indien-haus.de\/wp-content\/uploads\/2014\/03\/indien-haus-logo3.png\",\"width\":106,\"height\":116,\"caption\":\"Indien-Haus\"},\"image\":{\"@id\":\"https:\/\/www.indien-haus.de\/shop\/#\/schema\/logo\/image\/\"},\"sameAs\":[\"https:\/\/www.facebook.com\/INDIEN.HAUS.news\",\"https:\/\/twitter.com\/Indien_Haus\",\"https:\/\/www.instagram.com\/indien_haus_mainz\/\",\"https:\/\/www.pinterest.de\/indienhaus\/\",\"https:\/\/www.youtube.com\/user\/IndienHaus\"]}]}<\/script>\n<!-- \/ Yoast SEO plugin. -->","yoast_head_json":{"title":"Wandbehang Shri Yantra mit OM-Zeichen im Lotus - #Indien-Haus","description":"Wandbehang Shri Yantra mit OM-Zeichen im Lotus, angefertigt in Bali \/ Indonesien. Andere F\u00e4hnchen, Banner etc. auf unserer Homepage","robots":{"index":"index","follow":"follow","max-snippet":"max-snippet:-1","max-image-preview":"max-image-preview:large","max-video-preview":"max-video-preview:-1"},"canonical":"https:\/\/www.indien-haus.de\/shop\/produkt\/wandbehang-shri-yantra-mit-om-zeichen-im-lotus\/","twitter_card":"summary_large_image","twitter_title":"Wandbehang Shri Yantra mit OM-Zeichen im Lotus - #Indien-Haus","twitter_description":"Wandbehang Shri Yantra mit OM-Zeichen im Lotus, angefertigt in Bali \/ Indonesien. Andere F\u00e4hnchen, Banner etc. auf unserer Homepage","twitter_image":"https:\/\/www.indien-haus.de\/wp-content\/uploads\/2022\/04\/DL08471-30pc.jpg","twitter_site":"@Indien_Haus","twitter_misc":{"Gesch\u00e4tzte Lesezeit":"1\u00a0Minute"},"schema":{"@context":"https:\/\/schema.org","@graph":[{"@type":"WebPage","@id":"https:\/\/www.indien-haus.de\/shop\/produkt\/wandbehang-shri-yantra-mit-om-zeichen-im-lotus\/","url":"https:\/\/www.indien-haus.de\/shop\/produkt\/wandbehang-shri-yantra-mit-om-zeichen-im-lotus\/","name":"Wandbehang Shri Yantra mit OM-Zeichen im Lotus - #Indien-Haus","isPartOf":{"@id":"https:\/\/www.indien-haus.de\/shop\/#website"},"datePublished":"2022-05-07T09:51:10+00:00","dateModified":"2025-04-02T14:15:04+00:00","description":"Wandbehang Shri Yantra mit OM-Zeichen im Lotus, angefertigt in Bali \/ Indonesien. Andere F\u00e4hnchen, Banner etc. auf unserer Homepage","breadcrumb":{"@id":"https:\/\/www.indien-haus.de\/shop\/produkt\/wandbehang-shri-yantra-mit-om-zeichen-im-lotus\/#breadcrumb"},"inLanguage":"de","potentialAction":[{"@type":"ReadAction","target":["https:\/\/www.indien-haus.de\/shop\/produkt\/wandbehang-shri-yantra-mit-om-zeichen-im-lotus\/"]}]},{"@type":"BreadcrumbList","@id":"https:\/\/www.indien-haus.de\/shop\/produkt\/wandbehang-shri-yantra-mit-om-zeichen-im-lotus\/#breadcrumb","itemListElement":[{"@type":"ListItem","position":1,"name":"Startseite","item":"https:\/\/www.indien-haus.de\/shop\/start\/"},{"@type":"ListItem","position":2,"name":"Shop","item":"https:\/\/www.indien-haus.de\/shop\/shop\/"},{"@type":"ListItem","position":3,"name":"Wandbehang Shri Yantra mit OM-Zeichen im Lotus"}]},{"@type":"WebSite","@id":"https:\/\/www.indien-haus.de\/shop\/#website","url":"https:\/\/www.indien-haus.de\/shop\/","name":"Indien-Haus","description":"M\u00f6bel &amp; Lampen &amp; Accessoires aus Asien in Mainz","publisher":{"@id":"https:\/\/www.indien-haus.de\/shop\/#organization"},"potentialAction":[{"@type":"SearchAction","target":{"@type":"EntryPoint","urlTemplate":"https:\/\/www.indien-haus.de\/shop\/?s={search_term_string}"},"query-input":"required name=search_term_string"}],"inLanguage":"de"},{"@type":"Organization","@id":"https:\/\/www.indien-haus.de\/shop\/#organization","name":"Indien-Haus","url":"https:\/\/www.indien-haus.de\/shop\/","logo":{"@type":"ImageObject","inLanguage":"de","@id":"https:\/\/www.indien-haus.de\/shop\/#\/schema\/logo\/image\/","url":"https:\/\/www.indien-haus.de\/wp-content\/uploads\/2014\/03\/indien-haus-logo3.png","contentUrl":"https:\/\/www.indien-haus.de\/wp-content\/uploads\/2014\/03\/indien-haus-logo3.png","width":106,"height":116,"caption":"Indien-Haus"},"image":{"@id":"https:\/\/www.indien-haus.de\/shop\/#\/schema\/logo\/image\/"},"sameAs":["https:\/\/www.facebook.com\/INDIEN.HAUS.news","https:\/\/twitter.com\/Indien_Haus","https:\/\/www.instagram.com\/indien_haus_mainz\/","https:\/\/www.pinterest.de\/indienhaus\/","https:\/\/www.youtube.com\/user\/IndienHaus"]}]}},"_links":{"self":[{"href":"https:\/\/www.indien-haus.de\/shop\/wp-json\/wp\/v2\/product\/105656"}],"collection":[{"href":"https:\/\/www.indien-haus.de\/shop\/wp-json\/wp\/v2\/product"}],"about":[{"href":"https:\/\/www.indien-haus.de\/shop\/wp-json\/wp\/v2\/types\/product"}],"replies":[{"embeddable":true,"href":"https:\/\/www.indien-haus.de\/shop\/wp-json\/wp\/v2\/comments?post=105656"}],"wp:featuredmedia":[{"embeddable":true,"href":"https:\/\/www.indien-haus.de\/shop\/wp-json\/wp\/v2\/media\/105268"}],"wp:attachment":[{"href":"https:\/\/www.indien-haus.de\/shop\/wp-json\/wp\/v2\/media?parent=105656"}],"wp:term":[{"taxonomy":"product_cat","embeddable":true,"href":"https:\/\/www.indien-haus.de\/shop\/wp-json\/wp\/v2\/product_cat?post=105656"},{"taxonomy":"product_tag","embeddable":true,"href":"https:\/\/www.indien-haus.de\/shop\/wp-json\/wp\/v2\/product_tag?post=105656"}],"curies":[{"name":"wp","href":"https:\/\/api.w.org\/{rel}","templated":true}]}}