{"id":105657,"date":"2022-05-07T10:54:59","date_gmt":"2022-05-07T09:54:59","guid":{"rendered":"https:\/\/www.indien-haus.de\/?post_type=product&#038;p=105657"},"modified":"2025-04-02T15:36:09","modified_gmt":"2025-04-02T14:36:09","slug":"wandbehang-chakren-lady-mit-lotus","status":"publish","type":"product","link":"https:\/\/www.indien-haus.de\/shop\/produkt\/wandbehang-chakren-lady-mit-lotus\/","title":{"rendered":"Wandbehang Chakren Lady mit Lotus"},"content":{"rendered":"","protected":false},"excerpt":{"rendered":"<p>Wandbehang Chakren Lady mit Lotus<\/p>\n<p>Was sind die Chakren?<br \/>\nDie feinstofflichen Energiestr\u00f6me im K\u00f6rper (Nadis) kreuzen sich an bestimmten Knotenpunkten &amp; bilden energetische Zentren \u2013 die sogenannten Chakren. Es gibt tausende Chakren im K\u00f6rper. Die 7 Hauptchakren sind von besonderer Bedeutung &amp; stehen f\u00fcr das ganze Spektrum unserer Lebensthemen. Chakra ist Sanskrit und bedeutet: Rad, Kreis oder Diskus. Die Chakren befinden sich in st\u00e4ndiger Kreisbewegung, was bewirkt, dass Energie ins Innere der Chakren hineingezogen wird. Jedes Chakra schwingt in einer Farbe &amp; hat einen k\u00f6rperlichen Bezug. Die unteren Chakren schwingen langsamer. Sie sind den Grundbed\u00fcrfnissen &amp; Emotionen zugeordnet. Die oberen Chakren schwingen h\u00f6her &amp; entsprechen den spirituellen F\u00e4higkeiten.<\/p>\n<p>Blockaden der Chakren<br \/>\nAngst bewirkt ein Zusammenziehen der Chakren, was dazu f\u00fchrt, dass die Energie nicht ungehindert flie\u00dfen kann. Die Chakra-Blockaden verst\u00e4rken in der Regel die Angst und das Gef\u00fchl der Getrenntheit weiter. Durch L\u00f6sen der Blockaden versuchen wir die verlorengegangene Einheit wiederzugewinnen.<\/p>\n","protected":false},"featured_media":105271,"comment_status":"closed","ping_status":"closed","template":"","meta":[],"product_cat":[6633],"product_tag":[4426,371],"yoast_head":"<!-- This site is optimized with the Yoast SEO plugin v22.0 - https:\/\/yoast.com\/wordpress\/plugins\/seo\/ -->\n<title>Wandbehang Chakren Lady mit Lotus - #Indien-Haus<\/title>\n<meta name=\"description\" content=\"Wandbehang Chakren Lady mit Lotus, angefertigt in Bali \/ Indonesien. Andere F\u00e4hnchen, Banner etc. auf unserer Homepage\" \/>\n<meta name=\"robots\" content=\"index, follow, max-snippet:-1, max-image-preview:large, max-video-preview:-1\" \/>\n<link rel=\"canonical\" href=\"https:\/\/www.indien-haus.de\/shop\/produkt\/wandbehang-chakren-lady-mit-lotus\/\" \/>\n<meta name=\"twitter:card\" content=\"summary_large_image\" \/>\n<meta name=\"twitter:title\" content=\"Wandbehang Chakren Lady mit Lotus - #Indien-Haus\" \/>\n<meta name=\"twitter:description\" content=\"Wandbehang Chakren Lady mit Lotus, angefertigt in Bali \/ Indonesien. Andere F\u00e4hnchen, Banner etc. auf unserer Homepage\" \/>\n<meta name=\"twitter:image\" content=\"https:\/\/www.indien-haus.de\/wp-content\/uploads\/2022\/04\/DL08472-30pc.jpg\" \/>\n<meta name=\"twitter:site\" content=\"@Indien_Haus\" \/>\n<meta name=\"twitter:label1\" content=\"Gesch\u00e4tzte Lesezeit\" \/>\n\t<meta name=\"twitter:data1\" content=\"1\u00a0Minute\" \/>\n<script type=\"application\/ld+json\" class=\"yoast-schema-graph\">{\"@context\":\"https:\/\/schema.org\",\"@graph\":[{\"@type\":\"WebPage\",\"@id\":\"https:\/\/www.indien-haus.de\/shop\/produkt\/wandbehang-chakren-lady-mit-lotus\/\",\"url\":\"https:\/\/www.indien-haus.de\/shop\/produkt\/wandbehang-chakren-lady-mit-lotus\/\",\"name\":\"Wandbehang Chakren Lady mit Lotus - #Indien-Haus\",\"isPartOf\":{\"@id\":\"https:\/\/www.indien-haus.de\/shop\/#website\"},\"datePublished\":\"2022-05-07T09:54:59+00:00\",\"dateModified\":\"2025-04-02T14:36:09+00:00\",\"description\":\"Wandbehang Chakren Lady mit Lotus, angefertigt in Bali \/ Indonesien. Andere F\u00e4hnchen, Banner etc. auf unserer Homepage\",\"breadcrumb\":{\"@id\":\"https:\/\/www.indien-haus.de\/shop\/produkt\/wandbehang-chakren-lady-mit-lotus\/#breadcrumb\"},\"inLanguage\":\"de\",\"potentialAction\":[{\"@type\":\"ReadAction\",\"target\":[\"https:\/\/www.indien-haus.de\/shop\/produkt\/wandbehang-chakren-lady-mit-lotus\/\"]}]},{\"@type\":\"BreadcrumbList\",\"@id\":\"https:\/\/www.indien-haus.de\/shop\/produkt\/wandbehang-chakren-lady-mit-lotus\/#breadcrumb\",\"itemListElement\":[{\"@type\":\"ListItem\",\"position\":1,\"name\":\"Startseite\",\"item\":\"https:\/\/www.indien-haus.de\/shop\/start\/\"},{\"@type\":\"ListItem\",\"position\":2,\"name\":\"Shop\",\"item\":\"https:\/\/www.indien-haus.de\/shop\/shop\/\"},{\"@type\":\"ListItem\",\"position\":3,\"name\":\"Wandbehang Chakren Lady mit Lotus\"}]},{\"@type\":\"WebSite\",\"@id\":\"https:\/\/www.indien-haus.de\/shop\/#website\",\"url\":\"https:\/\/www.indien-haus.de\/shop\/\",\"name\":\"Indien-Haus\",\"description\":\"M\u00f6bel &amp; Lampen &amp; Accessoires aus Asien in Mainz\",\"publisher\":{\"@id\":\"https:\/\/www.indien-haus.de\/shop\/#organization\"},\"potentialAction\":[{\"@type\":\"SearchAction\",\"target\":{\"@type\":\"EntryPoint\",\"urlTemplate\":\"https:\/\/www.indien-haus.de\/shop\/?s={search_term_string}\"},\"query-input\":\"required name=search_term_string\"}],\"inLanguage\":\"de\"},{\"@type\":\"Organization\",\"@id\":\"https:\/\/www.indien-haus.de\/shop\/#organization\",\"name\":\"Indien-Haus\",\"url\":\"https:\/\/www.indien-haus.de\/shop\/\",\"logo\":{\"@type\":\"ImageObject\",\"inLanguage\":\"de\",\"@id\":\"https:\/\/www.indien-haus.de\/shop\/#\/schema\/logo\/image\/\",\"url\":\"https:\/\/www.indien-haus.de\/wp-content\/uploads\/2014\/03\/indien-haus-logo3.png\",\"contentUrl\":\"https:\/\/www.indien-haus.de\/wp-content\/uploads\/2014\/03\/indien-haus-logo3.png\",\"width\":106,\"height\":116,\"caption\":\"Indien-Haus\"},\"image\":{\"@id\":\"https:\/\/www.indien-haus.de\/shop\/#\/schema\/logo\/image\/\"},\"sameAs\":[\"https:\/\/www.facebook.com\/INDIEN.HAUS.news\",\"https:\/\/twitter.com\/Indien_Haus\",\"https:\/\/www.instagram.com\/indien_haus_mainz\/\",\"https:\/\/www.pinterest.de\/indienhaus\/\",\"https:\/\/www.youtube.com\/user\/IndienHaus\"]}]}<\/script>\n<!-- \/ Yoast SEO plugin. -->","yoast_head_json":{"title":"Wandbehang Chakren Lady mit Lotus - #Indien-Haus","description":"Wandbehang Chakren Lady mit Lotus, angefertigt in Bali \/ Indonesien. Andere F\u00e4hnchen, Banner etc. auf unserer Homepage","robots":{"index":"index","follow":"follow","max-snippet":"max-snippet:-1","max-image-preview":"max-image-preview:large","max-video-preview":"max-video-preview:-1"},"canonical":"https:\/\/www.indien-haus.de\/shop\/produkt\/wandbehang-chakren-lady-mit-lotus\/","twitter_card":"summary_large_image","twitter_title":"Wandbehang Chakren Lady mit Lotus - #Indien-Haus","twitter_description":"Wandbehang Chakren Lady mit Lotus, angefertigt in Bali \/ Indonesien. Andere F\u00e4hnchen, Banner etc. auf unserer Homepage","twitter_image":"https:\/\/www.indien-haus.de\/wp-content\/uploads\/2022\/04\/DL08472-30pc.jpg","twitter_site":"@Indien_Haus","twitter_misc":{"Gesch\u00e4tzte Lesezeit":"1\u00a0Minute"},"schema":{"@context":"https:\/\/schema.org","@graph":[{"@type":"WebPage","@id":"https:\/\/www.indien-haus.de\/shop\/produkt\/wandbehang-chakren-lady-mit-lotus\/","url":"https:\/\/www.indien-haus.de\/shop\/produkt\/wandbehang-chakren-lady-mit-lotus\/","name":"Wandbehang Chakren Lady mit Lotus - #Indien-Haus","isPartOf":{"@id":"https:\/\/www.indien-haus.de\/shop\/#website"},"datePublished":"2022-05-07T09:54:59+00:00","dateModified":"2025-04-02T14:36:09+00:00","description":"Wandbehang Chakren Lady mit Lotus, angefertigt in Bali \/ Indonesien. Andere F\u00e4hnchen, Banner etc. auf unserer Homepage","breadcrumb":{"@id":"https:\/\/www.indien-haus.de\/shop\/produkt\/wandbehang-chakren-lady-mit-lotus\/#breadcrumb"},"inLanguage":"de","potentialAction":[{"@type":"ReadAction","target":["https:\/\/www.indien-haus.de\/shop\/produkt\/wandbehang-chakren-lady-mit-lotus\/"]}]},{"@type":"BreadcrumbList","@id":"https:\/\/www.indien-haus.de\/shop\/produkt\/wandbehang-chakren-lady-mit-lotus\/#breadcrumb","itemListElement":[{"@type":"ListItem","position":1,"name":"Startseite","item":"https:\/\/www.indien-haus.de\/shop\/start\/"},{"@type":"ListItem","position":2,"name":"Shop","item":"https:\/\/www.indien-haus.de\/shop\/shop\/"},{"@type":"ListItem","position":3,"name":"Wandbehang Chakren Lady mit Lotus"}]},{"@type":"WebSite","@id":"https:\/\/www.indien-haus.de\/shop\/#website","url":"https:\/\/www.indien-haus.de\/shop\/","name":"Indien-Haus","description":"M\u00f6bel &amp; Lampen &amp; Accessoires aus Asien in Mainz","publisher":{"@id":"https:\/\/www.indien-haus.de\/shop\/#organization"},"potentialAction":[{"@type":"SearchAction","target":{"@type":"EntryPoint","urlTemplate":"https:\/\/www.indien-haus.de\/shop\/?s={search_term_string}"},"query-input":"required name=search_term_string"}],"inLanguage":"de"},{"@type":"Organization","@id":"https:\/\/www.indien-haus.de\/shop\/#organization","name":"Indien-Haus","url":"https:\/\/www.indien-haus.de\/shop\/","logo":{"@type":"ImageObject","inLanguage":"de","@id":"https:\/\/www.indien-haus.de\/shop\/#\/schema\/logo\/image\/","url":"https:\/\/www.indien-haus.de\/wp-content\/uploads\/2014\/03\/indien-haus-logo3.png","contentUrl":"https:\/\/www.indien-haus.de\/wp-content\/uploads\/2014\/03\/indien-haus-logo3.png","width":106,"height":116,"caption":"Indien-Haus"},"image":{"@id":"https:\/\/www.indien-haus.de\/shop\/#\/schema\/logo\/image\/"},"sameAs":["https:\/\/www.facebook.com\/INDIEN.HAUS.news","https:\/\/twitter.com\/Indien_Haus","https:\/\/www.instagram.com\/indien_haus_mainz\/","https:\/\/www.pinterest.de\/indienhaus\/","https:\/\/www.youtube.com\/user\/IndienHaus"]}]}},"_links":{"self":[{"href":"https:\/\/www.indien-haus.de\/shop\/wp-json\/wp\/v2\/product\/105657"}],"collection":[{"href":"https:\/\/www.indien-haus.de\/shop\/wp-json\/wp\/v2\/product"}],"about":[{"href":"https:\/\/www.indien-haus.de\/shop\/wp-json\/wp\/v2\/types\/product"}],"replies":[{"embeddable":true,"href":"https:\/\/www.indien-haus.de\/shop\/wp-json\/wp\/v2\/comments?post=105657"}],"wp:featuredmedia":[{"embeddable":true,"href":"https:\/\/www.indien-haus.de\/shop\/wp-json\/wp\/v2\/media\/105271"}],"wp:attachment":[{"href":"https:\/\/www.indien-haus.de\/shop\/wp-json\/wp\/v2\/media?parent=105657"}],"wp:term":[{"taxonomy":"product_cat","embeddable":true,"href":"https:\/\/www.indien-haus.de\/shop\/wp-json\/wp\/v2\/product_cat?post=105657"},{"taxonomy":"product_tag","embeddable":true,"href":"https:\/\/www.indien-haus.de\/shop\/wp-json\/wp\/v2\/product_tag?post=105657"}],"curies":[{"name":"wp","href":"https:\/\/api.w.org\/{rel}","templated":true}]}}