{"id":105778,"date":"2022-05-13T11:43:39","date_gmt":"2022-05-13T10:43:39","guid":{"rendered":"https:\/\/www.indien-haus.de\/?post_type=product&#038;p=105778"},"modified":"2024-06-27T16:13:40","modified_gmt":"2024-06-27T15:13:40","slug":"schlaufenvorhang-leinen-apfelgruen-230x150","status":"publish","type":"product","link":"https:\/\/www.indien-haus.de\/shop\/produkt\/schlaufenvorhang-leinen-apfelgruen-230x150\/","title":{"rendered":"Schlaufenvorhang Leinen apfelgr\u00fcn 230&#215;150"},"content":{"rendered":"","protected":false},"excerpt":{"rendered":"<p>Schlaufenvorhang Leinen apfelgr\u00fcn 230&#215;150 hergestellt aus Leinen in Bali &#8211; Indonesien mit Dekokn\u00f6pfen aus Palmholz.<\/p>\n<p>Apfelgr\u00fcn ist eine erfrischende und lebendige Farbe, die einen Hauch von Natur und Frische vermittelt. Es kann auch beruhigend wirken und gut zu verschiedenen Dekorationsstilen passen.<\/p>\n<p>Leinen ist ein nat\u00fcrliches Material, das f\u00fcr seine Atmungsaktivit\u00e4t, Strapazierf\u00e4higkeit und luxuri\u00f6se Textur bekannt ist. Der Vorhang aus Leinen kann das Licht gut filtern und gleichzeitig eine nat\u00fcrliche und rustikale Note in den Raum bringen.<\/p>\n<p>Der Vorhang verf\u00fcgt \u00fcber Schlaufen, die es einfach machen, ihn aufzuh\u00e4ngen und anzupassen. Da er 230&#215;150 cm gro\u00df ist, ist er ideal f\u00fcr Fenster oder T\u00fcren in verschiedenen R\u00e4umen.<\/p>\n<p>Herstellung auf Bali hei\u00dft, dass das Kissen von lokalen Handwerkern von Hand gefertigt wurde und traditionelle Handwerkstechniken verwendet wurden.<\/p>\n<p>Handw\u00e4sche in kaltem Wasser!<\/p>\n","protected":false},"featured_media":111553,"comment_status":"closed","ping_status":"closed","template":"","meta":[],"product_cat":[70],"product_tag":[2089,772],"yoast_head":"<!-- This site is optimized with the Yoast SEO plugin v22.0 - https:\/\/yoast.com\/wordpress\/plugins\/seo\/ -->\n<title>Schlaufenvorhang Leinen apfelgr\u00fcn 230x150 - #Indien-Haus<\/title>\n<meta name=\"description\" content=\"Schlaufenvorhang Leinen apfelgr\u00fcn 230x150 hergestellt aus Baumwolle mit Dekokn\u00f6pfen. Die Schlaufen sind mit Klettverschluss zu \u00f6ffnen und zu schlie\u00dfen.\" \/>\n<meta name=\"robots\" content=\"index, follow, max-snippet:-1, max-image-preview:large, max-video-preview:-1\" \/>\n<link rel=\"canonical\" href=\"https:\/\/www.indien-haus.de\/shop\/produkt\/schlaufenvorhang-leinen-apfelgruen-230x150\/\" \/>\n<meta name=\"twitter:card\" content=\"summary_large_image\" \/>\n<meta name=\"twitter:title\" content=\"Schlaufenvorhang Leinen apfelgr\u00fcn 230x150 - #Indien-Haus\" \/>\n<meta name=\"twitter:description\" content=\"Schlaufenvorhang Leinen apfelgr\u00fcn 230x150 hergestellt aus Baumwolle mit Dekokn\u00f6pfen. Die Schlaufen sind mit Klettverschluss zu \u00f6ffnen und zu schlie\u00dfen.\" \/>\n<meta name=\"twitter:image\" content=\"https:\/\/www.indien-haus.de\/wp-content\/uploads\/2022\/05\/DL08488-3-9pc.jpg\" \/>\n<meta name=\"twitter:site\" content=\"@Indien_Haus\" \/>\n<meta name=\"twitter:label1\" content=\"Gesch\u00e4tzte Lesezeit\" \/>\n\t<meta name=\"twitter:data1\" content=\"1\u00a0Minute\" \/>\n<script type=\"application\/ld+json\" class=\"yoast-schema-graph\">{\"@context\":\"https:\/\/schema.org\",\"@graph\":[{\"@type\":\"WebPage\",\"@id\":\"https:\/\/www.indien-haus.de\/shop\/produkt\/schlaufenvorhang-leinen-apfelgruen-230x150\/\",\"url\":\"https:\/\/www.indien-haus.de\/shop\/produkt\/schlaufenvorhang-leinen-apfelgruen-230x150\/\",\"name\":\"Schlaufenvorhang Leinen apfelgr\u00fcn 230x150 - #Indien-Haus\",\"isPartOf\":{\"@id\":\"https:\/\/www.indien-haus.de\/shop\/#website\"},\"datePublished\":\"2022-05-13T10:43:39+00:00\",\"dateModified\":\"2024-06-27T15:13:40+00:00\",\"description\":\"Schlaufenvorhang Leinen apfelgr\u00fcn 230x150 hergestellt aus Baumwolle mit Dekokn\u00f6pfen. Die Schlaufen sind mit Klettverschluss zu \u00f6ffnen und zu schlie\u00dfen.\",\"breadcrumb\":{\"@id\":\"https:\/\/www.indien-haus.de\/shop\/produkt\/schlaufenvorhang-leinen-apfelgruen-230x150\/#breadcrumb\"},\"inLanguage\":\"de\",\"potentialAction\":[{\"@type\":\"ReadAction\",\"target\":[\"https:\/\/www.indien-haus.de\/shop\/produkt\/schlaufenvorhang-leinen-apfelgruen-230x150\/\"]}]},{\"@type\":\"BreadcrumbList\",\"@id\":\"https:\/\/www.indien-haus.de\/shop\/produkt\/schlaufenvorhang-leinen-apfelgruen-230x150\/#breadcrumb\",\"itemListElement\":[{\"@type\":\"ListItem\",\"position\":1,\"name\":\"Startseite\",\"item\":\"https:\/\/www.indien-haus.de\/shop\/start\/\"},{\"@type\":\"ListItem\",\"position\":2,\"name\":\"Shop\",\"item\":\"https:\/\/www.indien-haus.de\/shop\/shop\/\"},{\"@type\":\"ListItem\",\"position\":3,\"name\":\"Schlaufenvorhang Leinen apfelgr\u00fcn 230&#215;150\"}]},{\"@type\":\"WebSite\",\"@id\":\"https:\/\/www.indien-haus.de\/shop\/#website\",\"url\":\"https:\/\/www.indien-haus.de\/shop\/\",\"name\":\"Indien-Haus\",\"description\":\"M\u00f6bel &amp; Lampen &amp; Accessoires aus Asien in Mainz\",\"publisher\":{\"@id\":\"https:\/\/www.indien-haus.de\/shop\/#organization\"},\"potentialAction\":[{\"@type\":\"SearchAction\",\"target\":{\"@type\":\"EntryPoint\",\"urlTemplate\":\"https:\/\/www.indien-haus.de\/shop\/?s={search_term_string}\"},\"query-input\":\"required name=search_term_string\"}],\"inLanguage\":\"de\"},{\"@type\":\"Organization\",\"@id\":\"https:\/\/www.indien-haus.de\/shop\/#organization\",\"name\":\"Indien-Haus\",\"url\":\"https:\/\/www.indien-haus.de\/shop\/\",\"logo\":{\"@type\":\"ImageObject\",\"inLanguage\":\"de\",\"@id\":\"https:\/\/www.indien-haus.de\/shop\/#\/schema\/logo\/image\/\",\"url\":\"https:\/\/www.indien-haus.de\/wp-content\/uploads\/2014\/03\/indien-haus-logo3.png\",\"contentUrl\":\"https:\/\/www.indien-haus.de\/wp-content\/uploads\/2014\/03\/indien-haus-logo3.png\",\"width\":106,\"height\":116,\"caption\":\"Indien-Haus\"},\"image\":{\"@id\":\"https:\/\/www.indien-haus.de\/shop\/#\/schema\/logo\/image\/\"},\"sameAs\":[\"https:\/\/www.facebook.com\/INDIEN.HAUS.news\",\"https:\/\/twitter.com\/Indien_Haus\",\"https:\/\/www.instagram.com\/indien_haus_mainz\/\",\"https:\/\/www.pinterest.de\/indienhaus\/\",\"https:\/\/www.youtube.com\/user\/IndienHaus\"]}]}<\/script>\n<!-- \/ Yoast SEO plugin. -->","yoast_head_json":{"title":"Schlaufenvorhang Leinen apfelgr\u00fcn 230x150 - #Indien-Haus","description":"Schlaufenvorhang Leinen apfelgr\u00fcn 230x150 hergestellt aus Baumwolle mit Dekokn\u00f6pfen. Die Schlaufen sind mit Klettverschluss zu \u00f6ffnen und zu schlie\u00dfen.","robots":{"index":"index","follow":"follow","max-snippet":"max-snippet:-1","max-image-preview":"max-image-preview:large","max-video-preview":"max-video-preview:-1"},"canonical":"https:\/\/www.indien-haus.de\/shop\/produkt\/schlaufenvorhang-leinen-apfelgruen-230x150\/","twitter_card":"summary_large_image","twitter_title":"Schlaufenvorhang Leinen apfelgr\u00fcn 230x150 - #Indien-Haus","twitter_description":"Schlaufenvorhang Leinen apfelgr\u00fcn 230x150 hergestellt aus Baumwolle mit Dekokn\u00f6pfen. Die Schlaufen sind mit Klettverschluss zu \u00f6ffnen und zu schlie\u00dfen.","twitter_image":"https:\/\/www.indien-haus.de\/wp-content\/uploads\/2022\/05\/DL08488-3-9pc.jpg","twitter_site":"@Indien_Haus","twitter_misc":{"Gesch\u00e4tzte Lesezeit":"1\u00a0Minute"},"schema":{"@context":"https:\/\/schema.org","@graph":[{"@type":"WebPage","@id":"https:\/\/www.indien-haus.de\/shop\/produkt\/schlaufenvorhang-leinen-apfelgruen-230x150\/","url":"https:\/\/www.indien-haus.de\/shop\/produkt\/schlaufenvorhang-leinen-apfelgruen-230x150\/","name":"Schlaufenvorhang Leinen apfelgr\u00fcn 230x150 - #Indien-Haus","isPartOf":{"@id":"https:\/\/www.indien-haus.de\/shop\/#website"},"datePublished":"2022-05-13T10:43:39+00:00","dateModified":"2024-06-27T15:13:40+00:00","description":"Schlaufenvorhang Leinen apfelgr\u00fcn 230x150 hergestellt aus Baumwolle mit Dekokn\u00f6pfen. Die Schlaufen sind mit Klettverschluss zu \u00f6ffnen und zu schlie\u00dfen.","breadcrumb":{"@id":"https:\/\/www.indien-haus.de\/shop\/produkt\/schlaufenvorhang-leinen-apfelgruen-230x150\/#breadcrumb"},"inLanguage":"de","potentialAction":[{"@type":"ReadAction","target":["https:\/\/www.indien-haus.de\/shop\/produkt\/schlaufenvorhang-leinen-apfelgruen-230x150\/"]}]},{"@type":"BreadcrumbList","@id":"https:\/\/www.indien-haus.de\/shop\/produkt\/schlaufenvorhang-leinen-apfelgruen-230x150\/#breadcrumb","itemListElement":[{"@type":"ListItem","position":1,"name":"Startseite","item":"https:\/\/www.indien-haus.de\/shop\/start\/"},{"@type":"ListItem","position":2,"name":"Shop","item":"https:\/\/www.indien-haus.de\/shop\/shop\/"},{"@type":"ListItem","position":3,"name":"Schlaufenvorhang Leinen apfelgr\u00fcn 230&#215;150"}]},{"@type":"WebSite","@id":"https:\/\/www.indien-haus.de\/shop\/#website","url":"https:\/\/www.indien-haus.de\/shop\/","name":"Indien-Haus","description":"M\u00f6bel &amp; Lampen &amp; Accessoires aus Asien in Mainz","publisher":{"@id":"https:\/\/www.indien-haus.de\/shop\/#organization"},"potentialAction":[{"@type":"SearchAction","target":{"@type":"EntryPoint","urlTemplate":"https:\/\/www.indien-haus.de\/shop\/?s={search_term_string}"},"query-input":"required name=search_term_string"}],"inLanguage":"de"},{"@type":"Organization","@id":"https:\/\/www.indien-haus.de\/shop\/#organization","name":"Indien-Haus","url":"https:\/\/www.indien-haus.de\/shop\/","logo":{"@type":"ImageObject","inLanguage":"de","@id":"https:\/\/www.indien-haus.de\/shop\/#\/schema\/logo\/image\/","url":"https:\/\/www.indien-haus.de\/wp-content\/uploads\/2014\/03\/indien-haus-logo3.png","contentUrl":"https:\/\/www.indien-haus.de\/wp-content\/uploads\/2014\/03\/indien-haus-logo3.png","width":106,"height":116,"caption":"Indien-Haus"},"image":{"@id":"https:\/\/www.indien-haus.de\/shop\/#\/schema\/logo\/image\/"},"sameAs":["https:\/\/www.facebook.com\/INDIEN.HAUS.news","https:\/\/twitter.com\/Indien_Haus","https:\/\/www.instagram.com\/indien_haus_mainz\/","https:\/\/www.pinterest.de\/indienhaus\/","https:\/\/www.youtube.com\/user\/IndienHaus"]}]}},"_links":{"self":[{"href":"https:\/\/www.indien-haus.de\/shop\/wp-json\/wp\/v2\/product\/105778"}],"collection":[{"href":"https:\/\/www.indien-haus.de\/shop\/wp-json\/wp\/v2\/product"}],"about":[{"href":"https:\/\/www.indien-haus.de\/shop\/wp-json\/wp\/v2\/types\/product"}],"replies":[{"embeddable":true,"href":"https:\/\/www.indien-haus.de\/shop\/wp-json\/wp\/v2\/comments?post=105778"}],"wp:featuredmedia":[{"embeddable":true,"href":"https:\/\/www.indien-haus.de\/shop\/wp-json\/wp\/v2\/media\/111553"}],"wp:attachment":[{"href":"https:\/\/www.indien-haus.de\/shop\/wp-json\/wp\/v2\/media?parent=105778"}],"wp:term":[{"taxonomy":"product_cat","embeddable":true,"href":"https:\/\/www.indien-haus.de\/shop\/wp-json\/wp\/v2\/product_cat?post=105778"},{"taxonomy":"product_tag","embeddable":true,"href":"https:\/\/www.indien-haus.de\/shop\/wp-json\/wp\/v2\/product_tag?post=105778"}],"curies":[{"name":"wp","href":"https:\/\/api.w.org\/{rel}","templated":true}]}}