{"id":105781,"date":"2022-05-13T11:51:16","date_gmt":"2022-05-13T10:51:16","guid":{"rendered":"https:\/\/www.indien-haus.de\/?post_type=product&#038;p=105781"},"modified":"2026-04-13T16:07:33","modified_gmt":"2026-04-13T15:07:33","slug":"schlaufenvorhang-leinen-rot-230x150","status":"publish","type":"product","link":"https:\/\/www.indien-haus.de\/shop\/produkt\/schlaufenvorhang-leinen-rot-230x150\/","title":{"rendered":"Schlaufenvorhang Leinen rot 230&#215;150"},"content":{"rendered":"","protected":false},"excerpt":{"rendered":"<p>Schlaufenvorhang Leinen rot 230&#215;150 hergestellt aus Leinen in Bali &#8211; Indonesien mit Dekokn\u00f6pfen aus Palmholz.<\/p>\n<p>Leinen ist ein nat\u00fcrliches Material, das f\u00fcr seine Atmungsaktivit\u00e4t, Strapazierf\u00e4higkeit und luxuri\u00f6se Textur bekannt ist. Der Vorhang aus Leinen kann das Licht gut filtern und gleichzeitig eine nat\u00fcrliche und rustikale Note in den Raum bringen.<\/p>\n<p>Die Farbe Rot kann eine lebendige und warme Wirkung haben. Es ist eine Farbe, die Energie und Leidenschaft ausstrahlen kann und sich gut in verschiedene Dekorationsstile einf\u00fcgt.<\/p>\n<p>Die Dekokn\u00f6pfe aus Palmholz verleihen dem Vorhang eine nat\u00fcrliche und rustikale Note. Palmholz ist ein umweltfreundliches Material, das aus nachhaltigen Quellen gewonnen wird und f\u00fcr seine Haltbarkeit und Sch\u00f6nheit gesch\u00e4tzt wird.<\/p>\n<p>Herstellung auf Bali hei\u00dft, dass das Kissen von lokalen Handwerkern von Hand gefertigt wurde und traditionelle Handwerkstechniken verwendet wurden.<\/p>\n<p>Handw\u00e4sche in kaltem Wasser!<\/p>\n","protected":false},"featured_media":111543,"comment_status":"closed","ping_status":"closed","template":"","meta":[],"product_cat":[70,6633],"product_tag":[2089,559],"yoast_head":"<!-- This site is optimized with the Yoast SEO plugin v22.0 - https:\/\/yoast.com\/wordpress\/plugins\/seo\/ -->\n<title>Schlaufenvorhang Leinen rot 230x150 - #Indien-Haus<\/title>\n<meta name=\"description\" content=\"Schlaufenvorhang Leinen rot 230x150 hergestellt aus Baumwolle mit Dekokn\u00f6pfen. Die Schlaufen sind mit Klettverschluss zu \u00f6ffnen und zu schlie\u00dfen.\" \/>\n<meta name=\"robots\" content=\"index, follow, max-snippet:-1, max-image-preview:large, max-video-preview:-1\" \/>\n<link rel=\"canonical\" href=\"https:\/\/www.indien-haus.de\/shop\/produkt\/schlaufenvorhang-leinen-rot-230x150\/\" \/>\n<meta name=\"twitter:card\" content=\"summary_large_image\" \/>\n<meta name=\"twitter:title\" content=\"Schlaufenvorhang Leinen rot 230x150 - #Indien-Haus\" \/>\n<meta name=\"twitter:description\" content=\"Schlaufenvorhang Leinen rot 230x150 hergestellt aus Baumwolle mit Dekokn\u00f6pfen. Die Schlaufen sind mit Klettverschluss zu \u00f6ffnen und zu schlie\u00dfen.\" \/>\n<meta name=\"twitter:image\" content=\"https:\/\/www.indien-haus.de\/wp-content\/uploads\/2022\/05\/DL08488-5-30pc.jpg\" \/>\n<meta name=\"twitter:site\" content=\"@Indien_Haus\" \/>\n<meta name=\"twitter:label1\" content=\"Gesch\u00e4tzte Lesezeit\" \/>\n\t<meta name=\"twitter:data1\" content=\"1\u00a0Minute\" \/>\n<script type=\"application\/ld+json\" class=\"yoast-schema-graph\">{\"@context\":\"https:\/\/schema.org\",\"@graph\":[{\"@type\":\"WebPage\",\"@id\":\"https:\/\/www.indien-haus.de\/shop\/produkt\/schlaufenvorhang-leinen-rot-230x150\/\",\"url\":\"https:\/\/www.indien-haus.de\/shop\/produkt\/schlaufenvorhang-leinen-rot-230x150\/\",\"name\":\"Schlaufenvorhang Leinen rot 230x150 - #Indien-Haus\",\"isPartOf\":{\"@id\":\"https:\/\/www.indien-haus.de\/shop\/#website\"},\"datePublished\":\"2022-05-13T10:51:16+00:00\",\"dateModified\":\"2026-04-13T15:07:33+00:00\",\"description\":\"Schlaufenvorhang Leinen rot 230x150 hergestellt aus Baumwolle mit Dekokn\u00f6pfen. Die Schlaufen sind mit Klettverschluss zu \u00f6ffnen und zu schlie\u00dfen.\",\"breadcrumb\":{\"@id\":\"https:\/\/www.indien-haus.de\/shop\/produkt\/schlaufenvorhang-leinen-rot-230x150\/#breadcrumb\"},\"inLanguage\":\"de\",\"potentialAction\":[{\"@type\":\"ReadAction\",\"target\":[\"https:\/\/www.indien-haus.de\/shop\/produkt\/schlaufenvorhang-leinen-rot-230x150\/\"]}]},{\"@type\":\"BreadcrumbList\",\"@id\":\"https:\/\/www.indien-haus.de\/shop\/produkt\/schlaufenvorhang-leinen-rot-230x150\/#breadcrumb\",\"itemListElement\":[{\"@type\":\"ListItem\",\"position\":1,\"name\":\"Startseite\",\"item\":\"https:\/\/www.indien-haus.de\/shop\/start\/\"},{\"@type\":\"ListItem\",\"position\":2,\"name\":\"Shop\",\"item\":\"https:\/\/www.indien-haus.de\/shop\/shop\/\"},{\"@type\":\"ListItem\",\"position\":3,\"name\":\"Schlaufenvorhang Leinen rot 230&#215;150\"}]},{\"@type\":\"WebSite\",\"@id\":\"https:\/\/www.indien-haus.de\/shop\/#website\",\"url\":\"https:\/\/www.indien-haus.de\/shop\/\",\"name\":\"Indien-Haus\",\"description\":\"M\u00f6bel &amp; Lampen &amp; Accessoires aus Asien in Mainz\",\"publisher\":{\"@id\":\"https:\/\/www.indien-haus.de\/shop\/#organization\"},\"potentialAction\":[{\"@type\":\"SearchAction\",\"target\":{\"@type\":\"EntryPoint\",\"urlTemplate\":\"https:\/\/www.indien-haus.de\/shop\/?s={search_term_string}\"},\"query-input\":\"required name=search_term_string\"}],\"inLanguage\":\"de\"},{\"@type\":\"Organization\",\"@id\":\"https:\/\/www.indien-haus.de\/shop\/#organization\",\"name\":\"Indien-Haus\",\"url\":\"https:\/\/www.indien-haus.de\/shop\/\",\"logo\":{\"@type\":\"ImageObject\",\"inLanguage\":\"de\",\"@id\":\"https:\/\/www.indien-haus.de\/shop\/#\/schema\/logo\/image\/\",\"url\":\"https:\/\/www.indien-haus.de\/wp-content\/uploads\/2014\/03\/indien-haus-logo3.png\",\"contentUrl\":\"https:\/\/www.indien-haus.de\/wp-content\/uploads\/2014\/03\/indien-haus-logo3.png\",\"width\":106,\"height\":116,\"caption\":\"Indien-Haus\"},\"image\":{\"@id\":\"https:\/\/www.indien-haus.de\/shop\/#\/schema\/logo\/image\/\"},\"sameAs\":[\"https:\/\/www.facebook.com\/INDIEN.HAUS.news\",\"https:\/\/twitter.com\/Indien_Haus\",\"https:\/\/www.instagram.com\/indien_haus_mainz\/\",\"https:\/\/www.pinterest.de\/indienhaus\/\",\"https:\/\/www.youtube.com\/user\/IndienHaus\"]}]}<\/script>\n<!-- \/ Yoast SEO plugin. -->","yoast_head_json":{"title":"Schlaufenvorhang Leinen rot 230x150 - #Indien-Haus","description":"Schlaufenvorhang Leinen rot 230x150 hergestellt aus Baumwolle mit Dekokn\u00f6pfen. Die Schlaufen sind mit Klettverschluss zu \u00f6ffnen und zu schlie\u00dfen.","robots":{"index":"index","follow":"follow","max-snippet":"max-snippet:-1","max-image-preview":"max-image-preview:large","max-video-preview":"max-video-preview:-1"},"canonical":"https:\/\/www.indien-haus.de\/shop\/produkt\/schlaufenvorhang-leinen-rot-230x150\/","twitter_card":"summary_large_image","twitter_title":"Schlaufenvorhang Leinen rot 230x150 - #Indien-Haus","twitter_description":"Schlaufenvorhang Leinen rot 230x150 hergestellt aus Baumwolle mit Dekokn\u00f6pfen. Die Schlaufen sind mit Klettverschluss zu \u00f6ffnen und zu schlie\u00dfen.","twitter_image":"https:\/\/www.indien-haus.de\/wp-content\/uploads\/2022\/05\/DL08488-5-30pc.jpg","twitter_site":"@Indien_Haus","twitter_misc":{"Gesch\u00e4tzte Lesezeit":"1\u00a0Minute"},"schema":{"@context":"https:\/\/schema.org","@graph":[{"@type":"WebPage","@id":"https:\/\/www.indien-haus.de\/shop\/produkt\/schlaufenvorhang-leinen-rot-230x150\/","url":"https:\/\/www.indien-haus.de\/shop\/produkt\/schlaufenvorhang-leinen-rot-230x150\/","name":"Schlaufenvorhang Leinen rot 230x150 - #Indien-Haus","isPartOf":{"@id":"https:\/\/www.indien-haus.de\/shop\/#website"},"datePublished":"2022-05-13T10:51:16+00:00","dateModified":"2026-04-13T15:07:33+00:00","description":"Schlaufenvorhang Leinen rot 230x150 hergestellt aus Baumwolle mit Dekokn\u00f6pfen. Die Schlaufen sind mit Klettverschluss zu \u00f6ffnen und zu schlie\u00dfen.","breadcrumb":{"@id":"https:\/\/www.indien-haus.de\/shop\/produkt\/schlaufenvorhang-leinen-rot-230x150\/#breadcrumb"},"inLanguage":"de","potentialAction":[{"@type":"ReadAction","target":["https:\/\/www.indien-haus.de\/shop\/produkt\/schlaufenvorhang-leinen-rot-230x150\/"]}]},{"@type":"BreadcrumbList","@id":"https:\/\/www.indien-haus.de\/shop\/produkt\/schlaufenvorhang-leinen-rot-230x150\/#breadcrumb","itemListElement":[{"@type":"ListItem","position":1,"name":"Startseite","item":"https:\/\/www.indien-haus.de\/shop\/start\/"},{"@type":"ListItem","position":2,"name":"Shop","item":"https:\/\/www.indien-haus.de\/shop\/shop\/"},{"@type":"ListItem","position":3,"name":"Schlaufenvorhang Leinen rot 230&#215;150"}]},{"@type":"WebSite","@id":"https:\/\/www.indien-haus.de\/shop\/#website","url":"https:\/\/www.indien-haus.de\/shop\/","name":"Indien-Haus","description":"M\u00f6bel &amp; Lampen &amp; Accessoires aus Asien in Mainz","publisher":{"@id":"https:\/\/www.indien-haus.de\/shop\/#organization"},"potentialAction":[{"@type":"SearchAction","target":{"@type":"EntryPoint","urlTemplate":"https:\/\/www.indien-haus.de\/shop\/?s={search_term_string}"},"query-input":"required name=search_term_string"}],"inLanguage":"de"},{"@type":"Organization","@id":"https:\/\/www.indien-haus.de\/shop\/#organization","name":"Indien-Haus","url":"https:\/\/www.indien-haus.de\/shop\/","logo":{"@type":"ImageObject","inLanguage":"de","@id":"https:\/\/www.indien-haus.de\/shop\/#\/schema\/logo\/image\/","url":"https:\/\/www.indien-haus.de\/wp-content\/uploads\/2014\/03\/indien-haus-logo3.png","contentUrl":"https:\/\/www.indien-haus.de\/wp-content\/uploads\/2014\/03\/indien-haus-logo3.png","width":106,"height":116,"caption":"Indien-Haus"},"image":{"@id":"https:\/\/www.indien-haus.de\/shop\/#\/schema\/logo\/image\/"},"sameAs":["https:\/\/www.facebook.com\/INDIEN.HAUS.news","https:\/\/twitter.com\/Indien_Haus","https:\/\/www.instagram.com\/indien_haus_mainz\/","https:\/\/www.pinterest.de\/indienhaus\/","https:\/\/www.youtube.com\/user\/IndienHaus"]}]}},"_links":{"self":[{"href":"https:\/\/www.indien-haus.de\/shop\/wp-json\/wp\/v2\/product\/105781"}],"collection":[{"href":"https:\/\/www.indien-haus.de\/shop\/wp-json\/wp\/v2\/product"}],"about":[{"href":"https:\/\/www.indien-haus.de\/shop\/wp-json\/wp\/v2\/types\/product"}],"replies":[{"embeddable":true,"href":"https:\/\/www.indien-haus.de\/shop\/wp-json\/wp\/v2\/comments?post=105781"}],"wp:featuredmedia":[{"embeddable":true,"href":"https:\/\/www.indien-haus.de\/shop\/wp-json\/wp\/v2\/media\/111543"}],"wp:attachment":[{"href":"https:\/\/www.indien-haus.de\/shop\/wp-json\/wp\/v2\/media?parent=105781"}],"wp:term":[{"taxonomy":"product_cat","embeddable":true,"href":"https:\/\/www.indien-haus.de\/shop\/wp-json\/wp\/v2\/product_cat?post=105781"},{"taxonomy":"product_tag","embeddable":true,"href":"https:\/\/www.indien-haus.de\/shop\/wp-json\/wp\/v2\/product_tag?post=105781"}],"curies":[{"name":"wp","href":"https:\/\/api.w.org\/{rel}","templated":true}]}}