{"id":107119,"date":"2022-06-30T14:23:43","date_gmt":"2022-06-30T13:23:43","guid":{"rendered":"https:\/\/www.indien-haus.de\/shop\/?post_type=product&#038;p=107119"},"modified":"2026-04-22T04:18:47","modified_gmt":"2026-04-22T03:18:47","slug":"unikat-textilstempel-auf-holzstaender","status":"publish","type":"product","link":"https:\/\/www.indien-haus.de\/shop\/produkt\/unikat-textilstempel-auf-holzstaender\/","title":{"rendered":"Unikat Textilstempel auf Holzst\u00e4nder"},"content":{"rendered":"<p>Unsere indischen Unikatm\u00f6bel werden gezielt bei unseren indischen Partnerunternehmen ausgew\u00e4hlt und mit dem Container nach Deutschland verschifft. Jedes M\u00f6belst\u00fcck hat seinen eigene Geschichte und seinen ganz speziellen Stil. Ob als Kontrast und eyecatcher zu modernen M\u00f6beln oder als Einbindung in ein rustikales Ambiente, geben diese Unikate Ihrer Einrichtung das besondere Etwas. Lassen Sie sich durch den Charme Indiens verzaubern und entdecken unsere Kollektion an indischen Unikaten. Gerne beraten wir Sie auch bei uns im Ladengesch\u00e4ft.<\/p>\n","protected":false},"excerpt":{"rendered":"<p>Unikat Textilstempel auf Holzst\u00e4nder aus Teakholz und Metall hergestellt in Indien. Die Dekost\u00fccke sind aus original alten indischen Textildruckstempeln.<\/p>\n<p>Die Gr\u00f6\u00dfe und das Gewicht dienen nur als Orientierung.<br \/>\nJeder Dekorationsstempel ist ein Einzelst\u00fcck &#8211; Unikat. Gerne senden wir Ihnen Auswahlbilder. Oder lassen Sie sich einfach \u00fcberraschen!<\/p>\n","protected":false},"featured_media":107191,"comment_status":"closed","ping_status":"closed","template":"","meta":[],"product_cat":[70],"product_tag":[164,5533],"yoast_head":"<!-- This site is optimized with the Yoast SEO plugin v22.0 - https:\/\/yoast.com\/wordpress\/plugins\/seo\/ -->\n<title>Unikat Textilstempel auf Holzst\u00e4nder - #Indien-Haus<\/title>\n<meta name=\"description\" content=\"Unikat Textilstempel auf Holzst\u00e4nder aus Teakholz und Metall angefertigt in Indien. Weitere Unikate auf unserer Seite.\" \/>\n<meta name=\"robots\" content=\"index, follow, max-snippet:-1, max-image-preview:large, max-video-preview:-1\" \/>\n<link rel=\"canonical\" href=\"https:\/\/www.indien-haus.de\/shop\/produkt\/unikat-textilstempel-auf-holzstaender\/\" \/>\n<meta name=\"twitter:card\" content=\"summary_large_image\" \/>\n<meta name=\"twitter:title\" content=\"Unikat Textilstempel auf Holzst\u00e4nder - #Indien-Haus\" \/>\n<meta name=\"twitter:description\" content=\"Unikat Textilstempel auf Holzst\u00e4nder aus Teakholz und Metall angefertigt in Indien. Weitere Unikate auf unserer Seite.\" \/>\n<meta name=\"twitter:image\" content=\"https:\/\/www.indien-haus.de\/wp-content\/uploads\/2022\/02\/IT08529-1-100pc.jpg\" \/>\n<meta name=\"twitter:site\" content=\"@Indien_Haus\" \/>\n<script type=\"application\/ld+json\" class=\"yoast-schema-graph\">{\"@context\":\"https:\/\/schema.org\",\"@graph\":[{\"@type\":\"WebPage\",\"@id\":\"https:\/\/www.indien-haus.de\/shop\/produkt\/unikat-textilstempel-auf-holzstaender\/\",\"url\":\"https:\/\/www.indien-haus.de\/shop\/produkt\/unikat-textilstempel-auf-holzstaender\/\",\"name\":\"Unikat Textilstempel auf Holzst\u00e4nder - #Indien-Haus\",\"isPartOf\":{\"@id\":\"https:\/\/www.indien-haus.de\/shop\/#website\"},\"datePublished\":\"2022-06-30T13:23:43+00:00\",\"dateModified\":\"2026-04-22T03:18:47+00:00\",\"description\":\"Unikat Textilstempel auf Holzst\u00e4nder aus Teakholz und Metall angefertigt in Indien. Weitere Unikate auf unserer Seite.\",\"breadcrumb\":{\"@id\":\"https:\/\/www.indien-haus.de\/shop\/produkt\/unikat-textilstempel-auf-holzstaender\/#breadcrumb\"},\"inLanguage\":\"de\",\"potentialAction\":[{\"@type\":\"ReadAction\",\"target\":[\"https:\/\/www.indien-haus.de\/shop\/produkt\/unikat-textilstempel-auf-holzstaender\/\"]}]},{\"@type\":\"BreadcrumbList\",\"@id\":\"https:\/\/www.indien-haus.de\/shop\/produkt\/unikat-textilstempel-auf-holzstaender\/#breadcrumb\",\"itemListElement\":[{\"@type\":\"ListItem\",\"position\":1,\"name\":\"Startseite\",\"item\":\"https:\/\/www.indien-haus.de\/shop\/start\/\"},{\"@type\":\"ListItem\",\"position\":2,\"name\":\"Shop\",\"item\":\"https:\/\/www.indien-haus.de\/shop\/shop\/\"},{\"@type\":\"ListItem\",\"position\":3,\"name\":\"Unikat Textilstempel auf Holzst\u00e4nder\"}]},{\"@type\":\"WebSite\",\"@id\":\"https:\/\/www.indien-haus.de\/shop\/#website\",\"url\":\"https:\/\/www.indien-haus.de\/shop\/\",\"name\":\"Indien-Haus\",\"description\":\"M\u00f6bel &amp; Lampen &amp; Accessoires aus Asien in Mainz\",\"publisher\":{\"@id\":\"https:\/\/www.indien-haus.de\/shop\/#organization\"},\"potentialAction\":[{\"@type\":\"SearchAction\",\"target\":{\"@type\":\"EntryPoint\",\"urlTemplate\":\"https:\/\/www.indien-haus.de\/shop\/?s={search_term_string}\"},\"query-input\":\"required name=search_term_string\"}],\"inLanguage\":\"de\"},{\"@type\":\"Organization\",\"@id\":\"https:\/\/www.indien-haus.de\/shop\/#organization\",\"name\":\"Indien-Haus\",\"url\":\"https:\/\/www.indien-haus.de\/shop\/\",\"logo\":{\"@type\":\"ImageObject\",\"inLanguage\":\"de\",\"@id\":\"https:\/\/www.indien-haus.de\/shop\/#\/schema\/logo\/image\/\",\"url\":\"https:\/\/www.indien-haus.de\/wp-content\/uploads\/2014\/03\/indien-haus-logo3.png\",\"contentUrl\":\"https:\/\/www.indien-haus.de\/wp-content\/uploads\/2014\/03\/indien-haus-logo3.png\",\"width\":106,\"height\":116,\"caption\":\"Indien-Haus\"},\"image\":{\"@id\":\"https:\/\/www.indien-haus.de\/shop\/#\/schema\/logo\/image\/\"},\"sameAs\":[\"https:\/\/www.facebook.com\/INDIEN.HAUS.news\",\"https:\/\/twitter.com\/Indien_Haus\",\"https:\/\/www.instagram.com\/indien_haus_mainz\/\",\"https:\/\/www.pinterest.de\/indienhaus\/\",\"https:\/\/www.youtube.com\/user\/IndienHaus\"]}]}<\/script>\n<!-- \/ Yoast SEO plugin. -->","yoast_head_json":{"title":"Unikat Textilstempel auf Holzst\u00e4nder - #Indien-Haus","description":"Unikat Textilstempel auf Holzst\u00e4nder aus Teakholz und Metall angefertigt in Indien. Weitere Unikate auf unserer Seite.","robots":{"index":"index","follow":"follow","max-snippet":"max-snippet:-1","max-image-preview":"max-image-preview:large","max-video-preview":"max-video-preview:-1"},"canonical":"https:\/\/www.indien-haus.de\/shop\/produkt\/unikat-textilstempel-auf-holzstaender\/","twitter_card":"summary_large_image","twitter_title":"Unikat Textilstempel auf Holzst\u00e4nder - #Indien-Haus","twitter_description":"Unikat Textilstempel auf Holzst\u00e4nder aus Teakholz und Metall angefertigt in Indien. Weitere Unikate auf unserer Seite.","twitter_image":"https:\/\/www.indien-haus.de\/wp-content\/uploads\/2022\/02\/IT08529-1-100pc.jpg","twitter_site":"@Indien_Haus","schema":{"@context":"https:\/\/schema.org","@graph":[{"@type":"WebPage","@id":"https:\/\/www.indien-haus.de\/shop\/produkt\/unikat-textilstempel-auf-holzstaender\/","url":"https:\/\/www.indien-haus.de\/shop\/produkt\/unikat-textilstempel-auf-holzstaender\/","name":"Unikat Textilstempel auf Holzst\u00e4nder - #Indien-Haus","isPartOf":{"@id":"https:\/\/www.indien-haus.de\/shop\/#website"},"datePublished":"2022-06-30T13:23:43+00:00","dateModified":"2026-04-22T03:18:47+00:00","description":"Unikat Textilstempel auf Holzst\u00e4nder aus Teakholz und Metall angefertigt in Indien. Weitere Unikate auf unserer Seite.","breadcrumb":{"@id":"https:\/\/www.indien-haus.de\/shop\/produkt\/unikat-textilstempel-auf-holzstaender\/#breadcrumb"},"inLanguage":"de","potentialAction":[{"@type":"ReadAction","target":["https:\/\/www.indien-haus.de\/shop\/produkt\/unikat-textilstempel-auf-holzstaender\/"]}]},{"@type":"BreadcrumbList","@id":"https:\/\/www.indien-haus.de\/shop\/produkt\/unikat-textilstempel-auf-holzstaender\/#breadcrumb","itemListElement":[{"@type":"ListItem","position":1,"name":"Startseite","item":"https:\/\/www.indien-haus.de\/shop\/start\/"},{"@type":"ListItem","position":2,"name":"Shop","item":"https:\/\/www.indien-haus.de\/shop\/shop\/"},{"@type":"ListItem","position":3,"name":"Unikat Textilstempel auf Holzst\u00e4nder"}]},{"@type":"WebSite","@id":"https:\/\/www.indien-haus.de\/shop\/#website","url":"https:\/\/www.indien-haus.de\/shop\/","name":"Indien-Haus","description":"M\u00f6bel &amp; Lampen &amp; Accessoires aus Asien in Mainz","publisher":{"@id":"https:\/\/www.indien-haus.de\/shop\/#organization"},"potentialAction":[{"@type":"SearchAction","target":{"@type":"EntryPoint","urlTemplate":"https:\/\/www.indien-haus.de\/shop\/?s={search_term_string}"},"query-input":"required name=search_term_string"}],"inLanguage":"de"},{"@type":"Organization","@id":"https:\/\/www.indien-haus.de\/shop\/#organization","name":"Indien-Haus","url":"https:\/\/www.indien-haus.de\/shop\/","logo":{"@type":"ImageObject","inLanguage":"de","@id":"https:\/\/www.indien-haus.de\/shop\/#\/schema\/logo\/image\/","url":"https:\/\/www.indien-haus.de\/wp-content\/uploads\/2014\/03\/indien-haus-logo3.png","contentUrl":"https:\/\/www.indien-haus.de\/wp-content\/uploads\/2014\/03\/indien-haus-logo3.png","width":106,"height":116,"caption":"Indien-Haus"},"image":{"@id":"https:\/\/www.indien-haus.de\/shop\/#\/schema\/logo\/image\/"},"sameAs":["https:\/\/www.facebook.com\/INDIEN.HAUS.news","https:\/\/twitter.com\/Indien_Haus","https:\/\/www.instagram.com\/indien_haus_mainz\/","https:\/\/www.pinterest.de\/indienhaus\/","https:\/\/www.youtube.com\/user\/IndienHaus"]}]}},"_links":{"self":[{"href":"https:\/\/www.indien-haus.de\/shop\/wp-json\/wp\/v2\/product\/107119"}],"collection":[{"href":"https:\/\/www.indien-haus.de\/shop\/wp-json\/wp\/v2\/product"}],"about":[{"href":"https:\/\/www.indien-haus.de\/shop\/wp-json\/wp\/v2\/types\/product"}],"replies":[{"embeddable":true,"href":"https:\/\/www.indien-haus.de\/shop\/wp-json\/wp\/v2\/comments?post=107119"}],"wp:featuredmedia":[{"embeddable":true,"href":"https:\/\/www.indien-haus.de\/shop\/wp-json\/wp\/v2\/media\/107191"}],"wp:attachment":[{"href":"https:\/\/www.indien-haus.de\/shop\/wp-json\/wp\/v2\/media?parent=107119"}],"wp:term":[{"taxonomy":"product_cat","embeddable":true,"href":"https:\/\/www.indien-haus.de\/shop\/wp-json\/wp\/v2\/product_cat?post=107119"},{"taxonomy":"product_tag","embeddable":true,"href":"https:\/\/www.indien-haus.de\/shop\/wp-json\/wp\/v2\/product_tag?post=107119"}],"curies":[{"name":"wp","href":"https:\/\/api.w.org\/{rel}","templated":true}]}}