{"id":108139,"date":"2022-07-16T13:57:06","date_gmt":"2022-07-16T12:57:06","guid":{"rendered":"https:\/\/www.indien-haus.de\/shop\/?post_type=product&#038;p=108139"},"modified":"2026-04-13T16:03:15","modified_gmt":"2026-04-13T15:03:15","slug":"verandaschaukel-hollywoodschaukel","status":"publish","type":"product","link":"https:\/\/www.indien-haus.de\/shop\/produkt\/verandaschaukel-hollywoodschaukel\/","title":{"rendered":"Verandaschaukel \/ Hollywoodschaukel"},"content":{"rendered":"<h2 data-start=\"530\" data-end=\"610\">\ud83c\udf1e Verandaschaukel aus Teakholz \u2013 handgefertigte Hollywoodschaukel aus Indien<\/h2>\n<p data-start=\"612\" data-end=\"884\">Erlebe entspannte Momente unter freiem Himmel mit unserer <strong data-start=\"670\" data-end=\"724\">hochwertigen Verandaschaukel aus massivem Teakholz<\/strong>. In traditioneller Handwerkskunst in <strong data-start=\"762\" data-end=\"782\">Indien gefertigt<\/strong>, vereint diese Schaukel <strong data-start=\"807\" data-end=\"827\">zeitloses Design<\/strong>, <strong data-start=\"829\" data-end=\"852\">robuste Materialien<\/strong> und <strong data-start=\"857\" data-end=\"881\">h\u00f6chsten Sitzkomfort<\/strong>.<\/p>\n<h3 data-start=\"886\" data-end=\"936\">\ud83c\udf3f Edle Materialien \u2013 langlebig &amp; wetterfest<\/h3>\n<p data-start=\"937\" data-end=\"1220\">Die Kombination aus <strong data-start=\"957\" data-end=\"991\">Teakholz, Edelstahl und Metall<\/strong> sorgt nicht nur f\u00fcr Stabilit\u00e4t, sondern auch f\u00fcr einen modernen Look. Teakholz ist von Natur aus <strong data-start=\"1089\" data-end=\"1112\">witterungsbest\u00e4ndig<\/strong>, pflegeleicht und ideal f\u00fcr den <strong data-start=\"1145\" data-end=\"1164\">Outdoor-Bereich<\/strong> geeignet \u2013 perfekt f\u00fcr Garten, Terrasse oder Veranda.<\/p>\n<h3 data-start=\"1222\" data-end=\"1277\">\ud83e\udeb6 Durchdachtes Design mit klappbarer R\u00fcckenlehne<\/h3>\n<p data-start=\"1278\" data-end=\"1460\">Ein besonderes Highlight ist die <strong data-start=\"1311\" data-end=\"1338\">umklappbare R\u00fcckenlehne<\/strong>: Morgens genie\u00dft du den <strong data-start=\"1363\" data-end=\"1380\">Sonnenaufgang<\/strong>, abends den <strong data-start=\"1393\" data-end=\"1412\">Sonnenuntergang<\/strong> \u2013 ganz bequem, ohne die Schaukel umzustellen.<\/p>\n<h3 data-start=\"1462\" data-end=\"1505\">\ud83c\udf38 Handgefertigte Qualit\u00e4t aus Indien<\/h3>\n<p data-start=\"1506\" data-end=\"1697\">Jede Schaukel ist ein <strong data-start=\"1528\" data-end=\"1538\">Unikat<\/strong>, gefertigt von erfahrenen Handwerkern in Indien. Kleine Details und die nat\u00fcrliche Holzmaserung machen jede Verandaschaukel zu einem besonderen Einzelst\u00fcck.<\/p>\n","protected":false},"excerpt":{"rendered":"<h2 data-start=\"530\" data-end=\"610\">\ud83c\udf1e Verandaschaukel \/ Hollywoodschaukel aus Teakholz \u2013 handgefertigte Hollywoodschaukel aus Indien<\/h2>\n<p data-start=\"612\" data-end=\"884\">Erlebe entspannte Momente unter freiem Himmel mit unserer <strong data-start=\"670\" data-end=\"724\">hochwertigen Verandaschaukel aus massivem Teakholz<\/strong>. In traditioneller Handwerkskunst in <strong data-start=\"762\" data-end=\"782\">Indien gefertigt<\/strong>, vereint diese Schaukel <strong data-start=\"807\" data-end=\"827\">zeitloses Design<\/strong>, <strong data-start=\"829\" data-end=\"852\">robuste Materialien<\/strong> und <strong data-start=\"857\" data-end=\"881\">h\u00f6chsten Sitzkomfort<\/strong>.<\/p>\n<h3 data-start=\"886\" data-end=\"936\">\ud83c\udf3f Edle Materialien \u2013 langlebig &amp; wetterfest<\/h3>\n<p data-start=\"937\" data-end=\"1220\">Die Kombination aus <strong data-start=\"957\" data-end=\"991\">Teakholz, Edelstahl und Metall<\/strong> sorgt nicht nur f\u00fcr Stabilit\u00e4t, sondern auch f\u00fcr einen modernen Look. Teakholz ist von Natur aus <strong data-start=\"1089\" data-end=\"1112\">witterungsbest\u00e4ndig<\/strong>, pflegeleicht und ideal f\u00fcr den <strong data-start=\"1145\" data-end=\"1164\">Outdoor-Bereich<\/strong> geeignet \u2013 perfekt f\u00fcr Garten, Terrasse oder Veranda.<\/p>\n<h3 data-start=\"1222\" data-end=\"1277\">\ud83e\udeb6 Durchdachtes Design mit klappbarer R\u00fcckenlehne<\/h3>\n<p data-start=\"1278\" data-end=\"1460\">Ein besonderes Highlight ist die <strong data-start=\"1311\" data-end=\"1338\">umklappbare R\u00fcckenlehne<\/strong>: Morgens genie\u00dft du den <strong data-start=\"1363\" data-end=\"1380\">Sonnenaufgang<\/strong>, abends den <strong data-start=\"1393\" data-end=\"1412\">Sonnenuntergang<\/strong> \u2013 ganz bequem, ohne die Schaukel umzustellen.<\/p>\n<h3 data-start=\"1462\" data-end=\"1505\">\ud83c\udf38 Handgefertigte Qualit\u00e4t aus Indien<\/h3>\n<p data-start=\"1506\" data-end=\"1697\">Jede Schaukel ist ein <strong data-start=\"1528\" data-end=\"1538\">Unikat<\/strong>, gefertigt von erfahrenen Handwerkern in Indien. Kleine Details und die nat\u00fcrliche Holzmaserung machen jede Verandaschaukel zu einem besonderen Einzelst\u00fcck.<\/p>\n<p>Ma\u00dfe der Sitzfl\u00e4che 105&#215;50 cm<br \/>\nGesamtbreite der Schaukel ohne Seitenhaken 114 cm<br \/>\nmit 8 S-Haken klein je ca. 12 cm und 40 langen S-Haken je ca. 30 cm das ergibt eine maximale Aufh\u00e4ngh\u00f6he von ca. 300 cm<\/p>\n","protected":false},"featured_media":111874,"comment_status":"closed","ping_status":"closed","template":"","meta":[],"product_cat":[6696],"product_tag":[],"yoast_head":"<!-- This site is optimized with the Yoast SEO plugin v22.0 - https:\/\/yoast.com\/wordpress\/plugins\/seo\/ -->\n<title>Verandaschaukel \/ Hollywoodschaukel - #Indien-Haus<\/title>\n<meta name=\"description\" content=\"Verandaschaukel \/ Hollywoodschaukel aus Teakholz, Metall und Edelstahl hergestellt in Indien. R\u00fcckenlehne der Schaukel l\u00e4sst sich umklappen\" \/>\n<meta name=\"robots\" content=\"index, follow, max-snippet:-1, max-image-preview:large, max-video-preview:-1\" \/>\n<link rel=\"canonical\" href=\"https:\/\/www.indien-haus.de\/shop\/produkt\/verandaschaukel-hollywoodschaukel\/\" \/>\n<meta name=\"twitter:card\" content=\"summary_large_image\" \/>\n<meta name=\"twitter:title\" content=\"Verandaschaukel \/ Hollywoodschaukel - #Indien-Haus\" \/>\n<meta name=\"twitter:description\" content=\"Verandaschaukel \/ Hollywoodschaukel aus Teakholz, Metall und Edelstahl hergestellt in Indien. R\u00fcckenlehne der Schaukel l\u00e4sst sich umklappen\" \/>\n<meta name=\"twitter:image\" content=\"https:\/\/www.indien-haus.de\/wp-content\/uploads\/2022\/07\/IT08574-6pc.jpg\" \/>\n<meta name=\"twitter:site\" content=\"@Indien_Haus\" \/>\n<meta name=\"twitter:label1\" content=\"Gesch\u00e4tzte Lesezeit\" \/>\n\t<meta name=\"twitter:data1\" content=\"1\u00a0Minute\" \/>\n<script type=\"application\/ld+json\" class=\"yoast-schema-graph\">{\"@context\":\"https:\/\/schema.org\",\"@graph\":[{\"@type\":\"WebPage\",\"@id\":\"https:\/\/www.indien-haus.de\/shop\/produkt\/verandaschaukel-hollywoodschaukel\/\",\"url\":\"https:\/\/www.indien-haus.de\/shop\/produkt\/verandaschaukel-hollywoodschaukel\/\",\"name\":\"Verandaschaukel \/ Hollywoodschaukel - #Indien-Haus\",\"isPartOf\":{\"@id\":\"https:\/\/www.indien-haus.de\/shop\/#website\"},\"datePublished\":\"2022-07-16T12:57:06+00:00\",\"dateModified\":\"2026-04-13T15:03:15+00:00\",\"description\":\"Verandaschaukel \/ Hollywoodschaukel aus Teakholz, Metall und Edelstahl hergestellt in Indien. R\u00fcckenlehne der Schaukel l\u00e4sst sich umklappen\",\"breadcrumb\":{\"@id\":\"https:\/\/www.indien-haus.de\/shop\/produkt\/verandaschaukel-hollywoodschaukel\/#breadcrumb\"},\"inLanguage\":\"de\",\"potentialAction\":[{\"@type\":\"ReadAction\",\"target\":[\"https:\/\/www.indien-haus.de\/shop\/produkt\/verandaschaukel-hollywoodschaukel\/\"]}]},{\"@type\":\"BreadcrumbList\",\"@id\":\"https:\/\/www.indien-haus.de\/shop\/produkt\/verandaschaukel-hollywoodschaukel\/#breadcrumb\",\"itemListElement\":[{\"@type\":\"ListItem\",\"position\":1,\"name\":\"Startseite\",\"item\":\"https:\/\/www.indien-haus.de\/shop\/start\/\"},{\"@type\":\"ListItem\",\"position\":2,\"name\":\"Shop\",\"item\":\"https:\/\/www.indien-haus.de\/shop\/shop\/\"},{\"@type\":\"ListItem\",\"position\":3,\"name\":\"Verandaschaukel \/ Hollywoodschaukel\"}]},{\"@type\":\"WebSite\",\"@id\":\"https:\/\/www.indien-haus.de\/shop\/#website\",\"url\":\"https:\/\/www.indien-haus.de\/shop\/\",\"name\":\"Indien-Haus\",\"description\":\"M\u00f6bel &amp; Lampen &amp; Accessoires aus Asien in Mainz\",\"publisher\":{\"@id\":\"https:\/\/www.indien-haus.de\/shop\/#organization\"},\"potentialAction\":[{\"@type\":\"SearchAction\",\"target\":{\"@type\":\"EntryPoint\",\"urlTemplate\":\"https:\/\/www.indien-haus.de\/shop\/?s={search_term_string}\"},\"query-input\":\"required name=search_term_string\"}],\"inLanguage\":\"de\"},{\"@type\":\"Organization\",\"@id\":\"https:\/\/www.indien-haus.de\/shop\/#organization\",\"name\":\"Indien-Haus\",\"url\":\"https:\/\/www.indien-haus.de\/shop\/\",\"logo\":{\"@type\":\"ImageObject\",\"inLanguage\":\"de\",\"@id\":\"https:\/\/www.indien-haus.de\/shop\/#\/schema\/logo\/image\/\",\"url\":\"https:\/\/www.indien-haus.de\/wp-content\/uploads\/2014\/03\/indien-haus-logo3.png\",\"contentUrl\":\"https:\/\/www.indien-haus.de\/wp-content\/uploads\/2014\/03\/indien-haus-logo3.png\",\"width\":106,\"height\":116,\"caption\":\"Indien-Haus\"},\"image\":{\"@id\":\"https:\/\/www.indien-haus.de\/shop\/#\/schema\/logo\/image\/\"},\"sameAs\":[\"https:\/\/www.facebook.com\/INDIEN.HAUS.news\",\"https:\/\/twitter.com\/Indien_Haus\",\"https:\/\/www.instagram.com\/indien_haus_mainz\/\",\"https:\/\/www.pinterest.de\/indienhaus\/\",\"https:\/\/www.youtube.com\/user\/IndienHaus\"]}]}<\/script>\n<!-- \/ Yoast SEO plugin. -->","yoast_head_json":{"title":"Verandaschaukel \/ Hollywoodschaukel - #Indien-Haus","description":"Verandaschaukel \/ Hollywoodschaukel aus Teakholz, Metall und Edelstahl hergestellt in Indien. R\u00fcckenlehne der Schaukel l\u00e4sst sich umklappen","robots":{"index":"index","follow":"follow","max-snippet":"max-snippet:-1","max-image-preview":"max-image-preview:large","max-video-preview":"max-video-preview:-1"},"canonical":"https:\/\/www.indien-haus.de\/shop\/produkt\/verandaschaukel-hollywoodschaukel\/","twitter_card":"summary_large_image","twitter_title":"Verandaschaukel \/ Hollywoodschaukel - #Indien-Haus","twitter_description":"Verandaschaukel \/ Hollywoodschaukel aus Teakholz, Metall und Edelstahl hergestellt in Indien. R\u00fcckenlehne der Schaukel l\u00e4sst sich umklappen","twitter_image":"https:\/\/www.indien-haus.de\/wp-content\/uploads\/2022\/07\/IT08574-6pc.jpg","twitter_site":"@Indien_Haus","twitter_misc":{"Gesch\u00e4tzte Lesezeit":"1\u00a0Minute"},"schema":{"@context":"https:\/\/schema.org","@graph":[{"@type":"WebPage","@id":"https:\/\/www.indien-haus.de\/shop\/produkt\/verandaschaukel-hollywoodschaukel\/","url":"https:\/\/www.indien-haus.de\/shop\/produkt\/verandaschaukel-hollywoodschaukel\/","name":"Verandaschaukel \/ Hollywoodschaukel - #Indien-Haus","isPartOf":{"@id":"https:\/\/www.indien-haus.de\/shop\/#website"},"datePublished":"2022-07-16T12:57:06+00:00","dateModified":"2026-04-13T15:03:15+00:00","description":"Verandaschaukel \/ Hollywoodschaukel aus Teakholz, Metall und Edelstahl hergestellt in Indien. R\u00fcckenlehne der Schaukel l\u00e4sst sich umklappen","breadcrumb":{"@id":"https:\/\/www.indien-haus.de\/shop\/produkt\/verandaschaukel-hollywoodschaukel\/#breadcrumb"},"inLanguage":"de","potentialAction":[{"@type":"ReadAction","target":["https:\/\/www.indien-haus.de\/shop\/produkt\/verandaschaukel-hollywoodschaukel\/"]}]},{"@type":"BreadcrumbList","@id":"https:\/\/www.indien-haus.de\/shop\/produkt\/verandaschaukel-hollywoodschaukel\/#breadcrumb","itemListElement":[{"@type":"ListItem","position":1,"name":"Startseite","item":"https:\/\/www.indien-haus.de\/shop\/start\/"},{"@type":"ListItem","position":2,"name":"Shop","item":"https:\/\/www.indien-haus.de\/shop\/shop\/"},{"@type":"ListItem","position":3,"name":"Verandaschaukel \/ Hollywoodschaukel"}]},{"@type":"WebSite","@id":"https:\/\/www.indien-haus.de\/shop\/#website","url":"https:\/\/www.indien-haus.de\/shop\/","name":"Indien-Haus","description":"M\u00f6bel &amp; Lampen &amp; Accessoires aus Asien in Mainz","publisher":{"@id":"https:\/\/www.indien-haus.de\/shop\/#organization"},"potentialAction":[{"@type":"SearchAction","target":{"@type":"EntryPoint","urlTemplate":"https:\/\/www.indien-haus.de\/shop\/?s={search_term_string}"},"query-input":"required name=search_term_string"}],"inLanguage":"de"},{"@type":"Organization","@id":"https:\/\/www.indien-haus.de\/shop\/#organization","name":"Indien-Haus","url":"https:\/\/www.indien-haus.de\/shop\/","logo":{"@type":"ImageObject","inLanguage":"de","@id":"https:\/\/www.indien-haus.de\/shop\/#\/schema\/logo\/image\/","url":"https:\/\/www.indien-haus.de\/wp-content\/uploads\/2014\/03\/indien-haus-logo3.png","contentUrl":"https:\/\/www.indien-haus.de\/wp-content\/uploads\/2014\/03\/indien-haus-logo3.png","width":106,"height":116,"caption":"Indien-Haus"},"image":{"@id":"https:\/\/www.indien-haus.de\/shop\/#\/schema\/logo\/image\/"},"sameAs":["https:\/\/www.facebook.com\/INDIEN.HAUS.news","https:\/\/twitter.com\/Indien_Haus","https:\/\/www.instagram.com\/indien_haus_mainz\/","https:\/\/www.pinterest.de\/indienhaus\/","https:\/\/www.youtube.com\/user\/IndienHaus"]}]}},"_links":{"self":[{"href":"https:\/\/www.indien-haus.de\/shop\/wp-json\/wp\/v2\/product\/108139"}],"collection":[{"href":"https:\/\/www.indien-haus.de\/shop\/wp-json\/wp\/v2\/product"}],"about":[{"href":"https:\/\/www.indien-haus.de\/shop\/wp-json\/wp\/v2\/types\/product"}],"replies":[{"embeddable":true,"href":"https:\/\/www.indien-haus.de\/shop\/wp-json\/wp\/v2\/comments?post=108139"}],"wp:featuredmedia":[{"embeddable":true,"href":"https:\/\/www.indien-haus.de\/shop\/wp-json\/wp\/v2\/media\/111874"}],"wp:attachment":[{"href":"https:\/\/www.indien-haus.de\/shop\/wp-json\/wp\/v2\/media?parent=108139"}],"wp:term":[{"taxonomy":"product_cat","embeddable":true,"href":"https:\/\/www.indien-haus.de\/shop\/wp-json\/wp\/v2\/product_cat?post=108139"},{"taxonomy":"product_tag","embeddable":true,"href":"https:\/\/www.indien-haus.de\/shop\/wp-json\/wp\/v2\/product_tag?post=108139"}],"curies":[{"name":"wp","href":"https:\/\/api.w.org\/{rel}","templated":true}]}}