{"id":108443,"date":"2022-07-28T15:31:03","date_gmt":"2022-07-28T14:31:03","guid":{"rendered":"https:\/\/www.indien-haus.de\/shop\/?post_type=product&#038;p=108443"},"modified":"2025-12-14T15:13:09","modified_gmt":"2025-12-14T14:13:09","slug":"annie-sloan-chalk-paint-1l-giverny","status":"publish","type":"product","link":"https:\/\/www.indien-haus.de\/shop\/produkt\/annie-sloan-chalk-paint-1l-giverny\/","title":{"rendered":"Annie Sloan Chalk Paint 1L Giverny"},"content":{"rendered":"","protected":false},"excerpt":{"rendered":"<p>Annie Sloan Chalk Paint\u2122 Giverny<\/p>\n<p>Giverny ist ein leuchtendes, fr\u00f6hliches, klares und k\u00fchles Blau. Es liegt eher auf der Seite der gr\u00fcneren Blaut\u00f6ne und enth\u00e4lt keinerlei Rot. Es ist eine perfekte Farbe f\u00fcr eine moderne, zeitgen\u00f6ssische Farbpalette. Giverny wurde nach dem Dorf in Nordfrankreich benannt, in dem Claude Monet lebte. Dieses leuchtende Blau war besonders in Raumausstattungen des fr\u00fchen 20. Jahrhundert beliebt.<\/p>\n<p>Kreidefarbe in 120 ml oder 1 Liter erh\u00e4ltlich.<\/p>\n<p>Chalk Paint\u2122 ist eine vielseitige M\u00f6belfarbe, die 1990 von Annie Sloan entwickelt wurde. Ohne ein n\u00f6tiges Abschleifen oder Grundieren k\u00f6nnen Sie einfach die Dose \u00f6ffnen, die \u00c4rmel hochkrempeln, den Pinsel eintauchen und Farbe auf Ihr M\u00f6belst\u00fcck bringen. Chalk Paint\u2122 eignet sich f\u00fcr Holz, Metall, Laminat, Beton, in Innen- und Au\u00dfenbereichen und dar\u00fcber hinaus f\u00fcr vieles mehr.<\/p>\n<p>1 Liter deckt ungef\u00e4hr 13 qm. 120 ml deckt ungef\u00e4hr 1,56 qm.<\/p>\n<p>M\u00f6bel f\u00fcr Innenr\u00e4ume nach dem Streichen mit Wachs versiegeln Chalk Paint\u2122 Wax. Auf B\u00f6den versiegeln mit Chalk Paint\u2122 Lacquer.<\/p>\n<p>Bitte beachten Sie, dass die Farben je nach Bildschirmeinstellungen variieren. Wir k\u00f6nnen nicht garantieren, dass die Farben genau der Farbe entsprechen, die Sie auf dem Bildschirm sehen. Sollten Sie sich nicht sicher sein, bestellen Sie am besten zuerst eine Farbtabelle.<\/p>\n","protected":false},"featured_media":109249,"comment_status":"closed","ping_status":"closed","template":"","meta":[],"product_cat":[4456],"product_tag":[4365],"yoast_head":"<!-- This site is optimized with the Yoast SEO plugin v22.0 - https:\/\/yoast.com\/wordpress\/plugins\/seo\/ -->\n<title>Annie Sloan Chalk Paint 1L Giverny - #Indien-Haus<\/title>\n<meta name=\"description\" content=\"Annie Sloan Chalk Paint 1L Giverny, in vielen anderen Farben erh\u00e4ltlich, lassen Sie ihrer Fantasie freien Lauf\" \/>\n<meta name=\"robots\" content=\"index, follow, max-snippet:-1, max-image-preview:large, max-video-preview:-1\" \/>\n<link rel=\"canonical\" href=\"https:\/\/www.indien-haus.de\/shop\/produkt\/annie-sloan-chalk-paint-1l-giverny\/\" \/>\n<meta name=\"twitter:card\" content=\"summary_large_image\" \/>\n<meta name=\"twitter:title\" content=\"Annie Sloan Chalk Paint 1L Giverny - #Indien-Haus\" \/>\n<meta name=\"twitter:description\" content=\"Annie Sloan Chalk Paint 1L Giverny, in vielen anderen Farben erh\u00e4ltlich, lassen Sie ihrer Fantasie freien Lauf\" \/>\n<meta name=\"twitter:image\" content=\"https:\/\/www.indien-haus.de\/wp-content\/uploads\/2022\/07\/AS05521-2.jpg\" \/>\n<meta name=\"twitter:site\" content=\"@Indien_Haus\" \/>\n<script type=\"application\/ld+json\" class=\"yoast-schema-graph\">{\"@context\":\"https:\/\/schema.org\",\"@graph\":[{\"@type\":\"WebPage\",\"@id\":\"https:\/\/www.indien-haus.de\/shop\/produkt\/annie-sloan-chalk-paint-1l-giverny\/\",\"url\":\"https:\/\/www.indien-haus.de\/shop\/produkt\/annie-sloan-chalk-paint-1l-giverny\/\",\"name\":\"Annie Sloan Chalk Paint 1L Giverny - #Indien-Haus\",\"isPartOf\":{\"@id\":\"https:\/\/www.indien-haus.de\/shop\/#website\"},\"datePublished\":\"2022-07-28T14:31:03+00:00\",\"dateModified\":\"2025-12-14T14:13:09+00:00\",\"description\":\"Annie Sloan Chalk Paint 1L Giverny, in vielen anderen Farben erh\u00e4ltlich, lassen Sie ihrer Fantasie freien Lauf\",\"breadcrumb\":{\"@id\":\"https:\/\/www.indien-haus.de\/shop\/produkt\/annie-sloan-chalk-paint-1l-giverny\/#breadcrumb\"},\"inLanguage\":\"de\",\"potentialAction\":[{\"@type\":\"ReadAction\",\"target\":[\"https:\/\/www.indien-haus.de\/shop\/produkt\/annie-sloan-chalk-paint-1l-giverny\/\"]}]},{\"@type\":\"BreadcrumbList\",\"@id\":\"https:\/\/www.indien-haus.de\/shop\/produkt\/annie-sloan-chalk-paint-1l-giverny\/#breadcrumb\",\"itemListElement\":[{\"@type\":\"ListItem\",\"position\":1,\"name\":\"Startseite\",\"item\":\"https:\/\/www.indien-haus.de\/shop\/start\/\"},{\"@type\":\"ListItem\",\"position\":2,\"name\":\"Shop\",\"item\":\"https:\/\/www.indien-haus.de\/shop\/shop\/\"},{\"@type\":\"ListItem\",\"position\":3,\"name\":\"Annie Sloan Chalk Paint 1L Giverny\"}]},{\"@type\":\"WebSite\",\"@id\":\"https:\/\/www.indien-haus.de\/shop\/#website\",\"url\":\"https:\/\/www.indien-haus.de\/shop\/\",\"name\":\"Indien-Haus\",\"description\":\"M\u00f6bel &amp; Lampen &amp; Accessoires aus Asien in Mainz\",\"publisher\":{\"@id\":\"https:\/\/www.indien-haus.de\/shop\/#organization\"},\"potentialAction\":[{\"@type\":\"SearchAction\",\"target\":{\"@type\":\"EntryPoint\",\"urlTemplate\":\"https:\/\/www.indien-haus.de\/shop\/?s={search_term_string}\"},\"query-input\":\"required name=search_term_string\"}],\"inLanguage\":\"de\"},{\"@type\":\"Organization\",\"@id\":\"https:\/\/www.indien-haus.de\/shop\/#organization\",\"name\":\"Indien-Haus\",\"url\":\"https:\/\/www.indien-haus.de\/shop\/\",\"logo\":{\"@type\":\"ImageObject\",\"inLanguage\":\"de\",\"@id\":\"https:\/\/www.indien-haus.de\/shop\/#\/schema\/logo\/image\/\",\"url\":\"https:\/\/www.indien-haus.de\/wp-content\/uploads\/2014\/03\/indien-haus-logo3.png\",\"contentUrl\":\"https:\/\/www.indien-haus.de\/wp-content\/uploads\/2014\/03\/indien-haus-logo3.png\",\"width\":106,\"height\":116,\"caption\":\"Indien-Haus\"},\"image\":{\"@id\":\"https:\/\/www.indien-haus.de\/shop\/#\/schema\/logo\/image\/\"},\"sameAs\":[\"https:\/\/www.facebook.com\/INDIEN.HAUS.news\",\"https:\/\/twitter.com\/Indien_Haus\",\"https:\/\/www.instagram.com\/indien_haus_mainz\/\",\"https:\/\/www.pinterest.de\/indienhaus\/\",\"https:\/\/www.youtube.com\/user\/IndienHaus\"]}]}<\/script>\n<!-- \/ Yoast SEO plugin. -->","yoast_head_json":{"title":"Annie Sloan Chalk Paint 1L Giverny - #Indien-Haus","description":"Annie Sloan Chalk Paint 1L Giverny, in vielen anderen Farben erh\u00e4ltlich, lassen Sie ihrer Fantasie freien Lauf","robots":{"index":"index","follow":"follow","max-snippet":"max-snippet:-1","max-image-preview":"max-image-preview:large","max-video-preview":"max-video-preview:-1"},"canonical":"https:\/\/www.indien-haus.de\/shop\/produkt\/annie-sloan-chalk-paint-1l-giverny\/","twitter_card":"summary_large_image","twitter_title":"Annie Sloan Chalk Paint 1L Giverny - #Indien-Haus","twitter_description":"Annie Sloan Chalk Paint 1L Giverny, in vielen anderen Farben erh\u00e4ltlich, lassen Sie ihrer Fantasie freien Lauf","twitter_image":"https:\/\/www.indien-haus.de\/wp-content\/uploads\/2022\/07\/AS05521-2.jpg","twitter_site":"@Indien_Haus","schema":{"@context":"https:\/\/schema.org","@graph":[{"@type":"WebPage","@id":"https:\/\/www.indien-haus.de\/shop\/produkt\/annie-sloan-chalk-paint-1l-giverny\/","url":"https:\/\/www.indien-haus.de\/shop\/produkt\/annie-sloan-chalk-paint-1l-giverny\/","name":"Annie Sloan Chalk Paint 1L Giverny - #Indien-Haus","isPartOf":{"@id":"https:\/\/www.indien-haus.de\/shop\/#website"},"datePublished":"2022-07-28T14:31:03+00:00","dateModified":"2025-12-14T14:13:09+00:00","description":"Annie Sloan Chalk Paint 1L Giverny, in vielen anderen Farben erh\u00e4ltlich, lassen Sie ihrer Fantasie freien Lauf","breadcrumb":{"@id":"https:\/\/www.indien-haus.de\/shop\/produkt\/annie-sloan-chalk-paint-1l-giverny\/#breadcrumb"},"inLanguage":"de","potentialAction":[{"@type":"ReadAction","target":["https:\/\/www.indien-haus.de\/shop\/produkt\/annie-sloan-chalk-paint-1l-giverny\/"]}]},{"@type":"BreadcrumbList","@id":"https:\/\/www.indien-haus.de\/shop\/produkt\/annie-sloan-chalk-paint-1l-giverny\/#breadcrumb","itemListElement":[{"@type":"ListItem","position":1,"name":"Startseite","item":"https:\/\/www.indien-haus.de\/shop\/start\/"},{"@type":"ListItem","position":2,"name":"Shop","item":"https:\/\/www.indien-haus.de\/shop\/shop\/"},{"@type":"ListItem","position":3,"name":"Annie Sloan Chalk Paint 1L Giverny"}]},{"@type":"WebSite","@id":"https:\/\/www.indien-haus.de\/shop\/#website","url":"https:\/\/www.indien-haus.de\/shop\/","name":"Indien-Haus","description":"M\u00f6bel &amp; Lampen &amp; Accessoires aus Asien in Mainz","publisher":{"@id":"https:\/\/www.indien-haus.de\/shop\/#organization"},"potentialAction":[{"@type":"SearchAction","target":{"@type":"EntryPoint","urlTemplate":"https:\/\/www.indien-haus.de\/shop\/?s={search_term_string}"},"query-input":"required name=search_term_string"}],"inLanguage":"de"},{"@type":"Organization","@id":"https:\/\/www.indien-haus.de\/shop\/#organization","name":"Indien-Haus","url":"https:\/\/www.indien-haus.de\/shop\/","logo":{"@type":"ImageObject","inLanguage":"de","@id":"https:\/\/www.indien-haus.de\/shop\/#\/schema\/logo\/image\/","url":"https:\/\/www.indien-haus.de\/wp-content\/uploads\/2014\/03\/indien-haus-logo3.png","contentUrl":"https:\/\/www.indien-haus.de\/wp-content\/uploads\/2014\/03\/indien-haus-logo3.png","width":106,"height":116,"caption":"Indien-Haus"},"image":{"@id":"https:\/\/www.indien-haus.de\/shop\/#\/schema\/logo\/image\/"},"sameAs":["https:\/\/www.facebook.com\/INDIEN.HAUS.news","https:\/\/twitter.com\/Indien_Haus","https:\/\/www.instagram.com\/indien_haus_mainz\/","https:\/\/www.pinterest.de\/indienhaus\/","https:\/\/www.youtube.com\/user\/IndienHaus"]}]}},"_links":{"self":[{"href":"https:\/\/www.indien-haus.de\/shop\/wp-json\/wp\/v2\/product\/108443"}],"collection":[{"href":"https:\/\/www.indien-haus.de\/shop\/wp-json\/wp\/v2\/product"}],"about":[{"href":"https:\/\/www.indien-haus.de\/shop\/wp-json\/wp\/v2\/types\/product"}],"replies":[{"embeddable":true,"href":"https:\/\/www.indien-haus.de\/shop\/wp-json\/wp\/v2\/comments?post=108443"}],"wp:featuredmedia":[{"embeddable":true,"href":"https:\/\/www.indien-haus.de\/shop\/wp-json\/wp\/v2\/media\/109249"}],"wp:attachment":[{"href":"https:\/\/www.indien-haus.de\/shop\/wp-json\/wp\/v2\/media?parent=108443"}],"wp:term":[{"taxonomy":"product_cat","embeddable":true,"href":"https:\/\/www.indien-haus.de\/shop\/wp-json\/wp\/v2\/product_cat?post=108443"},{"taxonomy":"product_tag","embeddable":true,"href":"https:\/\/www.indien-haus.de\/shop\/wp-json\/wp\/v2\/product_tag?post=108443"}],"curies":[{"name":"wp","href":"https:\/\/api.w.org\/{rel}","templated":true}]}}