{"id":108543,"date":"2022-08-03T11:52:01","date_gmt":"2022-08-03T10:52:01","guid":{"rendered":"https:\/\/www.indien-haus.de\/shop\/?post_type=product&#038;p=108543"},"modified":"2025-12-14T15:31:53","modified_gmt":"2025-12-14T14:31:53","slug":"annie-sloan-rundpinsel-klein","status":"publish","type":"product","link":"https:\/\/www.indien-haus.de\/shop\/produkt\/annie-sloan-rundpinsel-klein\/","title":{"rendered":"Annie Sloan Rundpinsel klein"},"content":{"rendered":"","protected":false},"excerpt":{"rendered":"<p>Annie Sloan Rundpinsel klein<\/p>\n<p>Annie Sloans Chalk Paint\u2122 Pinsel eignen sich gut f\u00fcr ein strukturiertes Vintage-Finish und erzeugen sch\u00f6ne Texturen auf der Oberfl\u00e4che. Die Echthaarpinsel sind kr\u00e4ftig und dennoch geschmeidig und bestehen aus reinen Borsten mit nat\u00fcrlichen Spalt-Enden, so dass damit ausdrucksvoll gestrichen werden kann. Sie nehmen viel Farbe auf und es ist einfach, mit ihnen kreativ zu werden und eigenen Projekte zu gestalten. Sie k\u00f6nnen eine gro\u00dfe Menge Farbe aufnehmen und k\u00f6nnen durchaus auch zum Auftragen von Wachs verwendet werden.<\/p>\n<p>Annies Pinsel aus echten Borsten sind in drei Gr\u00f6\u00dfen erh\u00e4ltlich: klein, mittel und gro\u00df.<\/p>\n<p>Klein (22 cm x 4,5 cm), mittel (25 cm x 5 cm)\u00a0und gro\u00df (26,5 cm x 6,5 cm).<\/p>\n","protected":false},"featured_media":108902,"comment_status":"closed","ping_status":"closed","template":"","meta":[],"product_cat":[4456],"product_tag":[4365],"yoast_head":"<!-- This site is optimized with the Yoast SEO plugin v22.0 - https:\/\/yoast.com\/wordpress\/plugins\/seo\/ -->\n<title>Annie Sloan Rundpinsel klein - #Indien-Haus<\/title>\n<meta name=\"description\" content=\"Annie Sloan Rundpinsel klein, in drei anderen Gr\u00f6\u00dfen und verschiedenen Formen erh\u00e4ltlich, lassen Sie ihrer Fantasie freien Lauf..\" \/>\n<meta name=\"robots\" content=\"index, follow, max-snippet:-1, max-image-preview:large, max-video-preview:-1\" \/>\n<link rel=\"canonical\" href=\"https:\/\/www.indien-haus.de\/shop\/produkt\/annie-sloan-rundpinsel-klein\/\" \/>\n<meta name=\"twitter:card\" content=\"summary_large_image\" \/>\n<meta name=\"twitter:title\" content=\"Annie Sloan Rundpinsel klein - #Indien-Haus\" \/>\n<meta name=\"twitter:description\" content=\"Annie Sloan Rundpinsel klein, in drei anderen Gr\u00f6\u00dfen und verschiedenen Formen erh\u00e4ltlich, lassen Sie ihrer Fantasie freien Lauf..\" \/>\n<meta name=\"twitter:image\" content=\"https:\/\/www.indien-haus.de\/wp-content\/uploads\/2022\/08\/AS05566-1.jpg\" \/>\n<meta name=\"twitter:site\" content=\"@Indien_Haus\" \/>\n<meta name=\"twitter:label1\" content=\"Gesch\u00e4tzte Lesezeit\" \/>\n\t<meta name=\"twitter:data1\" content=\"1\u00a0Minute\" \/>\n<script type=\"application\/ld+json\" class=\"yoast-schema-graph\">{\"@context\":\"https:\/\/schema.org\",\"@graph\":[{\"@type\":\"WebPage\",\"@id\":\"https:\/\/www.indien-haus.de\/shop\/produkt\/annie-sloan-rundpinsel-klein\/\",\"url\":\"https:\/\/www.indien-haus.de\/shop\/produkt\/annie-sloan-rundpinsel-klein\/\",\"name\":\"Annie Sloan Rundpinsel klein - #Indien-Haus\",\"isPartOf\":{\"@id\":\"https:\/\/www.indien-haus.de\/shop\/#website\"},\"datePublished\":\"2022-08-03T10:52:01+00:00\",\"dateModified\":\"2025-12-14T14:31:53+00:00\",\"description\":\"Annie Sloan Rundpinsel klein, in drei anderen Gr\u00f6\u00dfen und verschiedenen Formen erh\u00e4ltlich, lassen Sie ihrer Fantasie freien Lauf..\",\"breadcrumb\":{\"@id\":\"https:\/\/www.indien-haus.de\/shop\/produkt\/annie-sloan-rundpinsel-klein\/#breadcrumb\"},\"inLanguage\":\"de\",\"potentialAction\":[{\"@type\":\"ReadAction\",\"target\":[\"https:\/\/www.indien-haus.de\/shop\/produkt\/annie-sloan-rundpinsel-klein\/\"]}]},{\"@type\":\"BreadcrumbList\",\"@id\":\"https:\/\/www.indien-haus.de\/shop\/produkt\/annie-sloan-rundpinsel-klein\/#breadcrumb\",\"itemListElement\":[{\"@type\":\"ListItem\",\"position\":1,\"name\":\"Startseite\",\"item\":\"https:\/\/www.indien-haus.de\/shop\/start\/\"},{\"@type\":\"ListItem\",\"position\":2,\"name\":\"Shop\",\"item\":\"https:\/\/www.indien-haus.de\/shop\/shop\/\"},{\"@type\":\"ListItem\",\"position\":3,\"name\":\"Annie Sloan Rundpinsel klein\"}]},{\"@type\":\"WebSite\",\"@id\":\"https:\/\/www.indien-haus.de\/shop\/#website\",\"url\":\"https:\/\/www.indien-haus.de\/shop\/\",\"name\":\"Indien-Haus\",\"description\":\"M\u00f6bel &amp; Lampen &amp; Accessoires aus Asien in Mainz\",\"publisher\":{\"@id\":\"https:\/\/www.indien-haus.de\/shop\/#organization\"},\"potentialAction\":[{\"@type\":\"SearchAction\",\"target\":{\"@type\":\"EntryPoint\",\"urlTemplate\":\"https:\/\/www.indien-haus.de\/shop\/?s={search_term_string}\"},\"query-input\":\"required name=search_term_string\"}],\"inLanguage\":\"de\"},{\"@type\":\"Organization\",\"@id\":\"https:\/\/www.indien-haus.de\/shop\/#organization\",\"name\":\"Indien-Haus\",\"url\":\"https:\/\/www.indien-haus.de\/shop\/\",\"logo\":{\"@type\":\"ImageObject\",\"inLanguage\":\"de\",\"@id\":\"https:\/\/www.indien-haus.de\/shop\/#\/schema\/logo\/image\/\",\"url\":\"https:\/\/www.indien-haus.de\/wp-content\/uploads\/2014\/03\/indien-haus-logo3.png\",\"contentUrl\":\"https:\/\/www.indien-haus.de\/wp-content\/uploads\/2014\/03\/indien-haus-logo3.png\",\"width\":106,\"height\":116,\"caption\":\"Indien-Haus\"},\"image\":{\"@id\":\"https:\/\/www.indien-haus.de\/shop\/#\/schema\/logo\/image\/\"},\"sameAs\":[\"https:\/\/www.facebook.com\/INDIEN.HAUS.news\",\"https:\/\/twitter.com\/Indien_Haus\",\"https:\/\/www.instagram.com\/indien_haus_mainz\/\",\"https:\/\/www.pinterest.de\/indienhaus\/\",\"https:\/\/www.youtube.com\/user\/IndienHaus\"]}]}<\/script>\n<!-- \/ Yoast SEO plugin. -->","yoast_head_json":{"title":"Annie Sloan Rundpinsel klein - #Indien-Haus","description":"Annie Sloan Rundpinsel klein, in drei anderen Gr\u00f6\u00dfen und verschiedenen Formen erh\u00e4ltlich, lassen Sie ihrer Fantasie freien Lauf..","robots":{"index":"index","follow":"follow","max-snippet":"max-snippet:-1","max-image-preview":"max-image-preview:large","max-video-preview":"max-video-preview:-1"},"canonical":"https:\/\/www.indien-haus.de\/shop\/produkt\/annie-sloan-rundpinsel-klein\/","twitter_card":"summary_large_image","twitter_title":"Annie Sloan Rundpinsel klein - #Indien-Haus","twitter_description":"Annie Sloan Rundpinsel klein, in drei anderen Gr\u00f6\u00dfen und verschiedenen Formen erh\u00e4ltlich, lassen Sie ihrer Fantasie freien Lauf..","twitter_image":"https:\/\/www.indien-haus.de\/wp-content\/uploads\/2022\/08\/AS05566-1.jpg","twitter_site":"@Indien_Haus","twitter_misc":{"Gesch\u00e4tzte Lesezeit":"1\u00a0Minute"},"schema":{"@context":"https:\/\/schema.org","@graph":[{"@type":"WebPage","@id":"https:\/\/www.indien-haus.de\/shop\/produkt\/annie-sloan-rundpinsel-klein\/","url":"https:\/\/www.indien-haus.de\/shop\/produkt\/annie-sloan-rundpinsel-klein\/","name":"Annie Sloan Rundpinsel klein - #Indien-Haus","isPartOf":{"@id":"https:\/\/www.indien-haus.de\/shop\/#website"},"datePublished":"2022-08-03T10:52:01+00:00","dateModified":"2025-12-14T14:31:53+00:00","description":"Annie Sloan Rundpinsel klein, in drei anderen Gr\u00f6\u00dfen und verschiedenen Formen erh\u00e4ltlich, lassen Sie ihrer Fantasie freien Lauf..","breadcrumb":{"@id":"https:\/\/www.indien-haus.de\/shop\/produkt\/annie-sloan-rundpinsel-klein\/#breadcrumb"},"inLanguage":"de","potentialAction":[{"@type":"ReadAction","target":["https:\/\/www.indien-haus.de\/shop\/produkt\/annie-sloan-rundpinsel-klein\/"]}]},{"@type":"BreadcrumbList","@id":"https:\/\/www.indien-haus.de\/shop\/produkt\/annie-sloan-rundpinsel-klein\/#breadcrumb","itemListElement":[{"@type":"ListItem","position":1,"name":"Startseite","item":"https:\/\/www.indien-haus.de\/shop\/start\/"},{"@type":"ListItem","position":2,"name":"Shop","item":"https:\/\/www.indien-haus.de\/shop\/shop\/"},{"@type":"ListItem","position":3,"name":"Annie Sloan Rundpinsel klein"}]},{"@type":"WebSite","@id":"https:\/\/www.indien-haus.de\/shop\/#website","url":"https:\/\/www.indien-haus.de\/shop\/","name":"Indien-Haus","description":"M\u00f6bel &amp; Lampen &amp; Accessoires aus Asien in Mainz","publisher":{"@id":"https:\/\/www.indien-haus.de\/shop\/#organization"},"potentialAction":[{"@type":"SearchAction","target":{"@type":"EntryPoint","urlTemplate":"https:\/\/www.indien-haus.de\/shop\/?s={search_term_string}"},"query-input":"required name=search_term_string"}],"inLanguage":"de"},{"@type":"Organization","@id":"https:\/\/www.indien-haus.de\/shop\/#organization","name":"Indien-Haus","url":"https:\/\/www.indien-haus.de\/shop\/","logo":{"@type":"ImageObject","inLanguage":"de","@id":"https:\/\/www.indien-haus.de\/shop\/#\/schema\/logo\/image\/","url":"https:\/\/www.indien-haus.de\/wp-content\/uploads\/2014\/03\/indien-haus-logo3.png","contentUrl":"https:\/\/www.indien-haus.de\/wp-content\/uploads\/2014\/03\/indien-haus-logo3.png","width":106,"height":116,"caption":"Indien-Haus"},"image":{"@id":"https:\/\/www.indien-haus.de\/shop\/#\/schema\/logo\/image\/"},"sameAs":["https:\/\/www.facebook.com\/INDIEN.HAUS.news","https:\/\/twitter.com\/Indien_Haus","https:\/\/www.instagram.com\/indien_haus_mainz\/","https:\/\/www.pinterest.de\/indienhaus\/","https:\/\/www.youtube.com\/user\/IndienHaus"]}]}},"_links":{"self":[{"href":"https:\/\/www.indien-haus.de\/shop\/wp-json\/wp\/v2\/product\/108543"}],"collection":[{"href":"https:\/\/www.indien-haus.de\/shop\/wp-json\/wp\/v2\/product"}],"about":[{"href":"https:\/\/www.indien-haus.de\/shop\/wp-json\/wp\/v2\/types\/product"}],"replies":[{"embeddable":true,"href":"https:\/\/www.indien-haus.de\/shop\/wp-json\/wp\/v2\/comments?post=108543"}],"wp:featuredmedia":[{"embeddable":true,"href":"https:\/\/www.indien-haus.de\/shop\/wp-json\/wp\/v2\/media\/108902"}],"wp:attachment":[{"href":"https:\/\/www.indien-haus.de\/shop\/wp-json\/wp\/v2\/media?parent=108543"}],"wp:term":[{"taxonomy":"product_cat","embeddable":true,"href":"https:\/\/www.indien-haus.de\/shop\/wp-json\/wp\/v2\/product_cat?post=108543"},{"taxonomy":"product_tag","embeddable":true,"href":"https:\/\/www.indien-haus.de\/shop\/wp-json\/wp\/v2\/product_tag?post=108543"}],"curies":[{"name":"wp","href":"https:\/\/api.w.org\/{rel}","templated":true}]}}