{"id":108560,"date":"2022-08-03T12:53:43","date_gmt":"2022-08-03T11:53:43","guid":{"rendered":"https:\/\/www.indien-haus.de\/shop\/?post_type=product&#038;p=108560"},"modified":"2025-04-11T16:19:48","modified_gmt":"2025-04-11T15:19:48","slug":"annie-sloan-metal-leaf-booklets-transfer-aluminium","status":"publish","type":"product","link":"https:\/\/www.indien-haus.de\/shop\/produkt\/annie-sloan-metal-leaf-booklets-transfer-aluminium\/","title":{"rendered":"Annie Sloan Metal Leaf Booklets \/ Transfer Aluminium"},"content":{"rendered":"","protected":false},"excerpt":{"rendered":"<p>Annie Sloan Metal Leaf Booklets \/ Transfer Aluminium (silber)<\/p>\n<p>Transferblatt eignet sich zum Vergolden gro\u00dfer Fl\u00e4chen wie W\u00e4nde oder eines gro\u00dfen M\u00f6belst\u00fccks. Es haftet sehr leicht an einem Taschentuch, so dass das Blatt leicht mit dem obersten Taschentuch aufgenommen und aufgetragen werden kann. Kleben Sie das Blatt auf eine Oberfl\u00e4che, die mit Annie Sloan Gold Size beschichtet ist. Wir bieten Blattmetall in Messing, Aluminium und Kupfer an.<\/p>\n<p>Messingblatt wird auch als &#8220;Imitation Gold&#8221; oder manchmal als &#8220;Dutch Gold&#8221; bezeichnet. Messing l\u00e4uft an, tragen Sie zum Schluss eine Schicht Clear Chalk Paint\u00ae Wax auf Ihre vergoldete Oberfl\u00e4che auf.<\/p>\n<p>Aluminiumblatt ist auch als &#8220;Imitation Silver&#8221; bekannt. Wenn Sie fertig sind, tragen Sie eine leichte Schicht Dark Chalk Paint\u00ae Wax auf, damit es wie Vintage-Silber aussieht.<\/p>\n<p>Unser Transferblattmetall ist in B\u00fcchern zu 25 Blatt erh\u00e4ltlich. Jedes Blatt ist 12,7 cm x 12,7 cm.<\/p>\n","protected":false},"featured_media":108884,"comment_status":"closed","ping_status":"closed","template":"","meta":[],"product_cat":[4456],"product_tag":[4365],"yoast_head":"<!-- This site is optimized with the Yoast SEO plugin v22.0 - https:\/\/yoast.com\/wordpress\/plugins\/seo\/ -->\n<title>Annie Sloan Metal Leaf Booklets \/ Transfer Aluminium - #Indien-Haus<\/title>\n<meta name=\"description\" content=\"Annie Sloan Metal Leaf Booklets \/ Transfer Aluminium (silber), in drei Farben erh\u00e4ltlich, lassen Sie ihrer Fantasie freien Lauf..\" \/>\n<meta name=\"robots\" content=\"index, follow, max-snippet:-1, max-image-preview:large, max-video-preview:-1\" \/>\n<link rel=\"canonical\" href=\"https:\/\/www.indien-haus.de\/shop\/produkt\/annie-sloan-metal-leaf-booklets-transfer-aluminium\/\" \/>\n<meta name=\"twitter:card\" content=\"summary_large_image\" \/>\n<meta name=\"twitter:title\" content=\"Annie Sloan Metal Leaf Booklets \/ Transfer Aluminium - #Indien-Haus\" \/>\n<meta name=\"twitter:description\" content=\"Annie Sloan Metal Leaf Booklets \/ Transfer Aluminium (silber), in drei Farben erh\u00e4ltlich, lassen Sie ihrer Fantasie freien Lauf..\" \/>\n<meta name=\"twitter:image\" content=\"https:\/\/www.indien-haus.de\/wp-content\/uploads\/2022\/08\/AS05563-3-copper.jpg\" \/>\n<meta name=\"twitter:site\" content=\"@Indien_Haus\" \/>\n<script type=\"application\/ld+json\" class=\"yoast-schema-graph\">{\"@context\":\"https:\/\/schema.org\",\"@graph\":[{\"@type\":\"WebPage\",\"@id\":\"https:\/\/www.indien-haus.de\/shop\/produkt\/annie-sloan-metal-leaf-booklets-transfer-aluminium\/\",\"url\":\"https:\/\/www.indien-haus.de\/shop\/produkt\/annie-sloan-metal-leaf-booklets-transfer-aluminium\/\",\"name\":\"Annie Sloan Metal Leaf Booklets \/ Transfer Aluminium - #Indien-Haus\",\"isPartOf\":{\"@id\":\"https:\/\/www.indien-haus.de\/shop\/#website\"},\"datePublished\":\"2022-08-03T11:53:43+00:00\",\"dateModified\":\"2025-04-11T15:19:48+00:00\",\"description\":\"Annie Sloan Metal Leaf Booklets \/ Transfer Aluminium (silber), in drei Farben erh\u00e4ltlich, lassen Sie ihrer Fantasie freien Lauf..\",\"breadcrumb\":{\"@id\":\"https:\/\/www.indien-haus.de\/shop\/produkt\/annie-sloan-metal-leaf-booklets-transfer-aluminium\/#breadcrumb\"},\"inLanguage\":\"de\",\"potentialAction\":[{\"@type\":\"ReadAction\",\"target\":[\"https:\/\/www.indien-haus.de\/shop\/produkt\/annie-sloan-metal-leaf-booklets-transfer-aluminium\/\"]}]},{\"@type\":\"BreadcrumbList\",\"@id\":\"https:\/\/www.indien-haus.de\/shop\/produkt\/annie-sloan-metal-leaf-booklets-transfer-aluminium\/#breadcrumb\",\"itemListElement\":[{\"@type\":\"ListItem\",\"position\":1,\"name\":\"Startseite\",\"item\":\"https:\/\/www.indien-haus.de\/shop\/start\/\"},{\"@type\":\"ListItem\",\"position\":2,\"name\":\"Shop\",\"item\":\"https:\/\/www.indien-haus.de\/shop\/shop\/\"},{\"@type\":\"ListItem\",\"position\":3,\"name\":\"Annie Sloan Metal Leaf Booklets \/ Transfer Aluminium\"}]},{\"@type\":\"WebSite\",\"@id\":\"https:\/\/www.indien-haus.de\/shop\/#website\",\"url\":\"https:\/\/www.indien-haus.de\/shop\/\",\"name\":\"Indien-Haus\",\"description\":\"M\u00f6bel &amp; Lampen &amp; Accessoires aus Asien in Mainz\",\"publisher\":{\"@id\":\"https:\/\/www.indien-haus.de\/shop\/#organization\"},\"potentialAction\":[{\"@type\":\"SearchAction\",\"target\":{\"@type\":\"EntryPoint\",\"urlTemplate\":\"https:\/\/www.indien-haus.de\/shop\/?s={search_term_string}\"},\"query-input\":\"required name=search_term_string\"}],\"inLanguage\":\"de\"},{\"@type\":\"Organization\",\"@id\":\"https:\/\/www.indien-haus.de\/shop\/#organization\",\"name\":\"Indien-Haus\",\"url\":\"https:\/\/www.indien-haus.de\/shop\/\",\"logo\":{\"@type\":\"ImageObject\",\"inLanguage\":\"de\",\"@id\":\"https:\/\/www.indien-haus.de\/shop\/#\/schema\/logo\/image\/\",\"url\":\"https:\/\/www.indien-haus.de\/wp-content\/uploads\/2014\/03\/indien-haus-logo3.png\",\"contentUrl\":\"https:\/\/www.indien-haus.de\/wp-content\/uploads\/2014\/03\/indien-haus-logo3.png\",\"width\":106,\"height\":116,\"caption\":\"Indien-Haus\"},\"image\":{\"@id\":\"https:\/\/www.indien-haus.de\/shop\/#\/schema\/logo\/image\/\"},\"sameAs\":[\"https:\/\/www.facebook.com\/INDIEN.HAUS.news\",\"https:\/\/twitter.com\/Indien_Haus\",\"https:\/\/www.instagram.com\/indien_haus_mainz\/\",\"https:\/\/www.pinterest.de\/indienhaus\/\",\"https:\/\/www.youtube.com\/user\/IndienHaus\"]}]}<\/script>\n<!-- \/ Yoast SEO plugin. -->","yoast_head_json":{"title":"Annie Sloan Metal Leaf Booklets \/ Transfer Aluminium - #Indien-Haus","description":"Annie Sloan Metal Leaf Booklets \/ Transfer Aluminium (silber), in drei Farben erh\u00e4ltlich, lassen Sie ihrer Fantasie freien Lauf..","robots":{"index":"index","follow":"follow","max-snippet":"max-snippet:-1","max-image-preview":"max-image-preview:large","max-video-preview":"max-video-preview:-1"},"canonical":"https:\/\/www.indien-haus.de\/shop\/produkt\/annie-sloan-metal-leaf-booklets-transfer-aluminium\/","twitter_card":"summary_large_image","twitter_title":"Annie Sloan Metal Leaf Booklets \/ Transfer Aluminium - #Indien-Haus","twitter_description":"Annie Sloan Metal Leaf Booklets \/ Transfer Aluminium (silber), in drei Farben erh\u00e4ltlich, lassen Sie ihrer Fantasie freien Lauf..","twitter_image":"https:\/\/www.indien-haus.de\/wp-content\/uploads\/2022\/08\/AS05563-3-copper.jpg","twitter_site":"@Indien_Haus","schema":{"@context":"https:\/\/schema.org","@graph":[{"@type":"WebPage","@id":"https:\/\/www.indien-haus.de\/shop\/produkt\/annie-sloan-metal-leaf-booklets-transfer-aluminium\/","url":"https:\/\/www.indien-haus.de\/shop\/produkt\/annie-sloan-metal-leaf-booklets-transfer-aluminium\/","name":"Annie Sloan Metal Leaf Booklets \/ Transfer Aluminium - #Indien-Haus","isPartOf":{"@id":"https:\/\/www.indien-haus.de\/shop\/#website"},"datePublished":"2022-08-03T11:53:43+00:00","dateModified":"2025-04-11T15:19:48+00:00","description":"Annie Sloan Metal Leaf Booklets \/ Transfer Aluminium (silber), in drei Farben erh\u00e4ltlich, lassen Sie ihrer Fantasie freien Lauf..","breadcrumb":{"@id":"https:\/\/www.indien-haus.de\/shop\/produkt\/annie-sloan-metal-leaf-booklets-transfer-aluminium\/#breadcrumb"},"inLanguage":"de","potentialAction":[{"@type":"ReadAction","target":["https:\/\/www.indien-haus.de\/shop\/produkt\/annie-sloan-metal-leaf-booklets-transfer-aluminium\/"]}]},{"@type":"BreadcrumbList","@id":"https:\/\/www.indien-haus.de\/shop\/produkt\/annie-sloan-metal-leaf-booklets-transfer-aluminium\/#breadcrumb","itemListElement":[{"@type":"ListItem","position":1,"name":"Startseite","item":"https:\/\/www.indien-haus.de\/shop\/start\/"},{"@type":"ListItem","position":2,"name":"Shop","item":"https:\/\/www.indien-haus.de\/shop\/shop\/"},{"@type":"ListItem","position":3,"name":"Annie Sloan Metal Leaf Booklets \/ Transfer Aluminium"}]},{"@type":"WebSite","@id":"https:\/\/www.indien-haus.de\/shop\/#website","url":"https:\/\/www.indien-haus.de\/shop\/","name":"Indien-Haus","description":"M\u00f6bel &amp; Lampen &amp; Accessoires aus Asien in Mainz","publisher":{"@id":"https:\/\/www.indien-haus.de\/shop\/#organization"},"potentialAction":[{"@type":"SearchAction","target":{"@type":"EntryPoint","urlTemplate":"https:\/\/www.indien-haus.de\/shop\/?s={search_term_string}"},"query-input":"required name=search_term_string"}],"inLanguage":"de"},{"@type":"Organization","@id":"https:\/\/www.indien-haus.de\/shop\/#organization","name":"Indien-Haus","url":"https:\/\/www.indien-haus.de\/shop\/","logo":{"@type":"ImageObject","inLanguage":"de","@id":"https:\/\/www.indien-haus.de\/shop\/#\/schema\/logo\/image\/","url":"https:\/\/www.indien-haus.de\/wp-content\/uploads\/2014\/03\/indien-haus-logo3.png","contentUrl":"https:\/\/www.indien-haus.de\/wp-content\/uploads\/2014\/03\/indien-haus-logo3.png","width":106,"height":116,"caption":"Indien-Haus"},"image":{"@id":"https:\/\/www.indien-haus.de\/shop\/#\/schema\/logo\/image\/"},"sameAs":["https:\/\/www.facebook.com\/INDIEN.HAUS.news","https:\/\/twitter.com\/Indien_Haus","https:\/\/www.instagram.com\/indien_haus_mainz\/","https:\/\/www.pinterest.de\/indienhaus\/","https:\/\/www.youtube.com\/user\/IndienHaus"]}]}},"_links":{"self":[{"href":"https:\/\/www.indien-haus.de\/shop\/wp-json\/wp\/v2\/product\/108560"}],"collection":[{"href":"https:\/\/www.indien-haus.de\/shop\/wp-json\/wp\/v2\/product"}],"about":[{"href":"https:\/\/www.indien-haus.de\/shop\/wp-json\/wp\/v2\/types\/product"}],"replies":[{"embeddable":true,"href":"https:\/\/www.indien-haus.de\/shop\/wp-json\/wp\/v2\/comments?post=108560"}],"wp:featuredmedia":[{"embeddable":true,"href":"https:\/\/www.indien-haus.de\/shop\/wp-json\/wp\/v2\/media\/108884"}],"wp:attachment":[{"href":"https:\/\/www.indien-haus.de\/shop\/wp-json\/wp\/v2\/media?parent=108560"}],"wp:term":[{"taxonomy":"product_cat","embeddable":true,"href":"https:\/\/www.indien-haus.de\/shop\/wp-json\/wp\/v2\/product_cat?post=108560"},{"taxonomy":"product_tag","embeddable":true,"href":"https:\/\/www.indien-haus.de\/shop\/wp-json\/wp\/v2\/product_tag?post=108560"}],"curies":[{"name":"wp","href":"https:\/\/api.w.org\/{rel}","templated":true}]}}