{"id":108648,"date":"2022-08-05T16:05:56","date_gmt":"2022-08-05T15:05:56","guid":{"rendered":"https:\/\/www.indien-haus.de\/shop\/?post_type=product&#038;p=108648"},"modified":"2025-08-23T15:46:32","modified_gmt":"2025-08-23T14:46:32","slug":"figur-wanddekoration-fisch-gross-steinoptik-grau","status":"publish","type":"product","link":"https:\/\/www.indien-haus.de\/shop\/produkt\/figur-wanddekoration-fisch-gross-steinoptik-grau\/","title":{"rendered":"Figur Wanddekoration Fisch gro\u00df Steinoptik grau"},"content":{"rendered":"","protected":false},"excerpt":{"rendered":"<p>Figur Wanddekoration Fisch gro\u00df Steinoptik graue aus Resin angefertigt auf Bali \/ Indonesien<\/p>\n","protected":false},"featured_media":108825,"comment_status":"closed","ping_status":"closed","template":"","meta":[],"product_cat":[70],"product_tag":[4803,4804,371],"yoast_head":"<!-- This site is optimized with the Yoast SEO plugin v22.0 - https:\/\/yoast.com\/wordpress\/plugins\/seo\/ -->\n<title>Figur Wanddekoration Fisch gro\u00df Steinoptik grau - #Indien-Haus<\/title>\n<meta name=\"description\" content=\"Figur Wanddekoration Fisch gro\u00df Steinoptik grau aus Resin angefertigt auf Bali \/ Indonesien in verschiedenen Farben und Gr\u00f6\u00dfen erh\u00e4ltlich\" \/>\n<meta name=\"robots\" content=\"index, follow, max-snippet:-1, max-image-preview:large, max-video-preview:-1\" \/>\n<link rel=\"canonical\" href=\"https:\/\/www.indien-haus.de\/shop\/produkt\/figur-wanddekoration-fisch-gross-steinoptik-grau\/\" \/>\n<meta name=\"twitter:card\" content=\"summary_large_image\" \/>\n<meta name=\"twitter:title\" content=\"Figur Wanddekoration Fisch gro\u00df Steinoptik grau - #Indien-Haus\" \/>\n<meta name=\"twitter:description\" content=\"Figur Wanddekoration Fisch gro\u00df Steinoptik grau aus Resin angefertigt auf Bali \/ Indonesien in verschiedenen Farben und Gr\u00f6\u00dfen erh\u00e4ltlich\" \/>\n<meta name=\"twitter:image\" content=\"https:\/\/www.indien-haus.de\/wp-content\/uploads\/2022\/08\/KA05351-3B.jpg\" \/>\n<meta name=\"twitter:site\" content=\"@Indien_Haus\" \/>\n<script type=\"application\/ld+json\" class=\"yoast-schema-graph\">{\"@context\":\"https:\/\/schema.org\",\"@graph\":[{\"@type\":\"WebPage\",\"@id\":\"https:\/\/www.indien-haus.de\/shop\/produkt\/figur-wanddekoration-fisch-gross-steinoptik-grau\/\",\"url\":\"https:\/\/www.indien-haus.de\/shop\/produkt\/figur-wanddekoration-fisch-gross-steinoptik-grau\/\",\"name\":\"Figur Wanddekoration Fisch gro\u00df Steinoptik grau - #Indien-Haus\",\"isPartOf\":{\"@id\":\"https:\/\/www.indien-haus.de\/shop\/#website\"},\"datePublished\":\"2022-08-05T15:05:56+00:00\",\"dateModified\":\"2025-08-23T14:46:32+00:00\",\"description\":\"Figur Wanddekoration Fisch gro\u00df Steinoptik grau aus Resin angefertigt auf Bali \/ Indonesien in verschiedenen Farben und Gr\u00f6\u00dfen erh\u00e4ltlich\",\"breadcrumb\":{\"@id\":\"https:\/\/www.indien-haus.de\/shop\/produkt\/figur-wanddekoration-fisch-gross-steinoptik-grau\/#breadcrumb\"},\"inLanguage\":\"de\",\"potentialAction\":[{\"@type\":\"ReadAction\",\"target\":[\"https:\/\/www.indien-haus.de\/shop\/produkt\/figur-wanddekoration-fisch-gross-steinoptik-grau\/\"]}]},{\"@type\":\"BreadcrumbList\",\"@id\":\"https:\/\/www.indien-haus.de\/shop\/produkt\/figur-wanddekoration-fisch-gross-steinoptik-grau\/#breadcrumb\",\"itemListElement\":[{\"@type\":\"ListItem\",\"position\":1,\"name\":\"Startseite\",\"item\":\"https:\/\/www.indien-haus.de\/shop\/start\/\"},{\"@type\":\"ListItem\",\"position\":2,\"name\":\"Shop\",\"item\":\"https:\/\/www.indien-haus.de\/shop\/shop\/\"},{\"@type\":\"ListItem\",\"position\":3,\"name\":\"Figur Wanddekoration Fisch gro\u00df Steinoptik grau\"}]},{\"@type\":\"WebSite\",\"@id\":\"https:\/\/www.indien-haus.de\/shop\/#website\",\"url\":\"https:\/\/www.indien-haus.de\/shop\/\",\"name\":\"Indien-Haus\",\"description\":\"M\u00f6bel &amp; Lampen &amp; Accessoires aus Asien in Mainz\",\"publisher\":{\"@id\":\"https:\/\/www.indien-haus.de\/shop\/#organization\"},\"potentialAction\":[{\"@type\":\"SearchAction\",\"target\":{\"@type\":\"EntryPoint\",\"urlTemplate\":\"https:\/\/www.indien-haus.de\/shop\/?s={search_term_string}\"},\"query-input\":\"required name=search_term_string\"}],\"inLanguage\":\"de\"},{\"@type\":\"Organization\",\"@id\":\"https:\/\/www.indien-haus.de\/shop\/#organization\",\"name\":\"Indien-Haus\",\"url\":\"https:\/\/www.indien-haus.de\/shop\/\",\"logo\":{\"@type\":\"ImageObject\",\"inLanguage\":\"de\",\"@id\":\"https:\/\/www.indien-haus.de\/shop\/#\/schema\/logo\/image\/\",\"url\":\"https:\/\/www.indien-haus.de\/wp-content\/uploads\/2014\/03\/indien-haus-logo3.png\",\"contentUrl\":\"https:\/\/www.indien-haus.de\/wp-content\/uploads\/2014\/03\/indien-haus-logo3.png\",\"width\":106,\"height\":116,\"caption\":\"Indien-Haus\"},\"image\":{\"@id\":\"https:\/\/www.indien-haus.de\/shop\/#\/schema\/logo\/image\/\"},\"sameAs\":[\"https:\/\/www.facebook.com\/INDIEN.HAUS.news\",\"https:\/\/twitter.com\/Indien_Haus\",\"https:\/\/www.instagram.com\/indien_haus_mainz\/\",\"https:\/\/www.pinterest.de\/indienhaus\/\",\"https:\/\/www.youtube.com\/user\/IndienHaus\"]}]}<\/script>\n<!-- \/ Yoast SEO plugin. -->","yoast_head_json":{"title":"Figur Wanddekoration Fisch gro\u00df Steinoptik grau - #Indien-Haus","description":"Figur Wanddekoration Fisch gro\u00df Steinoptik grau aus Resin angefertigt auf Bali \/ Indonesien in verschiedenen Farben und Gr\u00f6\u00dfen erh\u00e4ltlich","robots":{"index":"index","follow":"follow","max-snippet":"max-snippet:-1","max-image-preview":"max-image-preview:large","max-video-preview":"max-video-preview:-1"},"canonical":"https:\/\/www.indien-haus.de\/shop\/produkt\/figur-wanddekoration-fisch-gross-steinoptik-grau\/","twitter_card":"summary_large_image","twitter_title":"Figur Wanddekoration Fisch gro\u00df Steinoptik grau - #Indien-Haus","twitter_description":"Figur Wanddekoration Fisch gro\u00df Steinoptik grau aus Resin angefertigt auf Bali \/ Indonesien in verschiedenen Farben und Gr\u00f6\u00dfen erh\u00e4ltlich","twitter_image":"https:\/\/www.indien-haus.de\/wp-content\/uploads\/2022\/08\/KA05351-3B.jpg","twitter_site":"@Indien_Haus","schema":{"@context":"https:\/\/schema.org","@graph":[{"@type":"WebPage","@id":"https:\/\/www.indien-haus.de\/shop\/produkt\/figur-wanddekoration-fisch-gross-steinoptik-grau\/","url":"https:\/\/www.indien-haus.de\/shop\/produkt\/figur-wanddekoration-fisch-gross-steinoptik-grau\/","name":"Figur Wanddekoration Fisch gro\u00df Steinoptik grau - #Indien-Haus","isPartOf":{"@id":"https:\/\/www.indien-haus.de\/shop\/#website"},"datePublished":"2022-08-05T15:05:56+00:00","dateModified":"2025-08-23T14:46:32+00:00","description":"Figur Wanddekoration Fisch gro\u00df Steinoptik grau aus Resin angefertigt auf Bali \/ Indonesien in verschiedenen Farben und Gr\u00f6\u00dfen erh\u00e4ltlich","breadcrumb":{"@id":"https:\/\/www.indien-haus.de\/shop\/produkt\/figur-wanddekoration-fisch-gross-steinoptik-grau\/#breadcrumb"},"inLanguage":"de","potentialAction":[{"@type":"ReadAction","target":["https:\/\/www.indien-haus.de\/shop\/produkt\/figur-wanddekoration-fisch-gross-steinoptik-grau\/"]}]},{"@type":"BreadcrumbList","@id":"https:\/\/www.indien-haus.de\/shop\/produkt\/figur-wanddekoration-fisch-gross-steinoptik-grau\/#breadcrumb","itemListElement":[{"@type":"ListItem","position":1,"name":"Startseite","item":"https:\/\/www.indien-haus.de\/shop\/start\/"},{"@type":"ListItem","position":2,"name":"Shop","item":"https:\/\/www.indien-haus.de\/shop\/shop\/"},{"@type":"ListItem","position":3,"name":"Figur Wanddekoration Fisch gro\u00df Steinoptik grau"}]},{"@type":"WebSite","@id":"https:\/\/www.indien-haus.de\/shop\/#website","url":"https:\/\/www.indien-haus.de\/shop\/","name":"Indien-Haus","description":"M\u00f6bel &amp; Lampen &amp; Accessoires aus Asien in Mainz","publisher":{"@id":"https:\/\/www.indien-haus.de\/shop\/#organization"},"potentialAction":[{"@type":"SearchAction","target":{"@type":"EntryPoint","urlTemplate":"https:\/\/www.indien-haus.de\/shop\/?s={search_term_string}"},"query-input":"required name=search_term_string"}],"inLanguage":"de"},{"@type":"Organization","@id":"https:\/\/www.indien-haus.de\/shop\/#organization","name":"Indien-Haus","url":"https:\/\/www.indien-haus.de\/shop\/","logo":{"@type":"ImageObject","inLanguage":"de","@id":"https:\/\/www.indien-haus.de\/shop\/#\/schema\/logo\/image\/","url":"https:\/\/www.indien-haus.de\/wp-content\/uploads\/2014\/03\/indien-haus-logo3.png","contentUrl":"https:\/\/www.indien-haus.de\/wp-content\/uploads\/2014\/03\/indien-haus-logo3.png","width":106,"height":116,"caption":"Indien-Haus"},"image":{"@id":"https:\/\/www.indien-haus.de\/shop\/#\/schema\/logo\/image\/"},"sameAs":["https:\/\/www.facebook.com\/INDIEN.HAUS.news","https:\/\/twitter.com\/Indien_Haus","https:\/\/www.instagram.com\/indien_haus_mainz\/","https:\/\/www.pinterest.de\/indienhaus\/","https:\/\/www.youtube.com\/user\/IndienHaus"]}]}},"_links":{"self":[{"href":"https:\/\/www.indien-haus.de\/shop\/wp-json\/wp\/v2\/product\/108648"}],"collection":[{"href":"https:\/\/www.indien-haus.de\/shop\/wp-json\/wp\/v2\/product"}],"about":[{"href":"https:\/\/www.indien-haus.de\/shop\/wp-json\/wp\/v2\/types\/product"}],"replies":[{"embeddable":true,"href":"https:\/\/www.indien-haus.de\/shop\/wp-json\/wp\/v2\/comments?post=108648"}],"wp:featuredmedia":[{"embeddable":true,"href":"https:\/\/www.indien-haus.de\/shop\/wp-json\/wp\/v2\/media\/108825"}],"wp:attachment":[{"href":"https:\/\/www.indien-haus.de\/shop\/wp-json\/wp\/v2\/media?parent=108648"}],"wp:term":[{"taxonomy":"product_cat","embeddable":true,"href":"https:\/\/www.indien-haus.de\/shop\/wp-json\/wp\/v2\/product_cat?post=108648"},{"taxonomy":"product_tag","embeddable":true,"href":"https:\/\/www.indien-haus.de\/shop\/wp-json\/wp\/v2\/product_tag?post=108648"}],"curies":[{"name":"wp","href":"https:\/\/api.w.org\/{rel}","templated":true}]}}