{"id":110366,"date":"2022-11-12T12:45:53","date_gmt":"2022-11-12T11:45:53","guid":{"rendered":"https:\/\/www.indien-haus.de\/shop\/?post_type=product&#038;p=110366"},"modified":"2025-12-14T15:27:58","modified_gmt":"2025-12-14T14:27:58","slug":"annie-sloan-satin-paint-750ml-french-linen","status":"publish","type":"product","link":"https:\/\/www.indien-haus.de\/shop\/produkt\/annie-sloan-satin-paint-750ml-french-linen\/","title":{"rendered":"Annie Sloan Satin Paint 750ml French Linen"},"content":{"rendered":"","protected":false},"excerpt":{"rendered":"<p>Annie Sloan Satin Paint 750ml French Linen<\/p>\n<p>Annie Sloan Satin Paint in French Linen ist ein warmes, beruhigendes, sattes Grau. Es ist ein vielseitiges Grau mit subtilen braunen Untert\u00f6nen, das manchmal auch als \u201eGreige\u201c bezeichnet wird und von klassisch-l\u00e4ndlichen und gustavianisch-franz\u00f6sischen Interieurs inspiriert ist.<\/p>\n<p>Erh\u00e4ltlich in 750-ml-Dosen. 750 ml reichen f\u00fcr ungef\u00e4hr 11 m\u00b2 aus.<\/p>\n<p>Annie Sloan Satin Paint ist eine abwaschbare, schnell trocknende Innenraumfarbe auf Wasserbasis mit niedrigem VOC-Gehalt und einem Glanzgrad von 10%. Sie ist als \u201espielzeugsicher\u201d zertifiziert mit einem A+ EU Innenraumluftwert.<\/p>\n<p>Bevor Sie mit dem Streichen von Satin Paint beginnen, machen Sie sich mit unserem Produktinformationsblatt vertraut.<\/p>\n<p>Alle Oberfl\u00e4chen m\u00fcssen vor dem Auftragen von Annie Sloan Satin Paint sauber, trocken und frei von Staub, Schmutz oder \u00f6lhaltigen Verunreinigungen sein. Wir empfehlen die Verwendung eines Reinigungsmittels auf Wasserbasis mit nat\u00fcrlichen Inhaltsstoffen wie z. B. einen Soda Allzweck-Reiniger. Beim Streichen von Satin Paint auf Metall empfehlen wir das vorherige Auftragen einer geeigneten Grundierung f\u00fcr Metalloberfl\u00e4chen. Mit Annie Sloan Satin Paint gestrichene Oberfl\u00e4chen m\u00fcssen nicht mit Wachs oder Lack versiegelt werden.<\/p>\n<p>Annie Sloan Satin Paint ist f\u00fcr die Innenanwendung auf Holz und Metall konzipiert und hat zwei wichtige Eigenschaften. Zum einen wurde sie f\u00fcr die Verwendung mit Annie Sloan Wall Paint auf Fu\u00dfboden- und Zierleisten, T\u00fcr- und Fensterrahmen, T\u00fcren sowie anderen stark beanspruchten Bereichen des Hauses entwickelt. Zum anderen ist Satin Paint eine Farbe mit einem modernen Look, die in nur einem Schritt auf Holz- und Metallm\u00f6beln aufgetragen werden kann. <strong>Das Auftragen von Chalk Paint\u2122 Wax oder Lacquer auf Annie Sloan Satin Paint ist nicht erforderlich.<\/strong><\/p>\n<p>F\u00fcr Fu\u00dfb\u00f6den, Au\u00dfenbereich oder dekorative Effekte empfehlen wir Chalk Paint\u2122 von Annie Sloan.<\/p>\n<p>Bitte beachten Sie, dass die angezeigten Farben je nach Bildschirmeinstellungen variieren. Wir k\u00f6nnen nicht garantieren, dass die Farben genau der Farbe entsprechen, die Sie auf dem Bildschirm sehen. Sollten Sie sich nicht sicher sein, bestellen Sie am besten zuerst eine Farbkarte.<\/p>\n","protected":false},"featured_media":110336,"comment_status":"closed","ping_status":"closed","template":"","meta":[],"product_cat":[4456],"product_tag":[4365],"yoast_head":"<!-- This site is optimized with the Yoast SEO plugin v22.0 - https:\/\/yoast.com\/wordpress\/plugins\/seo\/ -->\n<title>Annie Sloan Satin Paint 750ml French Linen - #Indien-Haus<\/title>\n<meta name=\"description\" content=\"Annie Sloan Satin Paint 750ml French Linen, muss nicht mit Wachs versiegelt werden! Satin Paint eine robuste wasserbasierende Farbe\" \/>\n<meta name=\"robots\" content=\"index, follow, max-snippet:-1, max-image-preview:large, max-video-preview:-1\" \/>\n<link rel=\"canonical\" href=\"https:\/\/www.indien-haus.de\/shop\/produkt\/annie-sloan-satin-paint-750ml-french-linen\/\" \/>\n<meta name=\"twitter:card\" content=\"summary_large_image\" \/>\n<meta name=\"twitter:title\" content=\"Annie Sloan Satin Paint 750ml French Linen - #Indien-Haus\" \/>\n<meta name=\"twitter:description\" content=\"Annie Sloan Satin Paint 750ml French Linen, muss nicht mit Wachs versiegelt werden! Satin Paint eine robuste wasserbasierende Farbe\" \/>\n<meta name=\"twitter:image\" content=\"https:\/\/www.indien-haus.de\/wp-content\/uploads\/2022\/11\/AS08609-french-linen.jpg\" \/>\n<meta name=\"twitter:site\" content=\"@Indien_Haus\" \/>\n<script type=\"application\/ld+json\" class=\"yoast-schema-graph\">{\"@context\":\"https:\/\/schema.org\",\"@graph\":[{\"@type\":\"WebPage\",\"@id\":\"https:\/\/www.indien-haus.de\/shop\/produkt\/annie-sloan-satin-paint-750ml-french-linen\/\",\"url\":\"https:\/\/www.indien-haus.de\/shop\/produkt\/annie-sloan-satin-paint-750ml-french-linen\/\",\"name\":\"Annie Sloan Satin Paint 750ml French Linen - #Indien-Haus\",\"isPartOf\":{\"@id\":\"https:\/\/www.indien-haus.de\/shop\/#website\"},\"datePublished\":\"2022-11-12T11:45:53+00:00\",\"dateModified\":\"2025-12-14T14:27:58+00:00\",\"description\":\"Annie Sloan Satin Paint 750ml French Linen, muss nicht mit Wachs versiegelt werden! Satin Paint eine robuste wasserbasierende Farbe\",\"breadcrumb\":{\"@id\":\"https:\/\/www.indien-haus.de\/shop\/produkt\/annie-sloan-satin-paint-750ml-french-linen\/#breadcrumb\"},\"inLanguage\":\"de\",\"potentialAction\":[{\"@type\":\"ReadAction\",\"target\":[\"https:\/\/www.indien-haus.de\/shop\/produkt\/annie-sloan-satin-paint-750ml-french-linen\/\"]}]},{\"@type\":\"BreadcrumbList\",\"@id\":\"https:\/\/www.indien-haus.de\/shop\/produkt\/annie-sloan-satin-paint-750ml-french-linen\/#breadcrumb\",\"itemListElement\":[{\"@type\":\"ListItem\",\"position\":1,\"name\":\"Startseite\",\"item\":\"https:\/\/www.indien-haus.de\/shop\/start\/\"},{\"@type\":\"ListItem\",\"position\":2,\"name\":\"Shop\",\"item\":\"https:\/\/www.indien-haus.de\/shop\/shop\/\"},{\"@type\":\"ListItem\",\"position\":3,\"name\":\"Annie Sloan Satin Paint 750ml French Linen\"}]},{\"@type\":\"WebSite\",\"@id\":\"https:\/\/www.indien-haus.de\/shop\/#website\",\"url\":\"https:\/\/www.indien-haus.de\/shop\/\",\"name\":\"Indien-Haus\",\"description\":\"M\u00f6bel &amp; Lampen &amp; Accessoires aus Asien in Mainz\",\"publisher\":{\"@id\":\"https:\/\/www.indien-haus.de\/shop\/#organization\"},\"potentialAction\":[{\"@type\":\"SearchAction\",\"target\":{\"@type\":\"EntryPoint\",\"urlTemplate\":\"https:\/\/www.indien-haus.de\/shop\/?s={search_term_string}\"},\"query-input\":\"required name=search_term_string\"}],\"inLanguage\":\"de\"},{\"@type\":\"Organization\",\"@id\":\"https:\/\/www.indien-haus.de\/shop\/#organization\",\"name\":\"Indien-Haus\",\"url\":\"https:\/\/www.indien-haus.de\/shop\/\",\"logo\":{\"@type\":\"ImageObject\",\"inLanguage\":\"de\",\"@id\":\"https:\/\/www.indien-haus.de\/shop\/#\/schema\/logo\/image\/\",\"url\":\"https:\/\/www.indien-haus.de\/wp-content\/uploads\/2014\/03\/indien-haus-logo3.png\",\"contentUrl\":\"https:\/\/www.indien-haus.de\/wp-content\/uploads\/2014\/03\/indien-haus-logo3.png\",\"width\":106,\"height\":116,\"caption\":\"Indien-Haus\"},\"image\":{\"@id\":\"https:\/\/www.indien-haus.de\/shop\/#\/schema\/logo\/image\/\"},\"sameAs\":[\"https:\/\/www.facebook.com\/INDIEN.HAUS.news\",\"https:\/\/twitter.com\/Indien_Haus\",\"https:\/\/www.instagram.com\/indien_haus_mainz\/\",\"https:\/\/www.pinterest.de\/indienhaus\/\",\"https:\/\/www.youtube.com\/user\/IndienHaus\"]}]}<\/script>\n<!-- \/ Yoast SEO plugin. -->","yoast_head_json":{"title":"Annie Sloan Satin Paint 750ml French Linen - #Indien-Haus","description":"Annie Sloan Satin Paint 750ml French Linen, muss nicht mit Wachs versiegelt werden! Satin Paint eine robuste wasserbasierende Farbe","robots":{"index":"index","follow":"follow","max-snippet":"max-snippet:-1","max-image-preview":"max-image-preview:large","max-video-preview":"max-video-preview:-1"},"canonical":"https:\/\/www.indien-haus.de\/shop\/produkt\/annie-sloan-satin-paint-750ml-french-linen\/","twitter_card":"summary_large_image","twitter_title":"Annie Sloan Satin Paint 750ml French Linen - #Indien-Haus","twitter_description":"Annie Sloan Satin Paint 750ml French Linen, muss nicht mit Wachs versiegelt werden! Satin Paint eine robuste wasserbasierende Farbe","twitter_image":"https:\/\/www.indien-haus.de\/wp-content\/uploads\/2022\/11\/AS08609-french-linen.jpg","twitter_site":"@Indien_Haus","schema":{"@context":"https:\/\/schema.org","@graph":[{"@type":"WebPage","@id":"https:\/\/www.indien-haus.de\/shop\/produkt\/annie-sloan-satin-paint-750ml-french-linen\/","url":"https:\/\/www.indien-haus.de\/shop\/produkt\/annie-sloan-satin-paint-750ml-french-linen\/","name":"Annie Sloan Satin Paint 750ml French Linen - #Indien-Haus","isPartOf":{"@id":"https:\/\/www.indien-haus.de\/shop\/#website"},"datePublished":"2022-11-12T11:45:53+00:00","dateModified":"2025-12-14T14:27:58+00:00","description":"Annie Sloan Satin Paint 750ml French Linen, muss nicht mit Wachs versiegelt werden! Satin Paint eine robuste wasserbasierende Farbe","breadcrumb":{"@id":"https:\/\/www.indien-haus.de\/shop\/produkt\/annie-sloan-satin-paint-750ml-french-linen\/#breadcrumb"},"inLanguage":"de","potentialAction":[{"@type":"ReadAction","target":["https:\/\/www.indien-haus.de\/shop\/produkt\/annie-sloan-satin-paint-750ml-french-linen\/"]}]},{"@type":"BreadcrumbList","@id":"https:\/\/www.indien-haus.de\/shop\/produkt\/annie-sloan-satin-paint-750ml-french-linen\/#breadcrumb","itemListElement":[{"@type":"ListItem","position":1,"name":"Startseite","item":"https:\/\/www.indien-haus.de\/shop\/start\/"},{"@type":"ListItem","position":2,"name":"Shop","item":"https:\/\/www.indien-haus.de\/shop\/shop\/"},{"@type":"ListItem","position":3,"name":"Annie Sloan Satin Paint 750ml French Linen"}]},{"@type":"WebSite","@id":"https:\/\/www.indien-haus.de\/shop\/#website","url":"https:\/\/www.indien-haus.de\/shop\/","name":"Indien-Haus","description":"M\u00f6bel &amp; Lampen &amp; Accessoires aus Asien in Mainz","publisher":{"@id":"https:\/\/www.indien-haus.de\/shop\/#organization"},"potentialAction":[{"@type":"SearchAction","target":{"@type":"EntryPoint","urlTemplate":"https:\/\/www.indien-haus.de\/shop\/?s={search_term_string}"},"query-input":"required name=search_term_string"}],"inLanguage":"de"},{"@type":"Organization","@id":"https:\/\/www.indien-haus.de\/shop\/#organization","name":"Indien-Haus","url":"https:\/\/www.indien-haus.de\/shop\/","logo":{"@type":"ImageObject","inLanguage":"de","@id":"https:\/\/www.indien-haus.de\/shop\/#\/schema\/logo\/image\/","url":"https:\/\/www.indien-haus.de\/wp-content\/uploads\/2014\/03\/indien-haus-logo3.png","contentUrl":"https:\/\/www.indien-haus.de\/wp-content\/uploads\/2014\/03\/indien-haus-logo3.png","width":106,"height":116,"caption":"Indien-Haus"},"image":{"@id":"https:\/\/www.indien-haus.de\/shop\/#\/schema\/logo\/image\/"},"sameAs":["https:\/\/www.facebook.com\/INDIEN.HAUS.news","https:\/\/twitter.com\/Indien_Haus","https:\/\/www.instagram.com\/indien_haus_mainz\/","https:\/\/www.pinterest.de\/indienhaus\/","https:\/\/www.youtube.com\/user\/IndienHaus"]}]}},"_links":{"self":[{"href":"https:\/\/www.indien-haus.de\/shop\/wp-json\/wp\/v2\/product\/110366"}],"collection":[{"href":"https:\/\/www.indien-haus.de\/shop\/wp-json\/wp\/v2\/product"}],"about":[{"href":"https:\/\/www.indien-haus.de\/shop\/wp-json\/wp\/v2\/types\/product"}],"replies":[{"embeddable":true,"href":"https:\/\/www.indien-haus.de\/shop\/wp-json\/wp\/v2\/comments?post=110366"}],"wp:featuredmedia":[{"embeddable":true,"href":"https:\/\/www.indien-haus.de\/shop\/wp-json\/wp\/v2\/media\/110336"}],"wp:attachment":[{"href":"https:\/\/www.indien-haus.de\/shop\/wp-json\/wp\/v2\/media?parent=110366"}],"wp:term":[{"taxonomy":"product_cat","embeddable":true,"href":"https:\/\/www.indien-haus.de\/shop\/wp-json\/wp\/v2\/product_cat?post=110366"},{"taxonomy":"product_tag","embeddable":true,"href":"https:\/\/www.indien-haus.de\/shop\/wp-json\/wp\/v2\/product_tag?post=110366"}],"curies":[{"name":"wp","href":"https:\/\/api.w.org\/{rel}","templated":true}]}}