{"id":111308,"date":"2023-02-09T13:37:37","date_gmt":"2023-02-09T12:37:37","guid":{"rendered":"https:\/\/www.indien-haus.de\/shop\/?post_type=product&#038;p=111308"},"modified":"2024-02-29T17:07:18","modified_gmt":"2024-02-29T16:07:18","slug":"figur-mediationsbuddha-dhyana-mudra-geste-der-versenkung","status":"publish","type":"product","link":"https:\/\/www.indien-haus.de\/shop\/produkt\/figur-mediationsbuddha-dhyana-mudra-geste-der-versenkung\/","title":{"rendered":"Figur Mediationsbuddha Dhyana Mudra Geste der Versenkung"},"content":{"rendered":"","protected":false},"excerpt":{"rendered":"<p>Figur Mediationsbuddha Dhyana Mudra Geste der Versenkung aus Naturstein hergestellt in Bali &#8211; Indonesien.<\/p>\n<p><strong>Aufgrund der Beschaffenheit kann diese Figur nur liegend auf einer Doppel-<\/strong><strong>Palette per Spedition (bis Bordsteinkante) versendet werden!<\/strong><\/p>\n<h3>Bedeutung Buddha<\/h3>\n<p>Buddha bezieht sich auf denjenigen, der Erleuchtung &amp; Buddhaschaft erreicht hat &amp; die 4 edlen Wahrheiten vollst\u00e4ndig verstanden hat. Der Begriff bezieht sich am h\u00e4ufigsten auf Siddhartha Gautama, den Lehrer &amp; Begr\u00fcnder des Buddhismus, der einfach als &#8220;der Buddha&#8221; bekannt ist.<\/p>\n<p>Die meditierende Buddhafigur soll jedem bei der Meditation helfen. Alleine durch das reine Anschauen der Figur, soll die harmonischen Ausstrahlung auf den Meditierenden wirken. Dabei spielen das Gesicht &amp; die Proportionen jeder Figur eine gro\u00dfe Rolle.<\/p>\n","protected":false},"featured_media":114786,"comment_status":"closed","ping_status":"closed","template":"","meta":[],"product_cat":[70],"product_tag":[3573,4420,2267,4803,5656,5533],"yoast_head":"<!-- This site is optimized with the Yoast SEO plugin v22.0 - https:\/\/yoast.com\/wordpress\/plugins\/seo\/ -->\n<title>Figur Mediationsbuddha Dhyana Mudra Geste der Versenkung - #Indien-Haus<\/title>\n<meta name=\"description\" content=\"Sehr sch\u00f6ne, Figur Mediationsbuddha Dhyana Mudra Geste der Versenkung in grau aus Naturstein. Entdecken Sie weitere Figuren in unserem Shop\" \/>\n<meta name=\"robots\" content=\"index, follow, max-snippet:-1, max-image-preview:large, max-video-preview:-1\" \/>\n<link rel=\"canonical\" href=\"https:\/\/www.indien-haus.de\/shop\/produkt\/figur-mediationsbuddha-dhyana-mudra-geste-der-versenkung\/\" \/>\n<meta name=\"twitter:card\" content=\"summary_large_image\" \/>\n<meta name=\"twitter:title\" content=\"Figur Mediationsbuddha Dhyana Mudra Geste der Versenkung - #Indien-Haus\" \/>\n<meta name=\"twitter:description\" content=\"Sehr sch\u00f6ne, Figur Mediationsbuddha Dhyana Mudra Geste der Versenkung in grau aus Naturstein. Entdecken Sie weitere Figuren in unserem Shop\" \/>\n<meta name=\"twitter:image\" content=\"https:\/\/www.indien-haus.de\/wp-content\/uploads\/2023\/02\/BT08673-1pc.jpg\" \/>\n<meta name=\"twitter:site\" content=\"@Indien_Haus\" \/>\n<meta name=\"twitter:label1\" content=\"Gesch\u00e4tzte Lesezeit\" \/>\n\t<meta name=\"twitter:data1\" content=\"1\u00a0Minute\" \/>\n<script type=\"application\/ld+json\" class=\"yoast-schema-graph\">{\"@context\":\"https:\/\/schema.org\",\"@graph\":[{\"@type\":\"WebPage\",\"@id\":\"https:\/\/www.indien-haus.de\/shop\/produkt\/figur-mediationsbuddha-dhyana-mudra-geste-der-versenkung\/\",\"url\":\"https:\/\/www.indien-haus.de\/shop\/produkt\/figur-mediationsbuddha-dhyana-mudra-geste-der-versenkung\/\",\"name\":\"Figur Mediationsbuddha Dhyana Mudra Geste der Versenkung - #Indien-Haus\",\"isPartOf\":{\"@id\":\"https:\/\/www.indien-haus.de\/shop\/#website\"},\"datePublished\":\"2023-02-09T12:37:37+00:00\",\"dateModified\":\"2024-02-29T16:07:18+00:00\",\"description\":\"Sehr sch\u00f6ne, Figur Mediationsbuddha Dhyana Mudra Geste der Versenkung in grau aus Naturstein. Entdecken Sie weitere Figuren in unserem Shop\",\"breadcrumb\":{\"@id\":\"https:\/\/www.indien-haus.de\/shop\/produkt\/figur-mediationsbuddha-dhyana-mudra-geste-der-versenkung\/#breadcrumb\"},\"inLanguage\":\"de\",\"potentialAction\":[{\"@type\":\"ReadAction\",\"target\":[\"https:\/\/www.indien-haus.de\/shop\/produkt\/figur-mediationsbuddha-dhyana-mudra-geste-der-versenkung\/\"]}]},{\"@type\":\"BreadcrumbList\",\"@id\":\"https:\/\/www.indien-haus.de\/shop\/produkt\/figur-mediationsbuddha-dhyana-mudra-geste-der-versenkung\/#breadcrumb\",\"itemListElement\":[{\"@type\":\"ListItem\",\"position\":1,\"name\":\"Startseite\",\"item\":\"https:\/\/www.indien-haus.de\/shop\/start\/\"},{\"@type\":\"ListItem\",\"position\":2,\"name\":\"Shop\",\"item\":\"https:\/\/www.indien-haus.de\/shop\/shop\/\"},{\"@type\":\"ListItem\",\"position\":3,\"name\":\"Figur Mediationsbuddha Dhyana Mudra Geste der Versenkung\"}]},{\"@type\":\"WebSite\",\"@id\":\"https:\/\/www.indien-haus.de\/shop\/#website\",\"url\":\"https:\/\/www.indien-haus.de\/shop\/\",\"name\":\"Indien-Haus\",\"description\":\"M\u00f6bel &amp; Lampen &amp; Accessoires aus Asien in Mainz\",\"publisher\":{\"@id\":\"https:\/\/www.indien-haus.de\/shop\/#organization\"},\"potentialAction\":[{\"@type\":\"SearchAction\",\"target\":{\"@type\":\"EntryPoint\",\"urlTemplate\":\"https:\/\/www.indien-haus.de\/shop\/?s={search_term_string}\"},\"query-input\":\"required name=search_term_string\"}],\"inLanguage\":\"de\"},{\"@type\":\"Organization\",\"@id\":\"https:\/\/www.indien-haus.de\/shop\/#organization\",\"name\":\"Indien-Haus\",\"url\":\"https:\/\/www.indien-haus.de\/shop\/\",\"logo\":{\"@type\":\"ImageObject\",\"inLanguage\":\"de\",\"@id\":\"https:\/\/www.indien-haus.de\/shop\/#\/schema\/logo\/image\/\",\"url\":\"https:\/\/www.indien-haus.de\/wp-content\/uploads\/2014\/03\/indien-haus-logo3.png\",\"contentUrl\":\"https:\/\/www.indien-haus.de\/wp-content\/uploads\/2014\/03\/indien-haus-logo3.png\",\"width\":106,\"height\":116,\"caption\":\"Indien-Haus\"},\"image\":{\"@id\":\"https:\/\/www.indien-haus.de\/shop\/#\/schema\/logo\/image\/\"},\"sameAs\":[\"https:\/\/www.facebook.com\/INDIEN.HAUS.news\",\"https:\/\/twitter.com\/Indien_Haus\",\"https:\/\/www.instagram.com\/indien_haus_mainz\/\",\"https:\/\/www.pinterest.de\/indienhaus\/\",\"https:\/\/www.youtube.com\/user\/IndienHaus\"]}]}<\/script>\n<!-- \/ Yoast SEO plugin. -->","yoast_head_json":{"title":"Figur Mediationsbuddha Dhyana Mudra Geste der Versenkung - #Indien-Haus","description":"Sehr sch\u00f6ne, Figur Mediationsbuddha Dhyana Mudra Geste der Versenkung in grau aus Naturstein. Entdecken Sie weitere Figuren in unserem Shop","robots":{"index":"index","follow":"follow","max-snippet":"max-snippet:-1","max-image-preview":"max-image-preview:large","max-video-preview":"max-video-preview:-1"},"canonical":"https:\/\/www.indien-haus.de\/shop\/produkt\/figur-mediationsbuddha-dhyana-mudra-geste-der-versenkung\/","twitter_card":"summary_large_image","twitter_title":"Figur Mediationsbuddha Dhyana Mudra Geste der Versenkung - #Indien-Haus","twitter_description":"Sehr sch\u00f6ne, Figur Mediationsbuddha Dhyana Mudra Geste der Versenkung in grau aus Naturstein. Entdecken Sie weitere Figuren in unserem Shop","twitter_image":"https:\/\/www.indien-haus.de\/wp-content\/uploads\/2023\/02\/BT08673-1pc.jpg","twitter_site":"@Indien_Haus","twitter_misc":{"Gesch\u00e4tzte Lesezeit":"1\u00a0Minute"},"schema":{"@context":"https:\/\/schema.org","@graph":[{"@type":"WebPage","@id":"https:\/\/www.indien-haus.de\/shop\/produkt\/figur-mediationsbuddha-dhyana-mudra-geste-der-versenkung\/","url":"https:\/\/www.indien-haus.de\/shop\/produkt\/figur-mediationsbuddha-dhyana-mudra-geste-der-versenkung\/","name":"Figur Mediationsbuddha Dhyana Mudra Geste der Versenkung - #Indien-Haus","isPartOf":{"@id":"https:\/\/www.indien-haus.de\/shop\/#website"},"datePublished":"2023-02-09T12:37:37+00:00","dateModified":"2024-02-29T16:07:18+00:00","description":"Sehr sch\u00f6ne, Figur Mediationsbuddha Dhyana Mudra Geste der Versenkung in grau aus Naturstein. Entdecken Sie weitere Figuren in unserem Shop","breadcrumb":{"@id":"https:\/\/www.indien-haus.de\/shop\/produkt\/figur-mediationsbuddha-dhyana-mudra-geste-der-versenkung\/#breadcrumb"},"inLanguage":"de","potentialAction":[{"@type":"ReadAction","target":["https:\/\/www.indien-haus.de\/shop\/produkt\/figur-mediationsbuddha-dhyana-mudra-geste-der-versenkung\/"]}]},{"@type":"BreadcrumbList","@id":"https:\/\/www.indien-haus.de\/shop\/produkt\/figur-mediationsbuddha-dhyana-mudra-geste-der-versenkung\/#breadcrumb","itemListElement":[{"@type":"ListItem","position":1,"name":"Startseite","item":"https:\/\/www.indien-haus.de\/shop\/start\/"},{"@type":"ListItem","position":2,"name":"Shop","item":"https:\/\/www.indien-haus.de\/shop\/shop\/"},{"@type":"ListItem","position":3,"name":"Figur Mediationsbuddha Dhyana Mudra Geste der Versenkung"}]},{"@type":"WebSite","@id":"https:\/\/www.indien-haus.de\/shop\/#website","url":"https:\/\/www.indien-haus.de\/shop\/","name":"Indien-Haus","description":"M\u00f6bel &amp; Lampen &amp; Accessoires aus Asien in Mainz","publisher":{"@id":"https:\/\/www.indien-haus.de\/shop\/#organization"},"potentialAction":[{"@type":"SearchAction","target":{"@type":"EntryPoint","urlTemplate":"https:\/\/www.indien-haus.de\/shop\/?s={search_term_string}"},"query-input":"required name=search_term_string"}],"inLanguage":"de"},{"@type":"Organization","@id":"https:\/\/www.indien-haus.de\/shop\/#organization","name":"Indien-Haus","url":"https:\/\/www.indien-haus.de\/shop\/","logo":{"@type":"ImageObject","inLanguage":"de","@id":"https:\/\/www.indien-haus.de\/shop\/#\/schema\/logo\/image\/","url":"https:\/\/www.indien-haus.de\/wp-content\/uploads\/2014\/03\/indien-haus-logo3.png","contentUrl":"https:\/\/www.indien-haus.de\/wp-content\/uploads\/2014\/03\/indien-haus-logo3.png","width":106,"height":116,"caption":"Indien-Haus"},"image":{"@id":"https:\/\/www.indien-haus.de\/shop\/#\/schema\/logo\/image\/"},"sameAs":["https:\/\/www.facebook.com\/INDIEN.HAUS.news","https:\/\/twitter.com\/Indien_Haus","https:\/\/www.instagram.com\/indien_haus_mainz\/","https:\/\/www.pinterest.de\/indienhaus\/","https:\/\/www.youtube.com\/user\/IndienHaus"]}]}},"_links":{"self":[{"href":"https:\/\/www.indien-haus.de\/shop\/wp-json\/wp\/v2\/product\/111308"}],"collection":[{"href":"https:\/\/www.indien-haus.de\/shop\/wp-json\/wp\/v2\/product"}],"about":[{"href":"https:\/\/www.indien-haus.de\/shop\/wp-json\/wp\/v2\/types\/product"}],"replies":[{"embeddable":true,"href":"https:\/\/www.indien-haus.de\/shop\/wp-json\/wp\/v2\/comments?post=111308"}],"wp:featuredmedia":[{"embeddable":true,"href":"https:\/\/www.indien-haus.de\/shop\/wp-json\/wp\/v2\/media\/114786"}],"wp:attachment":[{"href":"https:\/\/www.indien-haus.de\/shop\/wp-json\/wp\/v2\/media?parent=111308"}],"wp:term":[{"taxonomy":"product_cat","embeddable":true,"href":"https:\/\/www.indien-haus.de\/shop\/wp-json\/wp\/v2\/product_cat?post=111308"},{"taxonomy":"product_tag","embeddable":true,"href":"https:\/\/www.indien-haus.de\/shop\/wp-json\/wp\/v2\/product_tag?post=111308"}],"curies":[{"name":"wp","href":"https:\/\/api.w.org\/{rel}","templated":true}]}}