{"id":111363,"date":"2023-02-11T13:58:50","date_gmt":"2023-02-11T12:58:50","guid":{"rendered":"https:\/\/www.indien-haus.de\/shop\/?post_type=product&#038;p=111363"},"modified":"2026-02-27T12:22:44","modified_gmt":"2026-02-27T11:22:44","slug":"stuhl-sanne-old-glory-stahl-stoff-oslo-blue","status":"publish","type":"product","link":"https:\/\/www.indien-haus.de\/shop\/produkt\/stuhl-sanne-old-glory-stahl-stoff-oslo-blue\/","title":{"rendered":"Stuhl Sanne Old Glory Stahl Stoff Oslo blue &#8220;AUSSTELLER&#8221;"},"content":{"rendered":"","protected":false},"excerpt":{"rendered":"<p>Stuhl Sanne Old Glory Stahl Stoff Oslo blue von Jess Design, Sitzh\u00f6he 48 cm aus Stahl, Holz und echtem Leder<\/p>\n<p>Ein weiteres Jess Original ist Sanne. Sie ist verf\u00fchrerisch aufgrund ihres wunderbaren Komforts, so dass Sie lange mit ihr speisen k\u00f6nnen. Auch Sanne bietet Ihnen die Wahl aus verschiedenen Farben und Rahmen, und ihre zahlreichen Optionen werden viele W\u00fcnsche erf\u00fcllen.<\/p>\n<p>In der umfangreichen Stuhlkollektion von Jess-Design finden Sie einzigartige Designs, die in jedes Interieur und an jeden Tisch passen. Ihr hoher Qualit\u00e4tskomfort garantiert stundenlanges Tafeln. B\u00e4nke sorgen f\u00fcr Atmosph\u00e4re und Geselligkeit beim Zusammensitzen mit Freunden und der Familie. Entscheiden Sie sich f\u00fcr ein besonderes Design und genie\u00dfen Sie es.<\/p>\n","protected":false},"featured_media":113691,"comment_status":"closed","ping_status":"closed","template":"","meta":[],"product_cat":[6696],"product_tag":[770],"yoast_head":"<!-- This site is optimized with the Yoast SEO plugin v22.0 - https:\/\/yoast.com\/wordpress\/plugins\/seo\/ -->\n<title>Stuhl Sanne Old Glory Stahl Stoff Oslo blue &quot;AUSSTELLER&quot; - #Indien-Haus<\/title>\n<meta name=\"description\" content=\"Stuhl Sanne Old Glory Stahl Stoff Oslo blue aus Stahl, Holz und Stoff. Andere Sessel St\u00fchle finden Sie auf unserer Homepage.\" \/>\n<meta name=\"robots\" content=\"index, follow, max-snippet:-1, max-image-preview:large, max-video-preview:-1\" \/>\n<link rel=\"canonical\" href=\"https:\/\/www.indien-haus.de\/shop\/produkt\/stuhl-sanne-old-glory-stahl-stoff-oslo-blue\/\" \/>\n<meta name=\"twitter:card\" content=\"summary_large_image\" \/>\n<meta name=\"twitter:title\" content=\"Stuhl Sanne Old Glory Stahl Stoff Oslo blue &quot;AUSSTELLER&quot; - #Indien-Haus\" \/>\n<meta name=\"twitter:description\" content=\"Stuhl Sanne Old Glory Stahl Stoff Oslo blue aus Stahl, Holz und Stoff. Andere Sessel St\u00fchle finden Sie auf unserer Homepage.\" \/>\n<meta name=\"twitter:image\" content=\"https:\/\/www.indien-haus.de\/wp-content\/uploads\/2023\/02\/JS08598.jpg\" \/>\n<meta name=\"twitter:site\" content=\"@Indien_Haus\" \/>\n<meta name=\"twitter:label1\" content=\"Gesch\u00e4tzte Lesezeit\" \/>\n\t<meta name=\"twitter:data1\" content=\"1\u00a0Minute\" \/>\n<script type=\"application\/ld+json\" class=\"yoast-schema-graph\">{\"@context\":\"https:\/\/schema.org\",\"@graph\":[{\"@type\":\"WebPage\",\"@id\":\"https:\/\/www.indien-haus.de\/shop\/produkt\/stuhl-sanne-old-glory-stahl-stoff-oslo-blue\/\",\"url\":\"https:\/\/www.indien-haus.de\/shop\/produkt\/stuhl-sanne-old-glory-stahl-stoff-oslo-blue\/\",\"name\":\"Stuhl Sanne Old Glory Stahl Stoff Oslo blue \\\"AUSSTELLER\\\" - #Indien-Haus\",\"isPartOf\":{\"@id\":\"https:\/\/www.indien-haus.de\/shop\/#website\"},\"datePublished\":\"2023-02-11T12:58:50+00:00\",\"dateModified\":\"2026-02-27T11:22:44+00:00\",\"description\":\"Stuhl Sanne Old Glory Stahl Stoff Oslo blue aus Stahl, Holz und Stoff. Andere Sessel St\u00fchle finden Sie auf unserer Homepage.\",\"breadcrumb\":{\"@id\":\"https:\/\/www.indien-haus.de\/shop\/produkt\/stuhl-sanne-old-glory-stahl-stoff-oslo-blue\/#breadcrumb\"},\"inLanguage\":\"de\",\"potentialAction\":[{\"@type\":\"ReadAction\",\"target\":[\"https:\/\/www.indien-haus.de\/shop\/produkt\/stuhl-sanne-old-glory-stahl-stoff-oslo-blue\/\"]}]},{\"@type\":\"BreadcrumbList\",\"@id\":\"https:\/\/www.indien-haus.de\/shop\/produkt\/stuhl-sanne-old-glory-stahl-stoff-oslo-blue\/#breadcrumb\",\"itemListElement\":[{\"@type\":\"ListItem\",\"position\":1,\"name\":\"Startseite\",\"item\":\"https:\/\/www.indien-haus.de\/shop\/start\/\"},{\"@type\":\"ListItem\",\"position\":2,\"name\":\"Shop\",\"item\":\"https:\/\/www.indien-haus.de\/shop\/shop\/\"},{\"@type\":\"ListItem\",\"position\":3,\"name\":\"Stuhl Sanne Old Glory Stahl Stoff Oslo blue &#8220;AUSSTELLER&#8221;\"}]},{\"@type\":\"WebSite\",\"@id\":\"https:\/\/www.indien-haus.de\/shop\/#website\",\"url\":\"https:\/\/www.indien-haus.de\/shop\/\",\"name\":\"Indien-Haus\",\"description\":\"M\u00f6bel &amp; Lampen &amp; Accessoires aus Asien in Mainz\",\"publisher\":{\"@id\":\"https:\/\/www.indien-haus.de\/shop\/#organization\"},\"potentialAction\":[{\"@type\":\"SearchAction\",\"target\":{\"@type\":\"EntryPoint\",\"urlTemplate\":\"https:\/\/www.indien-haus.de\/shop\/?s={search_term_string}\"},\"query-input\":\"required name=search_term_string\"}],\"inLanguage\":\"de\"},{\"@type\":\"Organization\",\"@id\":\"https:\/\/www.indien-haus.de\/shop\/#organization\",\"name\":\"Indien-Haus\",\"url\":\"https:\/\/www.indien-haus.de\/shop\/\",\"logo\":{\"@type\":\"ImageObject\",\"inLanguage\":\"de\",\"@id\":\"https:\/\/www.indien-haus.de\/shop\/#\/schema\/logo\/image\/\",\"url\":\"https:\/\/www.indien-haus.de\/wp-content\/uploads\/2014\/03\/indien-haus-logo3.png\",\"contentUrl\":\"https:\/\/www.indien-haus.de\/wp-content\/uploads\/2014\/03\/indien-haus-logo3.png\",\"width\":106,\"height\":116,\"caption\":\"Indien-Haus\"},\"image\":{\"@id\":\"https:\/\/www.indien-haus.de\/shop\/#\/schema\/logo\/image\/\"},\"sameAs\":[\"https:\/\/www.facebook.com\/INDIEN.HAUS.news\",\"https:\/\/twitter.com\/Indien_Haus\",\"https:\/\/www.instagram.com\/indien_haus_mainz\/\",\"https:\/\/www.pinterest.de\/indienhaus\/\",\"https:\/\/www.youtube.com\/user\/IndienHaus\"]}]}<\/script>\n<!-- \/ Yoast SEO plugin. -->","yoast_head_json":{"title":"Stuhl Sanne Old Glory Stahl Stoff Oslo blue \"AUSSTELLER\" - #Indien-Haus","description":"Stuhl Sanne Old Glory Stahl Stoff Oslo blue aus Stahl, Holz und Stoff. Andere Sessel St\u00fchle finden Sie auf unserer Homepage.","robots":{"index":"index","follow":"follow","max-snippet":"max-snippet:-1","max-image-preview":"max-image-preview:large","max-video-preview":"max-video-preview:-1"},"canonical":"https:\/\/www.indien-haus.de\/shop\/produkt\/stuhl-sanne-old-glory-stahl-stoff-oslo-blue\/","twitter_card":"summary_large_image","twitter_title":"Stuhl Sanne Old Glory Stahl Stoff Oslo blue \"AUSSTELLER\" - #Indien-Haus","twitter_description":"Stuhl Sanne Old Glory Stahl Stoff Oslo blue aus Stahl, Holz und Stoff. Andere Sessel St\u00fchle finden Sie auf unserer Homepage.","twitter_image":"https:\/\/www.indien-haus.de\/wp-content\/uploads\/2023\/02\/JS08598.jpg","twitter_site":"@Indien_Haus","twitter_misc":{"Gesch\u00e4tzte Lesezeit":"1\u00a0Minute"},"schema":{"@context":"https:\/\/schema.org","@graph":[{"@type":"WebPage","@id":"https:\/\/www.indien-haus.de\/shop\/produkt\/stuhl-sanne-old-glory-stahl-stoff-oslo-blue\/","url":"https:\/\/www.indien-haus.de\/shop\/produkt\/stuhl-sanne-old-glory-stahl-stoff-oslo-blue\/","name":"Stuhl Sanne Old Glory Stahl Stoff Oslo blue \"AUSSTELLER\" - #Indien-Haus","isPartOf":{"@id":"https:\/\/www.indien-haus.de\/shop\/#website"},"datePublished":"2023-02-11T12:58:50+00:00","dateModified":"2026-02-27T11:22:44+00:00","description":"Stuhl Sanne Old Glory Stahl Stoff Oslo blue aus Stahl, Holz und Stoff. Andere Sessel St\u00fchle finden Sie auf unserer Homepage.","breadcrumb":{"@id":"https:\/\/www.indien-haus.de\/shop\/produkt\/stuhl-sanne-old-glory-stahl-stoff-oslo-blue\/#breadcrumb"},"inLanguage":"de","potentialAction":[{"@type":"ReadAction","target":["https:\/\/www.indien-haus.de\/shop\/produkt\/stuhl-sanne-old-glory-stahl-stoff-oslo-blue\/"]}]},{"@type":"BreadcrumbList","@id":"https:\/\/www.indien-haus.de\/shop\/produkt\/stuhl-sanne-old-glory-stahl-stoff-oslo-blue\/#breadcrumb","itemListElement":[{"@type":"ListItem","position":1,"name":"Startseite","item":"https:\/\/www.indien-haus.de\/shop\/start\/"},{"@type":"ListItem","position":2,"name":"Shop","item":"https:\/\/www.indien-haus.de\/shop\/shop\/"},{"@type":"ListItem","position":3,"name":"Stuhl Sanne Old Glory Stahl Stoff Oslo blue &#8220;AUSSTELLER&#8221;"}]},{"@type":"WebSite","@id":"https:\/\/www.indien-haus.de\/shop\/#website","url":"https:\/\/www.indien-haus.de\/shop\/","name":"Indien-Haus","description":"M\u00f6bel &amp; Lampen &amp; Accessoires aus Asien in Mainz","publisher":{"@id":"https:\/\/www.indien-haus.de\/shop\/#organization"},"potentialAction":[{"@type":"SearchAction","target":{"@type":"EntryPoint","urlTemplate":"https:\/\/www.indien-haus.de\/shop\/?s={search_term_string}"},"query-input":"required name=search_term_string"}],"inLanguage":"de"},{"@type":"Organization","@id":"https:\/\/www.indien-haus.de\/shop\/#organization","name":"Indien-Haus","url":"https:\/\/www.indien-haus.de\/shop\/","logo":{"@type":"ImageObject","inLanguage":"de","@id":"https:\/\/www.indien-haus.de\/shop\/#\/schema\/logo\/image\/","url":"https:\/\/www.indien-haus.de\/wp-content\/uploads\/2014\/03\/indien-haus-logo3.png","contentUrl":"https:\/\/www.indien-haus.de\/wp-content\/uploads\/2014\/03\/indien-haus-logo3.png","width":106,"height":116,"caption":"Indien-Haus"},"image":{"@id":"https:\/\/www.indien-haus.de\/shop\/#\/schema\/logo\/image\/"},"sameAs":["https:\/\/www.facebook.com\/INDIEN.HAUS.news","https:\/\/twitter.com\/Indien_Haus","https:\/\/www.instagram.com\/indien_haus_mainz\/","https:\/\/www.pinterest.de\/indienhaus\/","https:\/\/www.youtube.com\/user\/IndienHaus"]}]}},"_links":{"self":[{"href":"https:\/\/www.indien-haus.de\/shop\/wp-json\/wp\/v2\/product\/111363"}],"collection":[{"href":"https:\/\/www.indien-haus.de\/shop\/wp-json\/wp\/v2\/product"}],"about":[{"href":"https:\/\/www.indien-haus.de\/shop\/wp-json\/wp\/v2\/types\/product"}],"replies":[{"embeddable":true,"href":"https:\/\/www.indien-haus.de\/shop\/wp-json\/wp\/v2\/comments?post=111363"}],"wp:featuredmedia":[{"embeddable":true,"href":"https:\/\/www.indien-haus.de\/shop\/wp-json\/wp\/v2\/media\/113691"}],"wp:attachment":[{"href":"https:\/\/www.indien-haus.de\/shop\/wp-json\/wp\/v2\/media?parent=111363"}],"wp:term":[{"taxonomy":"product_cat","embeddable":true,"href":"https:\/\/www.indien-haus.de\/shop\/wp-json\/wp\/v2\/product_cat?post=111363"},{"taxonomy":"product_tag","embeddable":true,"href":"https:\/\/www.indien-haus.de\/shop\/wp-json\/wp\/v2\/product_tag?post=111363"}],"curies":[{"name":"wp","href":"https:\/\/api.w.org\/{rel}","templated":true}]}}