{"id":111365,"date":"2023-02-11T14:05:15","date_gmt":"2023-02-11T13:05:15","guid":{"rendered":"https:\/\/www.indien-haus.de\/shop\/?post_type=product&#038;p=111365"},"modified":"2026-04-22T10:40:23","modified_gmt":"2026-04-22T09:40:23","slug":"stuhl-duke-old-glory-stahl-stoff-melbourne-grind","status":"publish","type":"product","link":"https:\/\/www.indien-haus.de\/shop\/produkt\/stuhl-duke-old-glory-stahl-stoff-melbourne-grind\/","title":{"rendered":"Stuhl Duke Old Glory Stahl Stoff Melbourne grind &#8220;AUSSTELLER&#8221;"},"content":{"rendered":"","protected":false},"excerpt":{"rendered":"<p>Stuhl Duke Old Glory Stahl Stoff Melbourne grind von Jess Design, Sitzh\u00f6he 50 cm aus Stahl, Holz und echtem Leder<\/p>\n<p>Duke ist ein gro\u00dfz\u00fcgiger Stuhl mit Schlittengestell. Sie erhalten ihn mit oder ohne Armlehne und mit einem charakteristischen Umschlag auf der R\u00fcckseite.<\/p>\n<p>In der umfangreichen Stuhlkollektion von Jess-Design finden Sie einzigartige Designs, die in jedes Interieur und an jeden Tisch passen. Ihr hoher Qualit\u00e4tskomfort garantiert stundenlanges Tafeln. B\u00e4nke sorgen f\u00fcr Atmosph\u00e4re und Geselligkeit beim Zusammensitzen mit Freunden und der Familie. Entscheiden Sie sich f\u00fcr ein besonderes Design und genie\u00dfen Sie es.<\/p>\n","protected":false},"featured_media":113690,"comment_status":"closed","ping_status":"closed","template":"","meta":[],"product_cat":[6696],"product_tag":[4802],"yoast_head":"<!-- This site is optimized with the Yoast SEO plugin v22.0 - https:\/\/yoast.com\/wordpress\/plugins\/seo\/ -->\n<title>Stuhl Duke Old Glory Stahl Stoff Melbourne grind &quot;AUSSTELLER&quot; - #Indien-Haus<\/title>\n<meta name=\"description\" content=\"Stuhl Duke Old Glory Stahl Stoff Melbourne grind aus Stahl, Holz und Stoff. Andere Sessel St\u00fchle finden Sie auf unserer Homepage.\" \/>\n<meta name=\"robots\" content=\"index, follow, max-snippet:-1, max-image-preview:large, max-video-preview:-1\" \/>\n<link rel=\"canonical\" href=\"https:\/\/www.indien-haus.de\/shop\/produkt\/stuhl-duke-old-glory-stahl-stoff-melbourne-grind\/\" \/>\n<meta name=\"twitter:card\" content=\"summary_large_image\" \/>\n<meta name=\"twitter:title\" content=\"Stuhl Duke Old Glory Stahl Stoff Melbourne grind &quot;AUSSTELLER&quot; - #Indien-Haus\" \/>\n<meta name=\"twitter:description\" content=\"Stuhl Duke Old Glory Stahl Stoff Melbourne grind aus Stahl, Holz und Stoff. Andere Sessel St\u00fchle finden Sie auf unserer Homepage.\" \/>\n<meta name=\"twitter:image\" content=\"https:\/\/www.indien-haus.de\/wp-content\/uploads\/2023\/02\/JS08599.jpg\" \/>\n<meta name=\"twitter:site\" content=\"@Indien_Haus\" \/>\n<meta name=\"twitter:label1\" content=\"Gesch\u00e4tzte Lesezeit\" \/>\n\t<meta name=\"twitter:data1\" content=\"1\u00a0Minute\" \/>\n<script type=\"application\/ld+json\" class=\"yoast-schema-graph\">{\"@context\":\"https:\/\/schema.org\",\"@graph\":[{\"@type\":\"WebPage\",\"@id\":\"https:\/\/www.indien-haus.de\/shop\/produkt\/stuhl-duke-old-glory-stahl-stoff-melbourne-grind\/\",\"url\":\"https:\/\/www.indien-haus.de\/shop\/produkt\/stuhl-duke-old-glory-stahl-stoff-melbourne-grind\/\",\"name\":\"Stuhl Duke Old Glory Stahl Stoff Melbourne grind \\\"AUSSTELLER\\\" - #Indien-Haus\",\"isPartOf\":{\"@id\":\"https:\/\/www.indien-haus.de\/shop\/#website\"},\"datePublished\":\"2023-02-11T13:05:15+00:00\",\"dateModified\":\"2026-04-22T09:40:23+00:00\",\"description\":\"Stuhl Duke Old Glory Stahl Stoff Melbourne grind aus Stahl, Holz und Stoff. Andere Sessel St\u00fchle finden Sie auf unserer Homepage.\",\"breadcrumb\":{\"@id\":\"https:\/\/www.indien-haus.de\/shop\/produkt\/stuhl-duke-old-glory-stahl-stoff-melbourne-grind\/#breadcrumb\"},\"inLanguage\":\"de\",\"potentialAction\":[{\"@type\":\"ReadAction\",\"target\":[\"https:\/\/www.indien-haus.de\/shop\/produkt\/stuhl-duke-old-glory-stahl-stoff-melbourne-grind\/\"]}]},{\"@type\":\"BreadcrumbList\",\"@id\":\"https:\/\/www.indien-haus.de\/shop\/produkt\/stuhl-duke-old-glory-stahl-stoff-melbourne-grind\/#breadcrumb\",\"itemListElement\":[{\"@type\":\"ListItem\",\"position\":1,\"name\":\"Startseite\",\"item\":\"https:\/\/www.indien-haus.de\/shop\/start\/\"},{\"@type\":\"ListItem\",\"position\":2,\"name\":\"Shop\",\"item\":\"https:\/\/www.indien-haus.de\/shop\/shop\/\"},{\"@type\":\"ListItem\",\"position\":3,\"name\":\"Stuhl Duke Old Glory Stahl Stoff Melbourne grind &#8220;AUSSTELLER&#8221;\"}]},{\"@type\":\"WebSite\",\"@id\":\"https:\/\/www.indien-haus.de\/shop\/#website\",\"url\":\"https:\/\/www.indien-haus.de\/shop\/\",\"name\":\"Indien-Haus\",\"description\":\"M\u00f6bel &amp; Lampen &amp; Accessoires aus Asien in Mainz\",\"publisher\":{\"@id\":\"https:\/\/www.indien-haus.de\/shop\/#organization\"},\"potentialAction\":[{\"@type\":\"SearchAction\",\"target\":{\"@type\":\"EntryPoint\",\"urlTemplate\":\"https:\/\/www.indien-haus.de\/shop\/?s={search_term_string}\"},\"query-input\":\"required name=search_term_string\"}],\"inLanguage\":\"de\"},{\"@type\":\"Organization\",\"@id\":\"https:\/\/www.indien-haus.de\/shop\/#organization\",\"name\":\"Indien-Haus\",\"url\":\"https:\/\/www.indien-haus.de\/shop\/\",\"logo\":{\"@type\":\"ImageObject\",\"inLanguage\":\"de\",\"@id\":\"https:\/\/www.indien-haus.de\/shop\/#\/schema\/logo\/image\/\",\"url\":\"https:\/\/www.indien-haus.de\/wp-content\/uploads\/2014\/03\/indien-haus-logo3.png\",\"contentUrl\":\"https:\/\/www.indien-haus.de\/wp-content\/uploads\/2014\/03\/indien-haus-logo3.png\",\"width\":106,\"height\":116,\"caption\":\"Indien-Haus\"},\"image\":{\"@id\":\"https:\/\/www.indien-haus.de\/shop\/#\/schema\/logo\/image\/\"},\"sameAs\":[\"https:\/\/www.facebook.com\/INDIEN.HAUS.news\",\"https:\/\/twitter.com\/Indien_Haus\",\"https:\/\/www.instagram.com\/indien_haus_mainz\/\",\"https:\/\/www.pinterest.de\/indienhaus\/\",\"https:\/\/www.youtube.com\/user\/IndienHaus\"]}]}<\/script>\n<!-- \/ Yoast SEO plugin. -->","yoast_head_json":{"title":"Stuhl Duke Old Glory Stahl Stoff Melbourne grind \"AUSSTELLER\" - #Indien-Haus","description":"Stuhl Duke Old Glory Stahl Stoff Melbourne grind aus Stahl, Holz und Stoff. Andere Sessel St\u00fchle finden Sie auf unserer Homepage.","robots":{"index":"index","follow":"follow","max-snippet":"max-snippet:-1","max-image-preview":"max-image-preview:large","max-video-preview":"max-video-preview:-1"},"canonical":"https:\/\/www.indien-haus.de\/shop\/produkt\/stuhl-duke-old-glory-stahl-stoff-melbourne-grind\/","twitter_card":"summary_large_image","twitter_title":"Stuhl Duke Old Glory Stahl Stoff Melbourne grind \"AUSSTELLER\" - #Indien-Haus","twitter_description":"Stuhl Duke Old Glory Stahl Stoff Melbourne grind aus Stahl, Holz und Stoff. Andere Sessel St\u00fchle finden Sie auf unserer Homepage.","twitter_image":"https:\/\/www.indien-haus.de\/wp-content\/uploads\/2023\/02\/JS08599.jpg","twitter_site":"@Indien_Haus","twitter_misc":{"Gesch\u00e4tzte Lesezeit":"1\u00a0Minute"},"schema":{"@context":"https:\/\/schema.org","@graph":[{"@type":"WebPage","@id":"https:\/\/www.indien-haus.de\/shop\/produkt\/stuhl-duke-old-glory-stahl-stoff-melbourne-grind\/","url":"https:\/\/www.indien-haus.de\/shop\/produkt\/stuhl-duke-old-glory-stahl-stoff-melbourne-grind\/","name":"Stuhl Duke Old Glory Stahl Stoff Melbourne grind \"AUSSTELLER\" - #Indien-Haus","isPartOf":{"@id":"https:\/\/www.indien-haus.de\/shop\/#website"},"datePublished":"2023-02-11T13:05:15+00:00","dateModified":"2026-04-22T09:40:23+00:00","description":"Stuhl Duke Old Glory Stahl Stoff Melbourne grind aus Stahl, Holz und Stoff. Andere Sessel St\u00fchle finden Sie auf unserer Homepage.","breadcrumb":{"@id":"https:\/\/www.indien-haus.de\/shop\/produkt\/stuhl-duke-old-glory-stahl-stoff-melbourne-grind\/#breadcrumb"},"inLanguage":"de","potentialAction":[{"@type":"ReadAction","target":["https:\/\/www.indien-haus.de\/shop\/produkt\/stuhl-duke-old-glory-stahl-stoff-melbourne-grind\/"]}]},{"@type":"BreadcrumbList","@id":"https:\/\/www.indien-haus.de\/shop\/produkt\/stuhl-duke-old-glory-stahl-stoff-melbourne-grind\/#breadcrumb","itemListElement":[{"@type":"ListItem","position":1,"name":"Startseite","item":"https:\/\/www.indien-haus.de\/shop\/start\/"},{"@type":"ListItem","position":2,"name":"Shop","item":"https:\/\/www.indien-haus.de\/shop\/shop\/"},{"@type":"ListItem","position":3,"name":"Stuhl Duke Old Glory Stahl Stoff Melbourne grind &#8220;AUSSTELLER&#8221;"}]},{"@type":"WebSite","@id":"https:\/\/www.indien-haus.de\/shop\/#website","url":"https:\/\/www.indien-haus.de\/shop\/","name":"Indien-Haus","description":"M\u00f6bel &amp; Lampen &amp; Accessoires aus Asien in Mainz","publisher":{"@id":"https:\/\/www.indien-haus.de\/shop\/#organization"},"potentialAction":[{"@type":"SearchAction","target":{"@type":"EntryPoint","urlTemplate":"https:\/\/www.indien-haus.de\/shop\/?s={search_term_string}"},"query-input":"required name=search_term_string"}],"inLanguage":"de"},{"@type":"Organization","@id":"https:\/\/www.indien-haus.de\/shop\/#organization","name":"Indien-Haus","url":"https:\/\/www.indien-haus.de\/shop\/","logo":{"@type":"ImageObject","inLanguage":"de","@id":"https:\/\/www.indien-haus.de\/shop\/#\/schema\/logo\/image\/","url":"https:\/\/www.indien-haus.de\/wp-content\/uploads\/2014\/03\/indien-haus-logo3.png","contentUrl":"https:\/\/www.indien-haus.de\/wp-content\/uploads\/2014\/03\/indien-haus-logo3.png","width":106,"height":116,"caption":"Indien-Haus"},"image":{"@id":"https:\/\/www.indien-haus.de\/shop\/#\/schema\/logo\/image\/"},"sameAs":["https:\/\/www.facebook.com\/INDIEN.HAUS.news","https:\/\/twitter.com\/Indien_Haus","https:\/\/www.instagram.com\/indien_haus_mainz\/","https:\/\/www.pinterest.de\/indienhaus\/","https:\/\/www.youtube.com\/user\/IndienHaus"]}]}},"_links":{"self":[{"href":"https:\/\/www.indien-haus.de\/shop\/wp-json\/wp\/v2\/product\/111365"}],"collection":[{"href":"https:\/\/www.indien-haus.de\/shop\/wp-json\/wp\/v2\/product"}],"about":[{"href":"https:\/\/www.indien-haus.de\/shop\/wp-json\/wp\/v2\/types\/product"}],"replies":[{"embeddable":true,"href":"https:\/\/www.indien-haus.de\/shop\/wp-json\/wp\/v2\/comments?post=111365"}],"wp:featuredmedia":[{"embeddable":true,"href":"https:\/\/www.indien-haus.de\/shop\/wp-json\/wp\/v2\/media\/113690"}],"wp:attachment":[{"href":"https:\/\/www.indien-haus.de\/shop\/wp-json\/wp\/v2\/media?parent=111365"}],"wp:term":[{"taxonomy":"product_cat","embeddable":true,"href":"https:\/\/www.indien-haus.de\/shop\/wp-json\/wp\/v2\/product_cat?post=111365"},{"taxonomy":"product_tag","embeddable":true,"href":"https:\/\/www.indien-haus.de\/shop\/wp-json\/wp\/v2\/product_tag?post=111365"}],"curies":[{"name":"wp","href":"https:\/\/api.w.org\/{rel}","templated":true}]}}