{"id":111391,"date":"2023-02-15T13:26:51","date_gmt":"2023-02-15T12:26:51","guid":{"rendered":"https:\/\/www.indien-haus.de\/shop\/?post_type=product&#038;p=111391"},"modified":"2026-02-06T13:37:20","modified_gmt":"2026-02-06T12:37:20","slug":"stuhl-forward-leder-bonanza-tan","status":"publish","type":"product","link":"https:\/\/www.indien-haus.de\/shop\/produkt\/stuhl-forward-leder-bonanza-tan\/","title":{"rendered":"Stuhl Forward Leder Bonanza Tan AUSSTELLER"},"content":{"rendered":"","protected":false},"excerpt":{"rendered":"<p>Stuhl Forward Leder Bonanza Tan von Jess Design, Sitzh\u00f6he 49 cm aus Stahl, Holz und echtem Leder.<\/p>\n<p>Machen Sie Fortschritte mit unserem Forward! Stuhl Forward ist etwas niedriger, wodurch er Ihre Sicht nicht behindert, wenn Sie jemandem gegen\u00fcbersitzen. Dar\u00fcber hinaus hat Forward eine geradlinige Optik und einen hervorragenden Komfort.<\/p>\n<p>In der umfangreichen Stuhlkollektion von Jess-Design finden Sie einzigartige Designs, die in jedes Interieur und an jeden Tisch passen. Ihr hoher Qualit\u00e4tskomfort garantiert stundenlanges Tafeln. B\u00e4nke sorgen f\u00fcr Atmosph\u00e4re und Geselligkeit beim Zusammensitzen mit Freunden und der Familie. Entscheiden Sie sich f\u00fcr ein besonderes Design und genie\u00dfen Sie es.<\/p>\n","protected":false},"featured_media":111384,"comment_status":"closed","ping_status":"closed","template":"","meta":[],"product_cat":[6633],"product_tag":[555],"yoast_head":"<!-- This site is optimized with the Yoast SEO plugin v22.0 - https:\/\/yoast.com\/wordpress\/plugins\/seo\/ -->\n<title>Stuhl Forward Leder Bonanza Tan AUSSTELLER - #Indien-Haus<\/title>\n<meta name=\"description\" content=\"Stuhl Forward Leder Bonanza Tan aus Stahl, Holz und Stoff. Andere Sessel St\u00fchle finden Sie auf unserer Homepage.\" \/>\n<meta name=\"robots\" content=\"index, follow, max-snippet:-1, max-image-preview:large, max-video-preview:-1\" \/>\n<link rel=\"canonical\" href=\"https:\/\/www.indien-haus.de\/shop\/produkt\/stuhl-forward-leder-bonanza-tan\/\" \/>\n<meta name=\"twitter:card\" content=\"summary_large_image\" \/>\n<meta name=\"twitter:title\" content=\"Stuhl Forward Leder Bonanza Tan AUSSTELLER - #Indien-Haus\" \/>\n<meta name=\"twitter:description\" content=\"Stuhl Forward Leder Bonanza Tan aus Stahl, Holz und Stoff. Andere Sessel St\u00fchle finden Sie auf unserer Homepage.\" \/>\n<meta name=\"twitter:image\" content=\"https:\/\/www.indien-haus.de\/wp-content\/uploads\/2020\/11\/JS06770-1.jpg\" \/>\n<meta name=\"twitter:site\" content=\"@Indien_Haus\" \/>\n<meta name=\"twitter:label1\" content=\"Gesch\u00e4tzte Lesezeit\" \/>\n\t<meta name=\"twitter:data1\" content=\"1\u00a0Minute\" \/>\n<script type=\"application\/ld+json\" class=\"yoast-schema-graph\">{\"@context\":\"https:\/\/schema.org\",\"@graph\":[{\"@type\":\"WebPage\",\"@id\":\"https:\/\/www.indien-haus.de\/shop\/produkt\/stuhl-forward-leder-bonanza-tan\/\",\"url\":\"https:\/\/www.indien-haus.de\/shop\/produkt\/stuhl-forward-leder-bonanza-tan\/\",\"name\":\"Stuhl Forward Leder Bonanza Tan AUSSTELLER - #Indien-Haus\",\"isPartOf\":{\"@id\":\"https:\/\/www.indien-haus.de\/shop\/#website\"},\"datePublished\":\"2023-02-15T12:26:51+00:00\",\"dateModified\":\"2026-02-06T12:37:20+00:00\",\"description\":\"Stuhl Forward Leder Bonanza Tan aus Stahl, Holz und Stoff. Andere Sessel St\u00fchle finden Sie auf unserer Homepage.\",\"breadcrumb\":{\"@id\":\"https:\/\/www.indien-haus.de\/shop\/produkt\/stuhl-forward-leder-bonanza-tan\/#breadcrumb\"},\"inLanguage\":\"de\",\"potentialAction\":[{\"@type\":\"ReadAction\",\"target\":[\"https:\/\/www.indien-haus.de\/shop\/produkt\/stuhl-forward-leder-bonanza-tan\/\"]}]},{\"@type\":\"BreadcrumbList\",\"@id\":\"https:\/\/www.indien-haus.de\/shop\/produkt\/stuhl-forward-leder-bonanza-tan\/#breadcrumb\",\"itemListElement\":[{\"@type\":\"ListItem\",\"position\":1,\"name\":\"Startseite\",\"item\":\"https:\/\/www.indien-haus.de\/shop\/start\/\"},{\"@type\":\"ListItem\",\"position\":2,\"name\":\"Shop\",\"item\":\"https:\/\/www.indien-haus.de\/shop\/shop\/\"},{\"@type\":\"ListItem\",\"position\":3,\"name\":\"Stuhl Forward Leder Bonanza Tan AUSSTELLER\"}]},{\"@type\":\"WebSite\",\"@id\":\"https:\/\/www.indien-haus.de\/shop\/#website\",\"url\":\"https:\/\/www.indien-haus.de\/shop\/\",\"name\":\"Indien-Haus\",\"description\":\"M\u00f6bel &amp; Lampen &amp; Accessoires aus Asien in Mainz\",\"publisher\":{\"@id\":\"https:\/\/www.indien-haus.de\/shop\/#organization\"},\"potentialAction\":[{\"@type\":\"SearchAction\",\"target\":{\"@type\":\"EntryPoint\",\"urlTemplate\":\"https:\/\/www.indien-haus.de\/shop\/?s={search_term_string}\"},\"query-input\":\"required name=search_term_string\"}],\"inLanguage\":\"de\"},{\"@type\":\"Organization\",\"@id\":\"https:\/\/www.indien-haus.de\/shop\/#organization\",\"name\":\"Indien-Haus\",\"url\":\"https:\/\/www.indien-haus.de\/shop\/\",\"logo\":{\"@type\":\"ImageObject\",\"inLanguage\":\"de\",\"@id\":\"https:\/\/www.indien-haus.de\/shop\/#\/schema\/logo\/image\/\",\"url\":\"https:\/\/www.indien-haus.de\/wp-content\/uploads\/2014\/03\/indien-haus-logo3.png\",\"contentUrl\":\"https:\/\/www.indien-haus.de\/wp-content\/uploads\/2014\/03\/indien-haus-logo3.png\",\"width\":106,\"height\":116,\"caption\":\"Indien-Haus\"},\"image\":{\"@id\":\"https:\/\/www.indien-haus.de\/shop\/#\/schema\/logo\/image\/\"},\"sameAs\":[\"https:\/\/www.facebook.com\/INDIEN.HAUS.news\",\"https:\/\/twitter.com\/Indien_Haus\",\"https:\/\/www.instagram.com\/indien_haus_mainz\/\",\"https:\/\/www.pinterest.de\/indienhaus\/\",\"https:\/\/www.youtube.com\/user\/IndienHaus\"]}]}<\/script>\n<!-- \/ Yoast SEO plugin. -->","yoast_head_json":{"title":"Stuhl Forward Leder Bonanza Tan AUSSTELLER - #Indien-Haus","description":"Stuhl Forward Leder Bonanza Tan aus Stahl, Holz und Stoff. Andere Sessel St\u00fchle finden Sie auf unserer Homepage.","robots":{"index":"index","follow":"follow","max-snippet":"max-snippet:-1","max-image-preview":"max-image-preview:large","max-video-preview":"max-video-preview:-1"},"canonical":"https:\/\/www.indien-haus.de\/shop\/produkt\/stuhl-forward-leder-bonanza-tan\/","twitter_card":"summary_large_image","twitter_title":"Stuhl Forward Leder Bonanza Tan AUSSTELLER - #Indien-Haus","twitter_description":"Stuhl Forward Leder Bonanza Tan aus Stahl, Holz und Stoff. Andere Sessel St\u00fchle finden Sie auf unserer Homepage.","twitter_image":"https:\/\/www.indien-haus.de\/wp-content\/uploads\/2020\/11\/JS06770-1.jpg","twitter_site":"@Indien_Haus","twitter_misc":{"Gesch\u00e4tzte Lesezeit":"1\u00a0Minute"},"schema":{"@context":"https:\/\/schema.org","@graph":[{"@type":"WebPage","@id":"https:\/\/www.indien-haus.de\/shop\/produkt\/stuhl-forward-leder-bonanza-tan\/","url":"https:\/\/www.indien-haus.de\/shop\/produkt\/stuhl-forward-leder-bonanza-tan\/","name":"Stuhl Forward Leder Bonanza Tan AUSSTELLER - #Indien-Haus","isPartOf":{"@id":"https:\/\/www.indien-haus.de\/shop\/#website"},"datePublished":"2023-02-15T12:26:51+00:00","dateModified":"2026-02-06T12:37:20+00:00","description":"Stuhl Forward Leder Bonanza Tan aus Stahl, Holz und Stoff. Andere Sessel St\u00fchle finden Sie auf unserer Homepage.","breadcrumb":{"@id":"https:\/\/www.indien-haus.de\/shop\/produkt\/stuhl-forward-leder-bonanza-tan\/#breadcrumb"},"inLanguage":"de","potentialAction":[{"@type":"ReadAction","target":["https:\/\/www.indien-haus.de\/shop\/produkt\/stuhl-forward-leder-bonanza-tan\/"]}]},{"@type":"BreadcrumbList","@id":"https:\/\/www.indien-haus.de\/shop\/produkt\/stuhl-forward-leder-bonanza-tan\/#breadcrumb","itemListElement":[{"@type":"ListItem","position":1,"name":"Startseite","item":"https:\/\/www.indien-haus.de\/shop\/start\/"},{"@type":"ListItem","position":2,"name":"Shop","item":"https:\/\/www.indien-haus.de\/shop\/shop\/"},{"@type":"ListItem","position":3,"name":"Stuhl Forward Leder Bonanza Tan AUSSTELLER"}]},{"@type":"WebSite","@id":"https:\/\/www.indien-haus.de\/shop\/#website","url":"https:\/\/www.indien-haus.de\/shop\/","name":"Indien-Haus","description":"M\u00f6bel &amp; Lampen &amp; Accessoires aus Asien in Mainz","publisher":{"@id":"https:\/\/www.indien-haus.de\/shop\/#organization"},"potentialAction":[{"@type":"SearchAction","target":{"@type":"EntryPoint","urlTemplate":"https:\/\/www.indien-haus.de\/shop\/?s={search_term_string}"},"query-input":"required name=search_term_string"}],"inLanguage":"de"},{"@type":"Organization","@id":"https:\/\/www.indien-haus.de\/shop\/#organization","name":"Indien-Haus","url":"https:\/\/www.indien-haus.de\/shop\/","logo":{"@type":"ImageObject","inLanguage":"de","@id":"https:\/\/www.indien-haus.de\/shop\/#\/schema\/logo\/image\/","url":"https:\/\/www.indien-haus.de\/wp-content\/uploads\/2014\/03\/indien-haus-logo3.png","contentUrl":"https:\/\/www.indien-haus.de\/wp-content\/uploads\/2014\/03\/indien-haus-logo3.png","width":106,"height":116,"caption":"Indien-Haus"},"image":{"@id":"https:\/\/www.indien-haus.de\/shop\/#\/schema\/logo\/image\/"},"sameAs":["https:\/\/www.facebook.com\/INDIEN.HAUS.news","https:\/\/twitter.com\/Indien_Haus","https:\/\/www.instagram.com\/indien_haus_mainz\/","https:\/\/www.pinterest.de\/indienhaus\/","https:\/\/www.youtube.com\/user\/IndienHaus"]}]}},"_links":{"self":[{"href":"https:\/\/www.indien-haus.de\/shop\/wp-json\/wp\/v2\/product\/111391"}],"collection":[{"href":"https:\/\/www.indien-haus.de\/shop\/wp-json\/wp\/v2\/product"}],"about":[{"href":"https:\/\/www.indien-haus.de\/shop\/wp-json\/wp\/v2\/types\/product"}],"replies":[{"embeddable":true,"href":"https:\/\/www.indien-haus.de\/shop\/wp-json\/wp\/v2\/comments?post=111391"}],"wp:featuredmedia":[{"embeddable":true,"href":"https:\/\/www.indien-haus.de\/shop\/wp-json\/wp\/v2\/media\/111384"}],"wp:attachment":[{"href":"https:\/\/www.indien-haus.de\/shop\/wp-json\/wp\/v2\/media?parent=111391"}],"wp:term":[{"taxonomy":"product_cat","embeddable":true,"href":"https:\/\/www.indien-haus.de\/shop\/wp-json\/wp\/v2\/product_cat?post=111391"},{"taxonomy":"product_tag","embeddable":true,"href":"https:\/\/www.indien-haus.de\/shop\/wp-json\/wp\/v2\/product_tag?post=111391"}],"curies":[{"name":"wp","href":"https:\/\/api.w.org\/{rel}","templated":true}]}}