{"id":112420,"date":"2023-07-01T14:55:57","date_gmt":"2023-07-01T13:55:57","guid":{"rendered":"https:\/\/www.indien-haus.de\/shop\/?post_type=product&#038;p=112420"},"modified":"2026-04-29T22:54:17","modified_gmt":"2026-04-29T21:54:17","slug":"raeucherstaebchen-ayurvedic-white-sage-weisser-salbei","status":"publish","type":"product","link":"https:\/\/www.indien-haus.de\/shop\/produkt\/raeucherstaebchen-ayurvedic-white-sage-weisser-salbei\/","title":{"rendered":"R\u00e4ucherst\u00e4bchen AYURVEDIC White Sage &#8211; wei\u00dfer Salbei"},"content":{"rendered":"","protected":false},"excerpt":{"rendered":"<p>R\u00e4ucherst\u00e4bchen AYURVEDIC White Sage &#8211; wei\u00dfer Salbei<\/p>\n<p>Premium Masala Incense &#8211; handgerollt in Indien.<\/p>\n<p>Ayurvedische Masala-R\u00e4ucherst\u00e4bchen mit wei\u00dfem Salbei beinhalten eine einzigartige Mischung aus seltenen Kr\u00e4utern, Blumen, Honig, Harzen und \u00d6len. Sie sind frei von giftigen Materialien. Das Verbrennen von Weihrauch aus wei\u00dfem Salbei erf\u00fcllt den Raum mit einem g\u00f6ttlichen, heilenden Duft, der insbesondere Ihre Energiefelder heilt. Es kann dabei helfen, jegliche negative Energie zu vertreiben und Ihnen dabei helfen, ein positives Umfeld f\u00fcr eine Meditation oder ein anderes Ritual zu schaffen. Aufgrund der heilenden Wirkung von Salbei lindert es Stress und kann Ihr Energieniveau steigern, wenn Sie sich ersch\u00f6pft f\u00fchlen.<\/p>\n<p>Brenndauer ca. 45 -60 Minuten, Inhalt: 15 St\u00e4bchen<\/p>\n","protected":false},"featured_media":113393,"comment_status":"closed","ping_status":"closed","template":"","meta":[],"product_cat":[6695],"product_tag":[998],"yoast_head":"<!-- This site is optimized with the Yoast SEO plugin v22.0 - https:\/\/yoast.com\/wordpress\/plugins\/seo\/ -->\n<title>R\u00e4ucherst\u00e4bchen AYURVEDIC White Sage - wei\u00dfer Salbei - #Indien-Haus<\/title>\n<meta name=\"description\" content=\"R\u00e4ucherst\u00e4bchen AYURVEDIC White Sage - wei\u00dfer Salbei Premium Masala Incense - handgerollt in Indien. Inhalt: 15 St\u00e4bchen\" \/>\n<meta name=\"robots\" content=\"index, follow, max-snippet:-1, max-image-preview:large, max-video-preview:-1\" \/>\n<link rel=\"canonical\" href=\"https:\/\/www.indien-haus.de\/shop\/produkt\/raeucherstaebchen-ayurvedic-white-sage-weisser-salbei\/\" \/>\n<meta name=\"twitter:card\" content=\"summary_large_image\" \/>\n<meta name=\"twitter:title\" content=\"R\u00e4ucherst\u00e4bchen AYURVEDIC White Sage - wei\u00dfer Salbei - #Indien-Haus\" \/>\n<meta name=\"twitter:description\" content=\"R\u00e4ucherst\u00e4bchen AYURVEDIC White Sage - wei\u00dfer Salbei Premium Masala Incense - handgerollt in Indien. Inhalt: 15 St\u00e4bchen\" \/>\n<meta name=\"twitter:image\" content=\"https:\/\/www.indien-haus.de\/wp-content\/uploads\/2023\/07\/RU08715-3-white-sage.jpg\" \/>\n<meta name=\"twitter:site\" content=\"@Indien_Haus\" \/>\n<script type=\"application\/ld+json\" class=\"yoast-schema-graph\">{\"@context\":\"https:\/\/schema.org\",\"@graph\":[{\"@type\":\"WebPage\",\"@id\":\"https:\/\/www.indien-haus.de\/shop\/produkt\/raeucherstaebchen-ayurvedic-white-sage-weisser-salbei\/\",\"url\":\"https:\/\/www.indien-haus.de\/shop\/produkt\/raeucherstaebchen-ayurvedic-white-sage-weisser-salbei\/\",\"name\":\"R\u00e4ucherst\u00e4bchen AYURVEDIC White Sage - wei\u00dfer Salbei - #Indien-Haus\",\"isPartOf\":{\"@id\":\"https:\/\/www.indien-haus.de\/shop\/#website\"},\"datePublished\":\"2023-07-01T13:55:57+00:00\",\"dateModified\":\"2026-04-29T21:54:17+00:00\",\"description\":\"R\u00e4ucherst\u00e4bchen AYURVEDIC White Sage - wei\u00dfer Salbei Premium Masala Incense - handgerollt in Indien. Inhalt: 15 St\u00e4bchen\",\"breadcrumb\":{\"@id\":\"https:\/\/www.indien-haus.de\/shop\/produkt\/raeucherstaebchen-ayurvedic-white-sage-weisser-salbei\/#breadcrumb\"},\"inLanguage\":\"de\",\"potentialAction\":[{\"@type\":\"ReadAction\",\"target\":[\"https:\/\/www.indien-haus.de\/shop\/produkt\/raeucherstaebchen-ayurvedic-white-sage-weisser-salbei\/\"]}]},{\"@type\":\"BreadcrumbList\",\"@id\":\"https:\/\/www.indien-haus.de\/shop\/produkt\/raeucherstaebchen-ayurvedic-white-sage-weisser-salbei\/#breadcrumb\",\"itemListElement\":[{\"@type\":\"ListItem\",\"position\":1,\"name\":\"Startseite\",\"item\":\"https:\/\/www.indien-haus.de\/shop\/start\/\"},{\"@type\":\"ListItem\",\"position\":2,\"name\":\"Shop\",\"item\":\"https:\/\/www.indien-haus.de\/shop\/shop\/\"},{\"@type\":\"ListItem\",\"position\":3,\"name\":\"R\u00e4ucherst\u00e4bchen AYURVEDIC White Sage &#8211; wei\u00dfer Salbei\"}]},{\"@type\":\"WebSite\",\"@id\":\"https:\/\/www.indien-haus.de\/shop\/#website\",\"url\":\"https:\/\/www.indien-haus.de\/shop\/\",\"name\":\"Indien-Haus\",\"description\":\"M\u00f6bel &amp; Lampen &amp; Accessoires aus Asien in Mainz\",\"publisher\":{\"@id\":\"https:\/\/www.indien-haus.de\/shop\/#organization\"},\"potentialAction\":[{\"@type\":\"SearchAction\",\"target\":{\"@type\":\"EntryPoint\",\"urlTemplate\":\"https:\/\/www.indien-haus.de\/shop\/?s={search_term_string}\"},\"query-input\":\"required name=search_term_string\"}],\"inLanguage\":\"de\"},{\"@type\":\"Organization\",\"@id\":\"https:\/\/www.indien-haus.de\/shop\/#organization\",\"name\":\"Indien-Haus\",\"url\":\"https:\/\/www.indien-haus.de\/shop\/\",\"logo\":{\"@type\":\"ImageObject\",\"inLanguage\":\"de\",\"@id\":\"https:\/\/www.indien-haus.de\/shop\/#\/schema\/logo\/image\/\",\"url\":\"https:\/\/www.indien-haus.de\/wp-content\/uploads\/2014\/03\/indien-haus-logo3.png\",\"contentUrl\":\"https:\/\/www.indien-haus.de\/wp-content\/uploads\/2014\/03\/indien-haus-logo3.png\",\"width\":106,\"height\":116,\"caption\":\"Indien-Haus\"},\"image\":{\"@id\":\"https:\/\/www.indien-haus.de\/shop\/#\/schema\/logo\/image\/\"},\"sameAs\":[\"https:\/\/www.facebook.com\/INDIEN.HAUS.news\",\"https:\/\/twitter.com\/Indien_Haus\",\"https:\/\/www.instagram.com\/indien_haus_mainz\/\",\"https:\/\/www.pinterest.de\/indienhaus\/\",\"https:\/\/www.youtube.com\/user\/IndienHaus\"]}]}<\/script>\n<!-- \/ Yoast SEO plugin. -->","yoast_head_json":{"title":"R\u00e4ucherst\u00e4bchen AYURVEDIC White Sage - wei\u00dfer Salbei - #Indien-Haus","description":"R\u00e4ucherst\u00e4bchen AYURVEDIC White Sage - wei\u00dfer Salbei Premium Masala Incense - handgerollt in Indien. Inhalt: 15 St\u00e4bchen","robots":{"index":"index","follow":"follow","max-snippet":"max-snippet:-1","max-image-preview":"max-image-preview:large","max-video-preview":"max-video-preview:-1"},"canonical":"https:\/\/www.indien-haus.de\/shop\/produkt\/raeucherstaebchen-ayurvedic-white-sage-weisser-salbei\/","twitter_card":"summary_large_image","twitter_title":"R\u00e4ucherst\u00e4bchen AYURVEDIC White Sage - wei\u00dfer Salbei - #Indien-Haus","twitter_description":"R\u00e4ucherst\u00e4bchen AYURVEDIC White Sage - wei\u00dfer Salbei Premium Masala Incense - handgerollt in Indien. Inhalt: 15 St\u00e4bchen","twitter_image":"https:\/\/www.indien-haus.de\/wp-content\/uploads\/2023\/07\/RU08715-3-white-sage.jpg","twitter_site":"@Indien_Haus","schema":{"@context":"https:\/\/schema.org","@graph":[{"@type":"WebPage","@id":"https:\/\/www.indien-haus.de\/shop\/produkt\/raeucherstaebchen-ayurvedic-white-sage-weisser-salbei\/","url":"https:\/\/www.indien-haus.de\/shop\/produkt\/raeucherstaebchen-ayurvedic-white-sage-weisser-salbei\/","name":"R\u00e4ucherst\u00e4bchen AYURVEDIC White Sage - wei\u00dfer Salbei - #Indien-Haus","isPartOf":{"@id":"https:\/\/www.indien-haus.de\/shop\/#website"},"datePublished":"2023-07-01T13:55:57+00:00","dateModified":"2026-04-29T21:54:17+00:00","description":"R\u00e4ucherst\u00e4bchen AYURVEDIC White Sage - wei\u00dfer Salbei Premium Masala Incense - handgerollt in Indien. Inhalt: 15 St\u00e4bchen","breadcrumb":{"@id":"https:\/\/www.indien-haus.de\/shop\/produkt\/raeucherstaebchen-ayurvedic-white-sage-weisser-salbei\/#breadcrumb"},"inLanguage":"de","potentialAction":[{"@type":"ReadAction","target":["https:\/\/www.indien-haus.de\/shop\/produkt\/raeucherstaebchen-ayurvedic-white-sage-weisser-salbei\/"]}]},{"@type":"BreadcrumbList","@id":"https:\/\/www.indien-haus.de\/shop\/produkt\/raeucherstaebchen-ayurvedic-white-sage-weisser-salbei\/#breadcrumb","itemListElement":[{"@type":"ListItem","position":1,"name":"Startseite","item":"https:\/\/www.indien-haus.de\/shop\/start\/"},{"@type":"ListItem","position":2,"name":"Shop","item":"https:\/\/www.indien-haus.de\/shop\/shop\/"},{"@type":"ListItem","position":3,"name":"R\u00e4ucherst\u00e4bchen AYURVEDIC White Sage &#8211; wei\u00dfer Salbei"}]},{"@type":"WebSite","@id":"https:\/\/www.indien-haus.de\/shop\/#website","url":"https:\/\/www.indien-haus.de\/shop\/","name":"Indien-Haus","description":"M\u00f6bel &amp; Lampen &amp; Accessoires aus Asien in Mainz","publisher":{"@id":"https:\/\/www.indien-haus.de\/shop\/#organization"},"potentialAction":[{"@type":"SearchAction","target":{"@type":"EntryPoint","urlTemplate":"https:\/\/www.indien-haus.de\/shop\/?s={search_term_string}"},"query-input":"required name=search_term_string"}],"inLanguage":"de"},{"@type":"Organization","@id":"https:\/\/www.indien-haus.de\/shop\/#organization","name":"Indien-Haus","url":"https:\/\/www.indien-haus.de\/shop\/","logo":{"@type":"ImageObject","inLanguage":"de","@id":"https:\/\/www.indien-haus.de\/shop\/#\/schema\/logo\/image\/","url":"https:\/\/www.indien-haus.de\/wp-content\/uploads\/2014\/03\/indien-haus-logo3.png","contentUrl":"https:\/\/www.indien-haus.de\/wp-content\/uploads\/2014\/03\/indien-haus-logo3.png","width":106,"height":116,"caption":"Indien-Haus"},"image":{"@id":"https:\/\/www.indien-haus.de\/shop\/#\/schema\/logo\/image\/"},"sameAs":["https:\/\/www.facebook.com\/INDIEN.HAUS.news","https:\/\/twitter.com\/Indien_Haus","https:\/\/www.instagram.com\/indien_haus_mainz\/","https:\/\/www.pinterest.de\/indienhaus\/","https:\/\/www.youtube.com\/user\/IndienHaus"]}]}},"_links":{"self":[{"href":"https:\/\/www.indien-haus.de\/shop\/wp-json\/wp\/v2\/product\/112420"}],"collection":[{"href":"https:\/\/www.indien-haus.de\/shop\/wp-json\/wp\/v2\/product"}],"about":[{"href":"https:\/\/www.indien-haus.de\/shop\/wp-json\/wp\/v2\/types\/product"}],"replies":[{"embeddable":true,"href":"https:\/\/www.indien-haus.de\/shop\/wp-json\/wp\/v2\/comments?post=112420"}],"wp:featuredmedia":[{"embeddable":true,"href":"https:\/\/www.indien-haus.de\/shop\/wp-json\/wp\/v2\/media\/113393"}],"wp:attachment":[{"href":"https:\/\/www.indien-haus.de\/shop\/wp-json\/wp\/v2\/media?parent=112420"}],"wp:term":[{"taxonomy":"product_cat","embeddable":true,"href":"https:\/\/www.indien-haus.de\/shop\/wp-json\/wp\/v2\/product_cat?post=112420"},{"taxonomy":"product_tag","embeddable":true,"href":"https:\/\/www.indien-haus.de\/shop\/wp-json\/wp\/v2\/product_tag?post=112420"}],"curies":[{"name":"wp","href":"https:\/\/api.w.org\/{rel}","templated":true}]}}