{"id":112478,"date":"2023-07-01T15:05:50","date_gmt":"2023-07-01T14:05:50","guid":{"rendered":"https:\/\/www.indien-haus.de\/shop\/?post_type=product&#038;p=112478"},"modified":"2026-02-07T10:34:19","modified_gmt":"2026-02-07T09:34:19","slug":"indisches-torbogen-regal-mangoholz","status":"publish","type":"product","link":"https:\/\/www.indien-haus.de\/shop\/produkt\/indisches-torbogen-regal-mangoholz\/","title":{"rendered":"Indisches Torbogen-Regal aus Mangoholz mit Schnitzereien"},"content":{"rendered":"<p>Unser <strong data-start=\"453\" data-end=\"525\">handgefertigtes<\/strong> <strong data-start=\"453\" data-end=\"525\">indisches Torbogen Regal aus braunem Mangoholz mit Schnitzereien\u00a0<\/strong> bringt authentische indische Handwerkskunst direkt in Ihr Zuhause. Dieses Regal wird aus massivem Mangoholz gefertigt, das f\u00fcr seine Robustheit und warme Ausstrahlung bekannt ist. Jede Maserung ist einzigartig, sodass jedes M\u00f6belst\u00fcck ein unverwechselbares Unikat darstellt (<a class=\"decorated-link cursor-pointer\" target=\"_new\" rel=\"noopener\" data-start=\"801\" data-end=\"872\">mehr \u00fcber Mangoholz erfahren: https:\/\/de.wikipedia.org\/wiki\/Mango)<\/a><\/p>\n<p>Die Vorderseite des Regals ist aufwendig mit <strong data-start=\"923\" data-end=\"965\">traditionellen indischen Schnitzereien<\/strong> verziert und verf\u00fcgt \u00fcber den charakteristischen <strong data-start=\"1015\" data-end=\"1027\">Torbogen<\/strong>, der an die pr\u00e4chtige Architektur Indiens erinnert. Diese kunstvollen Details spiegeln nicht nur die kulturelle Tiefe wider, sondern verleihen dem Regal auch einen historischen und spirituellen Charme.<\/p>\n<p>Dieses Regal eignet sich ideal f\u00fcr Wohnzimmer, Flur, Essbereich oder auch f\u00fcr Restaurants und Boutiquen. Es kann als Wandregal, Standregal oder dekoratives Highlight verwendet werden \u2013 perfekt, um B\u00fccher, Pflanzen oder kunstvolle Dekoelemente stilvoll zu pr\u00e4sentieren. Die handgefertigten Schnitzereien zeigen die <strong data-start=\"1640\" data-end=\"1676\">traditionelle indische Holzkunst<\/strong>, die f\u00fcr ihre Detailverliebtheit und k\u00fcnstlerische Pr\u00e4zision bekannt ist.<\/p>\n<p data-start=\"1855\" data-end=\"2110\">Jedes St\u00fcck wird in Indien handgefertigt und direkt importiert, wodurch Sie ein authentisches M\u00f6belst\u00fcck mit Geschichte erhalten. Das warme Braun des Mangoholzes harmoniert hervorragend mit modernen, minimalistischen sowie rustikalen Einrichtungsstilen.<\/p>\n<p data-start=\"2112\" data-end=\"2354\">Mit dem <strong data-start=\"2120\" data-end=\"2192\">indisches Torbogen Regal braun Mangoholz Schnitzereien handgefertigt<\/strong> holen Sie sich ein dekoratives M\u00f6belst\u00fcck nach Hause, das <strong data-start=\"2251\" data-end=\"2287\">Kunst, Kultur und Funktionalit\u00e4t<\/strong> auf elegante Weise vereint und in jedem Raum zum Blickfang wird.<\/p>\n<hr data-start=\"2356\" data-end=\"2359\" \/>\n","protected":false},"excerpt":{"rendered":"<p>Unser\u00a0<strong data-start=\"453\" data-end=\"525\">handgefertigtes<\/strong> <strong data-start=\"453\" data-end=\"525\">indisches Torbogen Regal aus braunem Mangoholz mit Schnitzereien\u00a0<\/strong> bringt authentische indische Handwerkskunst direkt in Ihr Zuhause. Dieses Regal wird aus massivem Mangoholz gefertigt, das f\u00fcr seine Robustheit und warme Ausstrahlung bekannt ist. Jede Maserung ist einzigartig, sodass jedes M\u00f6belst\u00fcck ein unverwechselbares Unikat darstellt (<a class=\"decorated-link cursor-pointer\" target=\"_new\" rel=\"noopener\" data-start=\"801\" data-end=\"872\">mehr \u00fcber Mangoholz erfahren: https:\/\/de.wikipedia.org\/wiki\/Mango)<\/a><\/p>\n<p>Die Vorderseite des Regals ist aufwendig mit <strong data-start=\"923\" data-end=\"965\">traditionellen indischen Schnitzereien<\/strong> verziert und verf\u00fcgt \u00fcber den charakteristischen <strong data-start=\"1015\" data-end=\"1027\">Torbogen<\/strong>, der an die pr\u00e4chtige Architektur Indiens erinnert. Diese kunstvollen Details spiegeln nicht nur die kulturelle Tiefe wider, sondern verleihen dem Regal auch einen historischen und spirituellen Charme.<\/p>\n<p>Dieses Regal eignet sich ideal f\u00fcr Wohnzimmer, Flur, Essbereich oder auch f\u00fcr Restaurants und Boutiquen. Es kann als Wandregal, Standregal oder dekoratives Highlight verwendet werden \u2013 perfekt, um B\u00fccher, Pflanzen oder kunstvolle Dekoelemente stilvoll zu pr\u00e4sentieren. Die handgefertigten Schnitzereien zeigen die <strong data-start=\"1640\" data-end=\"1676\">traditionelle indische Holzkunst<\/strong>, die f\u00fcr ihre Detailverliebtheit und k\u00fcnstlerische Pr\u00e4zision bekannt ist.<\/p>\n<p data-start=\"1855\" data-end=\"2110\">Jedes St\u00fcck wird in Indien handgefertigt und direkt importiert, wodurch Sie ein authentisches M\u00f6belst\u00fcck mit Geschichte erhalten. Das warme Braun des Mangoholzes harmoniert hervorragend mit modernen, minimalistischen sowie rustikalen Einrichtungsstilen.<\/p>\n<p data-start=\"2112\" data-end=\"2354\">Mit dem <strong data-start=\"2120\" data-end=\"2192\">indisches Torbogen Regal braun Mangoholz Schnitzereien handgefertigt<\/strong> holen Sie sich ein dekoratives M\u00f6belst\u00fcck nach Hause, das <strong data-start=\"2251\" data-end=\"2287\">Kunst, Kultur und Funktionalit\u00e4t<\/strong> auf elegante Weise vereint und in jedem Raum zum Blickfang wird.<\/p>\n<hr data-start=\"2356\" data-end=\"2359\" \/>\n","protected":false},"featured_media":113489,"comment_status":"closed","ping_status":"closed","template":"","meta":[],"product_cat":[70],"product_tag":[555,6662],"yoast_head":"<!-- This site is optimized with the Yoast SEO plugin v22.0 - https:\/\/yoast.com\/wordpress\/plugins\/seo\/ -->\n<title>Indisches Torbogen-Regal aus Mangoholz mit Schnitzereien - #Indien-Haus<\/title>\n<meta name=\"description\" content=\"Handgefertigtes indisches Torbogen Regal aus braunem Mangoholz mit traditionellen Schnitzereien. Einzigartig, dekorativ und vielseitig einsetzbar.\" \/>\n<meta name=\"robots\" content=\"index, follow, max-snippet:-1, max-image-preview:large, max-video-preview:-1\" \/>\n<link rel=\"canonical\" href=\"https:\/\/www.indien-haus.de\/shop\/produkt\/indisches-torbogen-regal-mangoholz\/\" \/>\n<meta name=\"twitter:card\" content=\"summary_large_image\" \/>\n<meta name=\"twitter:title\" content=\"Indisches Torbogen-Regal aus Mangoholz mit Schnitzereien - #Indien-Haus\" \/>\n<meta name=\"twitter:description\" content=\"Handgefertigtes indisches Torbogen Regal aus braunem Mangoholz mit traditionellen Schnitzereien. Einzigartig, dekorativ und vielseitig einsetzbar.\" \/>\n<meta name=\"twitter:image\" content=\"https:\/\/www.indien-haus.de\/wp-content\/uploads\/2023\/07\/RU91500A-1pc.jpg\" \/>\n<meta name=\"twitter:site\" content=\"@Indien_Haus\" \/>\n<meta name=\"twitter:label1\" content=\"Gesch\u00e4tzte Lesezeit\" \/>\n\t<meta name=\"twitter:data1\" content=\"2\u00a0Minuten\" \/>\n<script type=\"application\/ld+json\" class=\"yoast-schema-graph\">{\"@context\":\"https:\/\/schema.org\",\"@graph\":[{\"@type\":\"WebPage\",\"@id\":\"https:\/\/www.indien-haus.de\/shop\/produkt\/indisches-torbogen-regal-mangoholz\/\",\"url\":\"https:\/\/www.indien-haus.de\/shop\/produkt\/indisches-torbogen-regal-mangoholz\/\",\"name\":\"Indisches Torbogen-Regal aus Mangoholz mit Schnitzereien - #Indien-Haus\",\"isPartOf\":{\"@id\":\"https:\/\/www.indien-haus.de\/shop\/#website\"},\"datePublished\":\"2023-07-01T14:05:50+00:00\",\"dateModified\":\"2026-02-07T09:34:19+00:00\",\"description\":\"Handgefertigtes indisches Torbogen Regal aus braunem Mangoholz mit traditionellen Schnitzereien. Einzigartig, dekorativ und vielseitig einsetzbar.\",\"breadcrumb\":{\"@id\":\"https:\/\/www.indien-haus.de\/shop\/produkt\/indisches-torbogen-regal-mangoholz\/#breadcrumb\"},\"inLanguage\":\"de\",\"potentialAction\":[{\"@type\":\"ReadAction\",\"target\":[\"https:\/\/www.indien-haus.de\/shop\/produkt\/indisches-torbogen-regal-mangoholz\/\"]}]},{\"@type\":\"BreadcrumbList\",\"@id\":\"https:\/\/www.indien-haus.de\/shop\/produkt\/indisches-torbogen-regal-mangoholz\/#breadcrumb\",\"itemListElement\":[{\"@type\":\"ListItem\",\"position\":1,\"name\":\"Startseite\",\"item\":\"https:\/\/www.indien-haus.de\/shop\/start\/\"},{\"@type\":\"ListItem\",\"position\":2,\"name\":\"Shop\",\"item\":\"https:\/\/www.indien-haus.de\/shop\/shop\/\"},{\"@type\":\"ListItem\",\"position\":3,\"name\":\"Indisches Torbogen-Regal aus Mangoholz mit Schnitzereien\"}]},{\"@type\":\"WebSite\",\"@id\":\"https:\/\/www.indien-haus.de\/shop\/#website\",\"url\":\"https:\/\/www.indien-haus.de\/shop\/\",\"name\":\"Indien-Haus\",\"description\":\"M\u00f6bel &amp; Lampen &amp; Accessoires aus Asien in Mainz\",\"publisher\":{\"@id\":\"https:\/\/www.indien-haus.de\/shop\/#organization\"},\"potentialAction\":[{\"@type\":\"SearchAction\",\"target\":{\"@type\":\"EntryPoint\",\"urlTemplate\":\"https:\/\/www.indien-haus.de\/shop\/?s={search_term_string}\"},\"query-input\":\"required name=search_term_string\"}],\"inLanguage\":\"de\"},{\"@type\":\"Organization\",\"@id\":\"https:\/\/www.indien-haus.de\/shop\/#organization\",\"name\":\"Indien-Haus\",\"url\":\"https:\/\/www.indien-haus.de\/shop\/\",\"logo\":{\"@type\":\"ImageObject\",\"inLanguage\":\"de\",\"@id\":\"https:\/\/www.indien-haus.de\/shop\/#\/schema\/logo\/image\/\",\"url\":\"https:\/\/www.indien-haus.de\/wp-content\/uploads\/2014\/03\/indien-haus-logo3.png\",\"contentUrl\":\"https:\/\/www.indien-haus.de\/wp-content\/uploads\/2014\/03\/indien-haus-logo3.png\",\"width\":106,\"height\":116,\"caption\":\"Indien-Haus\"},\"image\":{\"@id\":\"https:\/\/www.indien-haus.de\/shop\/#\/schema\/logo\/image\/\"},\"sameAs\":[\"https:\/\/www.facebook.com\/INDIEN.HAUS.news\",\"https:\/\/twitter.com\/Indien_Haus\",\"https:\/\/www.instagram.com\/indien_haus_mainz\/\",\"https:\/\/www.pinterest.de\/indienhaus\/\",\"https:\/\/www.youtube.com\/user\/IndienHaus\"]}]}<\/script>\n<!-- \/ Yoast SEO plugin. -->","yoast_head_json":{"title":"Indisches Torbogen-Regal aus Mangoholz mit Schnitzereien - #Indien-Haus","description":"Handgefertigtes indisches Torbogen Regal aus braunem Mangoholz mit traditionellen Schnitzereien. Einzigartig, dekorativ und vielseitig einsetzbar.","robots":{"index":"index","follow":"follow","max-snippet":"max-snippet:-1","max-image-preview":"max-image-preview:large","max-video-preview":"max-video-preview:-1"},"canonical":"https:\/\/www.indien-haus.de\/shop\/produkt\/indisches-torbogen-regal-mangoholz\/","twitter_card":"summary_large_image","twitter_title":"Indisches Torbogen-Regal aus Mangoholz mit Schnitzereien - #Indien-Haus","twitter_description":"Handgefertigtes indisches Torbogen Regal aus braunem Mangoholz mit traditionellen Schnitzereien. Einzigartig, dekorativ und vielseitig einsetzbar.","twitter_image":"https:\/\/www.indien-haus.de\/wp-content\/uploads\/2023\/07\/RU91500A-1pc.jpg","twitter_site":"@Indien_Haus","twitter_misc":{"Gesch\u00e4tzte Lesezeit":"2\u00a0Minuten"},"schema":{"@context":"https:\/\/schema.org","@graph":[{"@type":"WebPage","@id":"https:\/\/www.indien-haus.de\/shop\/produkt\/indisches-torbogen-regal-mangoholz\/","url":"https:\/\/www.indien-haus.de\/shop\/produkt\/indisches-torbogen-regal-mangoholz\/","name":"Indisches Torbogen-Regal aus Mangoholz mit Schnitzereien - #Indien-Haus","isPartOf":{"@id":"https:\/\/www.indien-haus.de\/shop\/#website"},"datePublished":"2023-07-01T14:05:50+00:00","dateModified":"2026-02-07T09:34:19+00:00","description":"Handgefertigtes indisches Torbogen Regal aus braunem Mangoholz mit traditionellen Schnitzereien. Einzigartig, dekorativ und vielseitig einsetzbar.","breadcrumb":{"@id":"https:\/\/www.indien-haus.de\/shop\/produkt\/indisches-torbogen-regal-mangoholz\/#breadcrumb"},"inLanguage":"de","potentialAction":[{"@type":"ReadAction","target":["https:\/\/www.indien-haus.de\/shop\/produkt\/indisches-torbogen-regal-mangoholz\/"]}]},{"@type":"BreadcrumbList","@id":"https:\/\/www.indien-haus.de\/shop\/produkt\/indisches-torbogen-regal-mangoholz\/#breadcrumb","itemListElement":[{"@type":"ListItem","position":1,"name":"Startseite","item":"https:\/\/www.indien-haus.de\/shop\/start\/"},{"@type":"ListItem","position":2,"name":"Shop","item":"https:\/\/www.indien-haus.de\/shop\/shop\/"},{"@type":"ListItem","position":3,"name":"Indisches Torbogen-Regal aus Mangoholz mit Schnitzereien"}]},{"@type":"WebSite","@id":"https:\/\/www.indien-haus.de\/shop\/#website","url":"https:\/\/www.indien-haus.de\/shop\/","name":"Indien-Haus","description":"M\u00f6bel &amp; Lampen &amp; Accessoires aus Asien in Mainz","publisher":{"@id":"https:\/\/www.indien-haus.de\/shop\/#organization"},"potentialAction":[{"@type":"SearchAction","target":{"@type":"EntryPoint","urlTemplate":"https:\/\/www.indien-haus.de\/shop\/?s={search_term_string}"},"query-input":"required name=search_term_string"}],"inLanguage":"de"},{"@type":"Organization","@id":"https:\/\/www.indien-haus.de\/shop\/#organization","name":"Indien-Haus","url":"https:\/\/www.indien-haus.de\/shop\/","logo":{"@type":"ImageObject","inLanguage":"de","@id":"https:\/\/www.indien-haus.de\/shop\/#\/schema\/logo\/image\/","url":"https:\/\/www.indien-haus.de\/wp-content\/uploads\/2014\/03\/indien-haus-logo3.png","contentUrl":"https:\/\/www.indien-haus.de\/wp-content\/uploads\/2014\/03\/indien-haus-logo3.png","width":106,"height":116,"caption":"Indien-Haus"},"image":{"@id":"https:\/\/www.indien-haus.de\/shop\/#\/schema\/logo\/image\/"},"sameAs":["https:\/\/www.facebook.com\/INDIEN.HAUS.news","https:\/\/twitter.com\/Indien_Haus","https:\/\/www.instagram.com\/indien_haus_mainz\/","https:\/\/www.pinterest.de\/indienhaus\/","https:\/\/www.youtube.com\/user\/IndienHaus"]}]}},"_links":{"self":[{"href":"https:\/\/www.indien-haus.de\/shop\/wp-json\/wp\/v2\/product\/112478"}],"collection":[{"href":"https:\/\/www.indien-haus.de\/shop\/wp-json\/wp\/v2\/product"}],"about":[{"href":"https:\/\/www.indien-haus.de\/shop\/wp-json\/wp\/v2\/types\/product"}],"replies":[{"embeddable":true,"href":"https:\/\/www.indien-haus.de\/shop\/wp-json\/wp\/v2\/comments?post=112478"}],"wp:featuredmedia":[{"embeddable":true,"href":"https:\/\/www.indien-haus.de\/shop\/wp-json\/wp\/v2\/media\/113489"}],"wp:attachment":[{"href":"https:\/\/www.indien-haus.de\/shop\/wp-json\/wp\/v2\/media?parent=112478"}],"wp:term":[{"taxonomy":"product_cat","embeddable":true,"href":"https:\/\/www.indien-haus.de\/shop\/wp-json\/wp\/v2\/product_cat?post=112478"},{"taxonomy":"product_tag","embeddable":true,"href":"https:\/\/www.indien-haus.de\/shop\/wp-json\/wp\/v2\/product_tag?post=112478"}],"curies":[{"name":"wp","href":"https:\/\/api.w.org\/{rel}","templated":true}]}}