{"id":114606,"date":"2024-02-16T10:29:42","date_gmt":"2024-02-16T09:29:42","guid":{"rendered":"https:\/\/www.indien-haus.de\/shop\/?post_type=product&#038;p=114606"},"modified":"2025-05-03T12:00:06","modified_gmt":"2025-05-03T11:00:06","slug":"saeule-weiss-mit-kapitell-und-steinfuss-blaetter","status":"publish","type":"product","link":"https:\/\/www.indien-haus.de\/shop\/produkt\/saeule-weiss-mit-kapitell-und-steinfuss-blaetter\/","title":{"rendered":"S\u00e4ule wei\u00df mit Kapitell und Steinfu\u00df Bl\u00e4tter"},"content":{"rendered":"","protected":false},"excerpt":{"rendered":"<p>S\u00e4ule wei\u00df mit Kapitell und Steinfu\u00df Bl\u00e4tter. Das Kapitell (der S\u00e4ulenkopf) und der S\u00e4ulenfu\u00df k\u00f6nnen abgenommen werden. Das Kapitell sitzt auf einem Zapfen der oben an der S\u00e4ule ist. Die S\u00e4ule wird auf den Fu\u00df &#8220;geschraubt&#8221; mit einem groben Gewinde.<\/p>\n<p>Eignet sich als Verzierung von Durchg\u00e4ngen oder einfach als Wanddeko. Ebenfalls kann man die S\u00e4ule im Garten oder auf der Terrasse sch\u00f6n integrieren und dadurch ein indisches Flair schaffen.<\/p>\n<p>Aussenma\u00df 30 x 285 x 30 cm<\/p>\n<p>S\u00e4ule ohne Kapitell &amp; Fu\u00df: 230 cm (ohne Zapfen), \u00d8 17 cm<\/p>\n<p>Kapitell: 30 x 30 x 30 cm<\/p>\n<p>S\u00e4ulenfu\u00df: 31 x 25 x 31 cm<\/p>\n<p>Unsere indischen Unikatm\u00f6bel werden gezielt bei unseren indischen Partnerunternehmen ausgew\u00e4hlt und mit dem Container nach Deutschland verschifft. Jedes M\u00f6belst\u00fcck hat seinen eigene Geschichte und seinen ganz speziellen Stil. Ob als Kontrast und eyecatcher zu modernen M\u00f6beln oder als Einbindung in ein rustikales Ambiente, geben diese Unikate Ihrer Einrichtung das besondere Etwas. Lassen Sie sich durch den Charme Indiens verzaubern und entdecken unsere Kollektion an indischen Unikaten. Gerne beraten wir Sie auch bei uns im Ladengesch\u00e4ft.<\/p>\n","protected":false},"featured_media":114609,"comment_status":"closed","ping_status":"closed","template":"","meta":[],"product_cat":[62],"product_tag":[],"yoast_head":"<!-- This site is optimized with the Yoast SEO plugin v22.0 - https:\/\/yoast.com\/wordpress\/plugins\/seo\/ -->\n<title>S\u00e4ule wei\u00df mit Kapitell und Steinfu\u00df Bl\u00e4tter - #Indien-Haus<\/title>\n<meta name=\"description\" content=\"S\u00e4ule wei\u00df mit Kapitell und Steinfu\u00df Bl\u00e4tter. Das Kapitell (der S\u00e4ulenkopf) kann abgenommen werden, es sitzt auf einem Zapfen.\" \/>\n<meta name=\"robots\" content=\"index, follow, max-snippet:-1, max-image-preview:large, max-video-preview:-1\" \/>\n<link rel=\"canonical\" href=\"https:\/\/www.indien-haus.de\/shop\/produkt\/saeule-weiss-mit-kapitell-und-steinfuss-blaetter\/\" \/>\n<meta name=\"twitter:card\" content=\"summary_large_image\" \/>\n<meta name=\"twitter:title\" content=\"S\u00e4ule wei\u00df mit Kapitell und Steinfu\u00df Bl\u00e4tter - #Indien-Haus\" \/>\n<meta name=\"twitter:description\" content=\"S\u00e4ule wei\u00df mit Kapitell und Steinfu\u00df Bl\u00e4tter. Das Kapitell (der S\u00e4ulenkopf) kann abgenommen werden, es sitzt auf einem Zapfen.\" \/>\n<meta name=\"twitter:image\" content=\"https:\/\/www.indien-haus.de\/wp-content\/uploads\/2024\/02\/RU90125-1.jpg\" \/>\n<meta name=\"twitter:site\" content=\"@Indien_Haus\" \/>\n<meta name=\"twitter:label1\" content=\"Gesch\u00e4tzte Lesezeit\" \/>\n\t<meta name=\"twitter:data1\" content=\"1\u00a0Minute\" \/>\n<script type=\"application\/ld+json\" class=\"yoast-schema-graph\">{\"@context\":\"https:\/\/schema.org\",\"@graph\":[{\"@type\":\"WebPage\",\"@id\":\"https:\/\/www.indien-haus.de\/shop\/produkt\/saeule-weiss-mit-kapitell-und-steinfuss-blaetter\/\",\"url\":\"https:\/\/www.indien-haus.de\/shop\/produkt\/saeule-weiss-mit-kapitell-und-steinfuss-blaetter\/\",\"name\":\"S\u00e4ule wei\u00df mit Kapitell und Steinfu\u00df Bl\u00e4tter - #Indien-Haus\",\"isPartOf\":{\"@id\":\"https:\/\/www.indien-haus.de\/shop\/#website\"},\"datePublished\":\"2024-02-16T09:29:42+00:00\",\"dateModified\":\"2025-05-03T11:00:06+00:00\",\"description\":\"S\u00e4ule wei\u00df mit Kapitell und Steinfu\u00df Bl\u00e4tter. Das Kapitell (der S\u00e4ulenkopf) kann abgenommen werden, es sitzt auf einem Zapfen.\",\"breadcrumb\":{\"@id\":\"https:\/\/www.indien-haus.de\/shop\/produkt\/saeule-weiss-mit-kapitell-und-steinfuss-blaetter\/#breadcrumb\"},\"inLanguage\":\"de\",\"potentialAction\":[{\"@type\":\"ReadAction\",\"target\":[\"https:\/\/www.indien-haus.de\/shop\/produkt\/saeule-weiss-mit-kapitell-und-steinfuss-blaetter\/\"]}]},{\"@type\":\"BreadcrumbList\",\"@id\":\"https:\/\/www.indien-haus.de\/shop\/produkt\/saeule-weiss-mit-kapitell-und-steinfuss-blaetter\/#breadcrumb\",\"itemListElement\":[{\"@type\":\"ListItem\",\"position\":1,\"name\":\"Startseite\",\"item\":\"https:\/\/www.indien-haus.de\/shop\/start\/\"},{\"@type\":\"ListItem\",\"position\":2,\"name\":\"Shop\",\"item\":\"https:\/\/www.indien-haus.de\/shop\/shop\/\"},{\"@type\":\"ListItem\",\"position\":3,\"name\":\"S\u00e4ule wei\u00df mit Kapitell und Steinfu\u00df Bl\u00e4tter\"}]},{\"@type\":\"WebSite\",\"@id\":\"https:\/\/www.indien-haus.de\/shop\/#website\",\"url\":\"https:\/\/www.indien-haus.de\/shop\/\",\"name\":\"Indien-Haus\",\"description\":\"M\u00f6bel &amp; Lampen &amp; Accessoires aus Asien in Mainz\",\"publisher\":{\"@id\":\"https:\/\/www.indien-haus.de\/shop\/#organization\"},\"potentialAction\":[{\"@type\":\"SearchAction\",\"target\":{\"@type\":\"EntryPoint\",\"urlTemplate\":\"https:\/\/www.indien-haus.de\/shop\/?s={search_term_string}\"},\"query-input\":\"required name=search_term_string\"}],\"inLanguage\":\"de\"},{\"@type\":\"Organization\",\"@id\":\"https:\/\/www.indien-haus.de\/shop\/#organization\",\"name\":\"Indien-Haus\",\"url\":\"https:\/\/www.indien-haus.de\/shop\/\",\"logo\":{\"@type\":\"ImageObject\",\"inLanguage\":\"de\",\"@id\":\"https:\/\/www.indien-haus.de\/shop\/#\/schema\/logo\/image\/\",\"url\":\"https:\/\/www.indien-haus.de\/wp-content\/uploads\/2014\/03\/indien-haus-logo3.png\",\"contentUrl\":\"https:\/\/www.indien-haus.de\/wp-content\/uploads\/2014\/03\/indien-haus-logo3.png\",\"width\":106,\"height\":116,\"caption\":\"Indien-Haus\"},\"image\":{\"@id\":\"https:\/\/www.indien-haus.de\/shop\/#\/schema\/logo\/image\/\"},\"sameAs\":[\"https:\/\/www.facebook.com\/INDIEN.HAUS.news\",\"https:\/\/twitter.com\/Indien_Haus\",\"https:\/\/www.instagram.com\/indien_haus_mainz\/\",\"https:\/\/www.pinterest.de\/indienhaus\/\",\"https:\/\/www.youtube.com\/user\/IndienHaus\"]}]}<\/script>\n<!-- \/ Yoast SEO plugin. -->","yoast_head_json":{"title":"S\u00e4ule wei\u00df mit Kapitell und Steinfu\u00df Bl\u00e4tter - #Indien-Haus","description":"S\u00e4ule wei\u00df mit Kapitell und Steinfu\u00df Bl\u00e4tter. Das Kapitell (der S\u00e4ulenkopf) kann abgenommen werden, es sitzt auf einem Zapfen.","robots":{"index":"index","follow":"follow","max-snippet":"max-snippet:-1","max-image-preview":"max-image-preview:large","max-video-preview":"max-video-preview:-1"},"canonical":"https:\/\/www.indien-haus.de\/shop\/produkt\/saeule-weiss-mit-kapitell-und-steinfuss-blaetter\/","twitter_card":"summary_large_image","twitter_title":"S\u00e4ule wei\u00df mit Kapitell und Steinfu\u00df Bl\u00e4tter - #Indien-Haus","twitter_description":"S\u00e4ule wei\u00df mit Kapitell und Steinfu\u00df Bl\u00e4tter. Das Kapitell (der S\u00e4ulenkopf) kann abgenommen werden, es sitzt auf einem Zapfen.","twitter_image":"https:\/\/www.indien-haus.de\/wp-content\/uploads\/2024\/02\/RU90125-1.jpg","twitter_site":"@Indien_Haus","twitter_misc":{"Gesch\u00e4tzte Lesezeit":"1\u00a0Minute"},"schema":{"@context":"https:\/\/schema.org","@graph":[{"@type":"WebPage","@id":"https:\/\/www.indien-haus.de\/shop\/produkt\/saeule-weiss-mit-kapitell-und-steinfuss-blaetter\/","url":"https:\/\/www.indien-haus.de\/shop\/produkt\/saeule-weiss-mit-kapitell-und-steinfuss-blaetter\/","name":"S\u00e4ule wei\u00df mit Kapitell und Steinfu\u00df Bl\u00e4tter - #Indien-Haus","isPartOf":{"@id":"https:\/\/www.indien-haus.de\/shop\/#website"},"datePublished":"2024-02-16T09:29:42+00:00","dateModified":"2025-05-03T11:00:06+00:00","description":"S\u00e4ule wei\u00df mit Kapitell und Steinfu\u00df Bl\u00e4tter. Das Kapitell (der S\u00e4ulenkopf) kann abgenommen werden, es sitzt auf einem Zapfen.","breadcrumb":{"@id":"https:\/\/www.indien-haus.de\/shop\/produkt\/saeule-weiss-mit-kapitell-und-steinfuss-blaetter\/#breadcrumb"},"inLanguage":"de","potentialAction":[{"@type":"ReadAction","target":["https:\/\/www.indien-haus.de\/shop\/produkt\/saeule-weiss-mit-kapitell-und-steinfuss-blaetter\/"]}]},{"@type":"BreadcrumbList","@id":"https:\/\/www.indien-haus.de\/shop\/produkt\/saeule-weiss-mit-kapitell-und-steinfuss-blaetter\/#breadcrumb","itemListElement":[{"@type":"ListItem","position":1,"name":"Startseite","item":"https:\/\/www.indien-haus.de\/shop\/start\/"},{"@type":"ListItem","position":2,"name":"Shop","item":"https:\/\/www.indien-haus.de\/shop\/shop\/"},{"@type":"ListItem","position":3,"name":"S\u00e4ule wei\u00df mit Kapitell und Steinfu\u00df Bl\u00e4tter"}]},{"@type":"WebSite","@id":"https:\/\/www.indien-haus.de\/shop\/#website","url":"https:\/\/www.indien-haus.de\/shop\/","name":"Indien-Haus","description":"M\u00f6bel &amp; Lampen &amp; Accessoires aus Asien in Mainz","publisher":{"@id":"https:\/\/www.indien-haus.de\/shop\/#organization"},"potentialAction":[{"@type":"SearchAction","target":{"@type":"EntryPoint","urlTemplate":"https:\/\/www.indien-haus.de\/shop\/?s={search_term_string}"},"query-input":"required name=search_term_string"}],"inLanguage":"de"},{"@type":"Organization","@id":"https:\/\/www.indien-haus.de\/shop\/#organization","name":"Indien-Haus","url":"https:\/\/www.indien-haus.de\/shop\/","logo":{"@type":"ImageObject","inLanguage":"de","@id":"https:\/\/www.indien-haus.de\/shop\/#\/schema\/logo\/image\/","url":"https:\/\/www.indien-haus.de\/wp-content\/uploads\/2014\/03\/indien-haus-logo3.png","contentUrl":"https:\/\/www.indien-haus.de\/wp-content\/uploads\/2014\/03\/indien-haus-logo3.png","width":106,"height":116,"caption":"Indien-Haus"},"image":{"@id":"https:\/\/www.indien-haus.de\/shop\/#\/schema\/logo\/image\/"},"sameAs":["https:\/\/www.facebook.com\/INDIEN.HAUS.news","https:\/\/twitter.com\/Indien_Haus","https:\/\/www.instagram.com\/indien_haus_mainz\/","https:\/\/www.pinterest.de\/indienhaus\/","https:\/\/www.youtube.com\/user\/IndienHaus"]}]}},"_links":{"self":[{"href":"https:\/\/www.indien-haus.de\/shop\/wp-json\/wp\/v2\/product\/114606"}],"collection":[{"href":"https:\/\/www.indien-haus.de\/shop\/wp-json\/wp\/v2\/product"}],"about":[{"href":"https:\/\/www.indien-haus.de\/shop\/wp-json\/wp\/v2\/types\/product"}],"replies":[{"embeddable":true,"href":"https:\/\/www.indien-haus.de\/shop\/wp-json\/wp\/v2\/comments?post=114606"}],"wp:featuredmedia":[{"embeddable":true,"href":"https:\/\/www.indien-haus.de\/shop\/wp-json\/wp\/v2\/media\/114609"}],"wp:attachment":[{"href":"https:\/\/www.indien-haus.de\/shop\/wp-json\/wp\/v2\/media?parent=114606"}],"wp:term":[{"taxonomy":"product_cat","embeddable":true,"href":"https:\/\/www.indien-haus.de\/shop\/wp-json\/wp\/v2\/product_cat?post=114606"},{"taxonomy":"product_tag","embeddable":true,"href":"https:\/\/www.indien-haus.de\/shop\/wp-json\/wp\/v2\/product_tag?post=114606"}],"curies":[{"name":"wp","href":"https:\/\/api.w.org\/{rel}","templated":true}]}}