{"id":114945,"date":"2024-03-06T14:16:50","date_gmt":"2024-03-06T13:16:50","guid":{"rendered":"https:\/\/www.indien-haus.de\/shop\/?post_type=product&#038;p=114945"},"modified":"2025-08-06T14:23:07","modified_gmt":"2025-08-06T13:23:07","slug":"wasserfrisch-fuer-wasserbetten","status":"publish","type":"product","link":"https:\/\/www.indien-haus.de\/shop\/produkt\/wasserfrisch-fuer-wasserbetten\/","title":{"rendered":"Wasserfrisch f\u00fcr Wasserbetten"},"content":{"rendered":"","protected":false},"excerpt":{"rendered":"<p>Wasserfrisch f\u00fcr Wasserbetten 100ml<\/p>\n<p>H\u00e4lt das Wasser frisch und sauber. Pflegt das Vinyl von innen. Verhindert Luftblasen. Halbj\u00e4hrliche Bef\u00fcllung. Ist ausreichend f\u00fcr eine Matratze bis 400 Liter Wasser Inhalt.<\/p>\n<p>Von Kindern fernhalten!<\/p>\n<p>Anwendung: vor Gebrauch sch\u00fctteln. Den gesamten Inhalt in eine gef\u00fcllte Matratze leeren. Danach Matratze entl\u00fcften und nach 45 Tagen nochmals entl\u00fcften.<\/p>\n<p>Achtung: Bei Haut- und Augenkontakt mit Wasser gr\u00fcndlich aussp\u00fclen. Bei Verschlucken viel Wasser trinken und einen Arzt aufsuchen.<\/p>\n<p>Zusammensetzung: Wasser und Kupfer(II)-sulfat-Pentahydrat<\/p>\n","protected":false},"featured_media":114942,"comment_status":"closed","ping_status":"closed","template":"","meta":[],"product_cat":[70],"product_tag":[],"yoast_head":"<!-- This site is optimized with the Yoast SEO plugin v22.0 - https:\/\/yoast.com\/wordpress\/plugins\/seo\/ -->\n<title>Wasserfrisch f\u00fcr Wasserbetten - #Indien-Haus<\/title>\n<meta name=\"description\" content=\"Wasserfrisch f\u00fcr Wasserbetten 100ml \u00e4lt das Wasser frisch und sauber. Pflegt das Vinyl von innen. Verhindert Luftblasen. Halbj\u00e4hrliche Bef\u00fcllung.\" \/>\n<meta name=\"robots\" content=\"index, follow, max-snippet:-1, max-image-preview:large, max-video-preview:-1\" \/>\n<link rel=\"canonical\" href=\"https:\/\/www.indien-haus.de\/shop\/produkt\/wasserfrisch-fuer-wasserbetten\/\" \/>\n<meta name=\"twitter:card\" content=\"summary_large_image\" \/>\n<meta name=\"twitter:title\" content=\"Wasserfrisch f\u00fcr Wasserbetten - #Indien-Haus\" \/>\n<meta name=\"twitter:description\" content=\"Wasserfrisch f\u00fcr Wasserbetten 100ml \u00e4lt das Wasser frisch und sauber. Pflegt das Vinyl von innen. Verhindert Luftblasen. Halbj\u00e4hrliche Bef\u00fcllung.\" \/>\n<meta name=\"twitter:image\" content=\"https:\/\/www.indien-haus.de\/wp-content\/uploads\/2024\/03\/IH08796-1.jpg\" \/>\n<meta name=\"twitter:site\" content=\"@Indien_Haus\" \/>\n<meta name=\"twitter:label1\" content=\"Gesch\u00e4tzte Lesezeit\" \/>\n\t<meta name=\"twitter:data1\" content=\"1\u00a0Minute\" \/>\n<script type=\"application\/ld+json\" class=\"yoast-schema-graph\">{\"@context\":\"https:\/\/schema.org\",\"@graph\":[{\"@type\":\"WebPage\",\"@id\":\"https:\/\/www.indien-haus.de\/shop\/produkt\/wasserfrisch-fuer-wasserbetten\/\",\"url\":\"https:\/\/www.indien-haus.de\/shop\/produkt\/wasserfrisch-fuer-wasserbetten\/\",\"name\":\"Wasserfrisch f\u00fcr Wasserbetten - #Indien-Haus\",\"isPartOf\":{\"@id\":\"https:\/\/www.indien-haus.de\/shop\/#website\"},\"datePublished\":\"2024-03-06T13:16:50+00:00\",\"dateModified\":\"2025-08-06T13:23:07+00:00\",\"description\":\"Wasserfrisch f\u00fcr Wasserbetten 100ml \u00e4lt das Wasser frisch und sauber. Pflegt das Vinyl von innen. Verhindert Luftblasen. Halbj\u00e4hrliche Bef\u00fcllung.\",\"breadcrumb\":{\"@id\":\"https:\/\/www.indien-haus.de\/shop\/produkt\/wasserfrisch-fuer-wasserbetten\/#breadcrumb\"},\"inLanguage\":\"de\",\"potentialAction\":[{\"@type\":\"ReadAction\",\"target\":[\"https:\/\/www.indien-haus.de\/shop\/produkt\/wasserfrisch-fuer-wasserbetten\/\"]}]},{\"@type\":\"BreadcrumbList\",\"@id\":\"https:\/\/www.indien-haus.de\/shop\/produkt\/wasserfrisch-fuer-wasserbetten\/#breadcrumb\",\"itemListElement\":[{\"@type\":\"ListItem\",\"position\":1,\"name\":\"Startseite\",\"item\":\"https:\/\/www.indien-haus.de\/shop\/start\/\"},{\"@type\":\"ListItem\",\"position\":2,\"name\":\"Shop\",\"item\":\"https:\/\/www.indien-haus.de\/shop\/shop\/\"},{\"@type\":\"ListItem\",\"position\":3,\"name\":\"Wasserfrisch f\u00fcr Wasserbetten\"}]},{\"@type\":\"WebSite\",\"@id\":\"https:\/\/www.indien-haus.de\/shop\/#website\",\"url\":\"https:\/\/www.indien-haus.de\/shop\/\",\"name\":\"Indien-Haus\",\"description\":\"M\u00f6bel &amp; Lampen &amp; Accessoires aus Asien in Mainz\",\"publisher\":{\"@id\":\"https:\/\/www.indien-haus.de\/shop\/#organization\"},\"potentialAction\":[{\"@type\":\"SearchAction\",\"target\":{\"@type\":\"EntryPoint\",\"urlTemplate\":\"https:\/\/www.indien-haus.de\/shop\/?s={search_term_string}\"},\"query-input\":\"required name=search_term_string\"}],\"inLanguage\":\"de\"},{\"@type\":\"Organization\",\"@id\":\"https:\/\/www.indien-haus.de\/shop\/#organization\",\"name\":\"Indien-Haus\",\"url\":\"https:\/\/www.indien-haus.de\/shop\/\",\"logo\":{\"@type\":\"ImageObject\",\"inLanguage\":\"de\",\"@id\":\"https:\/\/www.indien-haus.de\/shop\/#\/schema\/logo\/image\/\",\"url\":\"https:\/\/www.indien-haus.de\/wp-content\/uploads\/2014\/03\/indien-haus-logo3.png\",\"contentUrl\":\"https:\/\/www.indien-haus.de\/wp-content\/uploads\/2014\/03\/indien-haus-logo3.png\",\"width\":106,\"height\":116,\"caption\":\"Indien-Haus\"},\"image\":{\"@id\":\"https:\/\/www.indien-haus.de\/shop\/#\/schema\/logo\/image\/\"},\"sameAs\":[\"https:\/\/www.facebook.com\/INDIEN.HAUS.news\",\"https:\/\/twitter.com\/Indien_Haus\",\"https:\/\/www.instagram.com\/indien_haus_mainz\/\",\"https:\/\/www.pinterest.de\/indienhaus\/\",\"https:\/\/www.youtube.com\/user\/IndienHaus\"]}]}<\/script>\n<!-- \/ Yoast SEO plugin. -->","yoast_head_json":{"title":"Wasserfrisch f\u00fcr Wasserbetten - #Indien-Haus","description":"Wasserfrisch f\u00fcr Wasserbetten 100ml \u00e4lt das Wasser frisch und sauber. Pflegt das Vinyl von innen. Verhindert Luftblasen. Halbj\u00e4hrliche Bef\u00fcllung.","robots":{"index":"index","follow":"follow","max-snippet":"max-snippet:-1","max-image-preview":"max-image-preview:large","max-video-preview":"max-video-preview:-1"},"canonical":"https:\/\/www.indien-haus.de\/shop\/produkt\/wasserfrisch-fuer-wasserbetten\/","twitter_card":"summary_large_image","twitter_title":"Wasserfrisch f\u00fcr Wasserbetten - #Indien-Haus","twitter_description":"Wasserfrisch f\u00fcr Wasserbetten 100ml \u00e4lt das Wasser frisch und sauber. Pflegt das Vinyl von innen. Verhindert Luftblasen. Halbj\u00e4hrliche Bef\u00fcllung.","twitter_image":"https:\/\/www.indien-haus.de\/wp-content\/uploads\/2024\/03\/IH08796-1.jpg","twitter_site":"@Indien_Haus","twitter_misc":{"Gesch\u00e4tzte Lesezeit":"1\u00a0Minute"},"schema":{"@context":"https:\/\/schema.org","@graph":[{"@type":"WebPage","@id":"https:\/\/www.indien-haus.de\/shop\/produkt\/wasserfrisch-fuer-wasserbetten\/","url":"https:\/\/www.indien-haus.de\/shop\/produkt\/wasserfrisch-fuer-wasserbetten\/","name":"Wasserfrisch f\u00fcr Wasserbetten - #Indien-Haus","isPartOf":{"@id":"https:\/\/www.indien-haus.de\/shop\/#website"},"datePublished":"2024-03-06T13:16:50+00:00","dateModified":"2025-08-06T13:23:07+00:00","description":"Wasserfrisch f\u00fcr Wasserbetten 100ml \u00e4lt das Wasser frisch und sauber. Pflegt das Vinyl von innen. Verhindert Luftblasen. Halbj\u00e4hrliche Bef\u00fcllung.","breadcrumb":{"@id":"https:\/\/www.indien-haus.de\/shop\/produkt\/wasserfrisch-fuer-wasserbetten\/#breadcrumb"},"inLanguage":"de","potentialAction":[{"@type":"ReadAction","target":["https:\/\/www.indien-haus.de\/shop\/produkt\/wasserfrisch-fuer-wasserbetten\/"]}]},{"@type":"BreadcrumbList","@id":"https:\/\/www.indien-haus.de\/shop\/produkt\/wasserfrisch-fuer-wasserbetten\/#breadcrumb","itemListElement":[{"@type":"ListItem","position":1,"name":"Startseite","item":"https:\/\/www.indien-haus.de\/shop\/start\/"},{"@type":"ListItem","position":2,"name":"Shop","item":"https:\/\/www.indien-haus.de\/shop\/shop\/"},{"@type":"ListItem","position":3,"name":"Wasserfrisch f\u00fcr Wasserbetten"}]},{"@type":"WebSite","@id":"https:\/\/www.indien-haus.de\/shop\/#website","url":"https:\/\/www.indien-haus.de\/shop\/","name":"Indien-Haus","description":"M\u00f6bel &amp; Lampen &amp; Accessoires aus Asien in Mainz","publisher":{"@id":"https:\/\/www.indien-haus.de\/shop\/#organization"},"potentialAction":[{"@type":"SearchAction","target":{"@type":"EntryPoint","urlTemplate":"https:\/\/www.indien-haus.de\/shop\/?s={search_term_string}"},"query-input":"required name=search_term_string"}],"inLanguage":"de"},{"@type":"Organization","@id":"https:\/\/www.indien-haus.de\/shop\/#organization","name":"Indien-Haus","url":"https:\/\/www.indien-haus.de\/shop\/","logo":{"@type":"ImageObject","inLanguage":"de","@id":"https:\/\/www.indien-haus.de\/shop\/#\/schema\/logo\/image\/","url":"https:\/\/www.indien-haus.de\/wp-content\/uploads\/2014\/03\/indien-haus-logo3.png","contentUrl":"https:\/\/www.indien-haus.de\/wp-content\/uploads\/2014\/03\/indien-haus-logo3.png","width":106,"height":116,"caption":"Indien-Haus"},"image":{"@id":"https:\/\/www.indien-haus.de\/shop\/#\/schema\/logo\/image\/"},"sameAs":["https:\/\/www.facebook.com\/INDIEN.HAUS.news","https:\/\/twitter.com\/Indien_Haus","https:\/\/www.instagram.com\/indien_haus_mainz\/","https:\/\/www.pinterest.de\/indienhaus\/","https:\/\/www.youtube.com\/user\/IndienHaus"]}]}},"_links":{"self":[{"href":"https:\/\/www.indien-haus.de\/shop\/wp-json\/wp\/v2\/product\/114945"}],"collection":[{"href":"https:\/\/www.indien-haus.de\/shop\/wp-json\/wp\/v2\/product"}],"about":[{"href":"https:\/\/www.indien-haus.de\/shop\/wp-json\/wp\/v2\/types\/product"}],"replies":[{"embeddable":true,"href":"https:\/\/www.indien-haus.de\/shop\/wp-json\/wp\/v2\/comments?post=114945"}],"wp:featuredmedia":[{"embeddable":true,"href":"https:\/\/www.indien-haus.de\/shop\/wp-json\/wp\/v2\/media\/114942"}],"wp:attachment":[{"href":"https:\/\/www.indien-haus.de\/shop\/wp-json\/wp\/v2\/media?parent=114945"}],"wp:term":[{"taxonomy":"product_cat","embeddable":true,"href":"https:\/\/www.indien-haus.de\/shop\/wp-json\/wp\/v2\/product_cat?post=114945"},{"taxonomy":"product_tag","embeddable":true,"href":"https:\/\/www.indien-haus.de\/shop\/wp-json\/wp\/v2\/product_tag?post=114945"}],"curies":[{"name":"wp","href":"https:\/\/api.w.org\/{rel}","templated":true}]}}