{"id":114946,"date":"2024-03-06T14:33:15","date_gmt":"2024-03-06T13:33:15","guid":{"rendered":"https:\/\/www.indien-haus.de\/shop\/?post_type=product&#038;p=114946"},"modified":"2025-08-06T14:43:56","modified_gmt":"2025-08-06T13:43:56","slug":"spruehflasche-reiniger-und-schutz-fuer-wasserbetten","status":"publish","type":"product","link":"https:\/\/www.indien-haus.de\/shop\/produkt\/spruehflasche-reiniger-und-schutz-fuer-wasserbetten\/","title":{"rendered":"Spr\u00fchflasche: Reiniger und Schutz f\u00fcr Wasserbetten"},"content":{"rendered":"","protected":false},"excerpt":{"rendered":"<p>Spr\u00fchflasche: Reiniger und Schutz f\u00fcr Wasserbetten 100ml<\/p>\n<p>Wasserbett Vinyl Reiniger und Schutz 5*****<\/p>\n<p>Reinigt und pflegt die Au\u00dfenseite des Wasserbetts. Pflegt das Vinyl. Gl\u00e4ttet und desinfiziert die Vinyloberfl\u00e4che. Verhindert Austrocknung und Verh\u00e4rtung. Auch f\u00fcr alle anderen Vinylarten geeignet. Reinigt und desinfiziert auch andere Kunststoffoberfl\u00e4chen im Haushalt, Auto, etc.Mit praktischem Spr\u00fchverschluss.<\/p>\n<p>F\u00fcr Kinder unerreichbar aufbewahren.<\/p>\n<p>Gebrauchsanweisung: Vinylreiniger direkt auf die zu reinigende Stelle spr\u00fchen und mit einem weichen, sauberen Tuch abwischen. Bei allen Arbeiten am Einf\u00fcllstutzen (zum Beispiel Entl\u00fcften), Fl\u00e4che ringsum gro\u00dffl\u00e4chig einspr\u00fchen und desinfizieren. Alle 2 bis 3 Monate erneut reinigen.<\/p>\n<p>Inhaltsstoffe gem\u00e4\u00df EG 648\/2004: Ohosphate, nichtionische Tenside &lt; 5%<\/p>\n","protected":false},"featured_media":114943,"comment_status":"closed","ping_status":"closed","template":"","meta":[],"product_cat":[70],"product_tag":[],"yoast_head":"<!-- This site is optimized with the Yoast SEO plugin v22.0 - https:\/\/yoast.com\/wordpress\/plugins\/seo\/ -->\n<title>Spr\u00fchflasche: Reiniger und Schutz f\u00fcr Wasserbetten - #Indien-Haus<\/title>\n<meta name=\"description\" content=\"Spr\u00fchflasche: Reiniger und Schutz f\u00fcr Wasserbetten 100ml Wasserbett Vinyl Reiniger und Schutz 5*****Reinigt und pflegt die Au\u00dfenseite des Wasserbetts.\" \/>\n<meta name=\"robots\" content=\"index, follow, max-snippet:-1, max-image-preview:large, max-video-preview:-1\" \/>\n<link rel=\"canonical\" href=\"https:\/\/www.indien-haus.de\/shop\/produkt\/spruehflasche-reiniger-und-schutz-fuer-wasserbetten\/\" \/>\n<meta name=\"twitter:card\" content=\"summary_large_image\" \/>\n<meta name=\"twitter:title\" content=\"Spr\u00fchflasche: Reiniger und Schutz f\u00fcr Wasserbetten - #Indien-Haus\" \/>\n<meta name=\"twitter:description\" content=\"Spr\u00fchflasche: Reiniger und Schutz f\u00fcr Wasserbetten 100ml Wasserbett Vinyl Reiniger und Schutz 5*****Reinigt und pflegt die Au\u00dfenseite des Wasserbetts.\" \/>\n<meta name=\"twitter:image\" content=\"https:\/\/www.indien-haus.de\/wp-content\/uploads\/2024\/03\/IH08796-2.jpg\" \/>\n<meta name=\"twitter:site\" content=\"@Indien_Haus\" \/>\n<script type=\"application\/ld+json\" class=\"yoast-schema-graph\">{\"@context\":\"https:\/\/schema.org\",\"@graph\":[{\"@type\":\"WebPage\",\"@id\":\"https:\/\/www.indien-haus.de\/shop\/produkt\/spruehflasche-reiniger-und-schutz-fuer-wasserbetten\/\",\"url\":\"https:\/\/www.indien-haus.de\/shop\/produkt\/spruehflasche-reiniger-und-schutz-fuer-wasserbetten\/\",\"name\":\"Spr\u00fchflasche: Reiniger und Schutz f\u00fcr Wasserbetten - #Indien-Haus\",\"isPartOf\":{\"@id\":\"https:\/\/www.indien-haus.de\/shop\/#website\"},\"datePublished\":\"2024-03-06T13:33:15+00:00\",\"dateModified\":\"2025-08-06T13:43:56+00:00\",\"description\":\"Spr\u00fchflasche: Reiniger und Schutz f\u00fcr Wasserbetten 100ml Wasserbett Vinyl Reiniger und Schutz 5*****Reinigt und pflegt die Au\u00dfenseite des Wasserbetts.\",\"breadcrumb\":{\"@id\":\"https:\/\/www.indien-haus.de\/shop\/produkt\/spruehflasche-reiniger-und-schutz-fuer-wasserbetten\/#breadcrumb\"},\"inLanguage\":\"de\",\"potentialAction\":[{\"@type\":\"ReadAction\",\"target\":[\"https:\/\/www.indien-haus.de\/shop\/produkt\/spruehflasche-reiniger-und-schutz-fuer-wasserbetten\/\"]}]},{\"@type\":\"BreadcrumbList\",\"@id\":\"https:\/\/www.indien-haus.de\/shop\/produkt\/spruehflasche-reiniger-und-schutz-fuer-wasserbetten\/#breadcrumb\",\"itemListElement\":[{\"@type\":\"ListItem\",\"position\":1,\"name\":\"Startseite\",\"item\":\"https:\/\/www.indien-haus.de\/shop\/start\/\"},{\"@type\":\"ListItem\",\"position\":2,\"name\":\"Shop\",\"item\":\"https:\/\/www.indien-haus.de\/shop\/shop\/\"},{\"@type\":\"ListItem\",\"position\":3,\"name\":\"Spr\u00fchflasche: Reiniger und Schutz f\u00fcr Wasserbetten\"}]},{\"@type\":\"WebSite\",\"@id\":\"https:\/\/www.indien-haus.de\/shop\/#website\",\"url\":\"https:\/\/www.indien-haus.de\/shop\/\",\"name\":\"Indien-Haus\",\"description\":\"M\u00f6bel &amp; Lampen &amp; Accessoires aus Asien in Mainz\",\"publisher\":{\"@id\":\"https:\/\/www.indien-haus.de\/shop\/#organization\"},\"potentialAction\":[{\"@type\":\"SearchAction\",\"target\":{\"@type\":\"EntryPoint\",\"urlTemplate\":\"https:\/\/www.indien-haus.de\/shop\/?s={search_term_string}\"},\"query-input\":\"required name=search_term_string\"}],\"inLanguage\":\"de\"},{\"@type\":\"Organization\",\"@id\":\"https:\/\/www.indien-haus.de\/shop\/#organization\",\"name\":\"Indien-Haus\",\"url\":\"https:\/\/www.indien-haus.de\/shop\/\",\"logo\":{\"@type\":\"ImageObject\",\"inLanguage\":\"de\",\"@id\":\"https:\/\/www.indien-haus.de\/shop\/#\/schema\/logo\/image\/\",\"url\":\"https:\/\/www.indien-haus.de\/wp-content\/uploads\/2014\/03\/indien-haus-logo3.png\",\"contentUrl\":\"https:\/\/www.indien-haus.de\/wp-content\/uploads\/2014\/03\/indien-haus-logo3.png\",\"width\":106,\"height\":116,\"caption\":\"Indien-Haus\"},\"image\":{\"@id\":\"https:\/\/www.indien-haus.de\/shop\/#\/schema\/logo\/image\/\"},\"sameAs\":[\"https:\/\/www.facebook.com\/INDIEN.HAUS.news\",\"https:\/\/twitter.com\/Indien_Haus\",\"https:\/\/www.instagram.com\/indien_haus_mainz\/\",\"https:\/\/www.pinterest.de\/indienhaus\/\",\"https:\/\/www.youtube.com\/user\/IndienHaus\"]}]}<\/script>\n<!-- \/ Yoast SEO plugin. -->","yoast_head_json":{"title":"Spr\u00fchflasche: Reiniger und Schutz f\u00fcr Wasserbetten - #Indien-Haus","description":"Spr\u00fchflasche: Reiniger und Schutz f\u00fcr Wasserbetten 100ml Wasserbett Vinyl Reiniger und Schutz 5*****Reinigt und pflegt die Au\u00dfenseite des Wasserbetts.","robots":{"index":"index","follow":"follow","max-snippet":"max-snippet:-1","max-image-preview":"max-image-preview:large","max-video-preview":"max-video-preview:-1"},"canonical":"https:\/\/www.indien-haus.de\/shop\/produkt\/spruehflasche-reiniger-und-schutz-fuer-wasserbetten\/","twitter_card":"summary_large_image","twitter_title":"Spr\u00fchflasche: Reiniger und Schutz f\u00fcr Wasserbetten - #Indien-Haus","twitter_description":"Spr\u00fchflasche: Reiniger und Schutz f\u00fcr Wasserbetten 100ml Wasserbett Vinyl Reiniger und Schutz 5*****Reinigt und pflegt die Au\u00dfenseite des Wasserbetts.","twitter_image":"https:\/\/www.indien-haus.de\/wp-content\/uploads\/2024\/03\/IH08796-2.jpg","twitter_site":"@Indien_Haus","schema":{"@context":"https:\/\/schema.org","@graph":[{"@type":"WebPage","@id":"https:\/\/www.indien-haus.de\/shop\/produkt\/spruehflasche-reiniger-und-schutz-fuer-wasserbetten\/","url":"https:\/\/www.indien-haus.de\/shop\/produkt\/spruehflasche-reiniger-und-schutz-fuer-wasserbetten\/","name":"Spr\u00fchflasche: Reiniger und Schutz f\u00fcr Wasserbetten - #Indien-Haus","isPartOf":{"@id":"https:\/\/www.indien-haus.de\/shop\/#website"},"datePublished":"2024-03-06T13:33:15+00:00","dateModified":"2025-08-06T13:43:56+00:00","description":"Spr\u00fchflasche: Reiniger und Schutz f\u00fcr Wasserbetten 100ml Wasserbett Vinyl Reiniger und Schutz 5*****Reinigt und pflegt die Au\u00dfenseite des Wasserbetts.","breadcrumb":{"@id":"https:\/\/www.indien-haus.de\/shop\/produkt\/spruehflasche-reiniger-und-schutz-fuer-wasserbetten\/#breadcrumb"},"inLanguage":"de","potentialAction":[{"@type":"ReadAction","target":["https:\/\/www.indien-haus.de\/shop\/produkt\/spruehflasche-reiniger-und-schutz-fuer-wasserbetten\/"]}]},{"@type":"BreadcrumbList","@id":"https:\/\/www.indien-haus.de\/shop\/produkt\/spruehflasche-reiniger-und-schutz-fuer-wasserbetten\/#breadcrumb","itemListElement":[{"@type":"ListItem","position":1,"name":"Startseite","item":"https:\/\/www.indien-haus.de\/shop\/start\/"},{"@type":"ListItem","position":2,"name":"Shop","item":"https:\/\/www.indien-haus.de\/shop\/shop\/"},{"@type":"ListItem","position":3,"name":"Spr\u00fchflasche: Reiniger und Schutz f\u00fcr Wasserbetten"}]},{"@type":"WebSite","@id":"https:\/\/www.indien-haus.de\/shop\/#website","url":"https:\/\/www.indien-haus.de\/shop\/","name":"Indien-Haus","description":"M\u00f6bel &amp; Lampen &amp; Accessoires aus Asien in Mainz","publisher":{"@id":"https:\/\/www.indien-haus.de\/shop\/#organization"},"potentialAction":[{"@type":"SearchAction","target":{"@type":"EntryPoint","urlTemplate":"https:\/\/www.indien-haus.de\/shop\/?s={search_term_string}"},"query-input":"required name=search_term_string"}],"inLanguage":"de"},{"@type":"Organization","@id":"https:\/\/www.indien-haus.de\/shop\/#organization","name":"Indien-Haus","url":"https:\/\/www.indien-haus.de\/shop\/","logo":{"@type":"ImageObject","inLanguage":"de","@id":"https:\/\/www.indien-haus.de\/shop\/#\/schema\/logo\/image\/","url":"https:\/\/www.indien-haus.de\/wp-content\/uploads\/2014\/03\/indien-haus-logo3.png","contentUrl":"https:\/\/www.indien-haus.de\/wp-content\/uploads\/2014\/03\/indien-haus-logo3.png","width":106,"height":116,"caption":"Indien-Haus"},"image":{"@id":"https:\/\/www.indien-haus.de\/shop\/#\/schema\/logo\/image\/"},"sameAs":["https:\/\/www.facebook.com\/INDIEN.HAUS.news","https:\/\/twitter.com\/Indien_Haus","https:\/\/www.instagram.com\/indien_haus_mainz\/","https:\/\/www.pinterest.de\/indienhaus\/","https:\/\/www.youtube.com\/user\/IndienHaus"]}]}},"_links":{"self":[{"href":"https:\/\/www.indien-haus.de\/shop\/wp-json\/wp\/v2\/product\/114946"}],"collection":[{"href":"https:\/\/www.indien-haus.de\/shop\/wp-json\/wp\/v2\/product"}],"about":[{"href":"https:\/\/www.indien-haus.de\/shop\/wp-json\/wp\/v2\/types\/product"}],"replies":[{"embeddable":true,"href":"https:\/\/www.indien-haus.de\/shop\/wp-json\/wp\/v2\/comments?post=114946"}],"wp:featuredmedia":[{"embeddable":true,"href":"https:\/\/www.indien-haus.de\/shop\/wp-json\/wp\/v2\/media\/114943"}],"wp:attachment":[{"href":"https:\/\/www.indien-haus.de\/shop\/wp-json\/wp\/v2\/media?parent=114946"}],"wp:term":[{"taxonomy":"product_cat","embeddable":true,"href":"https:\/\/www.indien-haus.de\/shop\/wp-json\/wp\/v2\/product_cat?post=114946"},{"taxonomy":"product_tag","embeddable":true,"href":"https:\/\/www.indien-haus.de\/shop\/wp-json\/wp\/v2\/product_tag?post=114946"}],"curies":[{"name":"wp","href":"https:\/\/api.w.org\/{rel}","templated":true}]}}