{"id":115225,"date":"2024-03-08T13:09:07","date_gmt":"2024-03-08T12:09:07","guid":{"rendered":"https:\/\/www.indien-haus.de\/shop\/?post_type=product&#038;p=115225"},"modified":"2024-03-08T13:12:02","modified_gmt":"2024-03-08T12:12:02","slug":"messingfigur-shakyamuni-buddha-mit-aura-auf-lotusbluete","status":"publish","type":"product","link":"https:\/\/www.indien-haus.de\/shop\/produkt\/messingfigur-shakyamuni-buddha-mit-aura-auf-lotusbluete\/","title":{"rendered":"Messingfigur Shakyamuni Buddha mit Aura auf Lotusbl\u00fcte"},"content":{"rendered":"","protected":false},"excerpt":{"rendered":"<p>Messingfigur Shakyamuni Buddha mit Aura auf Lotusbl\u00fcte, aus echtem Messing handgefertigt in Bali &#8211; Indonesien.<\/p>\n<p>Siddhartha Gautama (oder Buddha Shakyamuni \u2013 Der Weise aus dem Geschlecht der Shakya)<br \/>\nEr lebte um 500 v. Christus in Nordindien, als sein Geburtsort gilt Lumbini. Sein Vater Suddhodana war Oberhaupt einer der regierenden Familien in der kleinen Adelsrepublik der Shakya im Norden von Indien im heutigen indisch-nepalischen Grenzgebiet. Hinweise auf den K\u00f6nigsstand von Buddhas Vater sowie auf den Prunk und die Zeremonien an dessen Hof, denen man besonders in sp\u00e4teren Texten begegnet, sind h\u00f6chstwahrscheinlich \u00dcbertreibungen; es ist jedoch wahrscheinlich, dass die Familie zumindest dem Adel angeh\u00f6rte. Seine Mutter hie\u00df Maya und starb sieben Tage nach der Geburt des Kindes. Die Eltern nannten ihren Sohn Siddhartha, was \u201eder sein Ziel erreicht hat\u201c bedeutet. Der Beiname Shakyamuni bezieht sich auf seine eben genannte Herkunft. Nach der Geburt Siddharthas wurde vorausgesagt, dass er entweder ein Weltenherrscher oder aber, wenn er das Leid der Welt erkennt, jemand werden w\u00fcrde, der Weisheit in die Welt bringt.<\/p>\n","protected":false},"featured_media":115029,"comment_status":"closed","ping_status":"closed","template":"","meta":[],"product_cat":[6674],"product_tag":[3573,4420,4797,1254],"yoast_head":"<!-- This site is optimized with the Yoast SEO plugin v22.0 - https:\/\/yoast.com\/wordpress\/plugins\/seo\/ -->\n<title>Messingfigur Shakyamuni Buddha mit Aura auf Lotusbl\u00fcte - #Indien-Haus<\/title>\n<meta name=\"description\" content=\"Messingfigur Shakyamuni Buddha mit Aura auf Lotusbl\u00fcte, aus echtem Messing handgefertigt in Bali - Indonesien. Siddhartha Gautama\" \/>\n<meta name=\"robots\" content=\"index, follow, max-snippet:-1, max-image-preview:large, max-video-preview:-1\" \/>\n<link rel=\"canonical\" href=\"https:\/\/www.indien-haus.de\/shop\/produkt\/messingfigur-shakyamuni-buddha-mit-aura-auf-lotusbluete\/\" \/>\n<meta name=\"twitter:card\" content=\"summary_large_image\" \/>\n<meta name=\"twitter:title\" content=\"Messingfigur Shakyamuni Buddha mit Aura auf Lotusbl\u00fcte - #Indien-Haus\" \/>\n<meta name=\"twitter:description\" content=\"Messingfigur Shakyamuni Buddha mit Aura auf Lotusbl\u00fcte, aus echtem Messing handgefertigt in Bali - Indonesien. Siddhartha Gautama\" \/>\n<meta name=\"twitter:image\" content=\"https:\/\/www.indien-haus.de\/wp-content\/uploads\/2024\/03\/BA08777.jpg\" \/>\n<meta name=\"twitter:site\" content=\"@Indien_Haus\" \/>\n<meta name=\"twitter:label1\" content=\"Gesch\u00e4tzte Lesezeit\" \/>\n\t<meta name=\"twitter:data1\" content=\"1\u00a0Minute\" \/>\n<script type=\"application\/ld+json\" class=\"yoast-schema-graph\">{\"@context\":\"https:\/\/schema.org\",\"@graph\":[{\"@type\":\"WebPage\",\"@id\":\"https:\/\/www.indien-haus.de\/shop\/produkt\/messingfigur-shakyamuni-buddha-mit-aura-auf-lotusbluete\/\",\"url\":\"https:\/\/www.indien-haus.de\/shop\/produkt\/messingfigur-shakyamuni-buddha-mit-aura-auf-lotusbluete\/\",\"name\":\"Messingfigur Shakyamuni Buddha mit Aura auf Lotusbl\u00fcte - #Indien-Haus\",\"isPartOf\":{\"@id\":\"https:\/\/www.indien-haus.de\/shop\/#website\"},\"datePublished\":\"2024-03-08T12:09:07+00:00\",\"dateModified\":\"2024-03-08T12:12:02+00:00\",\"description\":\"Messingfigur Shakyamuni Buddha mit Aura auf Lotusbl\u00fcte, aus echtem Messing handgefertigt in Bali - Indonesien. Siddhartha Gautama\",\"breadcrumb\":{\"@id\":\"https:\/\/www.indien-haus.de\/shop\/produkt\/messingfigur-shakyamuni-buddha-mit-aura-auf-lotusbluete\/#breadcrumb\"},\"inLanguage\":\"de\",\"potentialAction\":[{\"@type\":\"ReadAction\",\"target\":[\"https:\/\/www.indien-haus.de\/shop\/produkt\/messingfigur-shakyamuni-buddha-mit-aura-auf-lotusbluete\/\"]}]},{\"@type\":\"BreadcrumbList\",\"@id\":\"https:\/\/www.indien-haus.de\/shop\/produkt\/messingfigur-shakyamuni-buddha-mit-aura-auf-lotusbluete\/#breadcrumb\",\"itemListElement\":[{\"@type\":\"ListItem\",\"position\":1,\"name\":\"Startseite\",\"item\":\"https:\/\/www.indien-haus.de\/shop\/start\/\"},{\"@type\":\"ListItem\",\"position\":2,\"name\":\"Shop\",\"item\":\"https:\/\/www.indien-haus.de\/shop\/shop\/\"},{\"@type\":\"ListItem\",\"position\":3,\"name\":\"Messingfigur Shakyamuni Buddha mit Aura auf Lotusbl\u00fcte\"}]},{\"@type\":\"WebSite\",\"@id\":\"https:\/\/www.indien-haus.de\/shop\/#website\",\"url\":\"https:\/\/www.indien-haus.de\/shop\/\",\"name\":\"Indien-Haus\",\"description\":\"M\u00f6bel &amp; Lampen &amp; Accessoires aus Asien in Mainz\",\"publisher\":{\"@id\":\"https:\/\/www.indien-haus.de\/shop\/#organization\"},\"potentialAction\":[{\"@type\":\"SearchAction\",\"target\":{\"@type\":\"EntryPoint\",\"urlTemplate\":\"https:\/\/www.indien-haus.de\/shop\/?s={search_term_string}\"},\"query-input\":\"required name=search_term_string\"}],\"inLanguage\":\"de\"},{\"@type\":\"Organization\",\"@id\":\"https:\/\/www.indien-haus.de\/shop\/#organization\",\"name\":\"Indien-Haus\",\"url\":\"https:\/\/www.indien-haus.de\/shop\/\",\"logo\":{\"@type\":\"ImageObject\",\"inLanguage\":\"de\",\"@id\":\"https:\/\/www.indien-haus.de\/shop\/#\/schema\/logo\/image\/\",\"url\":\"https:\/\/www.indien-haus.de\/wp-content\/uploads\/2014\/03\/indien-haus-logo3.png\",\"contentUrl\":\"https:\/\/www.indien-haus.de\/wp-content\/uploads\/2014\/03\/indien-haus-logo3.png\",\"width\":106,\"height\":116,\"caption\":\"Indien-Haus\"},\"image\":{\"@id\":\"https:\/\/www.indien-haus.de\/shop\/#\/schema\/logo\/image\/\"},\"sameAs\":[\"https:\/\/www.facebook.com\/INDIEN.HAUS.news\",\"https:\/\/twitter.com\/Indien_Haus\",\"https:\/\/www.instagram.com\/indien_haus_mainz\/\",\"https:\/\/www.pinterest.de\/indienhaus\/\",\"https:\/\/www.youtube.com\/user\/IndienHaus\"]}]}<\/script>\n<!-- \/ Yoast SEO plugin. -->","yoast_head_json":{"title":"Messingfigur Shakyamuni Buddha mit Aura auf Lotusbl\u00fcte - #Indien-Haus","description":"Messingfigur Shakyamuni Buddha mit Aura auf Lotusbl\u00fcte, aus echtem Messing handgefertigt in Bali - Indonesien. Siddhartha Gautama","robots":{"index":"index","follow":"follow","max-snippet":"max-snippet:-1","max-image-preview":"max-image-preview:large","max-video-preview":"max-video-preview:-1"},"canonical":"https:\/\/www.indien-haus.de\/shop\/produkt\/messingfigur-shakyamuni-buddha-mit-aura-auf-lotusbluete\/","twitter_card":"summary_large_image","twitter_title":"Messingfigur Shakyamuni Buddha mit Aura auf Lotusbl\u00fcte - #Indien-Haus","twitter_description":"Messingfigur Shakyamuni Buddha mit Aura auf Lotusbl\u00fcte, aus echtem Messing handgefertigt in Bali - Indonesien. Siddhartha Gautama","twitter_image":"https:\/\/www.indien-haus.de\/wp-content\/uploads\/2024\/03\/BA08777.jpg","twitter_site":"@Indien_Haus","twitter_misc":{"Gesch\u00e4tzte Lesezeit":"1\u00a0Minute"},"schema":{"@context":"https:\/\/schema.org","@graph":[{"@type":"WebPage","@id":"https:\/\/www.indien-haus.de\/shop\/produkt\/messingfigur-shakyamuni-buddha-mit-aura-auf-lotusbluete\/","url":"https:\/\/www.indien-haus.de\/shop\/produkt\/messingfigur-shakyamuni-buddha-mit-aura-auf-lotusbluete\/","name":"Messingfigur Shakyamuni Buddha mit Aura auf Lotusbl\u00fcte - #Indien-Haus","isPartOf":{"@id":"https:\/\/www.indien-haus.de\/shop\/#website"},"datePublished":"2024-03-08T12:09:07+00:00","dateModified":"2024-03-08T12:12:02+00:00","description":"Messingfigur Shakyamuni Buddha mit Aura auf Lotusbl\u00fcte, aus echtem Messing handgefertigt in Bali - Indonesien. Siddhartha Gautama","breadcrumb":{"@id":"https:\/\/www.indien-haus.de\/shop\/produkt\/messingfigur-shakyamuni-buddha-mit-aura-auf-lotusbluete\/#breadcrumb"},"inLanguage":"de","potentialAction":[{"@type":"ReadAction","target":["https:\/\/www.indien-haus.de\/shop\/produkt\/messingfigur-shakyamuni-buddha-mit-aura-auf-lotusbluete\/"]}]},{"@type":"BreadcrumbList","@id":"https:\/\/www.indien-haus.de\/shop\/produkt\/messingfigur-shakyamuni-buddha-mit-aura-auf-lotusbluete\/#breadcrumb","itemListElement":[{"@type":"ListItem","position":1,"name":"Startseite","item":"https:\/\/www.indien-haus.de\/shop\/start\/"},{"@type":"ListItem","position":2,"name":"Shop","item":"https:\/\/www.indien-haus.de\/shop\/shop\/"},{"@type":"ListItem","position":3,"name":"Messingfigur Shakyamuni Buddha mit Aura auf Lotusbl\u00fcte"}]},{"@type":"WebSite","@id":"https:\/\/www.indien-haus.de\/shop\/#website","url":"https:\/\/www.indien-haus.de\/shop\/","name":"Indien-Haus","description":"M\u00f6bel &amp; Lampen &amp; Accessoires aus Asien in Mainz","publisher":{"@id":"https:\/\/www.indien-haus.de\/shop\/#organization"},"potentialAction":[{"@type":"SearchAction","target":{"@type":"EntryPoint","urlTemplate":"https:\/\/www.indien-haus.de\/shop\/?s={search_term_string}"},"query-input":"required name=search_term_string"}],"inLanguage":"de"},{"@type":"Organization","@id":"https:\/\/www.indien-haus.de\/shop\/#organization","name":"Indien-Haus","url":"https:\/\/www.indien-haus.de\/shop\/","logo":{"@type":"ImageObject","inLanguage":"de","@id":"https:\/\/www.indien-haus.de\/shop\/#\/schema\/logo\/image\/","url":"https:\/\/www.indien-haus.de\/wp-content\/uploads\/2014\/03\/indien-haus-logo3.png","contentUrl":"https:\/\/www.indien-haus.de\/wp-content\/uploads\/2014\/03\/indien-haus-logo3.png","width":106,"height":116,"caption":"Indien-Haus"},"image":{"@id":"https:\/\/www.indien-haus.de\/shop\/#\/schema\/logo\/image\/"},"sameAs":["https:\/\/www.facebook.com\/INDIEN.HAUS.news","https:\/\/twitter.com\/Indien_Haus","https:\/\/www.instagram.com\/indien_haus_mainz\/","https:\/\/www.pinterest.de\/indienhaus\/","https:\/\/www.youtube.com\/user\/IndienHaus"]}]}},"_links":{"self":[{"href":"https:\/\/www.indien-haus.de\/shop\/wp-json\/wp\/v2\/product\/115225"}],"collection":[{"href":"https:\/\/www.indien-haus.de\/shop\/wp-json\/wp\/v2\/product"}],"about":[{"href":"https:\/\/www.indien-haus.de\/shop\/wp-json\/wp\/v2\/types\/product"}],"replies":[{"embeddable":true,"href":"https:\/\/www.indien-haus.de\/shop\/wp-json\/wp\/v2\/comments?post=115225"}],"wp:featuredmedia":[{"embeddable":true,"href":"https:\/\/www.indien-haus.de\/shop\/wp-json\/wp\/v2\/media\/115029"}],"wp:attachment":[{"href":"https:\/\/www.indien-haus.de\/shop\/wp-json\/wp\/v2\/media?parent=115225"}],"wp:term":[{"taxonomy":"product_cat","embeddable":true,"href":"https:\/\/www.indien-haus.de\/shop\/wp-json\/wp\/v2\/product_cat?post=115225"},{"taxonomy":"product_tag","embeddable":true,"href":"https:\/\/www.indien-haus.de\/shop\/wp-json\/wp\/v2\/product_tag?post=115225"}],"curies":[{"name":"wp","href":"https:\/\/api.w.org\/{rel}","templated":true}]}}