{"id":115232,"date":"2024-03-08T13:25:29","date_gmt":"2024-03-08T12:25:29","guid":{"rendered":"https:\/\/www.indien-haus.de\/shop\/?post_type=product&#038;p=115232"},"modified":"2026-02-28T16:25:37","modified_gmt":"2026-02-28T15:25:37","slug":"messingfigur-indische-goettin-saraswati-roetlich","status":"publish","type":"product","link":"https:\/\/www.indien-haus.de\/shop\/produkt\/messingfigur-indische-goettin-saraswati-roetlich\/","title":{"rendered":"Messingfigur indische G\u00f6ttin Saraswati r\u00f6tlich"},"content":{"rendered":"","protected":false},"excerpt":{"rendered":"<p>Messingfigur indische G\u00f6ttin Saraswati r\u00f6tlich auf Lotusbl\u00fcte, aus echtem Messing handgefertigt in Bali &#8211; Indonesien.<\/p>\n<p>Sarasvati = \u201edie Flie\u00dfende\u201c, auf Bali Saraswati) ist eine indische G\u00f6ttin der Weisheit und Gelehrsamkeit und eine der popul\u00e4rsten hinduistischen G\u00f6ttinnen. Im Tantra genie\u00dft sie als blaue oder dunkle Sarasvati Verehrung. Sie soll sich aus der vedischen Sprachg\u00f6ttin Vac entwickelt haben.<\/p>\n<p>Sarasvati gilt als weibliche Kraft (Shakti) des Gottes Brahma und als weibliche Personifikation des absoluten Urgrundes Brahman. Die hinduistische Mythologie stellt sie als Tochter, Sch\u00f6pfung und Gattin von Brahma dar. Diesem scheint sie untergeordnet; in der Glaubenspraxis jedoch gilt die Anbetung haupts\u00e4chlich ihr, w\u00e4hrend die Verehrung des Brahma weitgehend verschwunden ist.<\/p>\n<p>Als Vac =\u201eWort\u201c, so ein anderer Name, verk\u00f6rpert sie das personifizierte Wort, die perfekte Rede. Weitere Beinamen sind Mahavidya (\u201edie gro\u00dfe Weisheit\u201c), Brahmani (\u201eFrau des Brahma\u201c und Jagaddhatri (\u201eHerrin der Welt\u201c).<\/p>\n<p>Mit ihr identifiziert man oft auch die G\u00f6ttin Gayatri. Sarasvati ist die G\u00f6ttin des Lernens, der Sprache, der Wissenschaften, der K\u00fcnste, der Dichtung, der Literatur, der Schrift, der Weisheit, des Tanzes, des Gesanges und der Musik. Sie gilt als \u201eMutter der Veden\u201c, Erfinderin des Sanskrit-Alphabets und der Devanagari-Schrift. Sie wird besonders von Schulkindern, Studenten, Philosophen und Intellektuellen verehrt. In einem wichtigen Buch der Verehrer der G\u00f6ttin, dem Devi Mahatmyam, bildet sie als achtarmige Maha Sarasvati (gro\u00dfe Sarasvati) zusammen mit Maha Kali sowie Maha Lakshmi eine der weiblichen Trimurti.<\/p>\n","protected":false},"featured_media":115065,"comment_status":"closed","ping_status":"closed","template":"","meta":[],"product_cat":[70],"product_tag":[3573,4420,4797,1254],"yoast_head":"<!-- This site is optimized with the Yoast SEO plugin v22.0 - https:\/\/yoast.com\/wordpress\/plugins\/seo\/ -->\n<title>Messingfigur indische G\u00f6ttin Saraswati r\u00f6tlich - #Indien-Haus<\/title>\n<meta name=\"description\" content=\"Messingfigur indische G\u00f6ttin Saraswati r\u00f6tlich auf Lotusbl\u00fcte, aus echtem Messing handgefertigt in Bali - Indonesien. die Flie\u00dfende Weisheit &amp; Gelehrsamkeit\" \/>\n<meta name=\"robots\" content=\"index, follow, max-snippet:-1, max-image-preview:large, max-video-preview:-1\" \/>\n<link rel=\"canonical\" href=\"https:\/\/www.indien-haus.de\/shop\/produkt\/messingfigur-indische-goettin-saraswati-roetlich\/\" \/>\n<meta name=\"twitter:card\" content=\"summary_large_image\" \/>\n<meta name=\"twitter:title\" content=\"Messingfigur indische G\u00f6ttin Saraswati r\u00f6tlich - #Indien-Haus\" \/>\n<meta name=\"twitter:description\" content=\"Messingfigur indische G\u00f6ttin Saraswati r\u00f6tlich auf Lotusbl\u00fcte, aus echtem Messing handgefertigt in Bali - Indonesien. die Flie\u00dfende Weisheit &amp; Gelehrsamkeit\" \/>\n<meta name=\"twitter:image\" content=\"https:\/\/www.indien-haus.de\/wp-content\/uploads\/2024\/03\/BA08782.jpg\" \/>\n<meta name=\"twitter:site\" content=\"@Indien_Haus\" \/>\n<meta name=\"twitter:label1\" content=\"Gesch\u00e4tzte Lesezeit\" \/>\n\t<meta name=\"twitter:data1\" content=\"1\u00a0Minute\" \/>\n<script type=\"application\/ld+json\" class=\"yoast-schema-graph\">{\"@context\":\"https:\/\/schema.org\",\"@graph\":[{\"@type\":\"WebPage\",\"@id\":\"https:\/\/www.indien-haus.de\/shop\/produkt\/messingfigur-indische-goettin-saraswati-roetlich\/\",\"url\":\"https:\/\/www.indien-haus.de\/shop\/produkt\/messingfigur-indische-goettin-saraswati-roetlich\/\",\"name\":\"Messingfigur indische G\u00f6ttin Saraswati r\u00f6tlich - #Indien-Haus\",\"isPartOf\":{\"@id\":\"https:\/\/www.indien-haus.de\/shop\/#website\"},\"datePublished\":\"2024-03-08T12:25:29+00:00\",\"dateModified\":\"2026-02-28T15:25:37+00:00\",\"description\":\"Messingfigur indische G\u00f6ttin Saraswati r\u00f6tlich auf Lotusbl\u00fcte, aus echtem Messing handgefertigt in Bali - Indonesien. die Flie\u00dfende Weisheit & Gelehrsamkeit\",\"breadcrumb\":{\"@id\":\"https:\/\/www.indien-haus.de\/shop\/produkt\/messingfigur-indische-goettin-saraswati-roetlich\/#breadcrumb\"},\"inLanguage\":\"de\",\"potentialAction\":[{\"@type\":\"ReadAction\",\"target\":[\"https:\/\/www.indien-haus.de\/shop\/produkt\/messingfigur-indische-goettin-saraswati-roetlich\/\"]}]},{\"@type\":\"BreadcrumbList\",\"@id\":\"https:\/\/www.indien-haus.de\/shop\/produkt\/messingfigur-indische-goettin-saraswati-roetlich\/#breadcrumb\",\"itemListElement\":[{\"@type\":\"ListItem\",\"position\":1,\"name\":\"Startseite\",\"item\":\"https:\/\/www.indien-haus.de\/shop\/start\/\"},{\"@type\":\"ListItem\",\"position\":2,\"name\":\"Shop\",\"item\":\"https:\/\/www.indien-haus.de\/shop\/shop\/\"},{\"@type\":\"ListItem\",\"position\":3,\"name\":\"Messingfigur indische G\u00f6ttin Saraswati r\u00f6tlich\"}]},{\"@type\":\"WebSite\",\"@id\":\"https:\/\/www.indien-haus.de\/shop\/#website\",\"url\":\"https:\/\/www.indien-haus.de\/shop\/\",\"name\":\"Indien-Haus\",\"description\":\"M\u00f6bel &amp; Lampen &amp; Accessoires aus Asien in Mainz\",\"publisher\":{\"@id\":\"https:\/\/www.indien-haus.de\/shop\/#organization\"},\"potentialAction\":[{\"@type\":\"SearchAction\",\"target\":{\"@type\":\"EntryPoint\",\"urlTemplate\":\"https:\/\/www.indien-haus.de\/shop\/?s={search_term_string}\"},\"query-input\":\"required name=search_term_string\"}],\"inLanguage\":\"de\"},{\"@type\":\"Organization\",\"@id\":\"https:\/\/www.indien-haus.de\/shop\/#organization\",\"name\":\"Indien-Haus\",\"url\":\"https:\/\/www.indien-haus.de\/shop\/\",\"logo\":{\"@type\":\"ImageObject\",\"inLanguage\":\"de\",\"@id\":\"https:\/\/www.indien-haus.de\/shop\/#\/schema\/logo\/image\/\",\"url\":\"https:\/\/www.indien-haus.de\/wp-content\/uploads\/2014\/03\/indien-haus-logo3.png\",\"contentUrl\":\"https:\/\/www.indien-haus.de\/wp-content\/uploads\/2014\/03\/indien-haus-logo3.png\",\"width\":106,\"height\":116,\"caption\":\"Indien-Haus\"},\"image\":{\"@id\":\"https:\/\/www.indien-haus.de\/shop\/#\/schema\/logo\/image\/\"},\"sameAs\":[\"https:\/\/www.facebook.com\/INDIEN.HAUS.news\",\"https:\/\/twitter.com\/Indien_Haus\",\"https:\/\/www.instagram.com\/indien_haus_mainz\/\",\"https:\/\/www.pinterest.de\/indienhaus\/\",\"https:\/\/www.youtube.com\/user\/IndienHaus\"]}]}<\/script>\n<!-- \/ Yoast SEO plugin. -->","yoast_head_json":{"title":"Messingfigur indische G\u00f6ttin Saraswati r\u00f6tlich - #Indien-Haus","description":"Messingfigur indische G\u00f6ttin Saraswati r\u00f6tlich auf Lotusbl\u00fcte, aus echtem Messing handgefertigt in Bali - Indonesien. die Flie\u00dfende Weisheit & Gelehrsamkeit","robots":{"index":"index","follow":"follow","max-snippet":"max-snippet:-1","max-image-preview":"max-image-preview:large","max-video-preview":"max-video-preview:-1"},"canonical":"https:\/\/www.indien-haus.de\/shop\/produkt\/messingfigur-indische-goettin-saraswati-roetlich\/","twitter_card":"summary_large_image","twitter_title":"Messingfigur indische G\u00f6ttin Saraswati r\u00f6tlich - #Indien-Haus","twitter_description":"Messingfigur indische G\u00f6ttin Saraswati r\u00f6tlich auf Lotusbl\u00fcte, aus echtem Messing handgefertigt in Bali - Indonesien. die Flie\u00dfende Weisheit & Gelehrsamkeit","twitter_image":"https:\/\/www.indien-haus.de\/wp-content\/uploads\/2024\/03\/BA08782.jpg","twitter_site":"@Indien_Haus","twitter_misc":{"Gesch\u00e4tzte Lesezeit":"1\u00a0Minute"},"schema":{"@context":"https:\/\/schema.org","@graph":[{"@type":"WebPage","@id":"https:\/\/www.indien-haus.de\/shop\/produkt\/messingfigur-indische-goettin-saraswati-roetlich\/","url":"https:\/\/www.indien-haus.de\/shop\/produkt\/messingfigur-indische-goettin-saraswati-roetlich\/","name":"Messingfigur indische G\u00f6ttin Saraswati r\u00f6tlich - #Indien-Haus","isPartOf":{"@id":"https:\/\/www.indien-haus.de\/shop\/#website"},"datePublished":"2024-03-08T12:25:29+00:00","dateModified":"2026-02-28T15:25:37+00:00","description":"Messingfigur indische G\u00f6ttin Saraswati r\u00f6tlich auf Lotusbl\u00fcte, aus echtem Messing handgefertigt in Bali - Indonesien. die Flie\u00dfende Weisheit & Gelehrsamkeit","breadcrumb":{"@id":"https:\/\/www.indien-haus.de\/shop\/produkt\/messingfigur-indische-goettin-saraswati-roetlich\/#breadcrumb"},"inLanguage":"de","potentialAction":[{"@type":"ReadAction","target":["https:\/\/www.indien-haus.de\/shop\/produkt\/messingfigur-indische-goettin-saraswati-roetlich\/"]}]},{"@type":"BreadcrumbList","@id":"https:\/\/www.indien-haus.de\/shop\/produkt\/messingfigur-indische-goettin-saraswati-roetlich\/#breadcrumb","itemListElement":[{"@type":"ListItem","position":1,"name":"Startseite","item":"https:\/\/www.indien-haus.de\/shop\/start\/"},{"@type":"ListItem","position":2,"name":"Shop","item":"https:\/\/www.indien-haus.de\/shop\/shop\/"},{"@type":"ListItem","position":3,"name":"Messingfigur indische G\u00f6ttin Saraswati r\u00f6tlich"}]},{"@type":"WebSite","@id":"https:\/\/www.indien-haus.de\/shop\/#website","url":"https:\/\/www.indien-haus.de\/shop\/","name":"Indien-Haus","description":"M\u00f6bel &amp; Lampen &amp; Accessoires aus Asien in Mainz","publisher":{"@id":"https:\/\/www.indien-haus.de\/shop\/#organization"},"potentialAction":[{"@type":"SearchAction","target":{"@type":"EntryPoint","urlTemplate":"https:\/\/www.indien-haus.de\/shop\/?s={search_term_string}"},"query-input":"required name=search_term_string"}],"inLanguage":"de"},{"@type":"Organization","@id":"https:\/\/www.indien-haus.de\/shop\/#organization","name":"Indien-Haus","url":"https:\/\/www.indien-haus.de\/shop\/","logo":{"@type":"ImageObject","inLanguage":"de","@id":"https:\/\/www.indien-haus.de\/shop\/#\/schema\/logo\/image\/","url":"https:\/\/www.indien-haus.de\/wp-content\/uploads\/2014\/03\/indien-haus-logo3.png","contentUrl":"https:\/\/www.indien-haus.de\/wp-content\/uploads\/2014\/03\/indien-haus-logo3.png","width":106,"height":116,"caption":"Indien-Haus"},"image":{"@id":"https:\/\/www.indien-haus.de\/shop\/#\/schema\/logo\/image\/"},"sameAs":["https:\/\/www.facebook.com\/INDIEN.HAUS.news","https:\/\/twitter.com\/Indien_Haus","https:\/\/www.instagram.com\/indien_haus_mainz\/","https:\/\/www.pinterest.de\/indienhaus\/","https:\/\/www.youtube.com\/user\/IndienHaus"]}]}},"_links":{"self":[{"href":"https:\/\/www.indien-haus.de\/shop\/wp-json\/wp\/v2\/product\/115232"}],"collection":[{"href":"https:\/\/www.indien-haus.de\/shop\/wp-json\/wp\/v2\/product"}],"about":[{"href":"https:\/\/www.indien-haus.de\/shop\/wp-json\/wp\/v2\/types\/product"}],"replies":[{"embeddable":true,"href":"https:\/\/www.indien-haus.de\/shop\/wp-json\/wp\/v2\/comments?post=115232"}],"wp:featuredmedia":[{"embeddable":true,"href":"https:\/\/www.indien-haus.de\/shop\/wp-json\/wp\/v2\/media\/115065"}],"wp:attachment":[{"href":"https:\/\/www.indien-haus.de\/shop\/wp-json\/wp\/v2\/media?parent=115232"}],"wp:term":[{"taxonomy":"product_cat","embeddable":true,"href":"https:\/\/www.indien-haus.de\/shop\/wp-json\/wp\/v2\/product_cat?post=115232"},{"taxonomy":"product_tag","embeddable":true,"href":"https:\/\/www.indien-haus.de\/shop\/wp-json\/wp\/v2\/product_tag?post=115232"}],"curies":[{"name":"wp","href":"https:\/\/api.w.org\/{rel}","templated":true}]}}