{"id":115314,"date":"2024-03-30T11:35:39","date_gmt":"2024-03-30T10:35:39","guid":{"rendered":"https:\/\/www.indien-haus.de\/shop\/?post_type=product&#038;p=115314"},"modified":"2026-02-27T12:24:21","modified_gmt":"2026-02-27T11:24:21","slug":"deckenleuchte-hallway-silber","status":"publish","type":"product","link":"https:\/\/www.indien-haus.de\/shop\/produkt\/deckenleuchte-hallway-silber\/","title":{"rendered":"Deckenleuchte Hallway silber"},"content":{"rendered":"","protected":false},"excerpt":{"rendered":"<p>Deckenleuchte Hallway silber verchromtes Metall &amp; klare Kristalle.<\/p>\n<p>Die atemberaubende Hallway Multi-Drop-Pendel-leuchte ist mit Kristallkugeln besetzt, die eine Spirale bilden und an einer runden Deckenleuchte aus Chrom h\u00e4ngen. Die Kristalle werden von 5 Lichtern von oben beleuchtet und h\u00e4ngen in einer H\u00f6he von 1,8 Metern. Sie scheinen in der Luft zu schweben und funkeln wundersch\u00f6n, wenn sie beleuchtet werden, um jedem Flur oder Treppenhaus eine gehobene Atmosph\u00e4re zu verleihen<\/p>\n<p>Lampenfassungs-Typ: GU10, Halogen max. 50 Watt, dimmbar nein, ohne Lampen<\/p>\n","protected":false},"featured_media":115321,"comment_status":"closed","ping_status":"closed","template":"","meta":[],"product_cat":[6696],"product_tag":[],"yoast_head":"<!-- This site is optimized with the Yoast SEO plugin v22.0 - https:\/\/yoast.com\/wordpress\/plugins\/seo\/ -->\n<title>Deckenleuchte Hallway silber - #Indien-Haus<\/title>\n<meta name=\"description\" content=\"Deckenleuchte Hallway silber verchromtes Metall &amp; klare Kristalle. Die atemberaubende Hallway Multi-Drop-Pendel-leuchte ist mit Kristallkugeln besetzt\" \/>\n<meta name=\"robots\" content=\"index, follow, max-snippet:-1, max-image-preview:large, max-video-preview:-1\" \/>\n<link rel=\"canonical\" href=\"https:\/\/www.indien-haus.de\/shop\/produkt\/deckenleuchte-hallway-silber\/\" \/>\n<meta name=\"twitter:card\" content=\"summary_large_image\" \/>\n<meta name=\"twitter:title\" content=\"Deckenleuchte Hallway silber - #Indien-Haus\" \/>\n<meta name=\"twitter:description\" content=\"Deckenleuchte Hallway silber verchromtes Metall &amp; klare Kristalle. Die atemberaubende Hallway Multi-Drop-Pendel-leuchte ist mit Kristallkugeln besetzt\" \/>\n<meta name=\"twitter:image\" content=\"https:\/\/www.indien-haus.de\/wp-content\/uploads\/2024\/03\/SL08797.jpg\" \/>\n<meta name=\"twitter:site\" content=\"@Indien_Haus\" \/>\n<meta name=\"twitter:label1\" content=\"Gesch\u00e4tzte Lesezeit\" \/>\n\t<meta name=\"twitter:data1\" content=\"1\u00a0Minute\" \/>\n<script type=\"application\/ld+json\" class=\"yoast-schema-graph\">{\"@context\":\"https:\/\/schema.org\",\"@graph\":[{\"@type\":\"WebPage\",\"@id\":\"https:\/\/www.indien-haus.de\/shop\/produkt\/deckenleuchte-hallway-silber\/\",\"url\":\"https:\/\/www.indien-haus.de\/shop\/produkt\/deckenleuchte-hallway-silber\/\",\"name\":\"Deckenleuchte Hallway silber - #Indien-Haus\",\"isPartOf\":{\"@id\":\"https:\/\/www.indien-haus.de\/shop\/#website\"},\"datePublished\":\"2024-03-30T10:35:39+00:00\",\"dateModified\":\"2026-02-27T11:24:21+00:00\",\"description\":\"Deckenleuchte Hallway silber verchromtes Metall & klare Kristalle. Die atemberaubende Hallway Multi-Drop-Pendel-leuchte ist mit Kristallkugeln besetzt\",\"breadcrumb\":{\"@id\":\"https:\/\/www.indien-haus.de\/shop\/produkt\/deckenleuchte-hallway-silber\/#breadcrumb\"},\"inLanguage\":\"de\",\"potentialAction\":[{\"@type\":\"ReadAction\",\"target\":[\"https:\/\/www.indien-haus.de\/shop\/produkt\/deckenleuchte-hallway-silber\/\"]}]},{\"@type\":\"BreadcrumbList\",\"@id\":\"https:\/\/www.indien-haus.de\/shop\/produkt\/deckenleuchte-hallway-silber\/#breadcrumb\",\"itemListElement\":[{\"@type\":\"ListItem\",\"position\":1,\"name\":\"Startseite\",\"item\":\"https:\/\/www.indien-haus.de\/shop\/start\/\"},{\"@type\":\"ListItem\",\"position\":2,\"name\":\"Shop\",\"item\":\"https:\/\/www.indien-haus.de\/shop\/shop\/\"},{\"@type\":\"ListItem\",\"position\":3,\"name\":\"Deckenleuchte Hallway silber\"}]},{\"@type\":\"WebSite\",\"@id\":\"https:\/\/www.indien-haus.de\/shop\/#website\",\"url\":\"https:\/\/www.indien-haus.de\/shop\/\",\"name\":\"Indien-Haus\",\"description\":\"M\u00f6bel &amp; Lampen &amp; Accessoires aus Asien in Mainz\",\"publisher\":{\"@id\":\"https:\/\/www.indien-haus.de\/shop\/#organization\"},\"potentialAction\":[{\"@type\":\"SearchAction\",\"target\":{\"@type\":\"EntryPoint\",\"urlTemplate\":\"https:\/\/www.indien-haus.de\/shop\/?s={search_term_string}\"},\"query-input\":\"required name=search_term_string\"}],\"inLanguage\":\"de\"},{\"@type\":\"Organization\",\"@id\":\"https:\/\/www.indien-haus.de\/shop\/#organization\",\"name\":\"Indien-Haus\",\"url\":\"https:\/\/www.indien-haus.de\/shop\/\",\"logo\":{\"@type\":\"ImageObject\",\"inLanguage\":\"de\",\"@id\":\"https:\/\/www.indien-haus.de\/shop\/#\/schema\/logo\/image\/\",\"url\":\"https:\/\/www.indien-haus.de\/wp-content\/uploads\/2014\/03\/indien-haus-logo3.png\",\"contentUrl\":\"https:\/\/www.indien-haus.de\/wp-content\/uploads\/2014\/03\/indien-haus-logo3.png\",\"width\":106,\"height\":116,\"caption\":\"Indien-Haus\"},\"image\":{\"@id\":\"https:\/\/www.indien-haus.de\/shop\/#\/schema\/logo\/image\/\"},\"sameAs\":[\"https:\/\/www.facebook.com\/INDIEN.HAUS.news\",\"https:\/\/twitter.com\/Indien_Haus\",\"https:\/\/www.instagram.com\/indien_haus_mainz\/\",\"https:\/\/www.pinterest.de\/indienhaus\/\",\"https:\/\/www.youtube.com\/user\/IndienHaus\"]}]}<\/script>\n<!-- \/ Yoast SEO plugin. -->","yoast_head_json":{"title":"Deckenleuchte Hallway silber - #Indien-Haus","description":"Deckenleuchte Hallway silber verchromtes Metall & klare Kristalle. Die atemberaubende Hallway Multi-Drop-Pendel-leuchte ist mit Kristallkugeln besetzt","robots":{"index":"index","follow":"follow","max-snippet":"max-snippet:-1","max-image-preview":"max-image-preview:large","max-video-preview":"max-video-preview:-1"},"canonical":"https:\/\/www.indien-haus.de\/shop\/produkt\/deckenleuchte-hallway-silber\/","twitter_card":"summary_large_image","twitter_title":"Deckenleuchte Hallway silber - #Indien-Haus","twitter_description":"Deckenleuchte Hallway silber verchromtes Metall & klare Kristalle. Die atemberaubende Hallway Multi-Drop-Pendel-leuchte ist mit Kristallkugeln besetzt","twitter_image":"https:\/\/www.indien-haus.de\/wp-content\/uploads\/2024\/03\/SL08797.jpg","twitter_site":"@Indien_Haus","twitter_misc":{"Gesch\u00e4tzte Lesezeit":"1\u00a0Minute"},"schema":{"@context":"https:\/\/schema.org","@graph":[{"@type":"WebPage","@id":"https:\/\/www.indien-haus.de\/shop\/produkt\/deckenleuchte-hallway-silber\/","url":"https:\/\/www.indien-haus.de\/shop\/produkt\/deckenleuchte-hallway-silber\/","name":"Deckenleuchte Hallway silber - #Indien-Haus","isPartOf":{"@id":"https:\/\/www.indien-haus.de\/shop\/#website"},"datePublished":"2024-03-30T10:35:39+00:00","dateModified":"2026-02-27T11:24:21+00:00","description":"Deckenleuchte Hallway silber verchromtes Metall & klare Kristalle. Die atemberaubende Hallway Multi-Drop-Pendel-leuchte ist mit Kristallkugeln besetzt","breadcrumb":{"@id":"https:\/\/www.indien-haus.de\/shop\/produkt\/deckenleuchte-hallway-silber\/#breadcrumb"},"inLanguage":"de","potentialAction":[{"@type":"ReadAction","target":["https:\/\/www.indien-haus.de\/shop\/produkt\/deckenleuchte-hallway-silber\/"]}]},{"@type":"BreadcrumbList","@id":"https:\/\/www.indien-haus.de\/shop\/produkt\/deckenleuchte-hallway-silber\/#breadcrumb","itemListElement":[{"@type":"ListItem","position":1,"name":"Startseite","item":"https:\/\/www.indien-haus.de\/shop\/start\/"},{"@type":"ListItem","position":2,"name":"Shop","item":"https:\/\/www.indien-haus.de\/shop\/shop\/"},{"@type":"ListItem","position":3,"name":"Deckenleuchte Hallway silber"}]},{"@type":"WebSite","@id":"https:\/\/www.indien-haus.de\/shop\/#website","url":"https:\/\/www.indien-haus.de\/shop\/","name":"Indien-Haus","description":"M\u00f6bel &amp; Lampen &amp; Accessoires aus Asien in Mainz","publisher":{"@id":"https:\/\/www.indien-haus.de\/shop\/#organization"},"potentialAction":[{"@type":"SearchAction","target":{"@type":"EntryPoint","urlTemplate":"https:\/\/www.indien-haus.de\/shop\/?s={search_term_string}"},"query-input":"required name=search_term_string"}],"inLanguage":"de"},{"@type":"Organization","@id":"https:\/\/www.indien-haus.de\/shop\/#organization","name":"Indien-Haus","url":"https:\/\/www.indien-haus.de\/shop\/","logo":{"@type":"ImageObject","inLanguage":"de","@id":"https:\/\/www.indien-haus.de\/shop\/#\/schema\/logo\/image\/","url":"https:\/\/www.indien-haus.de\/wp-content\/uploads\/2014\/03\/indien-haus-logo3.png","contentUrl":"https:\/\/www.indien-haus.de\/wp-content\/uploads\/2014\/03\/indien-haus-logo3.png","width":106,"height":116,"caption":"Indien-Haus"},"image":{"@id":"https:\/\/www.indien-haus.de\/shop\/#\/schema\/logo\/image\/"},"sameAs":["https:\/\/www.facebook.com\/INDIEN.HAUS.news","https:\/\/twitter.com\/Indien_Haus","https:\/\/www.instagram.com\/indien_haus_mainz\/","https:\/\/www.pinterest.de\/indienhaus\/","https:\/\/www.youtube.com\/user\/IndienHaus"]}]}},"_links":{"self":[{"href":"https:\/\/www.indien-haus.de\/shop\/wp-json\/wp\/v2\/product\/115314"}],"collection":[{"href":"https:\/\/www.indien-haus.de\/shop\/wp-json\/wp\/v2\/product"}],"about":[{"href":"https:\/\/www.indien-haus.de\/shop\/wp-json\/wp\/v2\/types\/product"}],"replies":[{"embeddable":true,"href":"https:\/\/www.indien-haus.de\/shop\/wp-json\/wp\/v2\/comments?post=115314"}],"wp:featuredmedia":[{"embeddable":true,"href":"https:\/\/www.indien-haus.de\/shop\/wp-json\/wp\/v2\/media\/115321"}],"wp:attachment":[{"href":"https:\/\/www.indien-haus.de\/shop\/wp-json\/wp\/v2\/media?parent=115314"}],"wp:term":[{"taxonomy":"product_cat","embeddable":true,"href":"https:\/\/www.indien-haus.de\/shop\/wp-json\/wp\/v2\/product_cat?post=115314"},{"taxonomy":"product_tag","embeddable":true,"href":"https:\/\/www.indien-haus.de\/shop\/wp-json\/wp\/v2\/product_tag?post=115314"}],"curies":[{"name":"wp","href":"https:\/\/api.w.org\/{rel}","templated":true}]}}