{"id":115372,"date":"2024-05-10T11:36:53","date_gmt":"2024-05-10T10:36:53","guid":{"rendered":"https:\/\/www.indien-haus.de\/shop\/?post_type=product&#038;p=115372"},"modified":"2025-03-15T16:57:47","modified_gmt":"2025-03-15T15:57:47","slug":"annie-sloan-wall-paint-farbkarte","status":"publish","type":"product","link":"https:\/\/www.indien-haus.de\/shop\/produkt\/annie-sloan-wall-paint-farbkarte\/","title":{"rendered":"Annie Sloan Wall Paint Farbkarte"},"content":{"rendered":"","protected":false},"excerpt":{"rendered":"<p>Annie Sloan Wall Paint Farbkarte<\/p>\n<p>Erleben Sie unsere Wandfarbe mit einer reichen Hintergrundgeschichte, mit von K\u00fcnstlern geliebten Pigmenten und mit einer beispiellosen Deckkraft. Schlie\u00dfen Sie sich den Branchenexperten, Influencern und professionellen Malermeistern an, die bereits Annies Fachwissen in der Kunstgeschichte auf ihre W\u00e4nde bringen. Wall Paint von Annie Sloan \u00fcbertraf die f\u00fchrenden Premium-Farbhersteller in Leistungstests.<\/p>\n<p>Die Annie Sloan Wall Paint Farbkarte zeigt Ihnen alle 32 sorgf\u00e4ltig ausgew\u00e4hlten Farben, die in den neuen Annie Wall Paint Sortimenten erh\u00e4ltlich sind. Diese Palette wurde entwickelt, um Ihnen das Selbstvertrauen zu geben, Wohnr\u00e4ume zu gestalten, die so individuell und einzigartig sind, wie Sie selbst.<\/p>\n<p>Es handelt sich um pigmentreiche, dreidimensionale Farben, die ihren Ursprung in der Welt der Kunstgeschichte haben. Jeder Farbton bringt Luxus, Charakter und Eleganz in Ihre Wohnr\u00e4ume \u2013 ob in einem historischem Altbau oder in einem modernen Neubau. Bestellen Sie unsere Farbkarte, um jeden unserer Farbt\u00f6ne genauer zu erkunden.<\/p>\n<p>Die wasserbasierten Rezepturen haben einen geringen Anteil an fl\u00fcchtigen organischen Verbindungen (VOC) und sind als \u201espielzeugsicher\u201c zertifiziert, halten aber allem stand, was der Alltag so mit sich bringt. Wall Paint ist in einer hochwertigen matten Ausf\u00fchrung mit leichtem Glanz erh\u00e4ltlich.<\/p>\n<p>Originalt\u00f6ne weichen vom Bild ab.<\/p>\n","protected":false},"featured_media":115373,"comment_status":"closed","ping_status":"closed","template":"","meta":[],"product_cat":[4456],"product_tag":[4365],"yoast_head":"<!-- This site is optimized with the Yoast SEO plugin v22.0 - https:\/\/yoast.com\/wordpress\/plugins\/seo\/ -->\n<title>Annie Sloan Wall Paint Farbkarte - #Indien-Haus<\/title>\n<meta name=\"description\" content=\"Annie Sloan Wall Paint FarbkarteErleben Sie unsere Wandfarbe mit einer reichen Hintergrundgeschichte, mit von K\u00fcnstlern geliebten Pigmenten\" \/>\n<meta name=\"robots\" content=\"index, follow, max-snippet:-1, max-image-preview:large, max-video-preview:-1\" \/>\n<link rel=\"canonical\" href=\"https:\/\/www.indien-haus.de\/shop\/produkt\/annie-sloan-wall-paint-farbkarte\/\" \/>\n<meta name=\"twitter:card\" content=\"summary_large_image\" \/>\n<meta name=\"twitter:title\" content=\"Annie Sloan Wall Paint Farbkarte - #Indien-Haus\" \/>\n<meta name=\"twitter:description\" content=\"Annie Sloan Wall Paint FarbkarteErleben Sie unsere Wandfarbe mit einer reichen Hintergrundgeschichte, mit von K\u00fcnstlern geliebten Pigmenten\" \/>\n<meta name=\"twitter:image\" content=\"https:\/\/www.indien-haus.de\/wp-content\/uploads\/2024\/05\/AS07447-3-wall-paint.jpg\" \/>\n<meta name=\"twitter:site\" content=\"@Indien_Haus\" \/>\n<meta name=\"twitter:label1\" content=\"Gesch\u00e4tzte Lesezeit\" \/>\n\t<meta name=\"twitter:data1\" content=\"1\u00a0Minute\" \/>\n<script type=\"application\/ld+json\" class=\"yoast-schema-graph\">{\"@context\":\"https:\/\/schema.org\",\"@graph\":[{\"@type\":\"WebPage\",\"@id\":\"https:\/\/www.indien-haus.de\/shop\/produkt\/annie-sloan-wall-paint-farbkarte\/\",\"url\":\"https:\/\/www.indien-haus.de\/shop\/produkt\/annie-sloan-wall-paint-farbkarte\/\",\"name\":\"Annie Sloan Wall Paint Farbkarte - #Indien-Haus\",\"isPartOf\":{\"@id\":\"https:\/\/www.indien-haus.de\/shop\/#website\"},\"datePublished\":\"2024-05-10T10:36:53+00:00\",\"dateModified\":\"2025-03-15T15:57:47+00:00\",\"description\":\"Annie Sloan Wall Paint FarbkarteErleben Sie unsere Wandfarbe mit einer reichen Hintergrundgeschichte, mit von K\u00fcnstlern geliebten Pigmenten\",\"breadcrumb\":{\"@id\":\"https:\/\/www.indien-haus.de\/shop\/produkt\/annie-sloan-wall-paint-farbkarte\/#breadcrumb\"},\"inLanguage\":\"de\",\"potentialAction\":[{\"@type\":\"ReadAction\",\"target\":[\"https:\/\/www.indien-haus.de\/shop\/produkt\/annie-sloan-wall-paint-farbkarte\/\"]}]},{\"@type\":\"BreadcrumbList\",\"@id\":\"https:\/\/www.indien-haus.de\/shop\/produkt\/annie-sloan-wall-paint-farbkarte\/#breadcrumb\",\"itemListElement\":[{\"@type\":\"ListItem\",\"position\":1,\"name\":\"Startseite\",\"item\":\"https:\/\/www.indien-haus.de\/shop\/start\/\"},{\"@type\":\"ListItem\",\"position\":2,\"name\":\"Shop\",\"item\":\"https:\/\/www.indien-haus.de\/shop\/shop\/\"},{\"@type\":\"ListItem\",\"position\":3,\"name\":\"Annie Sloan Wall Paint Farbkarte\"}]},{\"@type\":\"WebSite\",\"@id\":\"https:\/\/www.indien-haus.de\/shop\/#website\",\"url\":\"https:\/\/www.indien-haus.de\/shop\/\",\"name\":\"Indien-Haus\",\"description\":\"M\u00f6bel &amp; Lampen &amp; Accessoires aus Asien in Mainz\",\"publisher\":{\"@id\":\"https:\/\/www.indien-haus.de\/shop\/#organization\"},\"potentialAction\":[{\"@type\":\"SearchAction\",\"target\":{\"@type\":\"EntryPoint\",\"urlTemplate\":\"https:\/\/www.indien-haus.de\/shop\/?s={search_term_string}\"},\"query-input\":\"required name=search_term_string\"}],\"inLanguage\":\"de\"},{\"@type\":\"Organization\",\"@id\":\"https:\/\/www.indien-haus.de\/shop\/#organization\",\"name\":\"Indien-Haus\",\"url\":\"https:\/\/www.indien-haus.de\/shop\/\",\"logo\":{\"@type\":\"ImageObject\",\"inLanguage\":\"de\",\"@id\":\"https:\/\/www.indien-haus.de\/shop\/#\/schema\/logo\/image\/\",\"url\":\"https:\/\/www.indien-haus.de\/wp-content\/uploads\/2014\/03\/indien-haus-logo3.png\",\"contentUrl\":\"https:\/\/www.indien-haus.de\/wp-content\/uploads\/2014\/03\/indien-haus-logo3.png\",\"width\":106,\"height\":116,\"caption\":\"Indien-Haus\"},\"image\":{\"@id\":\"https:\/\/www.indien-haus.de\/shop\/#\/schema\/logo\/image\/\"},\"sameAs\":[\"https:\/\/www.facebook.com\/INDIEN.HAUS.news\",\"https:\/\/twitter.com\/Indien_Haus\",\"https:\/\/www.instagram.com\/indien_haus_mainz\/\",\"https:\/\/www.pinterest.de\/indienhaus\/\",\"https:\/\/www.youtube.com\/user\/IndienHaus\"]}]}<\/script>\n<!-- \/ Yoast SEO plugin. -->","yoast_head_json":{"title":"Annie Sloan Wall Paint Farbkarte - #Indien-Haus","description":"Annie Sloan Wall Paint FarbkarteErleben Sie unsere Wandfarbe mit einer reichen Hintergrundgeschichte, mit von K\u00fcnstlern geliebten Pigmenten","robots":{"index":"index","follow":"follow","max-snippet":"max-snippet:-1","max-image-preview":"max-image-preview:large","max-video-preview":"max-video-preview:-1"},"canonical":"https:\/\/www.indien-haus.de\/shop\/produkt\/annie-sloan-wall-paint-farbkarte\/","twitter_card":"summary_large_image","twitter_title":"Annie Sloan Wall Paint Farbkarte - #Indien-Haus","twitter_description":"Annie Sloan Wall Paint FarbkarteErleben Sie unsere Wandfarbe mit einer reichen Hintergrundgeschichte, mit von K\u00fcnstlern geliebten Pigmenten","twitter_image":"https:\/\/www.indien-haus.de\/wp-content\/uploads\/2024\/05\/AS07447-3-wall-paint.jpg","twitter_site":"@Indien_Haus","twitter_misc":{"Gesch\u00e4tzte Lesezeit":"1\u00a0Minute"},"schema":{"@context":"https:\/\/schema.org","@graph":[{"@type":"WebPage","@id":"https:\/\/www.indien-haus.de\/shop\/produkt\/annie-sloan-wall-paint-farbkarte\/","url":"https:\/\/www.indien-haus.de\/shop\/produkt\/annie-sloan-wall-paint-farbkarte\/","name":"Annie Sloan Wall Paint Farbkarte - #Indien-Haus","isPartOf":{"@id":"https:\/\/www.indien-haus.de\/shop\/#website"},"datePublished":"2024-05-10T10:36:53+00:00","dateModified":"2025-03-15T15:57:47+00:00","description":"Annie Sloan Wall Paint FarbkarteErleben Sie unsere Wandfarbe mit einer reichen Hintergrundgeschichte, mit von K\u00fcnstlern geliebten Pigmenten","breadcrumb":{"@id":"https:\/\/www.indien-haus.de\/shop\/produkt\/annie-sloan-wall-paint-farbkarte\/#breadcrumb"},"inLanguage":"de","potentialAction":[{"@type":"ReadAction","target":["https:\/\/www.indien-haus.de\/shop\/produkt\/annie-sloan-wall-paint-farbkarte\/"]}]},{"@type":"BreadcrumbList","@id":"https:\/\/www.indien-haus.de\/shop\/produkt\/annie-sloan-wall-paint-farbkarte\/#breadcrumb","itemListElement":[{"@type":"ListItem","position":1,"name":"Startseite","item":"https:\/\/www.indien-haus.de\/shop\/start\/"},{"@type":"ListItem","position":2,"name":"Shop","item":"https:\/\/www.indien-haus.de\/shop\/shop\/"},{"@type":"ListItem","position":3,"name":"Annie Sloan Wall Paint Farbkarte"}]},{"@type":"WebSite","@id":"https:\/\/www.indien-haus.de\/shop\/#website","url":"https:\/\/www.indien-haus.de\/shop\/","name":"Indien-Haus","description":"M\u00f6bel &amp; Lampen &amp; Accessoires aus Asien in Mainz","publisher":{"@id":"https:\/\/www.indien-haus.de\/shop\/#organization"},"potentialAction":[{"@type":"SearchAction","target":{"@type":"EntryPoint","urlTemplate":"https:\/\/www.indien-haus.de\/shop\/?s={search_term_string}"},"query-input":"required name=search_term_string"}],"inLanguage":"de"},{"@type":"Organization","@id":"https:\/\/www.indien-haus.de\/shop\/#organization","name":"Indien-Haus","url":"https:\/\/www.indien-haus.de\/shop\/","logo":{"@type":"ImageObject","inLanguage":"de","@id":"https:\/\/www.indien-haus.de\/shop\/#\/schema\/logo\/image\/","url":"https:\/\/www.indien-haus.de\/wp-content\/uploads\/2014\/03\/indien-haus-logo3.png","contentUrl":"https:\/\/www.indien-haus.de\/wp-content\/uploads\/2014\/03\/indien-haus-logo3.png","width":106,"height":116,"caption":"Indien-Haus"},"image":{"@id":"https:\/\/www.indien-haus.de\/shop\/#\/schema\/logo\/image\/"},"sameAs":["https:\/\/www.facebook.com\/INDIEN.HAUS.news","https:\/\/twitter.com\/Indien_Haus","https:\/\/www.instagram.com\/indien_haus_mainz\/","https:\/\/www.pinterest.de\/indienhaus\/","https:\/\/www.youtube.com\/user\/IndienHaus"]}]}},"_links":{"self":[{"href":"https:\/\/www.indien-haus.de\/shop\/wp-json\/wp\/v2\/product\/115372"}],"collection":[{"href":"https:\/\/www.indien-haus.de\/shop\/wp-json\/wp\/v2\/product"}],"about":[{"href":"https:\/\/www.indien-haus.de\/shop\/wp-json\/wp\/v2\/types\/product"}],"replies":[{"embeddable":true,"href":"https:\/\/www.indien-haus.de\/shop\/wp-json\/wp\/v2\/comments?post=115372"}],"wp:featuredmedia":[{"embeddable":true,"href":"https:\/\/www.indien-haus.de\/shop\/wp-json\/wp\/v2\/media\/115373"}],"wp:attachment":[{"href":"https:\/\/www.indien-haus.de\/shop\/wp-json\/wp\/v2\/media?parent=115372"}],"wp:term":[{"taxonomy":"product_cat","embeddable":true,"href":"https:\/\/www.indien-haus.de\/shop\/wp-json\/wp\/v2\/product_cat?post=115372"},{"taxonomy":"product_tag","embeddable":true,"href":"https:\/\/www.indien-haus.de\/shop\/wp-json\/wp\/v2\/product_tag?post=115372"}],"curies":[{"name":"wp","href":"https:\/\/api.w.org\/{rel}","templated":true}]}}