{"id":115394,"date":"2024-05-10T13:29:58","date_gmt":"2024-05-10T12:29:58","guid":{"rendered":"https:\/\/www.indien-haus.de\/shop\/?post_type=product&#038;p=115394"},"modified":"2025-03-15T16:57:22","modified_gmt":"2025-03-15T15:57:22","slug":"annie-sloan-bag-for-life","status":"publish","type":"product","link":"https:\/\/www.indien-haus.de\/shop\/produkt\/annie-sloan-bag-for-life\/","title":{"rendered":"Annie Sloan Bag for Life"},"content":{"rendered":"","protected":false},"excerpt":{"rendered":"<p>Annie Sloan Bag for Life<\/p>\n<p>Unsere Annie Sloan \u201eBag for Life\u201c-Tragetasche ist ein perfekter Begleiter f\u00fcr jeden Maler. Sie ist aus leichtem, strapazierf\u00e4higem Jutegewebe (einer nat\u00fcrlichen Pflanzenfaser) gewebt und fest vern\u00e4ht, was sie sehr stabil macht. So k\u00f6nnen Sie Ihre Malutensilien m\u00fchelos transportieren. Der verst\u00e4rkte Taschenboden h\u00e4lt die Dosen aufrecht an ihrem Platz. F\u00fcr alle F\u00e4lle ist die Tasche mit einem wasserdichten Stoff gef\u00fcttert. Die Tasche hat eine perfekte Gr\u00f6\u00dfe f\u00fcr 2 x 1-Liter-Dosen Chalk Paint\u2122 plus Zubeh\u00f6r.<\/p>\n<p>Der kurze Griff und die breiten Riemen verteilen das Gewicht des Tascheninhalts gleichm\u00e4\u00dfig und helfen Ihnen, Ihre neuen Eink\u00e4ufe sicher durch die Stadt zu tragen. Das \u201eAnnie Sloan\u201c-Logo in Metallic verleiht Pep und zeigt der Welt, dass Sie sich mit Chalk Paint\u2122 auskennen! Perfekt zum Verschenken!<\/p>\n<p>Die Tasche wird ohne Inhalt geliefert.<\/p>\n<p>Ma\u00dfe: 26,5 cm hoch x 34 cm breit x 14 cm tief.<\/p>\n","protected":false},"featured_media":115395,"comment_status":"closed","ping_status":"closed","template":"","meta":[],"product_cat":[4456],"product_tag":[4365],"yoast_head":"<!-- This site is optimized with the Yoast SEO plugin v22.0 - https:\/\/yoast.com\/wordpress\/plugins\/seo\/ -->\n<title>Annie Sloan Bag for Life - #Indien-Haus<\/title>\n<meta name=\"description\" content=\"Unsere Annie Sloan Bag for Life Tragetasche ist ein perfekter Begleiter f\u00fcr jeden Maler. Sie ist aus strapazierf\u00e4higem Jutegewebe einer Pflanzenfaser\" \/>\n<meta name=\"robots\" content=\"index, follow, max-snippet:-1, max-image-preview:large, max-video-preview:-1\" \/>\n<link rel=\"canonical\" href=\"https:\/\/www.indien-haus.de\/shop\/produkt\/annie-sloan-bag-for-life\/\" \/>\n<meta name=\"twitter:card\" content=\"summary_large_image\" \/>\n<meta name=\"twitter:title\" content=\"Annie Sloan Bag for Life - #Indien-Haus\" \/>\n<meta name=\"twitter:description\" content=\"Unsere Annie Sloan Bag for Life Tragetasche ist ein perfekter Begleiter f\u00fcr jeden Maler. Sie ist aus strapazierf\u00e4higem Jutegewebe einer Pflanzenfaser\" \/>\n<meta name=\"twitter:image\" content=\"https:\/\/www.indien-haus.de\/wp-content\/uploads\/2024\/05\/AS08798.jpg\" \/>\n<meta name=\"twitter:site\" content=\"@Indien_Haus\" \/>\n<meta name=\"twitter:label1\" content=\"Gesch\u00e4tzte Lesezeit\" \/>\n\t<meta name=\"twitter:data1\" content=\"1\u00a0Minute\" \/>\n<script type=\"application\/ld+json\" class=\"yoast-schema-graph\">{\"@context\":\"https:\/\/schema.org\",\"@graph\":[{\"@type\":\"WebPage\",\"@id\":\"https:\/\/www.indien-haus.de\/shop\/produkt\/annie-sloan-bag-for-life\/\",\"url\":\"https:\/\/www.indien-haus.de\/shop\/produkt\/annie-sloan-bag-for-life\/\",\"name\":\"Annie Sloan Bag for Life - #Indien-Haus\",\"isPartOf\":{\"@id\":\"https:\/\/www.indien-haus.de\/shop\/#website\"},\"datePublished\":\"2024-05-10T12:29:58+00:00\",\"dateModified\":\"2025-03-15T15:57:22+00:00\",\"description\":\"Unsere Annie Sloan Bag for Life Tragetasche ist ein perfekter Begleiter f\u00fcr jeden Maler. Sie ist aus strapazierf\u00e4higem Jutegewebe einer Pflanzenfaser\",\"breadcrumb\":{\"@id\":\"https:\/\/www.indien-haus.de\/shop\/produkt\/annie-sloan-bag-for-life\/#breadcrumb\"},\"inLanguage\":\"de\",\"potentialAction\":[{\"@type\":\"ReadAction\",\"target\":[\"https:\/\/www.indien-haus.de\/shop\/produkt\/annie-sloan-bag-for-life\/\"]}]},{\"@type\":\"BreadcrumbList\",\"@id\":\"https:\/\/www.indien-haus.de\/shop\/produkt\/annie-sloan-bag-for-life\/#breadcrumb\",\"itemListElement\":[{\"@type\":\"ListItem\",\"position\":1,\"name\":\"Startseite\",\"item\":\"https:\/\/www.indien-haus.de\/shop\/start\/\"},{\"@type\":\"ListItem\",\"position\":2,\"name\":\"Shop\",\"item\":\"https:\/\/www.indien-haus.de\/shop\/shop\/\"},{\"@type\":\"ListItem\",\"position\":3,\"name\":\"Annie Sloan Bag for Life\"}]},{\"@type\":\"WebSite\",\"@id\":\"https:\/\/www.indien-haus.de\/shop\/#website\",\"url\":\"https:\/\/www.indien-haus.de\/shop\/\",\"name\":\"Indien-Haus\",\"description\":\"M\u00f6bel &amp; Lampen &amp; Accessoires aus Asien in Mainz\",\"publisher\":{\"@id\":\"https:\/\/www.indien-haus.de\/shop\/#organization\"},\"potentialAction\":[{\"@type\":\"SearchAction\",\"target\":{\"@type\":\"EntryPoint\",\"urlTemplate\":\"https:\/\/www.indien-haus.de\/shop\/?s={search_term_string}\"},\"query-input\":\"required name=search_term_string\"}],\"inLanguage\":\"de\"},{\"@type\":\"Organization\",\"@id\":\"https:\/\/www.indien-haus.de\/shop\/#organization\",\"name\":\"Indien-Haus\",\"url\":\"https:\/\/www.indien-haus.de\/shop\/\",\"logo\":{\"@type\":\"ImageObject\",\"inLanguage\":\"de\",\"@id\":\"https:\/\/www.indien-haus.de\/shop\/#\/schema\/logo\/image\/\",\"url\":\"https:\/\/www.indien-haus.de\/wp-content\/uploads\/2014\/03\/indien-haus-logo3.png\",\"contentUrl\":\"https:\/\/www.indien-haus.de\/wp-content\/uploads\/2014\/03\/indien-haus-logo3.png\",\"width\":106,\"height\":116,\"caption\":\"Indien-Haus\"},\"image\":{\"@id\":\"https:\/\/www.indien-haus.de\/shop\/#\/schema\/logo\/image\/\"},\"sameAs\":[\"https:\/\/www.facebook.com\/INDIEN.HAUS.news\",\"https:\/\/twitter.com\/Indien_Haus\",\"https:\/\/www.instagram.com\/indien_haus_mainz\/\",\"https:\/\/www.pinterest.de\/indienhaus\/\",\"https:\/\/www.youtube.com\/user\/IndienHaus\"]}]}<\/script>\n<!-- \/ Yoast SEO plugin. -->","yoast_head_json":{"title":"Annie Sloan Bag for Life - #Indien-Haus","description":"Unsere Annie Sloan Bag for Life Tragetasche ist ein perfekter Begleiter f\u00fcr jeden Maler. Sie ist aus strapazierf\u00e4higem Jutegewebe einer Pflanzenfaser","robots":{"index":"index","follow":"follow","max-snippet":"max-snippet:-1","max-image-preview":"max-image-preview:large","max-video-preview":"max-video-preview:-1"},"canonical":"https:\/\/www.indien-haus.de\/shop\/produkt\/annie-sloan-bag-for-life\/","twitter_card":"summary_large_image","twitter_title":"Annie Sloan Bag for Life - #Indien-Haus","twitter_description":"Unsere Annie Sloan Bag for Life Tragetasche ist ein perfekter Begleiter f\u00fcr jeden Maler. Sie ist aus strapazierf\u00e4higem Jutegewebe einer Pflanzenfaser","twitter_image":"https:\/\/www.indien-haus.de\/wp-content\/uploads\/2024\/05\/AS08798.jpg","twitter_site":"@Indien_Haus","twitter_misc":{"Gesch\u00e4tzte Lesezeit":"1\u00a0Minute"},"schema":{"@context":"https:\/\/schema.org","@graph":[{"@type":"WebPage","@id":"https:\/\/www.indien-haus.de\/shop\/produkt\/annie-sloan-bag-for-life\/","url":"https:\/\/www.indien-haus.de\/shop\/produkt\/annie-sloan-bag-for-life\/","name":"Annie Sloan Bag for Life - #Indien-Haus","isPartOf":{"@id":"https:\/\/www.indien-haus.de\/shop\/#website"},"datePublished":"2024-05-10T12:29:58+00:00","dateModified":"2025-03-15T15:57:22+00:00","description":"Unsere Annie Sloan Bag for Life Tragetasche ist ein perfekter Begleiter f\u00fcr jeden Maler. Sie ist aus strapazierf\u00e4higem Jutegewebe einer Pflanzenfaser","breadcrumb":{"@id":"https:\/\/www.indien-haus.de\/shop\/produkt\/annie-sloan-bag-for-life\/#breadcrumb"},"inLanguage":"de","potentialAction":[{"@type":"ReadAction","target":["https:\/\/www.indien-haus.de\/shop\/produkt\/annie-sloan-bag-for-life\/"]}]},{"@type":"BreadcrumbList","@id":"https:\/\/www.indien-haus.de\/shop\/produkt\/annie-sloan-bag-for-life\/#breadcrumb","itemListElement":[{"@type":"ListItem","position":1,"name":"Startseite","item":"https:\/\/www.indien-haus.de\/shop\/start\/"},{"@type":"ListItem","position":2,"name":"Shop","item":"https:\/\/www.indien-haus.de\/shop\/shop\/"},{"@type":"ListItem","position":3,"name":"Annie Sloan Bag for Life"}]},{"@type":"WebSite","@id":"https:\/\/www.indien-haus.de\/shop\/#website","url":"https:\/\/www.indien-haus.de\/shop\/","name":"Indien-Haus","description":"M\u00f6bel &amp; Lampen &amp; Accessoires aus Asien in Mainz","publisher":{"@id":"https:\/\/www.indien-haus.de\/shop\/#organization"},"potentialAction":[{"@type":"SearchAction","target":{"@type":"EntryPoint","urlTemplate":"https:\/\/www.indien-haus.de\/shop\/?s={search_term_string}"},"query-input":"required name=search_term_string"}],"inLanguage":"de"},{"@type":"Organization","@id":"https:\/\/www.indien-haus.de\/shop\/#organization","name":"Indien-Haus","url":"https:\/\/www.indien-haus.de\/shop\/","logo":{"@type":"ImageObject","inLanguage":"de","@id":"https:\/\/www.indien-haus.de\/shop\/#\/schema\/logo\/image\/","url":"https:\/\/www.indien-haus.de\/wp-content\/uploads\/2014\/03\/indien-haus-logo3.png","contentUrl":"https:\/\/www.indien-haus.de\/wp-content\/uploads\/2014\/03\/indien-haus-logo3.png","width":106,"height":116,"caption":"Indien-Haus"},"image":{"@id":"https:\/\/www.indien-haus.de\/shop\/#\/schema\/logo\/image\/"},"sameAs":["https:\/\/www.facebook.com\/INDIEN.HAUS.news","https:\/\/twitter.com\/Indien_Haus","https:\/\/www.instagram.com\/indien_haus_mainz\/","https:\/\/www.pinterest.de\/indienhaus\/","https:\/\/www.youtube.com\/user\/IndienHaus"]}]}},"_links":{"self":[{"href":"https:\/\/www.indien-haus.de\/shop\/wp-json\/wp\/v2\/product\/115394"}],"collection":[{"href":"https:\/\/www.indien-haus.de\/shop\/wp-json\/wp\/v2\/product"}],"about":[{"href":"https:\/\/www.indien-haus.de\/shop\/wp-json\/wp\/v2\/types\/product"}],"replies":[{"embeddable":true,"href":"https:\/\/www.indien-haus.de\/shop\/wp-json\/wp\/v2\/comments?post=115394"}],"wp:featuredmedia":[{"embeddable":true,"href":"https:\/\/www.indien-haus.de\/shop\/wp-json\/wp\/v2\/media\/115395"}],"wp:attachment":[{"href":"https:\/\/www.indien-haus.de\/shop\/wp-json\/wp\/v2\/media?parent=115394"}],"wp:term":[{"taxonomy":"product_cat","embeddable":true,"href":"https:\/\/www.indien-haus.de\/shop\/wp-json\/wp\/v2\/product_cat?post=115394"},{"taxonomy":"product_tag","embeddable":true,"href":"https:\/\/www.indien-haus.de\/shop\/wp-json\/wp\/v2\/product_tag?post=115394"}],"curies":[{"name":"wp","href":"https:\/\/api.w.org\/{rel}","templated":true}]}}