{"id":115430,"date":"2024-05-29T12:15:18","date_gmt":"2024-05-29T11:15:18","guid":{"rendered":"https:\/\/www.indien-haus.de\/shop\/?post_type=product&#038;p=115430"},"modified":"2026-02-27T12:22:15","modified_gmt":"2026-02-27T11:22:15","slug":"barhocker-cody-leder-ohmann-turquoise","status":"publish","type":"product","link":"https:\/\/www.indien-haus.de\/shop\/produkt\/barhocker-cody-leder-ohmann-turquoise\/","title":{"rendered":"Barhocker Cody Leder Ohmann turquoise AUSSTELLER"},"content":{"rendered":"","protected":false},"excerpt":{"rendered":"<p>Barhocker Cody Leder Ohmann turquoise von Jess Design, Sitzh\u00f6he 75 cm aus Stahl, Speerholz und echtem Leder<\/p>\n<p>Der robuste Cody ist ein Barstuhl mit runder Sitzfl\u00e4che. Er sieht nicht nur cool und robust aus, er macht sich auch perfekt an der Bar oder einem hohen Tisch.<\/p>\n<p>In der umfangreichen Stuhlkollektion von Jess-Design finden Sie einzigartige Designs, die in jedes Interieur und an jeden Tisch passen. Ihr hoher Qualit\u00e4tskomfort garantiert stundenlanges Tafeln. B\u00e4nke sorgen f\u00fcr Atmosph\u00e4re und Geselligkeit beim Zusammensitzen mit Freunden und der Familie. Entscheiden Sie sich f\u00fcr ein besonderes Design und genie\u00dfen Sie es. Mit unserer Kollektion unvergleichlicher Barst\u00fchle und -b\u00e4nke sorgen Sie f\u00fcr Atmosph\u00e4re, Komfort und Einheit. Alle Modelle passen an jede Bar und jeden hohen K\u00fcchentisch.<\/p>\n","protected":false},"featured_media":115427,"comment_status":"closed","ping_status":"closed","template":"","meta":[],"product_cat":[6696],"product_tag":[770],"yoast_head":"<!-- This site is optimized with the Yoast SEO plugin v22.0 - https:\/\/yoast.com\/wordpress\/plugins\/seo\/ -->\n<title>Barhocker Cody Leder Ohmann turquoise AUSSTELLER - #Indien-Haus<\/title>\n<meta name=\"description\" content=\"Barhocker Cody Leder Ohmann turquoise von Jess Design, Sitzh\u00f6he 75 cm aus Stahl, Speerholz und echtem Leder Der robuste Cody\" \/>\n<meta name=\"robots\" content=\"index, follow, max-snippet:-1, max-image-preview:large, max-video-preview:-1\" \/>\n<link rel=\"canonical\" href=\"https:\/\/www.indien-haus.de\/shop\/produkt\/barhocker-cody-leder-ohmann-turquoise\/\" \/>\n<meta name=\"twitter:card\" content=\"summary_large_image\" \/>\n<meta name=\"twitter:title\" content=\"Barhocker Cody Leder Ohmann turquoise AUSSTELLER - #Indien-Haus\" \/>\n<meta name=\"twitter:description\" content=\"Barhocker Cody Leder Ohmann turquoise von Jess Design, Sitzh\u00f6he 75 cm aus Stahl, Speerholz und echtem Leder Der robuste Cody\" \/>\n<meta name=\"twitter:image\" content=\"https:\/\/www.indien-haus.de\/wp-content\/uploads\/2024\/05\/JS06773-4-Cody-Ohmann-turquoise.jpg\" \/>\n<meta name=\"twitter:site\" content=\"@Indien_Haus\" \/>\n<meta name=\"twitter:label1\" content=\"Gesch\u00e4tzte Lesezeit\" \/>\n\t<meta name=\"twitter:data1\" content=\"1\u00a0Minute\" \/>\n<script type=\"application\/ld+json\" class=\"yoast-schema-graph\">{\"@context\":\"https:\/\/schema.org\",\"@graph\":[{\"@type\":\"WebPage\",\"@id\":\"https:\/\/www.indien-haus.de\/shop\/produkt\/barhocker-cody-leder-ohmann-turquoise\/\",\"url\":\"https:\/\/www.indien-haus.de\/shop\/produkt\/barhocker-cody-leder-ohmann-turquoise\/\",\"name\":\"Barhocker Cody Leder Ohmann turquoise AUSSTELLER - #Indien-Haus\",\"isPartOf\":{\"@id\":\"https:\/\/www.indien-haus.de\/shop\/#website\"},\"datePublished\":\"2024-05-29T11:15:18+00:00\",\"dateModified\":\"2026-02-27T11:22:15+00:00\",\"description\":\"Barhocker Cody Leder Ohmann turquoise von Jess Design, Sitzh\u00f6he 75 cm aus Stahl, Speerholz und echtem Leder Der robuste Cody\",\"breadcrumb\":{\"@id\":\"https:\/\/www.indien-haus.de\/shop\/produkt\/barhocker-cody-leder-ohmann-turquoise\/#breadcrumb\"},\"inLanguage\":\"de\",\"potentialAction\":[{\"@type\":\"ReadAction\",\"target\":[\"https:\/\/www.indien-haus.de\/shop\/produkt\/barhocker-cody-leder-ohmann-turquoise\/\"]}]},{\"@type\":\"BreadcrumbList\",\"@id\":\"https:\/\/www.indien-haus.de\/shop\/produkt\/barhocker-cody-leder-ohmann-turquoise\/#breadcrumb\",\"itemListElement\":[{\"@type\":\"ListItem\",\"position\":1,\"name\":\"Startseite\",\"item\":\"https:\/\/www.indien-haus.de\/shop\/start\/\"},{\"@type\":\"ListItem\",\"position\":2,\"name\":\"Shop\",\"item\":\"https:\/\/www.indien-haus.de\/shop\/shop\/\"},{\"@type\":\"ListItem\",\"position\":3,\"name\":\"Barhocker Cody Leder Ohmann turquoise AUSSTELLER\"}]},{\"@type\":\"WebSite\",\"@id\":\"https:\/\/www.indien-haus.de\/shop\/#website\",\"url\":\"https:\/\/www.indien-haus.de\/shop\/\",\"name\":\"Indien-Haus\",\"description\":\"M\u00f6bel &amp; Lampen &amp; Accessoires aus Asien in Mainz\",\"publisher\":{\"@id\":\"https:\/\/www.indien-haus.de\/shop\/#organization\"},\"potentialAction\":[{\"@type\":\"SearchAction\",\"target\":{\"@type\":\"EntryPoint\",\"urlTemplate\":\"https:\/\/www.indien-haus.de\/shop\/?s={search_term_string}\"},\"query-input\":\"required name=search_term_string\"}],\"inLanguage\":\"de\"},{\"@type\":\"Organization\",\"@id\":\"https:\/\/www.indien-haus.de\/shop\/#organization\",\"name\":\"Indien-Haus\",\"url\":\"https:\/\/www.indien-haus.de\/shop\/\",\"logo\":{\"@type\":\"ImageObject\",\"inLanguage\":\"de\",\"@id\":\"https:\/\/www.indien-haus.de\/shop\/#\/schema\/logo\/image\/\",\"url\":\"https:\/\/www.indien-haus.de\/wp-content\/uploads\/2014\/03\/indien-haus-logo3.png\",\"contentUrl\":\"https:\/\/www.indien-haus.de\/wp-content\/uploads\/2014\/03\/indien-haus-logo3.png\",\"width\":106,\"height\":116,\"caption\":\"Indien-Haus\"},\"image\":{\"@id\":\"https:\/\/www.indien-haus.de\/shop\/#\/schema\/logo\/image\/\"},\"sameAs\":[\"https:\/\/www.facebook.com\/INDIEN.HAUS.news\",\"https:\/\/twitter.com\/Indien_Haus\",\"https:\/\/www.instagram.com\/indien_haus_mainz\/\",\"https:\/\/www.pinterest.de\/indienhaus\/\",\"https:\/\/www.youtube.com\/user\/IndienHaus\"]}]}<\/script>\n<!-- \/ Yoast SEO plugin. -->","yoast_head_json":{"title":"Barhocker Cody Leder Ohmann turquoise AUSSTELLER - #Indien-Haus","description":"Barhocker Cody Leder Ohmann turquoise von Jess Design, Sitzh\u00f6he 75 cm aus Stahl, Speerholz und echtem Leder Der robuste Cody","robots":{"index":"index","follow":"follow","max-snippet":"max-snippet:-1","max-image-preview":"max-image-preview:large","max-video-preview":"max-video-preview:-1"},"canonical":"https:\/\/www.indien-haus.de\/shop\/produkt\/barhocker-cody-leder-ohmann-turquoise\/","twitter_card":"summary_large_image","twitter_title":"Barhocker Cody Leder Ohmann turquoise AUSSTELLER - #Indien-Haus","twitter_description":"Barhocker Cody Leder Ohmann turquoise von Jess Design, Sitzh\u00f6he 75 cm aus Stahl, Speerholz und echtem Leder Der robuste Cody","twitter_image":"https:\/\/www.indien-haus.de\/wp-content\/uploads\/2024\/05\/JS06773-4-Cody-Ohmann-turquoise.jpg","twitter_site":"@Indien_Haus","twitter_misc":{"Gesch\u00e4tzte Lesezeit":"1\u00a0Minute"},"schema":{"@context":"https:\/\/schema.org","@graph":[{"@type":"WebPage","@id":"https:\/\/www.indien-haus.de\/shop\/produkt\/barhocker-cody-leder-ohmann-turquoise\/","url":"https:\/\/www.indien-haus.de\/shop\/produkt\/barhocker-cody-leder-ohmann-turquoise\/","name":"Barhocker Cody Leder Ohmann turquoise AUSSTELLER - #Indien-Haus","isPartOf":{"@id":"https:\/\/www.indien-haus.de\/shop\/#website"},"datePublished":"2024-05-29T11:15:18+00:00","dateModified":"2026-02-27T11:22:15+00:00","description":"Barhocker Cody Leder Ohmann turquoise von Jess Design, Sitzh\u00f6he 75 cm aus Stahl, Speerholz und echtem Leder Der robuste Cody","breadcrumb":{"@id":"https:\/\/www.indien-haus.de\/shop\/produkt\/barhocker-cody-leder-ohmann-turquoise\/#breadcrumb"},"inLanguage":"de","potentialAction":[{"@type":"ReadAction","target":["https:\/\/www.indien-haus.de\/shop\/produkt\/barhocker-cody-leder-ohmann-turquoise\/"]}]},{"@type":"BreadcrumbList","@id":"https:\/\/www.indien-haus.de\/shop\/produkt\/barhocker-cody-leder-ohmann-turquoise\/#breadcrumb","itemListElement":[{"@type":"ListItem","position":1,"name":"Startseite","item":"https:\/\/www.indien-haus.de\/shop\/start\/"},{"@type":"ListItem","position":2,"name":"Shop","item":"https:\/\/www.indien-haus.de\/shop\/shop\/"},{"@type":"ListItem","position":3,"name":"Barhocker Cody Leder Ohmann turquoise AUSSTELLER"}]},{"@type":"WebSite","@id":"https:\/\/www.indien-haus.de\/shop\/#website","url":"https:\/\/www.indien-haus.de\/shop\/","name":"Indien-Haus","description":"M\u00f6bel &amp; Lampen &amp; Accessoires aus Asien in Mainz","publisher":{"@id":"https:\/\/www.indien-haus.de\/shop\/#organization"},"potentialAction":[{"@type":"SearchAction","target":{"@type":"EntryPoint","urlTemplate":"https:\/\/www.indien-haus.de\/shop\/?s={search_term_string}"},"query-input":"required name=search_term_string"}],"inLanguage":"de"},{"@type":"Organization","@id":"https:\/\/www.indien-haus.de\/shop\/#organization","name":"Indien-Haus","url":"https:\/\/www.indien-haus.de\/shop\/","logo":{"@type":"ImageObject","inLanguage":"de","@id":"https:\/\/www.indien-haus.de\/shop\/#\/schema\/logo\/image\/","url":"https:\/\/www.indien-haus.de\/wp-content\/uploads\/2014\/03\/indien-haus-logo3.png","contentUrl":"https:\/\/www.indien-haus.de\/wp-content\/uploads\/2014\/03\/indien-haus-logo3.png","width":106,"height":116,"caption":"Indien-Haus"},"image":{"@id":"https:\/\/www.indien-haus.de\/shop\/#\/schema\/logo\/image\/"},"sameAs":["https:\/\/www.facebook.com\/INDIEN.HAUS.news","https:\/\/twitter.com\/Indien_Haus","https:\/\/www.instagram.com\/indien_haus_mainz\/","https:\/\/www.pinterest.de\/indienhaus\/","https:\/\/www.youtube.com\/user\/IndienHaus"]}]}},"_links":{"self":[{"href":"https:\/\/www.indien-haus.de\/shop\/wp-json\/wp\/v2\/product\/115430"}],"collection":[{"href":"https:\/\/www.indien-haus.de\/shop\/wp-json\/wp\/v2\/product"}],"about":[{"href":"https:\/\/www.indien-haus.de\/shop\/wp-json\/wp\/v2\/types\/product"}],"replies":[{"embeddable":true,"href":"https:\/\/www.indien-haus.de\/shop\/wp-json\/wp\/v2\/comments?post=115430"}],"wp:featuredmedia":[{"embeddable":true,"href":"https:\/\/www.indien-haus.de\/shop\/wp-json\/wp\/v2\/media\/115427"}],"wp:attachment":[{"href":"https:\/\/www.indien-haus.de\/shop\/wp-json\/wp\/v2\/media?parent=115430"}],"wp:term":[{"taxonomy":"product_cat","embeddable":true,"href":"https:\/\/www.indien-haus.de\/shop\/wp-json\/wp\/v2\/product_cat?post=115430"},{"taxonomy":"product_tag","embeddable":true,"href":"https:\/\/www.indien-haus.de\/shop\/wp-json\/wp\/v2\/product_tag?post=115430"}],"curies":[{"name":"wp","href":"https:\/\/api.w.org\/{rel}","templated":true}]}}