{"id":115669,"date":"2024-07-24T10:32:44","date_gmt":"2024-07-24T09:32:44","guid":{"rendered":"https:\/\/www.indien-haus.de\/shop\/?post_type=product&#038;p=115669"},"modified":"2026-02-27T15:09:05","modified_gmt":"2026-02-27T14:09:05","slug":"regal-mit-saeulen-schnitzerei-dunkel","status":"publish","type":"product","link":"https:\/\/www.indien-haus.de\/shop\/produkt\/regal-mit-saeulen-schnitzerei-dunkel\/","title":{"rendered":"Regal mit S\u00e4ulen-Schnitzerei dunkel"},"content":{"rendered":"","protected":false},"excerpt":{"rendered":"<p>indisches Regal mit S\u00e4ulen-Schnitzerei dunkel aus massivem Mangoholz hergestellt in Indien. Die Vorderseite ist mit sch\u00f6nen Schnitzereien verziert.<\/p>\n","protected":false},"featured_media":113380,"comment_status":"closed","ping_status":"closed","template":"","meta":[],"product_cat":[70],"product_tag":[555,6662],"yoast_head":"<!-- This site is optimized with the Yoast SEO plugin v22.0 - https:\/\/yoast.com\/wordpress\/plugins\/seo\/ -->\n<title>Regal mit S\u00e4ulen-Schnitzerei dunkel - #Indien-Haus<\/title>\n<meta name=\"description\" content=\"indisches Regal mit S\u00e4ulen-Schnitzerei dunkel\u00a0aus massivem Mangoholz hergestellt in Indien. mit sch\u00f6nen Schnitzereien verziert.\" \/>\n<meta name=\"robots\" content=\"index, follow, max-snippet:-1, max-image-preview:large, max-video-preview:-1\" \/>\n<link rel=\"canonical\" href=\"https:\/\/www.indien-haus.de\/shop\/produkt\/regal-mit-saeulen-schnitzerei-dunkel\/\" \/>\n<meta name=\"twitter:card\" content=\"summary_large_image\" \/>\n<meta name=\"twitter:title\" content=\"Regal mit S\u00e4ulen-Schnitzerei dunkel - #Indien-Haus\" \/>\n<meta name=\"twitter:description\" content=\"indisches Regal mit S\u00e4ulen-Schnitzerei dunkel\u00a0aus massivem Mangoholz hergestellt in Indien. mit sch\u00f6nen Schnitzereien verziert.\" \/>\n<meta name=\"twitter:image\" content=\"https:\/\/www.indien-haus.de\/wp-content\/uploads\/2023\/07\/RU90689-1pc.jpg\" \/>\n<meta name=\"twitter:site\" content=\"@Indien_Haus\" \/>\n<meta name=\"twitter:label1\" content=\"Gesch\u00e4tzte Lesezeit\" \/>\n\t<meta name=\"twitter:data1\" content=\"1\u00a0Minute\" \/>\n<script type=\"application\/ld+json\" class=\"yoast-schema-graph\">{\"@context\":\"https:\/\/schema.org\",\"@graph\":[{\"@type\":\"WebPage\",\"@id\":\"https:\/\/www.indien-haus.de\/shop\/produkt\/regal-mit-saeulen-schnitzerei-dunkel\/\",\"url\":\"https:\/\/www.indien-haus.de\/shop\/produkt\/regal-mit-saeulen-schnitzerei-dunkel\/\",\"name\":\"Regal mit S\u00e4ulen-Schnitzerei dunkel - #Indien-Haus\",\"isPartOf\":{\"@id\":\"https:\/\/www.indien-haus.de\/shop\/#website\"},\"datePublished\":\"2024-07-24T09:32:44+00:00\",\"dateModified\":\"2026-02-27T14:09:05+00:00\",\"description\":\"indisches Regal mit S\u00e4ulen-Schnitzerei dunkel\u00a0aus massivem Mangoholz hergestellt in Indien. mit sch\u00f6nen Schnitzereien verziert.\",\"breadcrumb\":{\"@id\":\"https:\/\/www.indien-haus.de\/shop\/produkt\/regal-mit-saeulen-schnitzerei-dunkel\/#breadcrumb\"},\"inLanguage\":\"de\",\"potentialAction\":[{\"@type\":\"ReadAction\",\"target\":[\"https:\/\/www.indien-haus.de\/shop\/produkt\/regal-mit-saeulen-schnitzerei-dunkel\/\"]}]},{\"@type\":\"BreadcrumbList\",\"@id\":\"https:\/\/www.indien-haus.de\/shop\/produkt\/regal-mit-saeulen-schnitzerei-dunkel\/#breadcrumb\",\"itemListElement\":[{\"@type\":\"ListItem\",\"position\":1,\"name\":\"Startseite\",\"item\":\"https:\/\/www.indien-haus.de\/shop\/start\/\"},{\"@type\":\"ListItem\",\"position\":2,\"name\":\"Shop\",\"item\":\"https:\/\/www.indien-haus.de\/shop\/shop\/\"},{\"@type\":\"ListItem\",\"position\":3,\"name\":\"Regal mit S\u00e4ulen-Schnitzerei dunkel\"}]},{\"@type\":\"WebSite\",\"@id\":\"https:\/\/www.indien-haus.de\/shop\/#website\",\"url\":\"https:\/\/www.indien-haus.de\/shop\/\",\"name\":\"Indien-Haus\",\"description\":\"M\u00f6bel &amp; Lampen &amp; Accessoires aus Asien in Mainz\",\"publisher\":{\"@id\":\"https:\/\/www.indien-haus.de\/shop\/#organization\"},\"potentialAction\":[{\"@type\":\"SearchAction\",\"target\":{\"@type\":\"EntryPoint\",\"urlTemplate\":\"https:\/\/www.indien-haus.de\/shop\/?s={search_term_string}\"},\"query-input\":\"required name=search_term_string\"}],\"inLanguage\":\"de\"},{\"@type\":\"Organization\",\"@id\":\"https:\/\/www.indien-haus.de\/shop\/#organization\",\"name\":\"Indien-Haus\",\"url\":\"https:\/\/www.indien-haus.de\/shop\/\",\"logo\":{\"@type\":\"ImageObject\",\"inLanguage\":\"de\",\"@id\":\"https:\/\/www.indien-haus.de\/shop\/#\/schema\/logo\/image\/\",\"url\":\"https:\/\/www.indien-haus.de\/wp-content\/uploads\/2014\/03\/indien-haus-logo3.png\",\"contentUrl\":\"https:\/\/www.indien-haus.de\/wp-content\/uploads\/2014\/03\/indien-haus-logo3.png\",\"width\":106,\"height\":116,\"caption\":\"Indien-Haus\"},\"image\":{\"@id\":\"https:\/\/www.indien-haus.de\/shop\/#\/schema\/logo\/image\/\"},\"sameAs\":[\"https:\/\/www.facebook.com\/INDIEN.HAUS.news\",\"https:\/\/twitter.com\/Indien_Haus\",\"https:\/\/www.instagram.com\/indien_haus_mainz\/\",\"https:\/\/www.pinterest.de\/indienhaus\/\",\"https:\/\/www.youtube.com\/user\/IndienHaus\"]}]}<\/script>\n<!-- \/ Yoast SEO plugin. -->","yoast_head_json":{"title":"Regal mit S\u00e4ulen-Schnitzerei dunkel - #Indien-Haus","description":"indisches Regal mit S\u00e4ulen-Schnitzerei dunkel\u00a0aus massivem Mangoholz hergestellt in Indien. mit sch\u00f6nen Schnitzereien verziert.","robots":{"index":"index","follow":"follow","max-snippet":"max-snippet:-1","max-image-preview":"max-image-preview:large","max-video-preview":"max-video-preview:-1"},"canonical":"https:\/\/www.indien-haus.de\/shop\/produkt\/regal-mit-saeulen-schnitzerei-dunkel\/","twitter_card":"summary_large_image","twitter_title":"Regal mit S\u00e4ulen-Schnitzerei dunkel - #Indien-Haus","twitter_description":"indisches Regal mit S\u00e4ulen-Schnitzerei dunkel\u00a0aus massivem Mangoholz hergestellt in Indien. mit sch\u00f6nen Schnitzereien verziert.","twitter_image":"https:\/\/www.indien-haus.de\/wp-content\/uploads\/2023\/07\/RU90689-1pc.jpg","twitter_site":"@Indien_Haus","twitter_misc":{"Gesch\u00e4tzte Lesezeit":"1\u00a0Minute"},"schema":{"@context":"https:\/\/schema.org","@graph":[{"@type":"WebPage","@id":"https:\/\/www.indien-haus.de\/shop\/produkt\/regal-mit-saeulen-schnitzerei-dunkel\/","url":"https:\/\/www.indien-haus.de\/shop\/produkt\/regal-mit-saeulen-schnitzerei-dunkel\/","name":"Regal mit S\u00e4ulen-Schnitzerei dunkel - #Indien-Haus","isPartOf":{"@id":"https:\/\/www.indien-haus.de\/shop\/#website"},"datePublished":"2024-07-24T09:32:44+00:00","dateModified":"2026-02-27T14:09:05+00:00","description":"indisches Regal mit S\u00e4ulen-Schnitzerei dunkel\u00a0aus massivem Mangoholz hergestellt in Indien. mit sch\u00f6nen Schnitzereien verziert.","breadcrumb":{"@id":"https:\/\/www.indien-haus.de\/shop\/produkt\/regal-mit-saeulen-schnitzerei-dunkel\/#breadcrumb"},"inLanguage":"de","potentialAction":[{"@type":"ReadAction","target":["https:\/\/www.indien-haus.de\/shop\/produkt\/regal-mit-saeulen-schnitzerei-dunkel\/"]}]},{"@type":"BreadcrumbList","@id":"https:\/\/www.indien-haus.de\/shop\/produkt\/regal-mit-saeulen-schnitzerei-dunkel\/#breadcrumb","itemListElement":[{"@type":"ListItem","position":1,"name":"Startseite","item":"https:\/\/www.indien-haus.de\/shop\/start\/"},{"@type":"ListItem","position":2,"name":"Shop","item":"https:\/\/www.indien-haus.de\/shop\/shop\/"},{"@type":"ListItem","position":3,"name":"Regal mit S\u00e4ulen-Schnitzerei dunkel"}]},{"@type":"WebSite","@id":"https:\/\/www.indien-haus.de\/shop\/#website","url":"https:\/\/www.indien-haus.de\/shop\/","name":"Indien-Haus","description":"M\u00f6bel &amp; Lampen &amp; Accessoires aus Asien in Mainz","publisher":{"@id":"https:\/\/www.indien-haus.de\/shop\/#organization"},"potentialAction":[{"@type":"SearchAction","target":{"@type":"EntryPoint","urlTemplate":"https:\/\/www.indien-haus.de\/shop\/?s={search_term_string}"},"query-input":"required name=search_term_string"}],"inLanguage":"de"},{"@type":"Organization","@id":"https:\/\/www.indien-haus.de\/shop\/#organization","name":"Indien-Haus","url":"https:\/\/www.indien-haus.de\/shop\/","logo":{"@type":"ImageObject","inLanguage":"de","@id":"https:\/\/www.indien-haus.de\/shop\/#\/schema\/logo\/image\/","url":"https:\/\/www.indien-haus.de\/wp-content\/uploads\/2014\/03\/indien-haus-logo3.png","contentUrl":"https:\/\/www.indien-haus.de\/wp-content\/uploads\/2014\/03\/indien-haus-logo3.png","width":106,"height":116,"caption":"Indien-Haus"},"image":{"@id":"https:\/\/www.indien-haus.de\/shop\/#\/schema\/logo\/image\/"},"sameAs":["https:\/\/www.facebook.com\/INDIEN.HAUS.news","https:\/\/twitter.com\/Indien_Haus","https:\/\/www.instagram.com\/indien_haus_mainz\/","https:\/\/www.pinterest.de\/indienhaus\/","https:\/\/www.youtube.com\/user\/IndienHaus"]}]}},"_links":{"self":[{"href":"https:\/\/www.indien-haus.de\/shop\/wp-json\/wp\/v2\/product\/115669"}],"collection":[{"href":"https:\/\/www.indien-haus.de\/shop\/wp-json\/wp\/v2\/product"}],"about":[{"href":"https:\/\/www.indien-haus.de\/shop\/wp-json\/wp\/v2\/types\/product"}],"replies":[{"embeddable":true,"href":"https:\/\/www.indien-haus.de\/shop\/wp-json\/wp\/v2\/comments?post=115669"}],"wp:featuredmedia":[{"embeddable":true,"href":"https:\/\/www.indien-haus.de\/shop\/wp-json\/wp\/v2\/media\/113380"}],"wp:attachment":[{"href":"https:\/\/www.indien-haus.de\/shop\/wp-json\/wp\/v2\/media?parent=115669"}],"wp:term":[{"taxonomy":"product_cat","embeddable":true,"href":"https:\/\/www.indien-haus.de\/shop\/wp-json\/wp\/v2\/product_cat?post=115669"},{"taxonomy":"product_tag","embeddable":true,"href":"https:\/\/www.indien-haus.de\/shop\/wp-json\/wp\/v2\/product_tag?post=115669"}],"curies":[{"name":"wp","href":"https:\/\/api.w.org\/{rel}","templated":true}]}}