{"id":115699,"date":"2024-08-10T12:30:49","date_gmt":"2024-08-10T11:30:49","guid":{"rendered":"https:\/\/www.indien-haus.de\/shop\/?post_type=product&#038;p=115699"},"modified":"2026-03-20T15:04:00","modified_gmt":"2026-03-20T14:04:00","slug":"raeucherstaebchen-gelb-solarplexus-chakra-manipura","status":"publish","type":"product","link":"https:\/\/www.indien-haus.de\/shop\/produkt\/raeucherstaebchen-gelb-solarplexus-chakra-manipura\/","title":{"rendered":"R\u00e4ucherst\u00e4bchen gelb Solarplexus-Chakra Manipura"},"content":{"rendered":"","protected":false},"excerpt":{"rendered":"<p>R\u00e4ucherst\u00e4bchen gelb Solarplexus-Chakra Manipura<\/p>\n<p>Natural Premium Incense Sticks &#8211; handgerollt in Indien.<\/p>\n<p>Solarplexus-Chakra hilft bei der Mobilisierung pers\u00f6nlicher Energie, st\u00e4rkt und ermutigt<br \/>\nPosition: direkt unter dem Brustbein<br \/>\nQualit\u00e4ten: Selbstbewusstsein, Intellekt, Zielstrebigkeit, Ehrgeiz<br \/>\nD\u00fcfte: Zitrone, Zitrus, schwarzer Pfeffer, Rosmarin, Geranie<br \/>\nMantra: ICH WERDE (Sanskrit: \u201eram\u201c)<br \/>\nYogaposition: Kuh-, Kamel-, Bogen- und Kobra-Pose<\/p>\n<p>Nat\u00fcrliche Chakra-R\u00e4ucherst\u00e4bchen, eine einzigartige Mischung aus seltenen Kr\u00e4utern, Blumen, Honig, Harzen, reinem Sandelholzpulver, aromatischen Wurzeln und nat\u00fcrlichen \u00e4therischen \u00d6len, frei von giftigen Stoffen, hergestellt mit Hilfe des alten heiligen Buches.<\/p>\n<p>Brenndauer ca. 45 -60 Minuten, Inhalt: 15 g (ca. 15 St\u00e4bchen)<\/p>\n","protected":false},"featured_media":115683,"comment_status":"closed","ping_status":"closed","template":"","meta":[],"product_cat":[6695],"product_tag":[1620,998],"yoast_head":"<!-- This site is optimized with the Yoast SEO plugin v22.0 - https:\/\/yoast.com\/wordpress\/plugins\/seo\/ -->\n<title>R\u00e4ucherst\u00e4bchen gelb Solarplexus-Chakra Manipura - #Indien-Haus<\/title>\n<meta name=\"description\" content=\"R\u00e4ucherst\u00e4bchen gelb Solarplexus-Chakra Manipura Natural Premium Incense Sticks - handgerollt in Indien. Inhalt: 15 g ca. 15 St\u00e4bchen\" \/>\n<meta name=\"robots\" content=\"index, follow, max-snippet:-1, max-image-preview:large, max-video-preview:-1\" \/>\n<link rel=\"canonical\" href=\"https:\/\/www.indien-haus.de\/shop\/produkt\/raeucherstaebchen-gelb-solarplexus-chakra-manipura\/\" \/>\n<meta name=\"twitter:card\" content=\"summary_large_image\" \/>\n<meta name=\"twitter:title\" content=\"R\u00e4ucherst\u00e4bchen gelb Solarplexus-Chakra Manipura - #Indien-Haus\" \/>\n<meta name=\"twitter:description\" content=\"R\u00e4ucherst\u00e4bchen gelb Solarplexus-Chakra Manipura Natural Premium Incense Sticks - handgerollt in Indien. Inhalt: 15 g ca. 15 St\u00e4bchen\" \/>\n<meta name=\"twitter:image\" content=\"https:\/\/www.indien-haus.de\/wp-content\/uploads\/2023\/07\/RU08716-5.jpg\" \/>\n<meta name=\"twitter:site\" content=\"@Indien_Haus\" \/>\n<meta name=\"twitter:label1\" content=\"Gesch\u00e4tzte Lesezeit\" \/>\n\t<meta name=\"twitter:data1\" content=\"1\u00a0Minute\" \/>\n<script type=\"application\/ld+json\" class=\"yoast-schema-graph\">{\"@context\":\"https:\/\/schema.org\",\"@graph\":[{\"@type\":\"WebPage\",\"@id\":\"https:\/\/www.indien-haus.de\/shop\/produkt\/raeucherstaebchen-gelb-solarplexus-chakra-manipura\/\",\"url\":\"https:\/\/www.indien-haus.de\/shop\/produkt\/raeucherstaebchen-gelb-solarplexus-chakra-manipura\/\",\"name\":\"R\u00e4ucherst\u00e4bchen gelb Solarplexus-Chakra Manipura - #Indien-Haus\",\"isPartOf\":{\"@id\":\"https:\/\/www.indien-haus.de\/shop\/#website\"},\"datePublished\":\"2024-08-10T11:30:49+00:00\",\"dateModified\":\"2026-03-20T14:04:00+00:00\",\"description\":\"R\u00e4ucherst\u00e4bchen gelb Solarplexus-Chakra Manipura Natural Premium Incense Sticks - handgerollt in Indien. Inhalt: 15 g ca. 15 St\u00e4bchen\",\"breadcrumb\":{\"@id\":\"https:\/\/www.indien-haus.de\/shop\/produkt\/raeucherstaebchen-gelb-solarplexus-chakra-manipura\/#breadcrumb\"},\"inLanguage\":\"de\",\"potentialAction\":[{\"@type\":\"ReadAction\",\"target\":[\"https:\/\/www.indien-haus.de\/shop\/produkt\/raeucherstaebchen-gelb-solarplexus-chakra-manipura\/\"]}]},{\"@type\":\"BreadcrumbList\",\"@id\":\"https:\/\/www.indien-haus.de\/shop\/produkt\/raeucherstaebchen-gelb-solarplexus-chakra-manipura\/#breadcrumb\",\"itemListElement\":[{\"@type\":\"ListItem\",\"position\":1,\"name\":\"Startseite\",\"item\":\"https:\/\/www.indien-haus.de\/shop\/start\/\"},{\"@type\":\"ListItem\",\"position\":2,\"name\":\"Shop\",\"item\":\"https:\/\/www.indien-haus.de\/shop\/shop\/\"},{\"@type\":\"ListItem\",\"position\":3,\"name\":\"R\u00e4ucherst\u00e4bchen gelb Solarplexus-Chakra Manipura\"}]},{\"@type\":\"WebSite\",\"@id\":\"https:\/\/www.indien-haus.de\/shop\/#website\",\"url\":\"https:\/\/www.indien-haus.de\/shop\/\",\"name\":\"Indien-Haus\",\"description\":\"M\u00f6bel &amp; Lampen &amp; Accessoires aus Asien in Mainz\",\"publisher\":{\"@id\":\"https:\/\/www.indien-haus.de\/shop\/#organization\"},\"potentialAction\":[{\"@type\":\"SearchAction\",\"target\":{\"@type\":\"EntryPoint\",\"urlTemplate\":\"https:\/\/www.indien-haus.de\/shop\/?s={search_term_string}\"},\"query-input\":\"required name=search_term_string\"}],\"inLanguage\":\"de\"},{\"@type\":\"Organization\",\"@id\":\"https:\/\/www.indien-haus.de\/shop\/#organization\",\"name\":\"Indien-Haus\",\"url\":\"https:\/\/www.indien-haus.de\/shop\/\",\"logo\":{\"@type\":\"ImageObject\",\"inLanguage\":\"de\",\"@id\":\"https:\/\/www.indien-haus.de\/shop\/#\/schema\/logo\/image\/\",\"url\":\"https:\/\/www.indien-haus.de\/wp-content\/uploads\/2014\/03\/indien-haus-logo3.png\",\"contentUrl\":\"https:\/\/www.indien-haus.de\/wp-content\/uploads\/2014\/03\/indien-haus-logo3.png\",\"width\":106,\"height\":116,\"caption\":\"Indien-Haus\"},\"image\":{\"@id\":\"https:\/\/www.indien-haus.de\/shop\/#\/schema\/logo\/image\/\"},\"sameAs\":[\"https:\/\/www.facebook.com\/INDIEN.HAUS.news\",\"https:\/\/twitter.com\/Indien_Haus\",\"https:\/\/www.instagram.com\/indien_haus_mainz\/\",\"https:\/\/www.pinterest.de\/indienhaus\/\",\"https:\/\/www.youtube.com\/user\/IndienHaus\"]}]}<\/script>\n<!-- \/ Yoast SEO plugin. -->","yoast_head_json":{"title":"R\u00e4ucherst\u00e4bchen gelb Solarplexus-Chakra Manipura - #Indien-Haus","description":"R\u00e4ucherst\u00e4bchen gelb Solarplexus-Chakra Manipura Natural Premium Incense Sticks - handgerollt in Indien. Inhalt: 15 g ca. 15 St\u00e4bchen","robots":{"index":"index","follow":"follow","max-snippet":"max-snippet:-1","max-image-preview":"max-image-preview:large","max-video-preview":"max-video-preview:-1"},"canonical":"https:\/\/www.indien-haus.de\/shop\/produkt\/raeucherstaebchen-gelb-solarplexus-chakra-manipura\/","twitter_card":"summary_large_image","twitter_title":"R\u00e4ucherst\u00e4bchen gelb Solarplexus-Chakra Manipura - #Indien-Haus","twitter_description":"R\u00e4ucherst\u00e4bchen gelb Solarplexus-Chakra Manipura Natural Premium Incense Sticks - handgerollt in Indien. Inhalt: 15 g ca. 15 St\u00e4bchen","twitter_image":"https:\/\/www.indien-haus.de\/wp-content\/uploads\/2023\/07\/RU08716-5.jpg","twitter_site":"@Indien_Haus","twitter_misc":{"Gesch\u00e4tzte Lesezeit":"1\u00a0Minute"},"schema":{"@context":"https:\/\/schema.org","@graph":[{"@type":"WebPage","@id":"https:\/\/www.indien-haus.de\/shop\/produkt\/raeucherstaebchen-gelb-solarplexus-chakra-manipura\/","url":"https:\/\/www.indien-haus.de\/shop\/produkt\/raeucherstaebchen-gelb-solarplexus-chakra-manipura\/","name":"R\u00e4ucherst\u00e4bchen gelb Solarplexus-Chakra Manipura - #Indien-Haus","isPartOf":{"@id":"https:\/\/www.indien-haus.de\/shop\/#website"},"datePublished":"2024-08-10T11:30:49+00:00","dateModified":"2026-03-20T14:04:00+00:00","description":"R\u00e4ucherst\u00e4bchen gelb Solarplexus-Chakra Manipura Natural Premium Incense Sticks - handgerollt in Indien. Inhalt: 15 g ca. 15 St\u00e4bchen","breadcrumb":{"@id":"https:\/\/www.indien-haus.de\/shop\/produkt\/raeucherstaebchen-gelb-solarplexus-chakra-manipura\/#breadcrumb"},"inLanguage":"de","potentialAction":[{"@type":"ReadAction","target":["https:\/\/www.indien-haus.de\/shop\/produkt\/raeucherstaebchen-gelb-solarplexus-chakra-manipura\/"]}]},{"@type":"BreadcrumbList","@id":"https:\/\/www.indien-haus.de\/shop\/produkt\/raeucherstaebchen-gelb-solarplexus-chakra-manipura\/#breadcrumb","itemListElement":[{"@type":"ListItem","position":1,"name":"Startseite","item":"https:\/\/www.indien-haus.de\/shop\/start\/"},{"@type":"ListItem","position":2,"name":"Shop","item":"https:\/\/www.indien-haus.de\/shop\/shop\/"},{"@type":"ListItem","position":3,"name":"R\u00e4ucherst\u00e4bchen gelb Solarplexus-Chakra Manipura"}]},{"@type":"WebSite","@id":"https:\/\/www.indien-haus.de\/shop\/#website","url":"https:\/\/www.indien-haus.de\/shop\/","name":"Indien-Haus","description":"M\u00f6bel &amp; Lampen &amp; Accessoires aus Asien in Mainz","publisher":{"@id":"https:\/\/www.indien-haus.de\/shop\/#organization"},"potentialAction":[{"@type":"SearchAction","target":{"@type":"EntryPoint","urlTemplate":"https:\/\/www.indien-haus.de\/shop\/?s={search_term_string}"},"query-input":"required name=search_term_string"}],"inLanguage":"de"},{"@type":"Organization","@id":"https:\/\/www.indien-haus.de\/shop\/#organization","name":"Indien-Haus","url":"https:\/\/www.indien-haus.de\/shop\/","logo":{"@type":"ImageObject","inLanguage":"de","@id":"https:\/\/www.indien-haus.de\/shop\/#\/schema\/logo\/image\/","url":"https:\/\/www.indien-haus.de\/wp-content\/uploads\/2014\/03\/indien-haus-logo3.png","contentUrl":"https:\/\/www.indien-haus.de\/wp-content\/uploads\/2014\/03\/indien-haus-logo3.png","width":106,"height":116,"caption":"Indien-Haus"},"image":{"@id":"https:\/\/www.indien-haus.de\/shop\/#\/schema\/logo\/image\/"},"sameAs":["https:\/\/www.facebook.com\/INDIEN.HAUS.news","https:\/\/twitter.com\/Indien_Haus","https:\/\/www.instagram.com\/indien_haus_mainz\/","https:\/\/www.pinterest.de\/indienhaus\/","https:\/\/www.youtube.com\/user\/IndienHaus"]}]}},"_links":{"self":[{"href":"https:\/\/www.indien-haus.de\/shop\/wp-json\/wp\/v2\/product\/115699"}],"collection":[{"href":"https:\/\/www.indien-haus.de\/shop\/wp-json\/wp\/v2\/product"}],"about":[{"href":"https:\/\/www.indien-haus.de\/shop\/wp-json\/wp\/v2\/types\/product"}],"replies":[{"embeddable":true,"href":"https:\/\/www.indien-haus.de\/shop\/wp-json\/wp\/v2\/comments?post=115699"}],"wp:featuredmedia":[{"embeddable":true,"href":"https:\/\/www.indien-haus.de\/shop\/wp-json\/wp\/v2\/media\/115683"}],"wp:attachment":[{"href":"https:\/\/www.indien-haus.de\/shop\/wp-json\/wp\/v2\/media?parent=115699"}],"wp:term":[{"taxonomy":"product_cat","embeddable":true,"href":"https:\/\/www.indien-haus.de\/shop\/wp-json\/wp\/v2\/product_cat?post=115699"},{"taxonomy":"product_tag","embeddable":true,"href":"https:\/\/www.indien-haus.de\/shop\/wp-json\/wp\/v2\/product_tag?post=115699"}],"curies":[{"name":"wp","href":"https:\/\/api.w.org\/{rel}","templated":true}]}}