{"id":116241,"date":"2025-10-02T14:48:33","date_gmt":"2025-10-02T13:48:33","guid":{"rendered":"https:\/\/www.indien-haus.de\/shop\/?post_type=product&#038;p=116241"},"modified":"2025-10-02T15:00:51","modified_gmt":"2025-10-02T14:00:51","slug":"esszimmerstuhl-mit-armlehnen-mit-microfaser-bezug-in-3-farben-erhaeltlich","status":"publish","type":"product","link":"https:\/\/www.indien-haus.de\/shop\/produkt\/esszimmerstuhl-mit-armlehnen-mit-microfaser-bezug-in-3-farben-erhaeltlich\/","title":{"rendered":"Esszimmerstuhl mit Armlehnen mit Microfaser Bezug in 3 Farben erh\u00e4ltlich"},"content":{"rendered":"","protected":false},"excerpt":{"rendered":"<ul data-start=\"84\" data-end=\"642\">\n<li data-start=\"84\" data-end=\"188\">\n<p data-start=\"86\" data-end=\"188\"><strong data-start=\"86\" data-end=\"118\">Esszimmerstuhl mit Armlehnen<\/strong> \u2013 stilvoller Komfort f\u00fcr lange Dinner-Abende oder gem\u00fctliche Runden<\/p>\n<\/li>\n<li data-start=\"189\" data-end=\"299\">\n<p data-start=\"191\" data-end=\"299\"><strong data-start=\"191\" data-end=\"231\">Klassisches Design mit moderner Note<\/strong> \u2013 zeitlos und elegant, ideal f\u00fcr Esszimmer, K\u00fcche oder Wohnzimmer<\/p>\n<\/li>\n<li data-start=\"300\" data-end=\"387\">\n<p data-start=\"302\" data-end=\"387\"><strong data-start=\"302\" data-end=\"334\">Hochwertiger Mikrofaserbezug<\/strong> \u2013 angenehm weich, strapazierf\u00e4hig und pflegeleicht<\/p>\n<\/li>\n<li data-start=\"388\" data-end=\"470\">\n<p data-start=\"390\" data-end=\"470\"><strong data-start=\"390\" data-end=\"429\">Attraktive Rautenziernaht im R\u00fccken<\/strong> \u2013 edles Detail f\u00fcr eine elegante Optik<\/p>\n<\/li>\n<li data-start=\"471\" data-end=\"557\">\n<p data-start=\"473\" data-end=\"557\"><strong data-start=\"473\" data-end=\"508\">Stabiles schwarzes Stahlgestell<\/strong> \u2013 sorgt f\u00fcr sicheren Stand und moderne Akzente<\/p>\n<\/li>\n<li data-start=\"558\" data-end=\"642\">\n<p data-start=\"560\" data-end=\"642\"><strong data-start=\"560\" data-end=\"586\">In 3 Farben erh\u00e4ltlich<\/strong> \u2013 perfekt kombinierbar f\u00fcr unterschiedliche Wohnstile<\/p>\n<\/li>\n<\/ul>\n<p data-start=\"644\" data-end=\"727\">\ud83d\udc49 Eleganz, Komfort und Qualit\u00e4t vereint \u2013 der ideale Stuhl f\u00fcr Ihren Essbereich.<\/p>\n","protected":false},"featured_media":116228,"comment_status":"closed","ping_status":"closed","template":"","meta":[],"product_cat":[6674],"product_tag":[],"yoast_head":"<!-- This site is optimized with the Yoast SEO plugin v22.0 - https:\/\/yoast.com\/wordpress\/plugins\/seo\/ -->\n<title>Esszimmerstuhl mit Armlehnen mit Microfaser Bezug in 3 Farben erh\u00e4ltlich - #Indien-Haus<\/title>\n<meta name=\"description\" content=\"Stuhl Esszimmerstuhl Microfaserstoff Rautenmuster im R\u00fccken Stahlgestell Armlehnstuhl 3 Farben verf\u00fcgbar leichte Variante Cognac Anthrazit Gr\u00fcn\" \/>\n<meta name=\"robots\" content=\"index, follow, max-snippet:-1, max-image-preview:large, max-video-preview:-1\" \/>\n<link rel=\"canonical\" href=\"https:\/\/www.indien-haus.de\/shop\/produkt\/esszimmerstuhl-mit-armlehnen-mit-microfaser-bezug-in-3-farben-erhaeltlich\/\" \/>\n<meta name=\"twitter:card\" content=\"summary_large_image\" \/>\n<meta name=\"twitter:title\" content=\"Esszimmerstuhl mit Armlehnen mit Microfaser Bezug in 3 Farben erh\u00e4ltlich - #Indien-Haus\" \/>\n<meta name=\"twitter:description\" content=\"Stuhl Esszimmerstuhl Microfaserstoff Rautenmuster im R\u00fccken Stahlgestell Armlehnstuhl 3 Farben verf\u00fcgbar leichte Variante Cognac Anthrazit Gr\u00fcn\" \/>\n<meta name=\"twitter:image\" content=\"https:\/\/www.indien-haus.de\/wp-content\/uploads\/2025\/09\/IH08833.jpeg\" \/>\n<meta name=\"twitter:site\" content=\"@Indien_Haus\" \/>\n<meta name=\"twitter:label1\" content=\"Gesch\u00e4tzte Lesezeit\" \/>\n\t<meta name=\"twitter:data1\" content=\"1\u00a0Minute\" \/>\n<script type=\"application\/ld+json\" class=\"yoast-schema-graph\">{\"@context\":\"https:\/\/schema.org\",\"@graph\":[{\"@type\":\"WebPage\",\"@id\":\"https:\/\/www.indien-haus.de\/shop\/produkt\/esszimmerstuhl-mit-armlehnen-mit-microfaser-bezug-in-3-farben-erhaeltlich\/\",\"url\":\"https:\/\/www.indien-haus.de\/shop\/produkt\/esszimmerstuhl-mit-armlehnen-mit-microfaser-bezug-in-3-farben-erhaeltlich\/\",\"name\":\"Esszimmerstuhl mit Armlehnen mit Microfaser Bezug in 3 Farben erh\u00e4ltlich - #Indien-Haus\",\"isPartOf\":{\"@id\":\"https:\/\/www.indien-haus.de\/shop\/#website\"},\"datePublished\":\"2025-10-02T13:48:33+00:00\",\"dateModified\":\"2025-10-02T14:00:51+00:00\",\"description\":\"Stuhl Esszimmerstuhl Microfaserstoff Rautenmuster im R\u00fccken Stahlgestell Armlehnstuhl 3 Farben verf\u00fcgbar leichte Variante Cognac Anthrazit Gr\u00fcn\",\"breadcrumb\":{\"@id\":\"https:\/\/www.indien-haus.de\/shop\/produkt\/esszimmerstuhl-mit-armlehnen-mit-microfaser-bezug-in-3-farben-erhaeltlich\/#breadcrumb\"},\"inLanguage\":\"de\",\"potentialAction\":[{\"@type\":\"ReadAction\",\"target\":[\"https:\/\/www.indien-haus.de\/shop\/produkt\/esszimmerstuhl-mit-armlehnen-mit-microfaser-bezug-in-3-farben-erhaeltlich\/\"]}]},{\"@type\":\"BreadcrumbList\",\"@id\":\"https:\/\/www.indien-haus.de\/shop\/produkt\/esszimmerstuhl-mit-armlehnen-mit-microfaser-bezug-in-3-farben-erhaeltlich\/#breadcrumb\",\"itemListElement\":[{\"@type\":\"ListItem\",\"position\":1,\"name\":\"Startseite\",\"item\":\"https:\/\/www.indien-haus.de\/shop\/start\/\"},{\"@type\":\"ListItem\",\"position\":2,\"name\":\"Shop\",\"item\":\"https:\/\/www.indien-haus.de\/shop\/shop\/\"},{\"@type\":\"ListItem\",\"position\":3,\"name\":\"Esszimmerstuhl mit Armlehnen mit Microfaser Bezug in 3 Farben erh\u00e4ltlich\"}]},{\"@type\":\"WebSite\",\"@id\":\"https:\/\/www.indien-haus.de\/shop\/#website\",\"url\":\"https:\/\/www.indien-haus.de\/shop\/\",\"name\":\"Indien-Haus\",\"description\":\"M\u00f6bel &amp; Lampen &amp; Accessoires aus Asien in Mainz\",\"publisher\":{\"@id\":\"https:\/\/www.indien-haus.de\/shop\/#organization\"},\"potentialAction\":[{\"@type\":\"SearchAction\",\"target\":{\"@type\":\"EntryPoint\",\"urlTemplate\":\"https:\/\/www.indien-haus.de\/shop\/?s={search_term_string}\"},\"query-input\":\"required name=search_term_string\"}],\"inLanguage\":\"de\"},{\"@type\":\"Organization\",\"@id\":\"https:\/\/www.indien-haus.de\/shop\/#organization\",\"name\":\"Indien-Haus\",\"url\":\"https:\/\/www.indien-haus.de\/shop\/\",\"logo\":{\"@type\":\"ImageObject\",\"inLanguage\":\"de\",\"@id\":\"https:\/\/www.indien-haus.de\/shop\/#\/schema\/logo\/image\/\",\"url\":\"https:\/\/www.indien-haus.de\/wp-content\/uploads\/2014\/03\/indien-haus-logo3.png\",\"contentUrl\":\"https:\/\/www.indien-haus.de\/wp-content\/uploads\/2014\/03\/indien-haus-logo3.png\",\"width\":106,\"height\":116,\"caption\":\"Indien-Haus\"},\"image\":{\"@id\":\"https:\/\/www.indien-haus.de\/shop\/#\/schema\/logo\/image\/\"},\"sameAs\":[\"https:\/\/www.facebook.com\/INDIEN.HAUS.news\",\"https:\/\/twitter.com\/Indien_Haus\",\"https:\/\/www.instagram.com\/indien_haus_mainz\/\",\"https:\/\/www.pinterest.de\/indienhaus\/\",\"https:\/\/www.youtube.com\/user\/IndienHaus\"]}]}<\/script>\n<!-- \/ Yoast SEO plugin. -->","yoast_head_json":{"title":"Esszimmerstuhl mit Armlehnen mit Microfaser Bezug in 3 Farben erh\u00e4ltlich - #Indien-Haus","description":"Stuhl Esszimmerstuhl Microfaserstoff Rautenmuster im R\u00fccken Stahlgestell Armlehnstuhl 3 Farben verf\u00fcgbar leichte Variante Cognac Anthrazit Gr\u00fcn","robots":{"index":"index","follow":"follow","max-snippet":"max-snippet:-1","max-image-preview":"max-image-preview:large","max-video-preview":"max-video-preview:-1"},"canonical":"https:\/\/www.indien-haus.de\/shop\/produkt\/esszimmerstuhl-mit-armlehnen-mit-microfaser-bezug-in-3-farben-erhaeltlich\/","twitter_card":"summary_large_image","twitter_title":"Esszimmerstuhl mit Armlehnen mit Microfaser Bezug in 3 Farben erh\u00e4ltlich - #Indien-Haus","twitter_description":"Stuhl Esszimmerstuhl Microfaserstoff Rautenmuster im R\u00fccken Stahlgestell Armlehnstuhl 3 Farben verf\u00fcgbar leichte Variante Cognac Anthrazit Gr\u00fcn","twitter_image":"https:\/\/www.indien-haus.de\/wp-content\/uploads\/2025\/09\/IH08833.jpeg","twitter_site":"@Indien_Haus","twitter_misc":{"Gesch\u00e4tzte Lesezeit":"1\u00a0Minute"},"schema":{"@context":"https:\/\/schema.org","@graph":[{"@type":"WebPage","@id":"https:\/\/www.indien-haus.de\/shop\/produkt\/esszimmerstuhl-mit-armlehnen-mit-microfaser-bezug-in-3-farben-erhaeltlich\/","url":"https:\/\/www.indien-haus.de\/shop\/produkt\/esszimmerstuhl-mit-armlehnen-mit-microfaser-bezug-in-3-farben-erhaeltlich\/","name":"Esszimmerstuhl mit Armlehnen mit Microfaser Bezug in 3 Farben erh\u00e4ltlich - #Indien-Haus","isPartOf":{"@id":"https:\/\/www.indien-haus.de\/shop\/#website"},"datePublished":"2025-10-02T13:48:33+00:00","dateModified":"2025-10-02T14:00:51+00:00","description":"Stuhl Esszimmerstuhl Microfaserstoff Rautenmuster im R\u00fccken Stahlgestell Armlehnstuhl 3 Farben verf\u00fcgbar leichte Variante Cognac Anthrazit Gr\u00fcn","breadcrumb":{"@id":"https:\/\/www.indien-haus.de\/shop\/produkt\/esszimmerstuhl-mit-armlehnen-mit-microfaser-bezug-in-3-farben-erhaeltlich\/#breadcrumb"},"inLanguage":"de","potentialAction":[{"@type":"ReadAction","target":["https:\/\/www.indien-haus.de\/shop\/produkt\/esszimmerstuhl-mit-armlehnen-mit-microfaser-bezug-in-3-farben-erhaeltlich\/"]}]},{"@type":"BreadcrumbList","@id":"https:\/\/www.indien-haus.de\/shop\/produkt\/esszimmerstuhl-mit-armlehnen-mit-microfaser-bezug-in-3-farben-erhaeltlich\/#breadcrumb","itemListElement":[{"@type":"ListItem","position":1,"name":"Startseite","item":"https:\/\/www.indien-haus.de\/shop\/start\/"},{"@type":"ListItem","position":2,"name":"Shop","item":"https:\/\/www.indien-haus.de\/shop\/shop\/"},{"@type":"ListItem","position":3,"name":"Esszimmerstuhl mit Armlehnen mit Microfaser Bezug in 3 Farben erh\u00e4ltlich"}]},{"@type":"WebSite","@id":"https:\/\/www.indien-haus.de\/shop\/#website","url":"https:\/\/www.indien-haus.de\/shop\/","name":"Indien-Haus","description":"M\u00f6bel &amp; Lampen &amp; Accessoires aus Asien in Mainz","publisher":{"@id":"https:\/\/www.indien-haus.de\/shop\/#organization"},"potentialAction":[{"@type":"SearchAction","target":{"@type":"EntryPoint","urlTemplate":"https:\/\/www.indien-haus.de\/shop\/?s={search_term_string}"},"query-input":"required name=search_term_string"}],"inLanguage":"de"},{"@type":"Organization","@id":"https:\/\/www.indien-haus.de\/shop\/#organization","name":"Indien-Haus","url":"https:\/\/www.indien-haus.de\/shop\/","logo":{"@type":"ImageObject","inLanguage":"de","@id":"https:\/\/www.indien-haus.de\/shop\/#\/schema\/logo\/image\/","url":"https:\/\/www.indien-haus.de\/wp-content\/uploads\/2014\/03\/indien-haus-logo3.png","contentUrl":"https:\/\/www.indien-haus.de\/wp-content\/uploads\/2014\/03\/indien-haus-logo3.png","width":106,"height":116,"caption":"Indien-Haus"},"image":{"@id":"https:\/\/www.indien-haus.de\/shop\/#\/schema\/logo\/image\/"},"sameAs":["https:\/\/www.facebook.com\/INDIEN.HAUS.news","https:\/\/twitter.com\/Indien_Haus","https:\/\/www.instagram.com\/indien_haus_mainz\/","https:\/\/www.pinterest.de\/indienhaus\/","https:\/\/www.youtube.com\/user\/IndienHaus"]}]}},"_links":{"self":[{"href":"https:\/\/www.indien-haus.de\/shop\/wp-json\/wp\/v2\/product\/116241"}],"collection":[{"href":"https:\/\/www.indien-haus.de\/shop\/wp-json\/wp\/v2\/product"}],"about":[{"href":"https:\/\/www.indien-haus.de\/shop\/wp-json\/wp\/v2\/types\/product"}],"replies":[{"embeddable":true,"href":"https:\/\/www.indien-haus.de\/shop\/wp-json\/wp\/v2\/comments?post=116241"}],"wp:featuredmedia":[{"embeddable":true,"href":"https:\/\/www.indien-haus.de\/shop\/wp-json\/wp\/v2\/media\/116228"}],"wp:attachment":[{"href":"https:\/\/www.indien-haus.de\/shop\/wp-json\/wp\/v2\/media?parent=116241"}],"wp:term":[{"taxonomy":"product_cat","embeddable":true,"href":"https:\/\/www.indien-haus.de\/shop\/wp-json\/wp\/v2\/product_cat?post=116241"},{"taxonomy":"product_tag","embeddable":true,"href":"https:\/\/www.indien-haus.de\/shop\/wp-json\/wp\/v2\/product_tag?post=116241"}],"curies":[{"name":"wp","href":"https:\/\/api.w.org\/{rel}","templated":true}]}}