{"id":23227,"date":"2017-02-02T11:18:11","date_gmt":"2017-02-02T10:18:11","guid":{"rendered":"https:\/\/www.indien-haus.de\/produkt\/tasseln-quasten-2\/"},"modified":"2026-02-26T16:42:33","modified_gmt":"2026-02-26T15:42:33","slug":"muscheltasseln-muschelquasten-2er-set-gruenlich-klein","status":"publish","type":"product","link":"https:\/\/www.indien-haus.de\/shop\/produkt\/muscheltasseln-muschelquasten-2er-set-gruenlich-klein\/","title":{"rendered":"Muscheltasseln \/ Muschelquasten 2er-Set, gr\u00fcnlich klein"},"content":{"rendered":"","protected":false},"excerpt":{"rendered":"<p>Muscheltasseln \/ Muschelquasten 2er-Set, gr\u00fcnlich klein mit kleinen gr\u00fcnlichen Muscheln. Zum wegbinden von Vorh\u00e4ngen und Gardinen.<\/p>\n<p>Die Tasseln sind auch f\u00fcr die Betthimmel unserer Himmelbetten geeignet.<\/p>\n<p>Auch sehr sch\u00f6n als Dekoration im Garten oder auf dem Balkon &#8211; so kommt gleich Karibik-Feeling auf.<\/p>\n<p>Eine\u00a0Quaste, seltener Quoddel oder Quaddel, auch Troddel, ist ein h\u00e4ngendes B\u00fcndel von F\u00e4den oder Kordeln, am oberen Ende oft begrenzt durch einen Knoten oder eine Zierperle. Die Form ist b\u00fcschelartig und erinnert an einen Pinsel.<\/p>\n","protected":false},"featured_media":23209,"comment_status":"closed","ping_status":"closed","template":"","meta":[],"product_cat":[70],"product_tag":[2089,2267],"yoast_head":"<!-- This site is optimized with the Yoast SEO plugin v22.0 - https:\/\/yoast.com\/wordpress\/plugins\/seo\/ -->\n<title>Muscheltasseln \/ Muschelquasten 2er-Set, gr\u00fcnlich klein - #Indien-Haus<\/title>\n<meta name=\"description\" content=\"Muscheltasseln \/ Muschelquasten 2er-Set, gr\u00fcnlich klein mit kleinen Muscheln. Zum wegbinden von Vorh\u00e4ngen &amp; Gardinen.......\" \/>\n<meta name=\"robots\" content=\"index, follow, max-snippet:-1, max-image-preview:large, max-video-preview:-1\" \/>\n<link rel=\"canonical\" href=\"https:\/\/www.indien-haus.de\/shop\/produkt\/muscheltasseln-muschelquasten-2er-set-gruenlich-klein\/\" \/>\n<meta name=\"twitter:card\" content=\"summary_large_image\" \/>\n<meta name=\"twitter:title\" content=\"Muscheltasseln \/ Muschelquasten 2er-Set, gr\u00fcnlich klein - #Indien-Haus\" \/>\n<meta name=\"twitter:description\" content=\"Muscheltasseln \/ Muschelquasten 2er-Set, gr\u00fcnlich klein mit kleinen Muscheln. Zum wegbinden von Vorh\u00e4ngen &amp; Gardinen.......\" \/>\n<meta name=\"twitter:image\" content=\"https:\/\/www.indien-haus.de\/wp-content\/uploads\/2017\/02\/JN21721-02-7pc.jpg\" \/>\n<meta name=\"twitter:site\" content=\"@Indien_Haus\" \/>\n<meta name=\"twitter:label1\" content=\"Gesch\u00e4tzte Lesezeit\" \/>\n\t<meta name=\"twitter:data1\" content=\"1\u00a0Minute\" \/>\n<script type=\"application\/ld+json\" class=\"yoast-schema-graph\">{\"@context\":\"https:\/\/schema.org\",\"@graph\":[{\"@type\":\"WebPage\",\"@id\":\"https:\/\/www.indien-haus.de\/shop\/produkt\/muscheltasseln-muschelquasten-2er-set-gruenlich-klein\/\",\"url\":\"https:\/\/www.indien-haus.de\/shop\/produkt\/muscheltasseln-muschelquasten-2er-set-gruenlich-klein\/\",\"name\":\"Muscheltasseln \/ Muschelquasten 2er-Set, gr\u00fcnlich klein - #Indien-Haus\",\"isPartOf\":{\"@id\":\"https:\/\/www.indien-haus.de\/shop\/#website\"},\"datePublished\":\"2017-02-02T10:18:11+00:00\",\"dateModified\":\"2026-02-26T15:42:33+00:00\",\"description\":\"Muscheltasseln \/ Muschelquasten 2er-Set, gr\u00fcnlich klein mit kleinen Muscheln. Zum wegbinden von Vorh\u00e4ngen & Gardinen.......\",\"breadcrumb\":{\"@id\":\"https:\/\/www.indien-haus.de\/shop\/produkt\/muscheltasseln-muschelquasten-2er-set-gruenlich-klein\/#breadcrumb\"},\"inLanguage\":\"de\",\"potentialAction\":[{\"@type\":\"ReadAction\",\"target\":[\"https:\/\/www.indien-haus.de\/shop\/produkt\/muscheltasseln-muschelquasten-2er-set-gruenlich-klein\/\"]}]},{\"@type\":\"BreadcrumbList\",\"@id\":\"https:\/\/www.indien-haus.de\/shop\/produkt\/muscheltasseln-muschelquasten-2er-set-gruenlich-klein\/#breadcrumb\",\"itemListElement\":[{\"@type\":\"ListItem\",\"position\":1,\"name\":\"Startseite\",\"item\":\"https:\/\/www.indien-haus.de\/shop\/start\/\"},{\"@type\":\"ListItem\",\"position\":2,\"name\":\"Shop\",\"item\":\"https:\/\/www.indien-haus.de\/shop\/shop\/\"},{\"@type\":\"ListItem\",\"position\":3,\"name\":\"Muscheltasseln \/ Muschelquasten 2er-Set, gr\u00fcnlich klein\"}]},{\"@type\":\"WebSite\",\"@id\":\"https:\/\/www.indien-haus.de\/shop\/#website\",\"url\":\"https:\/\/www.indien-haus.de\/shop\/\",\"name\":\"Indien-Haus\",\"description\":\"M\u00f6bel &amp; Lampen &amp; Accessoires aus Asien in Mainz\",\"publisher\":{\"@id\":\"https:\/\/www.indien-haus.de\/shop\/#organization\"},\"potentialAction\":[{\"@type\":\"SearchAction\",\"target\":{\"@type\":\"EntryPoint\",\"urlTemplate\":\"https:\/\/www.indien-haus.de\/shop\/?s={search_term_string}\"},\"query-input\":\"required name=search_term_string\"}],\"inLanguage\":\"de\"},{\"@type\":\"Organization\",\"@id\":\"https:\/\/www.indien-haus.de\/shop\/#organization\",\"name\":\"Indien-Haus\",\"url\":\"https:\/\/www.indien-haus.de\/shop\/\",\"logo\":{\"@type\":\"ImageObject\",\"inLanguage\":\"de\",\"@id\":\"https:\/\/www.indien-haus.de\/shop\/#\/schema\/logo\/image\/\",\"url\":\"https:\/\/www.indien-haus.de\/wp-content\/uploads\/2014\/03\/indien-haus-logo3.png\",\"contentUrl\":\"https:\/\/www.indien-haus.de\/wp-content\/uploads\/2014\/03\/indien-haus-logo3.png\",\"width\":106,\"height\":116,\"caption\":\"Indien-Haus\"},\"image\":{\"@id\":\"https:\/\/www.indien-haus.de\/shop\/#\/schema\/logo\/image\/\"},\"sameAs\":[\"https:\/\/www.facebook.com\/INDIEN.HAUS.news\",\"https:\/\/twitter.com\/Indien_Haus\",\"https:\/\/www.instagram.com\/indien_haus_mainz\/\",\"https:\/\/www.pinterest.de\/indienhaus\/\",\"https:\/\/www.youtube.com\/user\/IndienHaus\"]}]}<\/script>\n<!-- \/ Yoast SEO plugin. -->","yoast_head_json":{"title":"Muscheltasseln \/ Muschelquasten 2er-Set, gr\u00fcnlich klein - #Indien-Haus","description":"Muscheltasseln \/ Muschelquasten 2er-Set, gr\u00fcnlich klein mit kleinen Muscheln. Zum wegbinden von Vorh\u00e4ngen & Gardinen.......","robots":{"index":"index","follow":"follow","max-snippet":"max-snippet:-1","max-image-preview":"max-image-preview:large","max-video-preview":"max-video-preview:-1"},"canonical":"https:\/\/www.indien-haus.de\/shop\/produkt\/muscheltasseln-muschelquasten-2er-set-gruenlich-klein\/","twitter_card":"summary_large_image","twitter_title":"Muscheltasseln \/ Muschelquasten 2er-Set, gr\u00fcnlich klein - #Indien-Haus","twitter_description":"Muscheltasseln \/ Muschelquasten 2er-Set, gr\u00fcnlich klein mit kleinen Muscheln. Zum wegbinden von Vorh\u00e4ngen & Gardinen.......","twitter_image":"https:\/\/www.indien-haus.de\/wp-content\/uploads\/2017\/02\/JN21721-02-7pc.jpg","twitter_site":"@Indien_Haus","twitter_misc":{"Gesch\u00e4tzte Lesezeit":"1\u00a0Minute"},"schema":{"@context":"https:\/\/schema.org","@graph":[{"@type":"WebPage","@id":"https:\/\/www.indien-haus.de\/shop\/produkt\/muscheltasseln-muschelquasten-2er-set-gruenlich-klein\/","url":"https:\/\/www.indien-haus.de\/shop\/produkt\/muscheltasseln-muschelquasten-2er-set-gruenlich-klein\/","name":"Muscheltasseln \/ Muschelquasten 2er-Set, gr\u00fcnlich klein - #Indien-Haus","isPartOf":{"@id":"https:\/\/www.indien-haus.de\/shop\/#website"},"datePublished":"2017-02-02T10:18:11+00:00","dateModified":"2026-02-26T15:42:33+00:00","description":"Muscheltasseln \/ Muschelquasten 2er-Set, gr\u00fcnlich klein mit kleinen Muscheln. Zum wegbinden von Vorh\u00e4ngen & Gardinen.......","breadcrumb":{"@id":"https:\/\/www.indien-haus.de\/shop\/produkt\/muscheltasseln-muschelquasten-2er-set-gruenlich-klein\/#breadcrumb"},"inLanguage":"de","potentialAction":[{"@type":"ReadAction","target":["https:\/\/www.indien-haus.de\/shop\/produkt\/muscheltasseln-muschelquasten-2er-set-gruenlich-klein\/"]}]},{"@type":"BreadcrumbList","@id":"https:\/\/www.indien-haus.de\/shop\/produkt\/muscheltasseln-muschelquasten-2er-set-gruenlich-klein\/#breadcrumb","itemListElement":[{"@type":"ListItem","position":1,"name":"Startseite","item":"https:\/\/www.indien-haus.de\/shop\/start\/"},{"@type":"ListItem","position":2,"name":"Shop","item":"https:\/\/www.indien-haus.de\/shop\/shop\/"},{"@type":"ListItem","position":3,"name":"Muscheltasseln \/ Muschelquasten 2er-Set, gr\u00fcnlich klein"}]},{"@type":"WebSite","@id":"https:\/\/www.indien-haus.de\/shop\/#website","url":"https:\/\/www.indien-haus.de\/shop\/","name":"Indien-Haus","description":"M\u00f6bel &amp; Lampen &amp; Accessoires aus Asien in Mainz","publisher":{"@id":"https:\/\/www.indien-haus.de\/shop\/#organization"},"potentialAction":[{"@type":"SearchAction","target":{"@type":"EntryPoint","urlTemplate":"https:\/\/www.indien-haus.de\/shop\/?s={search_term_string}"},"query-input":"required name=search_term_string"}],"inLanguage":"de"},{"@type":"Organization","@id":"https:\/\/www.indien-haus.de\/shop\/#organization","name":"Indien-Haus","url":"https:\/\/www.indien-haus.de\/shop\/","logo":{"@type":"ImageObject","inLanguage":"de","@id":"https:\/\/www.indien-haus.de\/shop\/#\/schema\/logo\/image\/","url":"https:\/\/www.indien-haus.de\/wp-content\/uploads\/2014\/03\/indien-haus-logo3.png","contentUrl":"https:\/\/www.indien-haus.de\/wp-content\/uploads\/2014\/03\/indien-haus-logo3.png","width":106,"height":116,"caption":"Indien-Haus"},"image":{"@id":"https:\/\/www.indien-haus.de\/shop\/#\/schema\/logo\/image\/"},"sameAs":["https:\/\/www.facebook.com\/INDIEN.HAUS.news","https:\/\/twitter.com\/Indien_Haus","https:\/\/www.instagram.com\/indien_haus_mainz\/","https:\/\/www.pinterest.de\/indienhaus\/","https:\/\/www.youtube.com\/user\/IndienHaus"]}]}},"_links":{"self":[{"href":"https:\/\/www.indien-haus.de\/shop\/wp-json\/wp\/v2\/product\/23227"}],"collection":[{"href":"https:\/\/www.indien-haus.de\/shop\/wp-json\/wp\/v2\/product"}],"about":[{"href":"https:\/\/www.indien-haus.de\/shop\/wp-json\/wp\/v2\/types\/product"}],"replies":[{"embeddable":true,"href":"https:\/\/www.indien-haus.de\/shop\/wp-json\/wp\/v2\/comments?post=23227"}],"wp:featuredmedia":[{"embeddable":true,"href":"https:\/\/www.indien-haus.de\/shop\/wp-json\/wp\/v2\/media\/23209"}],"wp:attachment":[{"href":"https:\/\/www.indien-haus.de\/shop\/wp-json\/wp\/v2\/media?parent=23227"}],"wp:term":[{"taxonomy":"product_cat","embeddable":true,"href":"https:\/\/www.indien-haus.de\/shop\/wp-json\/wp\/v2\/product_cat?post=23227"},{"taxonomy":"product_tag","embeddable":true,"href":"https:\/\/www.indien-haus.de\/shop\/wp-json\/wp\/v2\/product_tag?post=23227"}],"curies":[{"name":"wp","href":"https:\/\/api.w.org\/{rel}","templated":true}]}}