{"id":5661,"date":"2015-03-18T10:17:44","date_gmt":"2015-03-18T09:17:44","guid":{"rendered":"https:\/\/www.indien-haus.de\/?post_type=product&#038;p=5661"},"modified":"2026-02-12T18:28:45","modified_gmt":"2026-02-12T17:28:45","slug":"renuwell-moebel-wachs","status":"publish","type":"product","link":"https:\/\/www.indien-haus.de\/shop\/produkt\/renuwell-moebel-wachs\/","title":{"rendered":"Renuwell M\u00f6bel-Wachs"},"content":{"rendered":"","protected":false},"excerpt":{"rendered":"<p>Renuwell M\u00f6bel-Wachs<\/p>\n<p>F\u00fcr alle gewachsten und offenporigen Holzarten<\/p>\n<p>Zum Einwachsen, Reinigen, Auffrischen, Pflegen und Sch\u00fctzen, Farbe: natura-farblos<\/p>\n<ul>\n<li style=\"list-style-type: none\">\n<ul>\n<li>F\u00fcr alle gewachsten und offenporigen Holzarten: Natur, roh, gelaugt, gebeizt, hell und dunkel. F\u00fcr antike und neue M\u00f6bel. Auch geeignet f\u00fcr Stein, Metall, Glattleder, Parkett, Decken- und Wandverkleidungen.<\/li>\n<li>Die Anwendung ist einfach: Das Wachs d\u00fcnn auftragen und trocknen lassen. Mit weichem Lappen nachpolieren. Bei Bedarf Behandlung wiederholen. Bei unbehandelten M\u00f6beln das Wachs gleichm\u00e4ssig und nicht sparsam auftragen und trocknen lassen. Diesen Vorgang einige Male wiederholen.<\/li>\n<li>Die Wirkung: Frischt auf, reinigt, n\u00e4hrt, belebt, pflegt und sch\u00fctzt in einem Arbeitsgang. Ergibt einen warmen, antiken und nat\u00fcrlichen Glanz.<\/li>\n<li>Das Resultat: Die Sch\u00f6nheit des Holzes kommt wieder voll zur Geltung. Es entsteht ein widerstandsf\u00e4higer Oberfl\u00e4chenschutz. Dieser sch\u00fctzt vor Flecken, Fl\u00fcssigkeiten und Austrocknung. Es kann viele Jahre lang immer wieder gewachst und poliert werden. Die vorhandene Schicht wird aufgefrischt und verst\u00e4rkt.<\/li>\n<li>Qualit\u00e4tsprodukt: Hergestellt nach einem altbew\u00e4hrten Rezept. Enth\u00e4lt 100% nat\u00fcrliches Carnauba- und Bienenwachs und weitere bew\u00e4hrte Rohstoffe. Dieses Produkt wurde von Hand gemischt, abgef\u00fcllt und kontrolliert. F\u00fcr Kinderspielzeug geeignet (DIN EN 71-3).<br \/>\nSpeichel- und Schweissechtheit (DIN 53160). Angemeldet beim Bundesamt f\u00fcr Gesundheit, Schweiz.<\/li>\n<li>Empfohlen vom M\u00f6belfachmann!<\/li>\n<\/ul>\n<\/li>\n<\/ul>\n<p>Renuwell M\u00f6bel-Wachs, 500ml, f\u00fcr gewachste &amp; offenporige Holzarten.<\/p>\n<p>Mehr Informationen unter:<br \/>\n<a href=\"http:\/\/www.Renuwell.de\" target=\"_blank\" rel=\"noopener noreferrer\">www.Renuwell.de<\/a><\/p>\n","protected":false},"featured_media":45387,"comment_status":"closed","ping_status":"closed","template":"","meta":[],"product_cat":[70],"product_tag":[2499],"yoast_head":"<!-- This site is optimized with the Yoast SEO plugin v22.0 - https:\/\/yoast.com\/wordpress\/plugins\/seo\/ -->\n<title>Renuwell M\u00f6bel-Wachs - #Indien-Haus<\/title>\n<meta name=\"description\" content=\"Renuwell M\u00f6bel-Wachs F\u00fcr alle gewachsten &amp; offenporigen Holzarten zum Reinigen, Auffrischen, Pflegen &amp; Sch\u00fctzen, Farbe natura-farblos\" \/>\n<meta name=\"robots\" content=\"index, follow, max-snippet:-1, max-image-preview:large, max-video-preview:-1\" \/>\n<link rel=\"canonical\" href=\"https:\/\/www.indien-haus.de\/shop\/produkt\/renuwell-moebel-wachs\/\" \/>\n<meta name=\"twitter:card\" content=\"summary_large_image\" \/>\n<meta name=\"twitter:title\" content=\"Renuwell M\u00f6bel-Wachs - #Indien-Haus\" \/>\n<meta name=\"twitter:description\" content=\"Renuwell M\u00f6bel-Wachs F\u00fcr alle gewachsten &amp; offenporigen Holzarten zum Reinigen, Auffrischen, Pflegen &amp; Sch\u00fctzen, Farbe natura-farblos\" \/>\n<meta name=\"twitter:image\" content=\"https:\/\/www.indien-haus.de\/wp-content\/uploads\/2015\/03\/RW00048.jpg\" \/>\n<meta name=\"twitter:site\" content=\"@Indien_Haus\" \/>\n<script type=\"application\/ld+json\" class=\"yoast-schema-graph\">{\"@context\":\"https:\/\/schema.org\",\"@graph\":[{\"@type\":\"WebPage\",\"@id\":\"https:\/\/www.indien-haus.de\/shop\/produkt\/renuwell-moebel-wachs\/\",\"url\":\"https:\/\/www.indien-haus.de\/shop\/produkt\/renuwell-moebel-wachs\/\",\"name\":\"Renuwell M\u00f6bel-Wachs - #Indien-Haus\",\"isPartOf\":{\"@id\":\"https:\/\/www.indien-haus.de\/shop\/#website\"},\"datePublished\":\"2015-03-18T09:17:44+00:00\",\"dateModified\":\"2026-02-12T17:28:45+00:00\",\"description\":\"Renuwell M\u00f6bel-Wachs F\u00fcr alle gewachsten & offenporigen Holzarten zum Reinigen, Auffrischen, Pflegen & Sch\u00fctzen, Farbe natura-farblos\",\"breadcrumb\":{\"@id\":\"https:\/\/www.indien-haus.de\/shop\/produkt\/renuwell-moebel-wachs\/#breadcrumb\"},\"inLanguage\":\"de\",\"potentialAction\":[{\"@type\":\"ReadAction\",\"target\":[\"https:\/\/www.indien-haus.de\/shop\/produkt\/renuwell-moebel-wachs\/\"]}]},{\"@type\":\"BreadcrumbList\",\"@id\":\"https:\/\/www.indien-haus.de\/shop\/produkt\/renuwell-moebel-wachs\/#breadcrumb\",\"itemListElement\":[{\"@type\":\"ListItem\",\"position\":1,\"name\":\"Startseite\",\"item\":\"https:\/\/www.indien-haus.de\/shop\/start\/\"},{\"@type\":\"ListItem\",\"position\":2,\"name\":\"Shop\",\"item\":\"https:\/\/www.indien-haus.de\/shop\/shop\/\"},{\"@type\":\"ListItem\",\"position\":3,\"name\":\"Renuwell M\u00f6bel-Wachs\"}]},{\"@type\":\"WebSite\",\"@id\":\"https:\/\/www.indien-haus.de\/shop\/#website\",\"url\":\"https:\/\/www.indien-haus.de\/shop\/\",\"name\":\"Indien-Haus\",\"description\":\"M\u00f6bel &amp; Lampen &amp; Accessoires aus Asien in Mainz\",\"publisher\":{\"@id\":\"https:\/\/www.indien-haus.de\/shop\/#organization\"},\"potentialAction\":[{\"@type\":\"SearchAction\",\"target\":{\"@type\":\"EntryPoint\",\"urlTemplate\":\"https:\/\/www.indien-haus.de\/shop\/?s={search_term_string}\"},\"query-input\":\"required name=search_term_string\"}],\"inLanguage\":\"de\"},{\"@type\":\"Organization\",\"@id\":\"https:\/\/www.indien-haus.de\/shop\/#organization\",\"name\":\"Indien-Haus\",\"url\":\"https:\/\/www.indien-haus.de\/shop\/\",\"logo\":{\"@type\":\"ImageObject\",\"inLanguage\":\"de\",\"@id\":\"https:\/\/www.indien-haus.de\/shop\/#\/schema\/logo\/image\/\",\"url\":\"https:\/\/www.indien-haus.de\/wp-content\/uploads\/2014\/03\/indien-haus-logo3.png\",\"contentUrl\":\"https:\/\/www.indien-haus.de\/wp-content\/uploads\/2014\/03\/indien-haus-logo3.png\",\"width\":106,\"height\":116,\"caption\":\"Indien-Haus\"},\"image\":{\"@id\":\"https:\/\/www.indien-haus.de\/shop\/#\/schema\/logo\/image\/\"},\"sameAs\":[\"https:\/\/www.facebook.com\/INDIEN.HAUS.news\",\"https:\/\/twitter.com\/Indien_Haus\",\"https:\/\/www.instagram.com\/indien_haus_mainz\/\",\"https:\/\/www.pinterest.de\/indienhaus\/\",\"https:\/\/www.youtube.com\/user\/IndienHaus\"]}]}<\/script>\n<!-- \/ Yoast SEO plugin. -->","yoast_head_json":{"title":"Renuwell M\u00f6bel-Wachs - #Indien-Haus","description":"Renuwell M\u00f6bel-Wachs F\u00fcr alle gewachsten & offenporigen Holzarten zum Reinigen, Auffrischen, Pflegen & Sch\u00fctzen, Farbe natura-farblos","robots":{"index":"index","follow":"follow","max-snippet":"max-snippet:-1","max-image-preview":"max-image-preview:large","max-video-preview":"max-video-preview:-1"},"canonical":"https:\/\/www.indien-haus.de\/shop\/produkt\/renuwell-moebel-wachs\/","twitter_card":"summary_large_image","twitter_title":"Renuwell M\u00f6bel-Wachs - #Indien-Haus","twitter_description":"Renuwell M\u00f6bel-Wachs F\u00fcr alle gewachsten & offenporigen Holzarten zum Reinigen, Auffrischen, Pflegen & Sch\u00fctzen, Farbe natura-farblos","twitter_image":"https:\/\/www.indien-haus.de\/wp-content\/uploads\/2015\/03\/RW00048.jpg","twitter_site":"@Indien_Haus","schema":{"@context":"https:\/\/schema.org","@graph":[{"@type":"WebPage","@id":"https:\/\/www.indien-haus.de\/shop\/produkt\/renuwell-moebel-wachs\/","url":"https:\/\/www.indien-haus.de\/shop\/produkt\/renuwell-moebel-wachs\/","name":"Renuwell M\u00f6bel-Wachs - #Indien-Haus","isPartOf":{"@id":"https:\/\/www.indien-haus.de\/shop\/#website"},"datePublished":"2015-03-18T09:17:44+00:00","dateModified":"2026-02-12T17:28:45+00:00","description":"Renuwell M\u00f6bel-Wachs F\u00fcr alle gewachsten & offenporigen Holzarten zum Reinigen, Auffrischen, Pflegen & Sch\u00fctzen, Farbe natura-farblos","breadcrumb":{"@id":"https:\/\/www.indien-haus.de\/shop\/produkt\/renuwell-moebel-wachs\/#breadcrumb"},"inLanguage":"de","potentialAction":[{"@type":"ReadAction","target":["https:\/\/www.indien-haus.de\/shop\/produkt\/renuwell-moebel-wachs\/"]}]},{"@type":"BreadcrumbList","@id":"https:\/\/www.indien-haus.de\/shop\/produkt\/renuwell-moebel-wachs\/#breadcrumb","itemListElement":[{"@type":"ListItem","position":1,"name":"Startseite","item":"https:\/\/www.indien-haus.de\/shop\/start\/"},{"@type":"ListItem","position":2,"name":"Shop","item":"https:\/\/www.indien-haus.de\/shop\/shop\/"},{"@type":"ListItem","position":3,"name":"Renuwell M\u00f6bel-Wachs"}]},{"@type":"WebSite","@id":"https:\/\/www.indien-haus.de\/shop\/#website","url":"https:\/\/www.indien-haus.de\/shop\/","name":"Indien-Haus","description":"M\u00f6bel &amp; Lampen &amp; Accessoires aus Asien in Mainz","publisher":{"@id":"https:\/\/www.indien-haus.de\/shop\/#organization"},"potentialAction":[{"@type":"SearchAction","target":{"@type":"EntryPoint","urlTemplate":"https:\/\/www.indien-haus.de\/shop\/?s={search_term_string}"},"query-input":"required name=search_term_string"}],"inLanguage":"de"},{"@type":"Organization","@id":"https:\/\/www.indien-haus.de\/shop\/#organization","name":"Indien-Haus","url":"https:\/\/www.indien-haus.de\/shop\/","logo":{"@type":"ImageObject","inLanguage":"de","@id":"https:\/\/www.indien-haus.de\/shop\/#\/schema\/logo\/image\/","url":"https:\/\/www.indien-haus.de\/wp-content\/uploads\/2014\/03\/indien-haus-logo3.png","contentUrl":"https:\/\/www.indien-haus.de\/wp-content\/uploads\/2014\/03\/indien-haus-logo3.png","width":106,"height":116,"caption":"Indien-Haus"},"image":{"@id":"https:\/\/www.indien-haus.de\/shop\/#\/schema\/logo\/image\/"},"sameAs":["https:\/\/www.facebook.com\/INDIEN.HAUS.news","https:\/\/twitter.com\/Indien_Haus","https:\/\/www.instagram.com\/indien_haus_mainz\/","https:\/\/www.pinterest.de\/indienhaus\/","https:\/\/www.youtube.com\/user\/IndienHaus"]}]}},"_links":{"self":[{"href":"https:\/\/www.indien-haus.de\/shop\/wp-json\/wp\/v2\/product\/5661"}],"collection":[{"href":"https:\/\/www.indien-haus.de\/shop\/wp-json\/wp\/v2\/product"}],"about":[{"href":"https:\/\/www.indien-haus.de\/shop\/wp-json\/wp\/v2\/types\/product"}],"replies":[{"embeddable":true,"href":"https:\/\/www.indien-haus.de\/shop\/wp-json\/wp\/v2\/comments?post=5661"}],"wp:featuredmedia":[{"embeddable":true,"href":"https:\/\/www.indien-haus.de\/shop\/wp-json\/wp\/v2\/media\/45387"}],"wp:attachment":[{"href":"https:\/\/www.indien-haus.de\/shop\/wp-json\/wp\/v2\/media?parent=5661"}],"wp:term":[{"taxonomy":"product_cat","embeddable":true,"href":"https:\/\/www.indien-haus.de\/shop\/wp-json\/wp\/v2\/product_cat?post=5661"},{"taxonomy":"product_tag","embeddable":true,"href":"https:\/\/www.indien-haus.de\/shop\/wp-json\/wp\/v2\/product_tag?post=5661"}],"curies":[{"name":"wp","href":"https:\/\/api.w.org\/{rel}","templated":true}]}}