{"id":56763,"date":"2019-11-12T10:22:45","date_gmt":"2019-11-12T09:22:45","guid":{"rendered":"https:\/\/www.indien-haus.de\/?post_type=product&#038;p=56763"},"modified":"2025-12-14T15:30:19","modified_gmt":"2025-12-14T14:30:19","slug":"annie-sloan-schablone-oak-leaves","status":"publish","type":"product","link":"https:\/\/www.indien-haus.de\/shop\/produkt\/annie-sloan-schablone-oak-leaves\/","title":{"rendered":"Annie Sloan Schablone Oak Leaves"},"content":{"rendered":"","protected":false},"excerpt":{"rendered":"<p>Annie Sloan Schablone Oak Leaves<\/p>\n<p>Eichenbl\u00e4tter ist ein Design, das seit Jahren bei Annie ist. Inspiriert von der Eleganz des franz\u00f6sischen Landes, eignet sich diese Schablone hervorragend f\u00fcr W\u00e4nde und kann als eigenst\u00e4ndiges Design, als Musterwiederholung oder als Bord\u00fcrendesign verwendet werden. Mit der von Ihnen gew\u00e4hlten Farbe Chalk Paint\u00ae und einer Schaumrolle oder einem Schablonenpinsel auftragen.<\/p>\n<p>Design: 273 mm Breite x 130 mm H\u00f6he, Gesamtfl\u00e4che: 355 cm2, Umschlaggr\u00f6\u00dfe: A3<\/p>\n<p>Annies Schablonen sind aus einem haltbaren, waschbaren, semitransparenten Kunststoff (250 Mikron\/10 mil Mylar) hergestellt, was sie f\u00fcr mehrere Projekte wiederverwendbar macht. Tragen Sie Ihr Schablonenmuster entweder mit einer Schaumstoffrolle oder einem Schablonierpinsel auf. Kleben Sie die Schablone dabei mit Klebeband fest, um das Auftragen zu erleichtern. Weitere Anweisungen und Ideen finden Sie auf der Verpackung.<\/p>\n<p><strong>Reinigung<\/strong>: Weichen Sie Ihre Schablone zur Reinigung in warmem Seifenwasser ein und reiben Sie die Farbe sanft ab, ohne dabei zu sehr zu reiben.<\/p>\n","protected":false},"featured_media":56764,"comment_status":"closed","ping_status":"closed","template":"","meta":[],"product_cat":[4456],"product_tag":[4365],"yoast_head":"<!-- This site is optimized with the Yoast SEO plugin v22.0 - https:\/\/yoast.com\/wordpress\/plugins\/seo\/ -->\n<title>Annie Sloan Schablone Oak Leaves - #Indien-Haus<\/title>\n<meta name=\"description\" content=\"Annie Sloan Schablone Oak Leaves Inspiriert von der Eleganz des franz\u00f6sischen Landes, eignet sich diese Schablone hervorragend f\u00fcr W\u00e4nde\" \/>\n<meta name=\"robots\" content=\"index, follow, max-snippet:-1, max-image-preview:large, max-video-preview:-1\" \/>\n<link rel=\"canonical\" href=\"https:\/\/www.indien-haus.de\/shop\/produkt\/annie-sloan-schablone-oak-leaves\/\" \/>\n<meta name=\"twitter:card\" content=\"summary_large_image\" \/>\n<meta name=\"twitter:title\" content=\"Annie Sloan Schablone Oak Leaves - #Indien-Haus\" \/>\n<meta name=\"twitter:description\" content=\"Annie Sloan Schablone Oak Leaves Inspiriert von der Eleganz des franz\u00f6sischen Landes, eignet sich diese Schablone hervorragend f\u00fcr W\u00e4nde\" \/>\n<meta name=\"twitter:image\" content=\"https:\/\/www.indien-haus.de\/wp-content\/uploads\/2019\/11\/AS05583-oak-leaves.jpg\" \/>\n<meta name=\"twitter:site\" content=\"@Indien_Haus\" \/>\n<script type=\"application\/ld+json\" class=\"yoast-schema-graph\">{\"@context\":\"https:\/\/schema.org\",\"@graph\":[{\"@type\":\"WebPage\",\"@id\":\"https:\/\/www.indien-haus.de\/shop\/produkt\/annie-sloan-schablone-oak-leaves\/\",\"url\":\"https:\/\/www.indien-haus.de\/shop\/produkt\/annie-sloan-schablone-oak-leaves\/\",\"name\":\"Annie Sloan Schablone Oak Leaves - #Indien-Haus\",\"isPartOf\":{\"@id\":\"https:\/\/www.indien-haus.de\/shop\/#website\"},\"datePublished\":\"2019-11-12T09:22:45+00:00\",\"dateModified\":\"2025-12-14T14:30:19+00:00\",\"description\":\"Annie Sloan Schablone Oak Leaves Inspiriert von der Eleganz des franz\u00f6sischen Landes, eignet sich diese Schablone hervorragend f\u00fcr W\u00e4nde\",\"breadcrumb\":{\"@id\":\"https:\/\/www.indien-haus.de\/shop\/produkt\/annie-sloan-schablone-oak-leaves\/#breadcrumb\"},\"inLanguage\":\"de\",\"potentialAction\":[{\"@type\":\"ReadAction\",\"target\":[\"https:\/\/www.indien-haus.de\/shop\/produkt\/annie-sloan-schablone-oak-leaves\/\"]}]},{\"@type\":\"BreadcrumbList\",\"@id\":\"https:\/\/www.indien-haus.de\/shop\/produkt\/annie-sloan-schablone-oak-leaves\/#breadcrumb\",\"itemListElement\":[{\"@type\":\"ListItem\",\"position\":1,\"name\":\"Startseite\",\"item\":\"https:\/\/www.indien-haus.de\/shop\/start\/\"},{\"@type\":\"ListItem\",\"position\":2,\"name\":\"Shop\",\"item\":\"https:\/\/www.indien-haus.de\/shop\/shop\/\"},{\"@type\":\"ListItem\",\"position\":3,\"name\":\"Annie Sloan Schablone Oak Leaves\"}]},{\"@type\":\"WebSite\",\"@id\":\"https:\/\/www.indien-haus.de\/shop\/#website\",\"url\":\"https:\/\/www.indien-haus.de\/shop\/\",\"name\":\"Indien-Haus\",\"description\":\"M\u00f6bel &amp; Lampen &amp; Accessoires aus Asien in Mainz\",\"publisher\":{\"@id\":\"https:\/\/www.indien-haus.de\/shop\/#organization\"},\"potentialAction\":[{\"@type\":\"SearchAction\",\"target\":{\"@type\":\"EntryPoint\",\"urlTemplate\":\"https:\/\/www.indien-haus.de\/shop\/?s={search_term_string}\"},\"query-input\":\"required name=search_term_string\"}],\"inLanguage\":\"de\"},{\"@type\":\"Organization\",\"@id\":\"https:\/\/www.indien-haus.de\/shop\/#organization\",\"name\":\"Indien-Haus\",\"url\":\"https:\/\/www.indien-haus.de\/shop\/\",\"logo\":{\"@type\":\"ImageObject\",\"inLanguage\":\"de\",\"@id\":\"https:\/\/www.indien-haus.de\/shop\/#\/schema\/logo\/image\/\",\"url\":\"https:\/\/www.indien-haus.de\/wp-content\/uploads\/2014\/03\/indien-haus-logo3.png\",\"contentUrl\":\"https:\/\/www.indien-haus.de\/wp-content\/uploads\/2014\/03\/indien-haus-logo3.png\",\"width\":106,\"height\":116,\"caption\":\"Indien-Haus\"},\"image\":{\"@id\":\"https:\/\/www.indien-haus.de\/shop\/#\/schema\/logo\/image\/\"},\"sameAs\":[\"https:\/\/www.facebook.com\/INDIEN.HAUS.news\",\"https:\/\/twitter.com\/Indien_Haus\",\"https:\/\/www.instagram.com\/indien_haus_mainz\/\",\"https:\/\/www.pinterest.de\/indienhaus\/\",\"https:\/\/www.youtube.com\/user\/IndienHaus\"]}]}<\/script>\n<!-- \/ Yoast SEO plugin. -->","yoast_head_json":{"title":"Annie Sloan Schablone Oak Leaves - #Indien-Haus","description":"Annie Sloan Schablone Oak Leaves Inspiriert von der Eleganz des franz\u00f6sischen Landes, eignet sich diese Schablone hervorragend f\u00fcr W\u00e4nde","robots":{"index":"index","follow":"follow","max-snippet":"max-snippet:-1","max-image-preview":"max-image-preview:large","max-video-preview":"max-video-preview:-1"},"canonical":"https:\/\/www.indien-haus.de\/shop\/produkt\/annie-sloan-schablone-oak-leaves\/","twitter_card":"summary_large_image","twitter_title":"Annie Sloan Schablone Oak Leaves - #Indien-Haus","twitter_description":"Annie Sloan Schablone Oak Leaves Inspiriert von der Eleganz des franz\u00f6sischen Landes, eignet sich diese Schablone hervorragend f\u00fcr W\u00e4nde","twitter_image":"https:\/\/www.indien-haus.de\/wp-content\/uploads\/2019\/11\/AS05583-oak-leaves.jpg","twitter_site":"@Indien_Haus","schema":{"@context":"https:\/\/schema.org","@graph":[{"@type":"WebPage","@id":"https:\/\/www.indien-haus.de\/shop\/produkt\/annie-sloan-schablone-oak-leaves\/","url":"https:\/\/www.indien-haus.de\/shop\/produkt\/annie-sloan-schablone-oak-leaves\/","name":"Annie Sloan Schablone Oak Leaves - #Indien-Haus","isPartOf":{"@id":"https:\/\/www.indien-haus.de\/shop\/#website"},"datePublished":"2019-11-12T09:22:45+00:00","dateModified":"2025-12-14T14:30:19+00:00","description":"Annie Sloan Schablone Oak Leaves Inspiriert von der Eleganz des franz\u00f6sischen Landes, eignet sich diese Schablone hervorragend f\u00fcr W\u00e4nde","breadcrumb":{"@id":"https:\/\/www.indien-haus.de\/shop\/produkt\/annie-sloan-schablone-oak-leaves\/#breadcrumb"},"inLanguage":"de","potentialAction":[{"@type":"ReadAction","target":["https:\/\/www.indien-haus.de\/shop\/produkt\/annie-sloan-schablone-oak-leaves\/"]}]},{"@type":"BreadcrumbList","@id":"https:\/\/www.indien-haus.de\/shop\/produkt\/annie-sloan-schablone-oak-leaves\/#breadcrumb","itemListElement":[{"@type":"ListItem","position":1,"name":"Startseite","item":"https:\/\/www.indien-haus.de\/shop\/start\/"},{"@type":"ListItem","position":2,"name":"Shop","item":"https:\/\/www.indien-haus.de\/shop\/shop\/"},{"@type":"ListItem","position":3,"name":"Annie Sloan Schablone Oak Leaves"}]},{"@type":"WebSite","@id":"https:\/\/www.indien-haus.de\/shop\/#website","url":"https:\/\/www.indien-haus.de\/shop\/","name":"Indien-Haus","description":"M\u00f6bel &amp; Lampen &amp; Accessoires aus Asien in Mainz","publisher":{"@id":"https:\/\/www.indien-haus.de\/shop\/#organization"},"potentialAction":[{"@type":"SearchAction","target":{"@type":"EntryPoint","urlTemplate":"https:\/\/www.indien-haus.de\/shop\/?s={search_term_string}"},"query-input":"required name=search_term_string"}],"inLanguage":"de"},{"@type":"Organization","@id":"https:\/\/www.indien-haus.de\/shop\/#organization","name":"Indien-Haus","url":"https:\/\/www.indien-haus.de\/shop\/","logo":{"@type":"ImageObject","inLanguage":"de","@id":"https:\/\/www.indien-haus.de\/shop\/#\/schema\/logo\/image\/","url":"https:\/\/www.indien-haus.de\/wp-content\/uploads\/2014\/03\/indien-haus-logo3.png","contentUrl":"https:\/\/www.indien-haus.de\/wp-content\/uploads\/2014\/03\/indien-haus-logo3.png","width":106,"height":116,"caption":"Indien-Haus"},"image":{"@id":"https:\/\/www.indien-haus.de\/shop\/#\/schema\/logo\/image\/"},"sameAs":["https:\/\/www.facebook.com\/INDIEN.HAUS.news","https:\/\/twitter.com\/Indien_Haus","https:\/\/www.instagram.com\/indien_haus_mainz\/","https:\/\/www.pinterest.de\/indienhaus\/","https:\/\/www.youtube.com\/user\/IndienHaus"]}]}},"_links":{"self":[{"href":"https:\/\/www.indien-haus.de\/shop\/wp-json\/wp\/v2\/product\/56763"}],"collection":[{"href":"https:\/\/www.indien-haus.de\/shop\/wp-json\/wp\/v2\/product"}],"about":[{"href":"https:\/\/www.indien-haus.de\/shop\/wp-json\/wp\/v2\/types\/product"}],"replies":[{"embeddable":true,"href":"https:\/\/www.indien-haus.de\/shop\/wp-json\/wp\/v2\/comments?post=56763"}],"wp:featuredmedia":[{"embeddable":true,"href":"https:\/\/www.indien-haus.de\/shop\/wp-json\/wp\/v2\/media\/56764"}],"wp:attachment":[{"href":"https:\/\/www.indien-haus.de\/shop\/wp-json\/wp\/v2\/media?parent=56763"}],"wp:term":[{"taxonomy":"product_cat","embeddable":true,"href":"https:\/\/www.indien-haus.de\/shop\/wp-json\/wp\/v2\/product_cat?post=56763"},{"taxonomy":"product_tag","embeddable":true,"href":"https:\/\/www.indien-haus.de\/shop\/wp-json\/wp\/v2\/product_tag?post=56763"}],"curies":[{"name":"wp","href":"https:\/\/api.w.org\/{rel}","templated":true}]}}