{"id":64937,"date":"2020-03-17T13:08:24","date_gmt":"2020-03-17T12:08:24","guid":{"rendered":"https:\/\/www.indien-haus.de\/?post_type=product&#038;p=64937"},"modified":"2026-01-23T11:32:54","modified_gmt":"2026-01-23T10:32:54","slug":"garderobenhaken-blatt-messingfarben","status":"publish","type":"product","link":"https:\/\/www.indien-haus.de\/shop\/produkt\/garderobenhaken-blatt-messingfarben\/","title":{"rendered":"Garderobenhaken Blatt messingfarben"},"content":{"rendered":"","protected":false},"excerpt":{"rendered":"<p>Garderobenhaken Blatt messingfarben aus verziertem Metall mit floralem Muster.<\/p>\n<p>Garderoben, Garderobenhaken, Garderobenhakenleisten, Garderobenhakenleise, Garderobenleiste, Garderobenleisten, Haken, Hakenleisen, Hakenleiste, Alles f\u00fcr Kleidung aber auch Haken f\u00fcr K\u00fcche und Bad.<\/p>\n<p>Die ist ein Produkt aus Metall, welches unter Einflu\u00df von N\u00e4sse oder Feuchtigkeit rosten kann.<\/p>\n<p>Wir empfehlen es nicht ohne Versiegelung (zum Beispiel Lack) im Au\u00dfenbereich (auch nicht \u00fcberdacht) zu benutzen.<\/p>\n<p>Zur Reinigung &amp; Pflege k\u00f6nnen Sie normales Speise\u00f6l verwenden.<\/p>\n","protected":false},"featured_media":64940,"comment_status":"closed","ping_status":"closed","template":"","meta":[],"product_cat":[70],"product_tag":[1266,4797,1254],"yoast_head":"<!-- This site is optimized with the Yoast SEO plugin v22.0 - https:\/\/yoast.com\/wordpress\/plugins\/seo\/ -->\n<title>Garderobenhaken Blatt messingfarben - #Indien-Haus<\/title>\n<meta name=\"description\" content=\"Garderobenhaken Blatt messingfarben aus verziertem Metall mit floralem Muster.Garderoben, Garderobenhaken, Garderobenhakenleisten\" \/>\n<meta name=\"robots\" content=\"index, follow, max-snippet:-1, max-image-preview:large, max-video-preview:-1\" \/>\n<link rel=\"canonical\" href=\"https:\/\/www.indien-haus.de\/shop\/produkt\/garderobenhaken-blatt-messingfarben\/\" \/>\n<meta name=\"twitter:card\" content=\"summary_large_image\" \/>\n<meta name=\"twitter:title\" content=\"Garderobenhaken Blatt messingfarben - #Indien-Haus\" \/>\n<meta name=\"twitter:description\" content=\"Garderobenhaken Blatt messingfarben aus verziertem Metall mit floralem Muster.Garderoben, Garderobenhaken, Garderobenhakenleisten\" \/>\n<meta name=\"twitter:image\" content=\"https:\/\/www.indien-haus.de\/wp-content\/uploads\/2020\/03\/MM00533-1.jpg\" \/>\n<meta name=\"twitter:site\" content=\"@Indien_Haus\" \/>\n<meta name=\"twitter:label1\" content=\"Gesch\u00e4tzte Lesezeit\" \/>\n\t<meta name=\"twitter:data1\" content=\"1\u00a0Minute\" \/>\n<script type=\"application\/ld+json\" class=\"yoast-schema-graph\">{\"@context\":\"https:\/\/schema.org\",\"@graph\":[{\"@type\":\"WebPage\",\"@id\":\"https:\/\/www.indien-haus.de\/shop\/produkt\/garderobenhaken-blatt-messingfarben\/\",\"url\":\"https:\/\/www.indien-haus.de\/shop\/produkt\/garderobenhaken-blatt-messingfarben\/\",\"name\":\"Garderobenhaken Blatt messingfarben - #Indien-Haus\",\"isPartOf\":{\"@id\":\"https:\/\/www.indien-haus.de\/shop\/#website\"},\"datePublished\":\"2020-03-17T12:08:24+00:00\",\"dateModified\":\"2026-01-23T10:32:54+00:00\",\"description\":\"Garderobenhaken Blatt messingfarben aus verziertem Metall mit floralem Muster.Garderoben, Garderobenhaken, Garderobenhakenleisten\",\"breadcrumb\":{\"@id\":\"https:\/\/www.indien-haus.de\/shop\/produkt\/garderobenhaken-blatt-messingfarben\/#breadcrumb\"},\"inLanguage\":\"de\",\"potentialAction\":[{\"@type\":\"ReadAction\",\"target\":[\"https:\/\/www.indien-haus.de\/shop\/produkt\/garderobenhaken-blatt-messingfarben\/\"]}]},{\"@type\":\"BreadcrumbList\",\"@id\":\"https:\/\/www.indien-haus.de\/shop\/produkt\/garderobenhaken-blatt-messingfarben\/#breadcrumb\",\"itemListElement\":[{\"@type\":\"ListItem\",\"position\":1,\"name\":\"Startseite\",\"item\":\"https:\/\/www.indien-haus.de\/shop\/start\/\"},{\"@type\":\"ListItem\",\"position\":2,\"name\":\"Shop\",\"item\":\"https:\/\/www.indien-haus.de\/shop\/shop\/\"},{\"@type\":\"ListItem\",\"position\":3,\"name\":\"Garderobenhaken Blatt messingfarben\"}]},{\"@type\":\"WebSite\",\"@id\":\"https:\/\/www.indien-haus.de\/shop\/#website\",\"url\":\"https:\/\/www.indien-haus.de\/shop\/\",\"name\":\"Indien-Haus\",\"description\":\"M\u00f6bel &amp; Lampen &amp; Accessoires aus Asien in Mainz\",\"publisher\":{\"@id\":\"https:\/\/www.indien-haus.de\/shop\/#organization\"},\"potentialAction\":[{\"@type\":\"SearchAction\",\"target\":{\"@type\":\"EntryPoint\",\"urlTemplate\":\"https:\/\/www.indien-haus.de\/shop\/?s={search_term_string}\"},\"query-input\":\"required name=search_term_string\"}],\"inLanguage\":\"de\"},{\"@type\":\"Organization\",\"@id\":\"https:\/\/www.indien-haus.de\/shop\/#organization\",\"name\":\"Indien-Haus\",\"url\":\"https:\/\/www.indien-haus.de\/shop\/\",\"logo\":{\"@type\":\"ImageObject\",\"inLanguage\":\"de\",\"@id\":\"https:\/\/www.indien-haus.de\/shop\/#\/schema\/logo\/image\/\",\"url\":\"https:\/\/www.indien-haus.de\/wp-content\/uploads\/2014\/03\/indien-haus-logo3.png\",\"contentUrl\":\"https:\/\/www.indien-haus.de\/wp-content\/uploads\/2014\/03\/indien-haus-logo3.png\",\"width\":106,\"height\":116,\"caption\":\"Indien-Haus\"},\"image\":{\"@id\":\"https:\/\/www.indien-haus.de\/shop\/#\/schema\/logo\/image\/\"},\"sameAs\":[\"https:\/\/www.facebook.com\/INDIEN.HAUS.news\",\"https:\/\/twitter.com\/Indien_Haus\",\"https:\/\/www.instagram.com\/indien_haus_mainz\/\",\"https:\/\/www.pinterest.de\/indienhaus\/\",\"https:\/\/www.youtube.com\/user\/IndienHaus\"]}]}<\/script>\n<!-- \/ Yoast SEO plugin. -->","yoast_head_json":{"title":"Garderobenhaken Blatt messingfarben - #Indien-Haus","description":"Garderobenhaken Blatt messingfarben aus verziertem Metall mit floralem Muster.Garderoben, Garderobenhaken, Garderobenhakenleisten","robots":{"index":"index","follow":"follow","max-snippet":"max-snippet:-1","max-image-preview":"max-image-preview:large","max-video-preview":"max-video-preview:-1"},"canonical":"https:\/\/www.indien-haus.de\/shop\/produkt\/garderobenhaken-blatt-messingfarben\/","twitter_card":"summary_large_image","twitter_title":"Garderobenhaken Blatt messingfarben - #Indien-Haus","twitter_description":"Garderobenhaken Blatt messingfarben aus verziertem Metall mit floralem Muster.Garderoben, Garderobenhaken, Garderobenhakenleisten","twitter_image":"https:\/\/www.indien-haus.de\/wp-content\/uploads\/2020\/03\/MM00533-1.jpg","twitter_site":"@Indien_Haus","twitter_misc":{"Gesch\u00e4tzte Lesezeit":"1\u00a0Minute"},"schema":{"@context":"https:\/\/schema.org","@graph":[{"@type":"WebPage","@id":"https:\/\/www.indien-haus.de\/shop\/produkt\/garderobenhaken-blatt-messingfarben\/","url":"https:\/\/www.indien-haus.de\/shop\/produkt\/garderobenhaken-blatt-messingfarben\/","name":"Garderobenhaken Blatt messingfarben - #Indien-Haus","isPartOf":{"@id":"https:\/\/www.indien-haus.de\/shop\/#website"},"datePublished":"2020-03-17T12:08:24+00:00","dateModified":"2026-01-23T10:32:54+00:00","description":"Garderobenhaken Blatt messingfarben aus verziertem Metall mit floralem Muster.Garderoben, Garderobenhaken, Garderobenhakenleisten","breadcrumb":{"@id":"https:\/\/www.indien-haus.de\/shop\/produkt\/garderobenhaken-blatt-messingfarben\/#breadcrumb"},"inLanguage":"de","potentialAction":[{"@type":"ReadAction","target":["https:\/\/www.indien-haus.de\/shop\/produkt\/garderobenhaken-blatt-messingfarben\/"]}]},{"@type":"BreadcrumbList","@id":"https:\/\/www.indien-haus.de\/shop\/produkt\/garderobenhaken-blatt-messingfarben\/#breadcrumb","itemListElement":[{"@type":"ListItem","position":1,"name":"Startseite","item":"https:\/\/www.indien-haus.de\/shop\/start\/"},{"@type":"ListItem","position":2,"name":"Shop","item":"https:\/\/www.indien-haus.de\/shop\/shop\/"},{"@type":"ListItem","position":3,"name":"Garderobenhaken Blatt messingfarben"}]},{"@type":"WebSite","@id":"https:\/\/www.indien-haus.de\/shop\/#website","url":"https:\/\/www.indien-haus.de\/shop\/","name":"Indien-Haus","description":"M\u00f6bel &amp; Lampen &amp; Accessoires aus Asien in Mainz","publisher":{"@id":"https:\/\/www.indien-haus.de\/shop\/#organization"},"potentialAction":[{"@type":"SearchAction","target":{"@type":"EntryPoint","urlTemplate":"https:\/\/www.indien-haus.de\/shop\/?s={search_term_string}"},"query-input":"required name=search_term_string"}],"inLanguage":"de"},{"@type":"Organization","@id":"https:\/\/www.indien-haus.de\/shop\/#organization","name":"Indien-Haus","url":"https:\/\/www.indien-haus.de\/shop\/","logo":{"@type":"ImageObject","inLanguage":"de","@id":"https:\/\/www.indien-haus.de\/shop\/#\/schema\/logo\/image\/","url":"https:\/\/www.indien-haus.de\/wp-content\/uploads\/2014\/03\/indien-haus-logo3.png","contentUrl":"https:\/\/www.indien-haus.de\/wp-content\/uploads\/2014\/03\/indien-haus-logo3.png","width":106,"height":116,"caption":"Indien-Haus"},"image":{"@id":"https:\/\/www.indien-haus.de\/shop\/#\/schema\/logo\/image\/"},"sameAs":["https:\/\/www.facebook.com\/INDIEN.HAUS.news","https:\/\/twitter.com\/Indien_Haus","https:\/\/www.instagram.com\/indien_haus_mainz\/","https:\/\/www.pinterest.de\/indienhaus\/","https:\/\/www.youtube.com\/user\/IndienHaus"]}]}},"_links":{"self":[{"href":"https:\/\/www.indien-haus.de\/shop\/wp-json\/wp\/v2\/product\/64937"}],"collection":[{"href":"https:\/\/www.indien-haus.de\/shop\/wp-json\/wp\/v2\/product"}],"about":[{"href":"https:\/\/www.indien-haus.de\/shop\/wp-json\/wp\/v2\/types\/product"}],"replies":[{"embeddable":true,"href":"https:\/\/www.indien-haus.de\/shop\/wp-json\/wp\/v2\/comments?post=64937"}],"wp:featuredmedia":[{"embeddable":true,"href":"https:\/\/www.indien-haus.de\/shop\/wp-json\/wp\/v2\/media\/64940"}],"wp:attachment":[{"href":"https:\/\/www.indien-haus.de\/shop\/wp-json\/wp\/v2\/media?parent=64937"}],"wp:term":[{"taxonomy":"product_cat","embeddable":true,"href":"https:\/\/www.indien-haus.de\/shop\/wp-json\/wp\/v2\/product_cat?post=64937"},{"taxonomy":"product_tag","embeddable":true,"href":"https:\/\/www.indien-haus.de\/shop\/wp-json\/wp\/v2\/product_tag?post=64937"}],"curies":[{"name":"wp","href":"https:\/\/api.w.org\/{rel}","templated":true}]}}