{"id":70840,"date":"2020-06-08T12:28:09","date_gmt":"2020-06-08T11:28:09","guid":{"rendered":"https:\/\/www.indien-haus.de\/?post_type=product&#038;p=70840"},"modified":"2026-01-03T14:55:47","modified_gmt":"2026-01-03T13:55:47","slug":"annie-sloan-chalk-paint-pearlescent-glaze","status":"publish","type":"product","link":"https:\/\/www.indien-haus.de\/shop\/produkt\/annie-sloan-chalk-paint-pearlescent-glaze\/","title":{"rendered":"Annie Sloan Chalk Paint\u2122 Pearlescent Glaze"},"content":{"rendered":"<p>&nbsp;<\/p>\n<p>&nbsp;<\/p>\n","protected":false},"excerpt":{"rendered":"<p>Annie Sloan Chalk Paint\u2122 Pearlescent Glaze \/ Perlglanzlack 0,25 Liter.<\/p>\n<p>Unser Perlglanzlack ist lichtreflektierend und dient zur dekorativen Oberfl\u00e4chenveredelung f\u00fcr gestrichene und ungestrichene M\u00f6bel, W\u00e4nde und B\u00f6den in Innenr\u00e4umen.<\/p>\n<p>Erh\u00e4ltlich in 250-ml-Dosen. Eine Dose ist f\u00fcr ungef\u00e4hr 6 m\u00b2 ausreichend. Abh\u00e4ngig von der Oberfl\u00e4che und der Anwendung betr\u00e4gt die Ergiebigkeit etwa 24 m\u00b2 pro Liter.<\/p>\n<p>Perlglanzlack verleiht eine edle, hochwertige und gl\u00e4nzende Oberfl\u00e4che. Tragen Sie den Lack auf Chalk Paint\u2122 auf und erzielen Sie so einen intensiv schimmernden Effekt. Die besten Resultate erreichen Sie dabei auf helleren Farben wie Old White. Sie k\u00f6nnen unserem Perlglanzlack zudem eine kleine Menge Chalk Paint\u2122 beimischen und so sanft schimmernde, transparente Farbt\u00f6ne erzeugen.<\/p>\n<p>Beim Arbeiten an feineren Details tragen Sie auf die Chalk Paint\u2122 Farbe etwas Chalk Paint\u2122 Lacquer auf, bevor sie den Perlglanzlack auftragen. So stellen sie sicher, dass das gesamte M\u00f6belst\u00fcck gesch\u00fctzt ist. Sie k\u00f6nnen wahlweise auch Chalk Paint\u2122 Wax auf die mit Perlglanzlack bestrichenen Details auftragen. Dies wird jedoch den schimmernden Oberfl\u00e4cheneffekt etwas abschw\u00e4chen.<\/p>\n<p>Die Trockenzeit betr\u00e4gt je nach Raumbedingungen etwa 2 Stunden. Der Perlglanzlack eignet sich nicht zur Verwendung f\u00fcr Oberfl\u00e4chen in Au\u00dfenbereichen.<\/p>\n","protected":false},"featured_media":70841,"comment_status":"closed","ping_status":"closed","template":"","meta":[],"product_cat":[4456],"product_tag":[4365],"yoast_head":"<!-- This site is optimized with the Yoast SEO plugin v22.0 - https:\/\/yoast.com\/wordpress\/plugins\/seo\/ -->\n<title>Annie Sloan Chalk Paint\u2122 Pearlescent Glaze - #Indien-Haus<\/title>\n<meta name=\"description\" content=\"Annie Sloan Chalk Paint\u2122 Pearlescent Glaze \/ Perlglanzlack ist lichtreflektierend und dient zur dekorativen Oberfl\u00e4chenveredelung\" \/>\n<meta name=\"robots\" content=\"index, follow, max-snippet:-1, max-image-preview:large, max-video-preview:-1\" \/>\n<link rel=\"canonical\" href=\"https:\/\/www.indien-haus.de\/shop\/produkt\/annie-sloan-chalk-paint-pearlescent-glaze\/\" \/>\n<meta name=\"twitter:card\" content=\"summary_large_image\" \/>\n<meta name=\"twitter:title\" content=\"Annie Sloan Chalk Paint\u2122 Pearlescent Glaze - #Indien-Haus\" \/>\n<meta name=\"twitter:description\" content=\"Annie Sloan Chalk Paint\u2122 Pearlescent Glaze \/ Perlglanzlack ist lichtreflektierend und dient zur dekorativen Oberfl\u00e4chenveredelung\" \/>\n<meta name=\"twitter:image\" content=\"https:\/\/www.indien-haus.de\/wp-content\/uploads\/2020\/06\/AS06999.jpg\" \/>\n<meta name=\"twitter:site\" content=\"@Indien_Haus\" \/>\n<meta name=\"twitter:label1\" content=\"Gesch\u00e4tzte Lesezeit\" \/>\n\t<meta name=\"twitter:data1\" content=\"1\u00a0Minute\" \/>\n<script type=\"application\/ld+json\" class=\"yoast-schema-graph\">{\"@context\":\"https:\/\/schema.org\",\"@graph\":[{\"@type\":\"WebPage\",\"@id\":\"https:\/\/www.indien-haus.de\/shop\/produkt\/annie-sloan-chalk-paint-pearlescent-glaze\/\",\"url\":\"https:\/\/www.indien-haus.de\/shop\/produkt\/annie-sloan-chalk-paint-pearlescent-glaze\/\",\"name\":\"Annie Sloan Chalk Paint\u2122 Pearlescent Glaze - #Indien-Haus\",\"isPartOf\":{\"@id\":\"https:\/\/www.indien-haus.de\/shop\/#website\"},\"datePublished\":\"2020-06-08T11:28:09+00:00\",\"dateModified\":\"2026-01-03T13:55:47+00:00\",\"description\":\"Annie Sloan Chalk Paint\u2122 Pearlescent Glaze \/ Perlglanzlack ist lichtreflektierend und dient zur dekorativen Oberfl\u00e4chenveredelung\",\"breadcrumb\":{\"@id\":\"https:\/\/www.indien-haus.de\/shop\/produkt\/annie-sloan-chalk-paint-pearlescent-glaze\/#breadcrumb\"},\"inLanguage\":\"de\",\"potentialAction\":[{\"@type\":\"ReadAction\",\"target\":[\"https:\/\/www.indien-haus.de\/shop\/produkt\/annie-sloan-chalk-paint-pearlescent-glaze\/\"]}]},{\"@type\":\"BreadcrumbList\",\"@id\":\"https:\/\/www.indien-haus.de\/shop\/produkt\/annie-sloan-chalk-paint-pearlescent-glaze\/#breadcrumb\",\"itemListElement\":[{\"@type\":\"ListItem\",\"position\":1,\"name\":\"Startseite\",\"item\":\"https:\/\/www.indien-haus.de\/shop\/start\/\"},{\"@type\":\"ListItem\",\"position\":2,\"name\":\"Shop\",\"item\":\"https:\/\/www.indien-haus.de\/shop\/shop\/\"},{\"@type\":\"ListItem\",\"position\":3,\"name\":\"Annie Sloan Chalk Paint\u2122 Pearlescent Glaze\"}]},{\"@type\":\"WebSite\",\"@id\":\"https:\/\/www.indien-haus.de\/shop\/#website\",\"url\":\"https:\/\/www.indien-haus.de\/shop\/\",\"name\":\"Indien-Haus\",\"description\":\"M\u00f6bel &amp; Lampen &amp; Accessoires aus Asien in Mainz\",\"publisher\":{\"@id\":\"https:\/\/www.indien-haus.de\/shop\/#organization\"},\"potentialAction\":[{\"@type\":\"SearchAction\",\"target\":{\"@type\":\"EntryPoint\",\"urlTemplate\":\"https:\/\/www.indien-haus.de\/shop\/?s={search_term_string}\"},\"query-input\":\"required name=search_term_string\"}],\"inLanguage\":\"de\"},{\"@type\":\"Organization\",\"@id\":\"https:\/\/www.indien-haus.de\/shop\/#organization\",\"name\":\"Indien-Haus\",\"url\":\"https:\/\/www.indien-haus.de\/shop\/\",\"logo\":{\"@type\":\"ImageObject\",\"inLanguage\":\"de\",\"@id\":\"https:\/\/www.indien-haus.de\/shop\/#\/schema\/logo\/image\/\",\"url\":\"https:\/\/www.indien-haus.de\/wp-content\/uploads\/2014\/03\/indien-haus-logo3.png\",\"contentUrl\":\"https:\/\/www.indien-haus.de\/wp-content\/uploads\/2014\/03\/indien-haus-logo3.png\",\"width\":106,\"height\":116,\"caption\":\"Indien-Haus\"},\"image\":{\"@id\":\"https:\/\/www.indien-haus.de\/shop\/#\/schema\/logo\/image\/\"},\"sameAs\":[\"https:\/\/www.facebook.com\/INDIEN.HAUS.news\",\"https:\/\/twitter.com\/Indien_Haus\",\"https:\/\/www.instagram.com\/indien_haus_mainz\/\",\"https:\/\/www.pinterest.de\/indienhaus\/\",\"https:\/\/www.youtube.com\/user\/IndienHaus\"]}]}<\/script>\n<!-- \/ Yoast SEO plugin. -->","yoast_head_json":{"title":"Annie Sloan Chalk Paint\u2122 Pearlescent Glaze - #Indien-Haus","description":"Annie Sloan Chalk Paint\u2122 Pearlescent Glaze \/ Perlglanzlack ist lichtreflektierend und dient zur dekorativen Oberfl\u00e4chenveredelung","robots":{"index":"index","follow":"follow","max-snippet":"max-snippet:-1","max-image-preview":"max-image-preview:large","max-video-preview":"max-video-preview:-1"},"canonical":"https:\/\/www.indien-haus.de\/shop\/produkt\/annie-sloan-chalk-paint-pearlescent-glaze\/","twitter_card":"summary_large_image","twitter_title":"Annie Sloan Chalk Paint\u2122 Pearlescent Glaze - #Indien-Haus","twitter_description":"Annie Sloan Chalk Paint\u2122 Pearlescent Glaze \/ Perlglanzlack ist lichtreflektierend und dient zur dekorativen Oberfl\u00e4chenveredelung","twitter_image":"https:\/\/www.indien-haus.de\/wp-content\/uploads\/2020\/06\/AS06999.jpg","twitter_site":"@Indien_Haus","twitter_misc":{"Gesch\u00e4tzte Lesezeit":"1\u00a0Minute"},"schema":{"@context":"https:\/\/schema.org","@graph":[{"@type":"WebPage","@id":"https:\/\/www.indien-haus.de\/shop\/produkt\/annie-sloan-chalk-paint-pearlescent-glaze\/","url":"https:\/\/www.indien-haus.de\/shop\/produkt\/annie-sloan-chalk-paint-pearlescent-glaze\/","name":"Annie Sloan Chalk Paint\u2122 Pearlescent Glaze - #Indien-Haus","isPartOf":{"@id":"https:\/\/www.indien-haus.de\/shop\/#website"},"datePublished":"2020-06-08T11:28:09+00:00","dateModified":"2026-01-03T13:55:47+00:00","description":"Annie Sloan Chalk Paint\u2122 Pearlescent Glaze \/ Perlglanzlack ist lichtreflektierend und dient zur dekorativen Oberfl\u00e4chenveredelung","breadcrumb":{"@id":"https:\/\/www.indien-haus.de\/shop\/produkt\/annie-sloan-chalk-paint-pearlescent-glaze\/#breadcrumb"},"inLanguage":"de","potentialAction":[{"@type":"ReadAction","target":["https:\/\/www.indien-haus.de\/shop\/produkt\/annie-sloan-chalk-paint-pearlescent-glaze\/"]}]},{"@type":"BreadcrumbList","@id":"https:\/\/www.indien-haus.de\/shop\/produkt\/annie-sloan-chalk-paint-pearlescent-glaze\/#breadcrumb","itemListElement":[{"@type":"ListItem","position":1,"name":"Startseite","item":"https:\/\/www.indien-haus.de\/shop\/start\/"},{"@type":"ListItem","position":2,"name":"Shop","item":"https:\/\/www.indien-haus.de\/shop\/shop\/"},{"@type":"ListItem","position":3,"name":"Annie Sloan Chalk Paint\u2122 Pearlescent Glaze"}]},{"@type":"WebSite","@id":"https:\/\/www.indien-haus.de\/shop\/#website","url":"https:\/\/www.indien-haus.de\/shop\/","name":"Indien-Haus","description":"M\u00f6bel &amp; Lampen &amp; Accessoires aus Asien in Mainz","publisher":{"@id":"https:\/\/www.indien-haus.de\/shop\/#organization"},"potentialAction":[{"@type":"SearchAction","target":{"@type":"EntryPoint","urlTemplate":"https:\/\/www.indien-haus.de\/shop\/?s={search_term_string}"},"query-input":"required name=search_term_string"}],"inLanguage":"de"},{"@type":"Organization","@id":"https:\/\/www.indien-haus.de\/shop\/#organization","name":"Indien-Haus","url":"https:\/\/www.indien-haus.de\/shop\/","logo":{"@type":"ImageObject","inLanguage":"de","@id":"https:\/\/www.indien-haus.de\/shop\/#\/schema\/logo\/image\/","url":"https:\/\/www.indien-haus.de\/wp-content\/uploads\/2014\/03\/indien-haus-logo3.png","contentUrl":"https:\/\/www.indien-haus.de\/wp-content\/uploads\/2014\/03\/indien-haus-logo3.png","width":106,"height":116,"caption":"Indien-Haus"},"image":{"@id":"https:\/\/www.indien-haus.de\/shop\/#\/schema\/logo\/image\/"},"sameAs":["https:\/\/www.facebook.com\/INDIEN.HAUS.news","https:\/\/twitter.com\/Indien_Haus","https:\/\/www.instagram.com\/indien_haus_mainz\/","https:\/\/www.pinterest.de\/indienhaus\/","https:\/\/www.youtube.com\/user\/IndienHaus"]}]}},"_links":{"self":[{"href":"https:\/\/www.indien-haus.de\/shop\/wp-json\/wp\/v2\/product\/70840"}],"collection":[{"href":"https:\/\/www.indien-haus.de\/shop\/wp-json\/wp\/v2\/product"}],"about":[{"href":"https:\/\/www.indien-haus.de\/shop\/wp-json\/wp\/v2\/types\/product"}],"replies":[{"embeddable":true,"href":"https:\/\/www.indien-haus.de\/shop\/wp-json\/wp\/v2\/comments?post=70840"}],"wp:featuredmedia":[{"embeddable":true,"href":"https:\/\/www.indien-haus.de\/shop\/wp-json\/wp\/v2\/media\/70841"}],"wp:attachment":[{"href":"https:\/\/www.indien-haus.de\/shop\/wp-json\/wp\/v2\/media?parent=70840"}],"wp:term":[{"taxonomy":"product_cat","embeddable":true,"href":"https:\/\/www.indien-haus.de\/shop\/wp-json\/wp\/v2\/product_cat?post=70840"},{"taxonomy":"product_tag","embeddable":true,"href":"https:\/\/www.indien-haus.de\/shop\/wp-json\/wp\/v2\/product_tag?post=70840"}],"curies":[{"name":"wp","href":"https:\/\/api.w.org\/{rel}","templated":true}]}}