{"id":70876,"date":"2020-06-08T13:48:59","date_gmt":"2020-06-08T12:48:59","guid":{"rendered":"https:\/\/www.indien-haus.de\/?post_type=product&#038;p=70876"},"modified":"2025-12-14T15:31:59","modified_gmt":"2025-12-14T14:31:59","slug":"annie-sloan-mixmat-mischmatte","status":"publish","type":"product","link":"https:\/\/www.indien-haus.de\/shop\/produkt\/annie-sloan-mixmat-mischmatte\/","title":{"rendered":"Annie Sloan Mixmat \/ Mischmatte"},"content":{"rendered":"","protected":false},"excerpt":{"rendered":"<p>Annie Sloan Mixmat \/ Mischmatte<\/p>\n<p>Die Annie Sloan MixMat ist die erste ihrer Art &#8211; perfekt f\u00fcr kreative Arbeiten mit Chalk Paint\u2122. Die MixMat aus silikonartigem Material h\u00e4lt Farbe auf ihrer Oberfl\u00e4che, ohne dass die sie herunterl\u00e4uft, und kann zum Mischen der Farbe, zum Eintauchen der Schaumstoffrollen, f\u00fcr Stempelarbeiten und zu praktisch jedem anderen Einsatzzweck verwendet werden.<\/p>\n","protected":false},"featured_media":70877,"comment_status":"closed","ping_status":"closed","template":"","meta":[],"product_cat":[4456],"product_tag":[4365],"yoast_head":"<!-- This site is optimized with the Yoast SEO plugin v22.0 - https:\/\/yoast.com\/wordpress\/plugins\/seo\/ -->\n<title>Annie Sloan Mixmat \/ Mischmatte - #Indien-Haus<\/title>\n<meta name=\"description\" content=\"Annie Sloan Schablonierpinsel Annie Sloan&#039;s Schablonierpinsel mit reinen Borsten wird in Italien hergestellt und ist mit einem Holzgriff versehen.\" \/>\n<meta name=\"robots\" content=\"index, follow, max-snippet:-1, max-image-preview:large, max-video-preview:-1\" \/>\n<link rel=\"canonical\" href=\"https:\/\/www.indien-haus.de\/shop\/produkt\/annie-sloan-mixmat-mischmatte\/\" \/>\n<meta name=\"twitter:card\" content=\"summary_large_image\" \/>\n<meta name=\"twitter:title\" content=\"Annie Sloan Mixmat \/ Mischmatte - #Indien-Haus\" \/>\n<meta name=\"twitter:description\" content=\"Annie Sloan Schablonierpinsel Annie Sloan&#039;s Schablonierpinsel mit reinen Borsten wird in Italien hergestellt und ist mit einem Holzgriff versehen.\" \/>\n<meta name=\"twitter:image\" content=\"https:\/\/www.indien-haus.de\/wp-content\/uploads\/2020\/06\/AS05573det1.jpg\" \/>\n<meta name=\"twitter:site\" content=\"@Indien_Haus\" \/>\n<script type=\"application\/ld+json\" class=\"yoast-schema-graph\">{\"@context\":\"https:\/\/schema.org\",\"@graph\":[{\"@type\":\"WebPage\",\"@id\":\"https:\/\/www.indien-haus.de\/shop\/produkt\/annie-sloan-mixmat-mischmatte\/\",\"url\":\"https:\/\/www.indien-haus.de\/shop\/produkt\/annie-sloan-mixmat-mischmatte\/\",\"name\":\"Annie Sloan Mixmat \/ Mischmatte - #Indien-Haus\",\"isPartOf\":{\"@id\":\"https:\/\/www.indien-haus.de\/shop\/#website\"},\"datePublished\":\"2020-06-08T12:48:59+00:00\",\"dateModified\":\"2025-12-14T14:31:59+00:00\",\"description\":\"Annie Sloan Schablonierpinsel Annie Sloan's Schablonierpinsel mit reinen Borsten wird in Italien hergestellt und ist mit einem Holzgriff versehen.\",\"breadcrumb\":{\"@id\":\"https:\/\/www.indien-haus.de\/shop\/produkt\/annie-sloan-mixmat-mischmatte\/#breadcrumb\"},\"inLanguage\":\"de\",\"potentialAction\":[{\"@type\":\"ReadAction\",\"target\":[\"https:\/\/www.indien-haus.de\/shop\/produkt\/annie-sloan-mixmat-mischmatte\/\"]}]},{\"@type\":\"BreadcrumbList\",\"@id\":\"https:\/\/www.indien-haus.de\/shop\/produkt\/annie-sloan-mixmat-mischmatte\/#breadcrumb\",\"itemListElement\":[{\"@type\":\"ListItem\",\"position\":1,\"name\":\"Startseite\",\"item\":\"https:\/\/www.indien-haus.de\/shop\/start\/\"},{\"@type\":\"ListItem\",\"position\":2,\"name\":\"Shop\",\"item\":\"https:\/\/www.indien-haus.de\/shop\/shop\/\"},{\"@type\":\"ListItem\",\"position\":3,\"name\":\"Annie Sloan Mixmat \/ Mischmatte\"}]},{\"@type\":\"WebSite\",\"@id\":\"https:\/\/www.indien-haus.de\/shop\/#website\",\"url\":\"https:\/\/www.indien-haus.de\/shop\/\",\"name\":\"Indien-Haus\",\"description\":\"M\u00f6bel &amp; Lampen &amp; Accessoires aus Asien in Mainz\",\"publisher\":{\"@id\":\"https:\/\/www.indien-haus.de\/shop\/#organization\"},\"potentialAction\":[{\"@type\":\"SearchAction\",\"target\":{\"@type\":\"EntryPoint\",\"urlTemplate\":\"https:\/\/www.indien-haus.de\/shop\/?s={search_term_string}\"},\"query-input\":\"required name=search_term_string\"}],\"inLanguage\":\"de\"},{\"@type\":\"Organization\",\"@id\":\"https:\/\/www.indien-haus.de\/shop\/#organization\",\"name\":\"Indien-Haus\",\"url\":\"https:\/\/www.indien-haus.de\/shop\/\",\"logo\":{\"@type\":\"ImageObject\",\"inLanguage\":\"de\",\"@id\":\"https:\/\/www.indien-haus.de\/shop\/#\/schema\/logo\/image\/\",\"url\":\"https:\/\/www.indien-haus.de\/wp-content\/uploads\/2014\/03\/indien-haus-logo3.png\",\"contentUrl\":\"https:\/\/www.indien-haus.de\/wp-content\/uploads\/2014\/03\/indien-haus-logo3.png\",\"width\":106,\"height\":116,\"caption\":\"Indien-Haus\"},\"image\":{\"@id\":\"https:\/\/www.indien-haus.de\/shop\/#\/schema\/logo\/image\/\"},\"sameAs\":[\"https:\/\/www.facebook.com\/INDIEN.HAUS.news\",\"https:\/\/twitter.com\/Indien_Haus\",\"https:\/\/www.instagram.com\/indien_haus_mainz\/\",\"https:\/\/www.pinterest.de\/indienhaus\/\",\"https:\/\/www.youtube.com\/user\/IndienHaus\"]}]}<\/script>\n<!-- \/ Yoast SEO plugin. -->","yoast_head_json":{"title":"Annie Sloan Mixmat \/ Mischmatte - #Indien-Haus","description":"Annie Sloan Schablonierpinsel Annie Sloan's Schablonierpinsel mit reinen Borsten wird in Italien hergestellt und ist mit einem Holzgriff versehen.","robots":{"index":"index","follow":"follow","max-snippet":"max-snippet:-1","max-image-preview":"max-image-preview:large","max-video-preview":"max-video-preview:-1"},"canonical":"https:\/\/www.indien-haus.de\/shop\/produkt\/annie-sloan-mixmat-mischmatte\/","twitter_card":"summary_large_image","twitter_title":"Annie Sloan Mixmat \/ Mischmatte - #Indien-Haus","twitter_description":"Annie Sloan Schablonierpinsel Annie Sloan's Schablonierpinsel mit reinen Borsten wird in Italien hergestellt und ist mit einem Holzgriff versehen.","twitter_image":"https:\/\/www.indien-haus.de\/wp-content\/uploads\/2020\/06\/AS05573det1.jpg","twitter_site":"@Indien_Haus","schema":{"@context":"https:\/\/schema.org","@graph":[{"@type":"WebPage","@id":"https:\/\/www.indien-haus.de\/shop\/produkt\/annie-sloan-mixmat-mischmatte\/","url":"https:\/\/www.indien-haus.de\/shop\/produkt\/annie-sloan-mixmat-mischmatte\/","name":"Annie Sloan Mixmat \/ Mischmatte - #Indien-Haus","isPartOf":{"@id":"https:\/\/www.indien-haus.de\/shop\/#website"},"datePublished":"2020-06-08T12:48:59+00:00","dateModified":"2025-12-14T14:31:59+00:00","description":"Annie Sloan Schablonierpinsel Annie Sloan's Schablonierpinsel mit reinen Borsten wird in Italien hergestellt und ist mit einem Holzgriff versehen.","breadcrumb":{"@id":"https:\/\/www.indien-haus.de\/shop\/produkt\/annie-sloan-mixmat-mischmatte\/#breadcrumb"},"inLanguage":"de","potentialAction":[{"@type":"ReadAction","target":["https:\/\/www.indien-haus.de\/shop\/produkt\/annie-sloan-mixmat-mischmatte\/"]}]},{"@type":"BreadcrumbList","@id":"https:\/\/www.indien-haus.de\/shop\/produkt\/annie-sloan-mixmat-mischmatte\/#breadcrumb","itemListElement":[{"@type":"ListItem","position":1,"name":"Startseite","item":"https:\/\/www.indien-haus.de\/shop\/start\/"},{"@type":"ListItem","position":2,"name":"Shop","item":"https:\/\/www.indien-haus.de\/shop\/shop\/"},{"@type":"ListItem","position":3,"name":"Annie Sloan Mixmat \/ Mischmatte"}]},{"@type":"WebSite","@id":"https:\/\/www.indien-haus.de\/shop\/#website","url":"https:\/\/www.indien-haus.de\/shop\/","name":"Indien-Haus","description":"M\u00f6bel &amp; Lampen &amp; Accessoires aus Asien in Mainz","publisher":{"@id":"https:\/\/www.indien-haus.de\/shop\/#organization"},"potentialAction":[{"@type":"SearchAction","target":{"@type":"EntryPoint","urlTemplate":"https:\/\/www.indien-haus.de\/shop\/?s={search_term_string}"},"query-input":"required name=search_term_string"}],"inLanguage":"de"},{"@type":"Organization","@id":"https:\/\/www.indien-haus.de\/shop\/#organization","name":"Indien-Haus","url":"https:\/\/www.indien-haus.de\/shop\/","logo":{"@type":"ImageObject","inLanguage":"de","@id":"https:\/\/www.indien-haus.de\/shop\/#\/schema\/logo\/image\/","url":"https:\/\/www.indien-haus.de\/wp-content\/uploads\/2014\/03\/indien-haus-logo3.png","contentUrl":"https:\/\/www.indien-haus.de\/wp-content\/uploads\/2014\/03\/indien-haus-logo3.png","width":106,"height":116,"caption":"Indien-Haus"},"image":{"@id":"https:\/\/www.indien-haus.de\/shop\/#\/schema\/logo\/image\/"},"sameAs":["https:\/\/www.facebook.com\/INDIEN.HAUS.news","https:\/\/twitter.com\/Indien_Haus","https:\/\/www.instagram.com\/indien_haus_mainz\/","https:\/\/www.pinterest.de\/indienhaus\/","https:\/\/www.youtube.com\/user\/IndienHaus"]}]}},"_links":{"self":[{"href":"https:\/\/www.indien-haus.de\/shop\/wp-json\/wp\/v2\/product\/70876"}],"collection":[{"href":"https:\/\/www.indien-haus.de\/shop\/wp-json\/wp\/v2\/product"}],"about":[{"href":"https:\/\/www.indien-haus.de\/shop\/wp-json\/wp\/v2\/types\/product"}],"replies":[{"embeddable":true,"href":"https:\/\/www.indien-haus.de\/shop\/wp-json\/wp\/v2\/comments?post=70876"}],"wp:featuredmedia":[{"embeddable":true,"href":"https:\/\/www.indien-haus.de\/shop\/wp-json\/wp\/v2\/media\/70877"}],"wp:attachment":[{"href":"https:\/\/www.indien-haus.de\/shop\/wp-json\/wp\/v2\/media?parent=70876"}],"wp:term":[{"taxonomy":"product_cat","embeddable":true,"href":"https:\/\/www.indien-haus.de\/shop\/wp-json\/wp\/v2\/product_cat?post=70876"},{"taxonomy":"product_tag","embeddable":true,"href":"https:\/\/www.indien-haus.de\/shop\/wp-json\/wp\/v2\/product_tag?post=70876"}],"curies":[{"name":"wp","href":"https:\/\/api.w.org\/{rel}","templated":true}]}}