{"id":70882,"date":"2020-06-08T13:52:07","date_gmt":"2020-06-08T12:52:07","guid":{"rendered":"https:\/\/www.indien-haus.de\/?post_type=product&#038;p=70882"},"modified":"2025-12-14T15:18:48","modified_gmt":"2025-12-14T14:18:48","slug":"annie-sloan-sanding-pads-schleifkissen","status":"publish","type":"product","link":"https:\/\/www.indien-haus.de\/shop\/produkt\/annie-sloan-sanding-pads-schleifkissen\/","title":{"rendered":"Annie Sloan Sanding Pads \/ Schleifkissen"},"content":{"rendered":"","protected":false},"excerpt":{"rendered":"<p>Annie Sloan Sanding Pads \/ Schleifkissen<\/p>\n<p>Annie Sloan&#8217;s Schleifkissen sind im Dreierpack erh\u00e4ltlich, mit jeweils einem Kissen f\u00fcr drei verschiedene K\u00f6rnungen &#8211; fein, mittel und grob.<\/p>\n<p>Das feine Schleifkissen kann f\u00fcr leichte Arbeiten f\u00fcr den Antik-Effekt oder f\u00fcr ein glattes Finish eingesetzt werden. F\u00fcr einen leicht abgenutzten Effekt verwendet man die mittlere K\u00f6rnung. F\u00fcr einen rustikalen Look mit st\u00e4rker abgenutzter Oberfl\u00e4che, nimmt man das grobe Schleifkissen. Problemlos kann man mit den Schleifkissen tolle Ergebnisse zu erzielen.<\/p>\n<p>Sie wurden von Annie sorgf\u00e4ltig ausgew\u00e4hlt, da sie waschbar, flexibel, haltbar, wiederverwendbar und \u00e4u\u00dferst angenehm in der Anwendung sind.<\/p>\n","protected":false},"featured_media":70883,"comment_status":"closed","ping_status":"closed","template":"","meta":[],"product_cat":[4456],"product_tag":[4365],"yoast_head":"<!-- This site is optimized with the Yoast SEO plugin v22.0 - https:\/\/yoast.com\/wordpress\/plugins\/seo\/ -->\n<title>Annie Sloan Sanding Pads \/ Schleifkissen - #Indien-Haus<\/title>\n<meta name=\"description\" content=\"Annie Sloan Sanding Pads \/ Schleifkissen Annie Sloan&#039;s Schleifkissen sind im Dreierpack erh\u00e4ltlich, mit jeweils einem Kissen f\u00fcr drei verschiedene K\u00f6rnungen\" \/>\n<meta name=\"robots\" content=\"index, follow, max-snippet:-1, max-image-preview:large, max-video-preview:-1\" \/>\n<link rel=\"canonical\" href=\"https:\/\/www.indien-haus.de\/shop\/produkt\/annie-sloan-sanding-pads-schleifkissen\/\" \/>\n<meta name=\"twitter:card\" content=\"summary_large_image\" \/>\n<meta name=\"twitter:title\" content=\"Annie Sloan Sanding Pads \/ Schleifkissen - #Indien-Haus\" \/>\n<meta name=\"twitter:description\" content=\"Annie Sloan Sanding Pads \/ Schleifkissen Annie Sloan&#039;s Schleifkissen sind im Dreierpack erh\u00e4ltlich, mit jeweils einem Kissen f\u00fcr drei verschiedene K\u00f6rnungen\" \/>\n<meta name=\"twitter:image\" content=\"https:\/\/www.indien-haus.de\/wp-content\/uploads\/2020\/06\/AS05601-sanding-pads.jpg\" \/>\n<meta name=\"twitter:site\" content=\"@Indien_Haus\" \/>\n<meta name=\"twitter:label1\" content=\"Gesch\u00e4tzte Lesezeit\" \/>\n\t<meta name=\"twitter:data1\" content=\"1\u00a0Minute\" \/>\n<script type=\"application\/ld+json\" class=\"yoast-schema-graph\">{\"@context\":\"https:\/\/schema.org\",\"@graph\":[{\"@type\":\"WebPage\",\"@id\":\"https:\/\/www.indien-haus.de\/shop\/produkt\/annie-sloan-sanding-pads-schleifkissen\/\",\"url\":\"https:\/\/www.indien-haus.de\/shop\/produkt\/annie-sloan-sanding-pads-schleifkissen\/\",\"name\":\"Annie Sloan Sanding Pads \/ Schleifkissen - #Indien-Haus\",\"isPartOf\":{\"@id\":\"https:\/\/www.indien-haus.de\/shop\/#website\"},\"datePublished\":\"2020-06-08T12:52:07+00:00\",\"dateModified\":\"2025-12-14T14:18:48+00:00\",\"description\":\"Annie Sloan Sanding Pads \/ Schleifkissen Annie Sloan's Schleifkissen sind im Dreierpack erh\u00e4ltlich, mit jeweils einem Kissen f\u00fcr drei verschiedene K\u00f6rnungen\",\"breadcrumb\":{\"@id\":\"https:\/\/www.indien-haus.de\/shop\/produkt\/annie-sloan-sanding-pads-schleifkissen\/#breadcrumb\"},\"inLanguage\":\"de\",\"potentialAction\":[{\"@type\":\"ReadAction\",\"target\":[\"https:\/\/www.indien-haus.de\/shop\/produkt\/annie-sloan-sanding-pads-schleifkissen\/\"]}]},{\"@type\":\"BreadcrumbList\",\"@id\":\"https:\/\/www.indien-haus.de\/shop\/produkt\/annie-sloan-sanding-pads-schleifkissen\/#breadcrumb\",\"itemListElement\":[{\"@type\":\"ListItem\",\"position\":1,\"name\":\"Startseite\",\"item\":\"https:\/\/www.indien-haus.de\/shop\/start\/\"},{\"@type\":\"ListItem\",\"position\":2,\"name\":\"Shop\",\"item\":\"https:\/\/www.indien-haus.de\/shop\/shop\/\"},{\"@type\":\"ListItem\",\"position\":3,\"name\":\"Annie Sloan Sanding Pads \/ Schleifkissen\"}]},{\"@type\":\"WebSite\",\"@id\":\"https:\/\/www.indien-haus.de\/shop\/#website\",\"url\":\"https:\/\/www.indien-haus.de\/shop\/\",\"name\":\"Indien-Haus\",\"description\":\"M\u00f6bel &amp; Lampen &amp; Accessoires aus Asien in Mainz\",\"publisher\":{\"@id\":\"https:\/\/www.indien-haus.de\/shop\/#organization\"},\"potentialAction\":[{\"@type\":\"SearchAction\",\"target\":{\"@type\":\"EntryPoint\",\"urlTemplate\":\"https:\/\/www.indien-haus.de\/shop\/?s={search_term_string}\"},\"query-input\":\"required name=search_term_string\"}],\"inLanguage\":\"de\"},{\"@type\":\"Organization\",\"@id\":\"https:\/\/www.indien-haus.de\/shop\/#organization\",\"name\":\"Indien-Haus\",\"url\":\"https:\/\/www.indien-haus.de\/shop\/\",\"logo\":{\"@type\":\"ImageObject\",\"inLanguage\":\"de\",\"@id\":\"https:\/\/www.indien-haus.de\/shop\/#\/schema\/logo\/image\/\",\"url\":\"https:\/\/www.indien-haus.de\/wp-content\/uploads\/2014\/03\/indien-haus-logo3.png\",\"contentUrl\":\"https:\/\/www.indien-haus.de\/wp-content\/uploads\/2014\/03\/indien-haus-logo3.png\",\"width\":106,\"height\":116,\"caption\":\"Indien-Haus\"},\"image\":{\"@id\":\"https:\/\/www.indien-haus.de\/shop\/#\/schema\/logo\/image\/\"},\"sameAs\":[\"https:\/\/www.facebook.com\/INDIEN.HAUS.news\",\"https:\/\/twitter.com\/Indien_Haus\",\"https:\/\/www.instagram.com\/indien_haus_mainz\/\",\"https:\/\/www.pinterest.de\/indienhaus\/\",\"https:\/\/www.youtube.com\/user\/IndienHaus\"]}]}<\/script>\n<!-- \/ Yoast SEO plugin. -->","yoast_head_json":{"title":"Annie Sloan Sanding Pads \/ Schleifkissen - #Indien-Haus","description":"Annie Sloan Sanding Pads \/ Schleifkissen Annie Sloan's Schleifkissen sind im Dreierpack erh\u00e4ltlich, mit jeweils einem Kissen f\u00fcr drei verschiedene K\u00f6rnungen","robots":{"index":"index","follow":"follow","max-snippet":"max-snippet:-1","max-image-preview":"max-image-preview:large","max-video-preview":"max-video-preview:-1"},"canonical":"https:\/\/www.indien-haus.de\/shop\/produkt\/annie-sloan-sanding-pads-schleifkissen\/","twitter_card":"summary_large_image","twitter_title":"Annie Sloan Sanding Pads \/ Schleifkissen - #Indien-Haus","twitter_description":"Annie Sloan Sanding Pads \/ Schleifkissen Annie Sloan's Schleifkissen sind im Dreierpack erh\u00e4ltlich, mit jeweils einem Kissen f\u00fcr drei verschiedene K\u00f6rnungen","twitter_image":"https:\/\/www.indien-haus.de\/wp-content\/uploads\/2020\/06\/AS05601-sanding-pads.jpg","twitter_site":"@Indien_Haus","twitter_misc":{"Gesch\u00e4tzte Lesezeit":"1\u00a0Minute"},"schema":{"@context":"https:\/\/schema.org","@graph":[{"@type":"WebPage","@id":"https:\/\/www.indien-haus.de\/shop\/produkt\/annie-sloan-sanding-pads-schleifkissen\/","url":"https:\/\/www.indien-haus.de\/shop\/produkt\/annie-sloan-sanding-pads-schleifkissen\/","name":"Annie Sloan Sanding Pads \/ Schleifkissen - #Indien-Haus","isPartOf":{"@id":"https:\/\/www.indien-haus.de\/shop\/#website"},"datePublished":"2020-06-08T12:52:07+00:00","dateModified":"2025-12-14T14:18:48+00:00","description":"Annie Sloan Sanding Pads \/ Schleifkissen Annie Sloan's Schleifkissen sind im Dreierpack erh\u00e4ltlich, mit jeweils einem Kissen f\u00fcr drei verschiedene K\u00f6rnungen","breadcrumb":{"@id":"https:\/\/www.indien-haus.de\/shop\/produkt\/annie-sloan-sanding-pads-schleifkissen\/#breadcrumb"},"inLanguage":"de","potentialAction":[{"@type":"ReadAction","target":["https:\/\/www.indien-haus.de\/shop\/produkt\/annie-sloan-sanding-pads-schleifkissen\/"]}]},{"@type":"BreadcrumbList","@id":"https:\/\/www.indien-haus.de\/shop\/produkt\/annie-sloan-sanding-pads-schleifkissen\/#breadcrumb","itemListElement":[{"@type":"ListItem","position":1,"name":"Startseite","item":"https:\/\/www.indien-haus.de\/shop\/start\/"},{"@type":"ListItem","position":2,"name":"Shop","item":"https:\/\/www.indien-haus.de\/shop\/shop\/"},{"@type":"ListItem","position":3,"name":"Annie Sloan Sanding Pads \/ Schleifkissen"}]},{"@type":"WebSite","@id":"https:\/\/www.indien-haus.de\/shop\/#website","url":"https:\/\/www.indien-haus.de\/shop\/","name":"Indien-Haus","description":"M\u00f6bel &amp; Lampen &amp; Accessoires aus Asien in Mainz","publisher":{"@id":"https:\/\/www.indien-haus.de\/shop\/#organization"},"potentialAction":[{"@type":"SearchAction","target":{"@type":"EntryPoint","urlTemplate":"https:\/\/www.indien-haus.de\/shop\/?s={search_term_string}"},"query-input":"required name=search_term_string"}],"inLanguage":"de"},{"@type":"Organization","@id":"https:\/\/www.indien-haus.de\/shop\/#organization","name":"Indien-Haus","url":"https:\/\/www.indien-haus.de\/shop\/","logo":{"@type":"ImageObject","inLanguage":"de","@id":"https:\/\/www.indien-haus.de\/shop\/#\/schema\/logo\/image\/","url":"https:\/\/www.indien-haus.de\/wp-content\/uploads\/2014\/03\/indien-haus-logo3.png","contentUrl":"https:\/\/www.indien-haus.de\/wp-content\/uploads\/2014\/03\/indien-haus-logo3.png","width":106,"height":116,"caption":"Indien-Haus"},"image":{"@id":"https:\/\/www.indien-haus.de\/shop\/#\/schema\/logo\/image\/"},"sameAs":["https:\/\/www.facebook.com\/INDIEN.HAUS.news","https:\/\/twitter.com\/Indien_Haus","https:\/\/www.instagram.com\/indien_haus_mainz\/","https:\/\/www.pinterest.de\/indienhaus\/","https:\/\/www.youtube.com\/user\/IndienHaus"]}]}},"_links":{"self":[{"href":"https:\/\/www.indien-haus.de\/shop\/wp-json\/wp\/v2\/product\/70882"}],"collection":[{"href":"https:\/\/www.indien-haus.de\/shop\/wp-json\/wp\/v2\/product"}],"about":[{"href":"https:\/\/www.indien-haus.de\/shop\/wp-json\/wp\/v2\/types\/product"}],"replies":[{"embeddable":true,"href":"https:\/\/www.indien-haus.de\/shop\/wp-json\/wp\/v2\/comments?post=70882"}],"wp:featuredmedia":[{"embeddable":true,"href":"https:\/\/www.indien-haus.de\/shop\/wp-json\/wp\/v2\/media\/70883"}],"wp:attachment":[{"href":"https:\/\/www.indien-haus.de\/shop\/wp-json\/wp\/v2\/media?parent=70882"}],"wp:term":[{"taxonomy":"product_cat","embeddable":true,"href":"https:\/\/www.indien-haus.de\/shop\/wp-json\/wp\/v2\/product_cat?post=70882"},{"taxonomy":"product_tag","embeddable":true,"href":"https:\/\/www.indien-haus.de\/shop\/wp-json\/wp\/v2\/product_tag?post=70882"}],"curies":[{"name":"wp","href":"https:\/\/api.w.org\/{rel}","templated":true}]}}