{"id":74420,"date":"2020-08-12T13:02:20","date_gmt":"2020-08-12T12:02:20","guid":{"rendered":"https:\/\/www.indien-haus.de\/?post_type=product&#038;p=74420"},"modified":"2025-12-30T16:11:21","modified_gmt":"2025-12-30T15:11:21","slug":"werbeschild-skull-totenkopf","status":"publish","type":"product","link":"https:\/\/www.indien-haus.de\/shop\/produkt\/werbeschild-skull-totenkopf\/","title":{"rendered":"Werbeschild Skull &#8211; Totenkopf"},"content":{"rendered":"","protected":false},"excerpt":{"rendered":"<p>Bild \/ Werbeschild Skull &#8211; Totenkopf handgemalt auf Holzleisten in Bali &#8211; Indonesien.<\/p>\n<p>Die bemalten Calaveras (Sch\u00e4del, Totenk\u00f6pfe) sind ganz typisch f\u00fcr den &#8220;D\u00eda de los Muertos&#8221; den Tag der Toten in Mexiko.<\/p>\n","protected":false},"featured_media":114141,"comment_status":"closed","ping_status":"closed","template":"","meta":[],"product_cat":[70],"product_tag":[349,1666,1486],"yoast_head":"<!-- This site is optimized with the Yoast SEO plugin v22.0 - https:\/\/yoast.com\/wordpress\/plugins\/seo\/ -->\n<title>Werbeschild Skull - Totenkopf - #Indien-Haus<\/title>\n<meta name=\"description\" content=\"Bild \/ Werbeschild Skull - Totenkopf handgemalt.Die Calaveras (Sch\u00e4del, Totenk\u00f6pfe) sind ganz typisch f\u00fcr den &quot;D\u00eda de los Muertos&quot; den Tag der Toten Mexiko.\" \/>\n<meta name=\"robots\" content=\"index, follow, max-snippet:-1, max-image-preview:large, max-video-preview:-1\" \/>\n<link rel=\"canonical\" href=\"https:\/\/www.indien-haus.de\/shop\/produkt\/werbeschild-skull-totenkopf\/\" \/>\n<meta name=\"twitter:card\" content=\"summary_large_image\" \/>\n<meta name=\"twitter:title\" content=\"Werbeschild Skull - Totenkopf - #Indien-Haus\" \/>\n<meta name=\"twitter:description\" content=\"Bild \/ Werbeschild Skull - Totenkopf handgemalt.Die Calaveras (Sch\u00e4del, Totenk\u00f6pfe) sind ganz typisch f\u00fcr den &quot;D\u00eda de los Muertos&quot; den Tag der Toten Mexiko.\" \/>\n<meta name=\"twitter:image\" content=\"https:\/\/www.indien-haus.de\/wp-content\/uploads\/2020\/08\/LU04209-60x80-1.jpg\" \/>\n<meta name=\"twitter:site\" content=\"@Indien_Haus\" \/>\n<script type=\"application\/ld+json\" class=\"yoast-schema-graph\">{\"@context\":\"https:\/\/schema.org\",\"@graph\":[{\"@type\":\"WebPage\",\"@id\":\"https:\/\/www.indien-haus.de\/shop\/produkt\/werbeschild-skull-totenkopf\/\",\"url\":\"https:\/\/www.indien-haus.de\/shop\/produkt\/werbeschild-skull-totenkopf\/\",\"name\":\"Werbeschild Skull - Totenkopf - #Indien-Haus\",\"isPartOf\":{\"@id\":\"https:\/\/www.indien-haus.de\/shop\/#website\"},\"datePublished\":\"2020-08-12T12:02:20+00:00\",\"dateModified\":\"2025-12-30T15:11:21+00:00\",\"description\":\"Bild \/ Werbeschild Skull - Totenkopf handgemalt.Die Calaveras (Sch\u00e4del, Totenk\u00f6pfe) sind ganz typisch f\u00fcr den \\\"D\u00eda de los Muertos\\\" den Tag der Toten Mexiko.\",\"breadcrumb\":{\"@id\":\"https:\/\/www.indien-haus.de\/shop\/produkt\/werbeschild-skull-totenkopf\/#breadcrumb\"},\"inLanguage\":\"de\",\"potentialAction\":[{\"@type\":\"ReadAction\",\"target\":[\"https:\/\/www.indien-haus.de\/shop\/produkt\/werbeschild-skull-totenkopf\/\"]}]},{\"@type\":\"BreadcrumbList\",\"@id\":\"https:\/\/www.indien-haus.de\/shop\/produkt\/werbeschild-skull-totenkopf\/#breadcrumb\",\"itemListElement\":[{\"@type\":\"ListItem\",\"position\":1,\"name\":\"Startseite\",\"item\":\"https:\/\/www.indien-haus.de\/shop\/start\/\"},{\"@type\":\"ListItem\",\"position\":2,\"name\":\"Shop\",\"item\":\"https:\/\/www.indien-haus.de\/shop\/shop\/\"},{\"@type\":\"ListItem\",\"position\":3,\"name\":\"Werbeschild Skull &#8211; Totenkopf\"}]},{\"@type\":\"WebSite\",\"@id\":\"https:\/\/www.indien-haus.de\/shop\/#website\",\"url\":\"https:\/\/www.indien-haus.de\/shop\/\",\"name\":\"Indien-Haus\",\"description\":\"M\u00f6bel &amp; Lampen &amp; Accessoires aus Asien in Mainz\",\"publisher\":{\"@id\":\"https:\/\/www.indien-haus.de\/shop\/#organization\"},\"potentialAction\":[{\"@type\":\"SearchAction\",\"target\":{\"@type\":\"EntryPoint\",\"urlTemplate\":\"https:\/\/www.indien-haus.de\/shop\/?s={search_term_string}\"},\"query-input\":\"required name=search_term_string\"}],\"inLanguage\":\"de\"},{\"@type\":\"Organization\",\"@id\":\"https:\/\/www.indien-haus.de\/shop\/#organization\",\"name\":\"Indien-Haus\",\"url\":\"https:\/\/www.indien-haus.de\/shop\/\",\"logo\":{\"@type\":\"ImageObject\",\"inLanguage\":\"de\",\"@id\":\"https:\/\/www.indien-haus.de\/shop\/#\/schema\/logo\/image\/\",\"url\":\"https:\/\/www.indien-haus.de\/wp-content\/uploads\/2014\/03\/indien-haus-logo3.png\",\"contentUrl\":\"https:\/\/www.indien-haus.de\/wp-content\/uploads\/2014\/03\/indien-haus-logo3.png\",\"width\":106,\"height\":116,\"caption\":\"Indien-Haus\"},\"image\":{\"@id\":\"https:\/\/www.indien-haus.de\/shop\/#\/schema\/logo\/image\/\"},\"sameAs\":[\"https:\/\/www.facebook.com\/INDIEN.HAUS.news\",\"https:\/\/twitter.com\/Indien_Haus\",\"https:\/\/www.instagram.com\/indien_haus_mainz\/\",\"https:\/\/www.pinterest.de\/indienhaus\/\",\"https:\/\/www.youtube.com\/user\/IndienHaus\"]}]}<\/script>\n<!-- \/ Yoast SEO plugin. -->","yoast_head_json":{"title":"Werbeschild Skull - Totenkopf - #Indien-Haus","description":"Bild \/ Werbeschild Skull - Totenkopf handgemalt.Die Calaveras (Sch\u00e4del, Totenk\u00f6pfe) sind ganz typisch f\u00fcr den \"D\u00eda de los Muertos\" den Tag der Toten Mexiko.","robots":{"index":"index","follow":"follow","max-snippet":"max-snippet:-1","max-image-preview":"max-image-preview:large","max-video-preview":"max-video-preview:-1"},"canonical":"https:\/\/www.indien-haus.de\/shop\/produkt\/werbeschild-skull-totenkopf\/","twitter_card":"summary_large_image","twitter_title":"Werbeschild Skull - Totenkopf - #Indien-Haus","twitter_description":"Bild \/ Werbeschild Skull - Totenkopf handgemalt.Die Calaveras (Sch\u00e4del, Totenk\u00f6pfe) sind ganz typisch f\u00fcr den \"D\u00eda de los Muertos\" den Tag der Toten Mexiko.","twitter_image":"https:\/\/www.indien-haus.de\/wp-content\/uploads\/2020\/08\/LU04209-60x80-1.jpg","twitter_site":"@Indien_Haus","schema":{"@context":"https:\/\/schema.org","@graph":[{"@type":"WebPage","@id":"https:\/\/www.indien-haus.de\/shop\/produkt\/werbeschild-skull-totenkopf\/","url":"https:\/\/www.indien-haus.de\/shop\/produkt\/werbeschild-skull-totenkopf\/","name":"Werbeschild Skull - Totenkopf - #Indien-Haus","isPartOf":{"@id":"https:\/\/www.indien-haus.de\/shop\/#website"},"datePublished":"2020-08-12T12:02:20+00:00","dateModified":"2025-12-30T15:11:21+00:00","description":"Bild \/ Werbeschild Skull - Totenkopf handgemalt.Die Calaveras (Sch\u00e4del, Totenk\u00f6pfe) sind ganz typisch f\u00fcr den \"D\u00eda de los Muertos\" den Tag der Toten Mexiko.","breadcrumb":{"@id":"https:\/\/www.indien-haus.de\/shop\/produkt\/werbeschild-skull-totenkopf\/#breadcrumb"},"inLanguage":"de","potentialAction":[{"@type":"ReadAction","target":["https:\/\/www.indien-haus.de\/shop\/produkt\/werbeschild-skull-totenkopf\/"]}]},{"@type":"BreadcrumbList","@id":"https:\/\/www.indien-haus.de\/shop\/produkt\/werbeschild-skull-totenkopf\/#breadcrumb","itemListElement":[{"@type":"ListItem","position":1,"name":"Startseite","item":"https:\/\/www.indien-haus.de\/shop\/start\/"},{"@type":"ListItem","position":2,"name":"Shop","item":"https:\/\/www.indien-haus.de\/shop\/shop\/"},{"@type":"ListItem","position":3,"name":"Werbeschild Skull &#8211; Totenkopf"}]},{"@type":"WebSite","@id":"https:\/\/www.indien-haus.de\/shop\/#website","url":"https:\/\/www.indien-haus.de\/shop\/","name":"Indien-Haus","description":"M\u00f6bel &amp; Lampen &amp; Accessoires aus Asien in Mainz","publisher":{"@id":"https:\/\/www.indien-haus.de\/shop\/#organization"},"potentialAction":[{"@type":"SearchAction","target":{"@type":"EntryPoint","urlTemplate":"https:\/\/www.indien-haus.de\/shop\/?s={search_term_string}"},"query-input":"required name=search_term_string"}],"inLanguage":"de"},{"@type":"Organization","@id":"https:\/\/www.indien-haus.de\/shop\/#organization","name":"Indien-Haus","url":"https:\/\/www.indien-haus.de\/shop\/","logo":{"@type":"ImageObject","inLanguage":"de","@id":"https:\/\/www.indien-haus.de\/shop\/#\/schema\/logo\/image\/","url":"https:\/\/www.indien-haus.de\/wp-content\/uploads\/2014\/03\/indien-haus-logo3.png","contentUrl":"https:\/\/www.indien-haus.de\/wp-content\/uploads\/2014\/03\/indien-haus-logo3.png","width":106,"height":116,"caption":"Indien-Haus"},"image":{"@id":"https:\/\/www.indien-haus.de\/shop\/#\/schema\/logo\/image\/"},"sameAs":["https:\/\/www.facebook.com\/INDIEN.HAUS.news","https:\/\/twitter.com\/Indien_Haus","https:\/\/www.instagram.com\/indien_haus_mainz\/","https:\/\/www.pinterest.de\/indienhaus\/","https:\/\/www.youtube.com\/user\/IndienHaus"]}]}},"_links":{"self":[{"href":"https:\/\/www.indien-haus.de\/shop\/wp-json\/wp\/v2\/product\/74420"}],"collection":[{"href":"https:\/\/www.indien-haus.de\/shop\/wp-json\/wp\/v2\/product"}],"about":[{"href":"https:\/\/www.indien-haus.de\/shop\/wp-json\/wp\/v2\/types\/product"}],"replies":[{"embeddable":true,"href":"https:\/\/www.indien-haus.de\/shop\/wp-json\/wp\/v2\/comments?post=74420"}],"wp:featuredmedia":[{"embeddable":true,"href":"https:\/\/www.indien-haus.de\/shop\/wp-json\/wp\/v2\/media\/114141"}],"wp:attachment":[{"href":"https:\/\/www.indien-haus.de\/shop\/wp-json\/wp\/v2\/media?parent=74420"}],"wp:term":[{"taxonomy":"product_cat","embeddable":true,"href":"https:\/\/www.indien-haus.de\/shop\/wp-json\/wp\/v2\/product_cat?post=74420"},{"taxonomy":"product_tag","embeddable":true,"href":"https:\/\/www.indien-haus.de\/shop\/wp-json\/wp\/v2\/product_tag?post=74420"}],"curies":[{"name":"wp","href":"https:\/\/api.w.org\/{rel}","templated":true}]}}